{"id":6605,"date":"2021-04-28T10:33:33","date_gmt":"2021-04-28T08:33:33","guid":{"rendered":"https:\/\/staging.visitorsa.se\/solsyran\/"},"modified":"2022-07-25T10:53:20","modified_gmt":"2022-07-25T08:53:20","slug":"solsyran","status":"publish","type":"page","link":"https:\/\/visitorsa.se\/de\/solsyran\/","title":{"rendered":"Solsyran"},"content":{"rendered":"\n<style type=\"text\/css\" data-created_by=\"avia_inline_auto\" id=\"style-css-av-6d4ygg-db790e9493201a1d2f9d8b3dfe30decc\">\n.flex_column.av-6d4ygg-db790e9493201a1d2f9d8b3dfe30decc{\n-webkit-border-radius:0px 0px 0px 0px;\n-moz-border-radius:0px 0px 0px 0px;\nborder-radius:0px 0px 0px 0px;\npadding:0px 0px 0px 0px;\n}\n<\/style>\n<div class='flex_column av-6d4ygg-db790e9493201a1d2f9d8b3dfe30decc av_one_full  avia-builder-el-0  el_before_av_one_half  avia-builder-el-first  first flex_column_div av-zero-column-padding '     ><style type=\"text\/css\" data-created_by=\"avia_inline_auto\" id=\"style-css-av-kgf1j3ru-2f9db8a833fbc09549514b7eab738da0\">\n#top .avia-gallery.av-kgf1j3ru-2f9db8a833fbc09549514b7eab738da0 .avia-gallery-thumb a{\nwidth:25%;\n}\n<\/style>\n<div  class='avia-gallery av-kgf1j3ru-2f9db8a833fbc09549514b7eab738da0 avia_animate_when_visible  avia-builder-el-1  avia-builder-el-no-sibling  avia_lazyload avia-gallery-animate avia-gallery-1'  itemprop=\"image\" itemscope=\"itemscope\" itemtype=\"https:\/\/schema.org\/ImageObject\" ><meta itemprop=\"contentURL\" content=\"https:\/\/visitorsa.se\/de\/solsyran\/\"><div class='avia-gallery-thumb'><a href=\"https:\/\/visitorsa.se\/app\/uploads\/2021\/04\/Solsyran-2.jpg\" data-srcset=\"https:\/\/visitorsa.se\/app\/uploads\/2021\/04\/Solsyran-2.jpg 768w, https:\/\/visitorsa.se\/app\/uploads\/2021\/04\/Solsyran-2-225x300.jpg 225w, https:\/\/visitorsa.se\/app\/uploads\/2021\/04\/Solsyran-2-529x705.jpg 529w\" data-sizes=\"(max-width: 768px) 100vw, 768px\" data-rel='gallery-1' data-prev-img='https:\/\/visitorsa.se\/app\/uploads\/2021\/04\/Solsyran-2-495x400.jpg' class='first_thumb lightbox ' data-onclick='1' title='Solsyran 2'  itemprop=\"thumbnailUrl\"  ><img decoding=\"async\" class=\"wp-image-5864 avia-img-lazy-loading-not-5864\"   src=\"https:\/\/visitorsa.se\/app\/uploads\/2021\/04\/Solsyran-2-495x400.jpg\" width=\"495\" height=\"400\"  title='Solsyran 2' alt='Besuchen Sie Orsa' \/><div class='big-prev-fake'><img loading=\"lazy\" decoding=\"async\" class=\"wp-image-5864 avia-img-lazy-loading-5864\"  width=\"495\" height=\"400\" src=\"https:\/\/visitorsa.se\/app\/uploads\/2021\/04\/Solsyran-2-495x400.jpg\" title='Solsyran 2' alt='Besuchen Sie Orsa' \/><\/div><\/a><a href=\"https:\/\/visitorsa.se\/app\/uploads\/2021\/04\/Solsyran-3-687x1030.jpg\" data-srcset=\"https:\/\/visitorsa.se\/app\/uploads\/2021\/04\/Solsyran-3-687x1030.jpg 687w, https:\/\/visitorsa.se\/app\/uploads\/2021\/04\/Solsyran-3-200x300.jpg 200w, https:\/\/visitorsa.se\/app\/uploads\/2021\/04\/Solsyran-3-470x705.jpg 470w, https:\/\/visitorsa.se\/app\/uploads\/2021\/04\/Solsyran-3.jpg 724w\" data-sizes=\"(max-width: 687px) 100vw, 687px\" data-rel='gallery-1' data-prev-img='https:\/\/visitorsa.se\/app\/uploads\/2021\/04\/Solsyran-3-495x400.jpg' class='lightbox ' data-onclick='2' title='Solsyran 3'  itemprop=\"thumbnailUrl\"  ><img decoding=\"async\" class=\"wp-image-5866 avia-img-lazy-loading-not-5866\"   src=\"https:\/\/visitorsa.se\/app\/uploads\/2021\/04\/Solsyran-3-495x400.jpg\" width=\"495\" height=\"400\"  title='Solsyran 3' alt='Besuchen Sie Orsa' \/><div class='big-prev-fake'><img loading=\"lazy\" decoding=\"async\" class=\"wp-image-5866 avia-img-lazy-loading-5866\"  width=\"495\" height=\"400\" src=\"https:\/\/visitorsa.se\/app\/uploads\/2021\/04\/Solsyran-3-495x400.jpg\" title='Solsyran 3' alt='Besuchen Sie Orsa' \/><\/div><\/a><a href=\"https:\/\/visitorsa.se\/app\/uploads\/2021\/04\/Solsyran-4-1030x687.jpg\" data-srcset=\"https:\/\/visitorsa.se\/app\/uploads\/2021\/04\/Solsyran-4-1030x687.jpg 1030w, https:\/\/visitorsa.se\/app\/uploads\/2021\/04\/Solsyran-4-300x200.jpg 300w, https:\/\/visitorsa.se\/app\/uploads\/2021\/04\/Solsyran-4-768x512.jpg 768w, https:\/\/visitorsa.se\/app\/uploads\/2021\/04\/Solsyran-4-705x470.jpg 705w, https:\/\/visitorsa.se\/app\/uploads\/2021\/04\/Solsyran-4.jpg 1086w\" data-sizes=\"(max-width: 1030px) 100vw, 1030px\" data-rel='gallery-1' data-prev-img='https:\/\/visitorsa.se\/app\/uploads\/2021\/04\/Solsyran-4-495x400.jpg' class='lightbox ' data-onclick='3' title='Solsyran 4'  itemprop=\"thumbnailUrl\"  ><img decoding=\"async\" class=\"wp-image-5868 avia-img-lazy-loading-not-5868\"   src=\"https:\/\/visitorsa.se\/app\/uploads\/2021\/04\/Solsyran-4-495x400.jpg\" width=\"495\" height=\"400\"  title='Solsyran 4' alt='Besuchen Sie Orsa' srcset=\"https:\/\/visitorsa.se\/app\/uploads\/2021\/04\/Solsyran-4-495x400.jpg 495w, https:\/\/visitorsa.se\/app\/uploads\/2021\/04\/Solsyran-4-845x684.jpg 845w\" sizes=\"(max-width: 495px) 100vw, 495px\" \/><div class='big-prev-fake'><img loading=\"lazy\" decoding=\"async\" class=\"wp-image-5868 avia-img-lazy-loading-5868\"  width=\"495\" height=\"400\" src=\"https:\/\/visitorsa.se\/app\/uploads\/2021\/04\/Solsyran-4-495x400.jpg\" title='Solsyran 4' alt='Besuchen Sie Orsa' srcset=\"https:\/\/visitorsa.se\/app\/uploads\/2021\/04\/Solsyran-4-495x400.jpg 495w, https:\/\/visitorsa.se\/app\/uploads\/2021\/04\/Solsyran-4-845x684.jpg 845w\" sizes=\"auto, (max-width: 495px) 100vw, 495px\" \/><\/div><\/a><\/div><\/div><\/div>\n\n<style type=\"text\/css\" data-created_by=\"avia_inline_auto\" id=\"style-css-av-aupcw0-034727ff4178265a807e03e0bbca9dc3\">\n.flex_column.av-aupcw0-034727ff4178265a807e03e0bbca9dc3{\n-webkit-border-radius:0px 0px 0px 0px;\n-moz-border-radius:0px 0px 0px 0px;\nborder-radius:0px 0px 0px 0px;\npadding:0px 0px 0px 0px;\n}\n<\/style>\n<div class='flex_column av-aupcw0-034727ff4178265a807e03e0bbca9dc3 av_one_half  avia-builder-el-2  el_after_av_one_full  el_before_av_one_half  first flex_column_div av-zero-column-padding column-top-margin'     ><section  class='av_textblock_section av-kgf1e6kl-0b9fd11605d8af7464392f4d6f47838c'  itemscope=\"itemscope\" itemtype=\"https:\/\/schema.org\/CreativeWork\" ><div class='avia_textblock'  itemprop=\"text\" ><h3 class=\"w44 bcm cn\">Solsyran<\/h3>\n<p style=\"font-weight: 400;\">Solsyran produziert und verkauft frisches und ges\u00e4uertes Gem\u00fcse, Sanddornbeeren, Sanddornnektar und S\u00e4fte. Auch frische Beeren wie Erdbeeren. Wir verkaufen Bio-Trockenprodukte aus unserem Pick &amp; Balance-System, Gotland-Linsen, r\u00e4ttviks\u00e4rt, schwedische Quinoa, Trockenfr\u00fcchte und mehr. Hier befindet sich ein biologisch abwechslungsreicher Gem\u00fcse- und Beerengarten. Die Solars\u00e4ure kommt Best\u00e4ubern und n\u00fctzlichen Tieren im Gem\u00fcsegarten zugute. Wir haben eine biologisch zertifizierte Produktion, KRAV.<\/p>\n<p style=\"font-weight: 400;\">Solsyran befindet sich im Dorf Hansj\u00f6 n\u00f6rdlich von Orsa. Ribbtj\u00e4rnsv\u00e4gen 22.<\/p>\n<p style=\"font-weight: 400;\">Er\u00f6ffnet den Verkauf im Juni. Selbstbedienung an Wochentagen 12\u201318 Uhr. Samstag 11\u201314 Uhr. Ab Juli haben wir Samstage von 11 bis 14 Uhr und mittwochs von 15 bis 18 Uhr besetzt. Bezahlen Sie mit Swish oder Bargeld.<\/p>\n<\/div><\/section><br \/>\n<\/p><\/div>\n<style type=\"text\/css\" data-created_by=\"avia_inline_auto\" id=\"style-css-av-aupcw0-3-7fc1991e0fecd70c2ded4a1a6ae190d6\">\n.flex_column.av-aupcw0-3-7fc1991e0fecd70c2ded4a1a6ae190d6{\n-webkit-border-radius:0px 0px 0px 0px;\n-moz-border-radius:0px 0px 0px 0px;\nborder-radius:0px 0px 0px 0px;\npadding:0px 0px 0px 0px;\n}\n<\/style>\n<div class='flex_column av-aupcw0-3-7fc1991e0fecd70c2ded4a1a6ae190d6 av_one_half  avia-builder-el-5  el_after_av_one_half  avia-builder-el-last  flex_column_div av-zero-column-padding column-top-margin'     ><section  class='av_textblock_section av-kgf1e6kl-2-196e6681e72ff2e3259df339ae84f5fa'  itemscope=\"itemscope\" itemtype=\"https:\/\/schema.org\/CreativeWork\" ><div class='avia_textblock'  itemprop=\"text\" ><h3><strong>Kontaktieren Sie uns<\/strong><\/h3>\n<p><strong><br \/>\n  <span class=\"ah\">Telefon<\/span><br \/>\n<\/strong><span class=\"ah\"> 073-8077882, 070-8838649.<\/span><\/p>\n<p><strong>Adresse<br \/>\n<\/strong> Solsyran<br \/>\nRibbtj\u00e4rnsv\u00e4gen 22<br \/>\n794 90 Orsa<\/p>\n<div id=\"mh\">\n<div id=\"mm\"><\/div>\n<\/div>\n<\/div><\/section><br \/>\n<br \/>\n<div  class='avia-button-wrap avia-button-center  avia-builder-el-8  el_after_av_codeblock  avia-builder-el-last ' >\n<style type=\"text\/css\" data-created_by=\"avia_inline_auto\" id=\"style-css-av-kgf1wc7j-f8176b03343525c9245a36419c834702\">\n#top #wrap_all .avia-button.av-kgf1wc7j-f8176b03343525c9245a36419c834702{\ncolor:#ffffff;\n-webkit-transition:all 0.4s ease-in-out;\n-moz-transition:all 0.4s ease-in-out;\n-ms-transition:all 0.4s ease-in-out;\n-o-transition:all 0.4s ease-in-out;\ntransition:all 0.4s ease-in-out;\n}\n#top #wrap_all .avia-button.av-kgf1wc7j-f8176b03343525c9245a36419c834702:hover{\ncolor:#ffffff;\n-webkit-transition:all 0.4s ease-in-out;\n-moz-transition:all 0.4s ease-in-out;\n-ms-transition:all 0.4s ease-in-out;\n-o-transition:all 0.4s ease-in-out;\ntransition:all 0.4s ease-in-out;\n}\n<\/style>\n<a href='https:\/\/solsyran.se\/sol\/' class='avia-color-theme-color avia-button avia-button-fullwidth av-kgf1wc7j-f8176b03343525c9245a36419c834702 avia-icon_select-yes-left-icon avia-color-theme-color' ><span class='avia_button_icon avia_button_icon_left' aria-hidden='true' data-av_icon='\ue832' data-av_iconfont='entypo-fontello'><\/span><span class='avia_iconbox_title' >  Besuchen Sie unsere Website<\/span><span class='avia_button_background avia-button avia-button-fullwidth avia-color-theme-color-highlight'><\/span><\/a><\/div><\/p><\/div><\/p>\n","protected":false},"excerpt":{"rendered":"","protected":false},"author":3,"featured_media":5862,"parent":0,"menu_order":0,"comment_status":"closed","ping_status":"closed","template":"","meta":{"footnotes":""},"categories":[87,80],"tags":[],"class_list":["post-6605","page","type-page","status-publish","has-post-thumbnail","hentry","category-essen","category-handel-handwerk"],"_links":{"self":[{"href":"https:\/\/visitorsa.se\/de\/wp-json\/wp\/v2\/pages\/6605","targetHints":{"allow":["GET"]}}],"collection":[{"href":"https:\/\/visitorsa.se\/de\/wp-json\/wp\/v2\/pages"}],"about":[{"href":"https:\/\/visitorsa.se\/de\/wp-json\/wp\/v2\/types\/page"}],"author":[{"embeddable":true,"href":"https:\/\/visitorsa.se\/de\/wp-json\/wp\/v2\/users\/3"}],"replies":[{"embeddable":true,"href":"https:\/\/visitorsa.se\/de\/wp-json\/wp\/v2\/comments?post=6605"}],"version-history":[{"count":6,"href":"https:\/\/visitorsa.se\/de\/wp-json\/wp\/v2\/pages\/6605\/revisions"}],"predecessor-version":[{"id":7877,"href":"https:\/\/visitorsa.se\/de\/wp-json\/wp\/v2\/pages\/6605\/revisions\/7877"}],"wp:featuredmedia":[{"embeddable":true,"href":"https:\/\/visitorsa.se\/de\/wp-json\/wp\/v2\/media\/5862"}],"wp:attachment":[{"href":"https:\/\/visitorsa.se\/de\/wp-json\/wp\/v2\/media?parent=6605"}],"wp:term":[{"taxonomy":"category","embeddable":true,"href":"https:\/\/visitorsa.se\/de\/wp-json\/wp\/v2\/categories?post=6605"},{"taxonomy":"post_tag","embeddable":true,"href":"https:\/\/visitorsa.se\/de\/wp-json\/wp\/v2\/tags?post=6605"}],"curies":[{"name":"wp","href":"https:\/\/api.w.org\/{rel}","templated":true}]}}