{"id":6599,"date":"2021-05-05T21:10:19","date_gmt":"2021-05-05T19:10:19","guid":{"rendered":"https:\/\/staging.visitorsa.se\/wurstfabrik-in-skattungbyn\/"},"modified":"2022-08-02T21:39:39","modified_gmt":"2022-08-02T19:39:39","slug":"wurstfabrik-in-skattungbyn","status":"publish","type":"page","link":"https:\/\/visitorsa.se\/de\/wurstfabrik-in-skattungbyn\/","title":{"rendered":"Wurstfabrik in Skattungbyn"},"content":{"rendered":"\n<style type=\"text\/css\" data-created_by=\"avia_inline_auto\" id=\"style-css-av-6d4ygg-db790e9493201a1d2f9d8b3dfe30decc\">\n.flex_column.av-6d4ygg-db790e9493201a1d2f9d8b3dfe30decc{\n-webkit-border-radius:0px 0px 0px 0px;\n-moz-border-radius:0px 0px 0px 0px;\nborder-radius:0px 0px 0px 0px;\npadding:0px 0px 0px 0px;\n}\n<\/style>\n<div class='flex_column av-6d4ygg-db790e9493201a1d2f9d8b3dfe30decc av_one_full  avia-builder-el-0  el_before_av_one_half  avia-builder-el-first  first flex_column_div av-zero-column-padding '     ><style type=\"text\/css\" data-created_by=\"avia_inline_auto\" id=\"style-css-av-kgf1j3ru-8aae755c1de6ec53055373ec85fd1376\">\n#top .avia-gallery.av-kgf1j3ru-8aae755c1de6ec53055373ec85fd1376 .avia-gallery-thumb a{\nwidth:25%;\n}\n<\/style>\n<div  class='avia-gallery av-kgf1j3ru-8aae755c1de6ec53055373ec85fd1376 avia_animate_when_visible  avia-builder-el-1  avia-builder-el-no-sibling  avia_lazyload avia-gallery-animate avia-gallery-1'  itemprop=\"image\" itemscope=\"itemscope\" itemtype=\"https:\/\/schema.org\/ImageObject\" ><meta itemprop=\"contentURL\" content=\"https:\/\/visitorsa.se\/de\/wurstfabrik-in-skattungbyn\/\"><div class='avia-gallery-thumb'><a href=\"https:\/\/visitorsa.se\/app\/uploads\/2021\/05\/Korvfabriken-2.jpg\" data-srcset=\"https:\/\/visitorsa.se\/app\/uploads\/2021\/05\/Korvfabriken-2.jpg 780w, https:\/\/visitorsa.se\/app\/uploads\/2021\/05\/Korvfabriken-2-300x159.jpg 300w, https:\/\/visitorsa.se\/app\/uploads\/2021\/05\/Korvfabriken-2-768x407.jpg 768w, https:\/\/visitorsa.se\/app\/uploads\/2021\/05\/Korvfabriken-2-710x375.jpg 710w, https:\/\/visitorsa.se\/app\/uploads\/2021\/05\/Korvfabriken-2-705x373.jpg 705w\" data-sizes=\"(max-width: 780px) 100vw, 780px\" data-rel='gallery-1' data-prev-img='https:\/\/visitorsa.se\/app\/uploads\/2021\/05\/Korvfabriken-2-495x400.jpg' class='first_thumb lightbox ' data-onclick='1' title='Wurstfabrik 2'  itemprop=\"thumbnailUrl\"  ><img decoding=\"async\" class=\"wp-image-5906 avia-img-lazy-loading-not-5906\"   src=\"https:\/\/visitorsa.se\/app\/uploads\/2021\/05\/Korvfabriken-2-495x400.jpg\" width=\"495\" height=\"400\"  title='Wurstfabrik 2' alt='Besuchen Sie Orsa' \/><div class='big-prev-fake'><img loading=\"lazy\" decoding=\"async\" class=\"wp-image-5906 avia-img-lazy-loading-5906\"  width=\"495\" height=\"400\" src=\"https:\/\/visitorsa.se\/app\/uploads\/2021\/05\/Korvfabriken-2-495x400.jpg\" title='Wurstfabrik 2' alt='Besuchen Sie Orsa' \/><\/div><\/a><a href=\"https:\/\/visitorsa.se\/app\/uploads\/2021\/05\/Korvfabriken-3-1030x773.jpg\" data-srcset=\"https:\/\/visitorsa.se\/app\/uploads\/2021\/05\/Korvfabriken-3-1030x773.jpg 1030w, https:\/\/visitorsa.se\/app\/uploads\/2021\/05\/Korvfabriken-3-300x225.jpg 300w, https:\/\/visitorsa.se\/app\/uploads\/2021\/05\/Korvfabriken-3-768x576.jpg 768w, https:\/\/visitorsa.se\/app\/uploads\/2021\/05\/Korvfabriken-3-1536x1152.jpg 1536w, https:\/\/visitorsa.se\/app\/uploads\/2021\/05\/Korvfabriken-3-2048x1536.jpg 2048w, https:\/\/visitorsa.se\/app\/uploads\/2021\/05\/Korvfabriken-3-1500x1125.jpg 1500w, https:\/\/visitorsa.se\/app\/uploads\/2021\/05\/Korvfabriken-3-705x529.jpg 705w\" data-sizes=\"(max-width: 1030px) 100vw, 1030px\" data-rel='gallery-1' data-prev-img='https:\/\/visitorsa.se\/app\/uploads\/2021\/05\/Korvfabriken-3-495x400.jpg' class='lightbox ' data-onclick='2' title='Wurstfabrik 3'  itemprop=\"thumbnailUrl\"  ><img decoding=\"async\" class=\"wp-image-5908 avia-img-lazy-loading-not-5908\"   src=\"https:\/\/visitorsa.se\/app\/uploads\/2021\/05\/Korvfabriken-3-495x400.jpg\" width=\"495\" height=\"400\"  title='Wurstfabrik 3' alt='Besuchen Sie Orsa' srcset=\"https:\/\/visitorsa.se\/app\/uploads\/2021\/05\/Korvfabriken-3-495x400.jpg 495w, https:\/\/visitorsa.se\/app\/uploads\/2021\/05\/Korvfabriken-3-845x684.jpg 845w\" sizes=\"(max-width: 495px) 100vw, 495px\" \/><div class='big-prev-fake'><img loading=\"lazy\" decoding=\"async\" class=\"wp-image-5908 avia-img-lazy-loading-5908\"  width=\"495\" height=\"400\" src=\"https:\/\/visitorsa.se\/app\/uploads\/2021\/05\/Korvfabriken-3-495x400.jpg\" title='Wurstfabrik 3' alt='Besuchen Sie Orsa' srcset=\"https:\/\/visitorsa.se\/app\/uploads\/2021\/05\/Korvfabriken-3-495x400.jpg 495w, https:\/\/visitorsa.se\/app\/uploads\/2021\/05\/Korvfabriken-3-845x684.jpg 845w\" sizes=\"auto, (max-width: 495px) 100vw, 495px\" \/><\/div><\/a><a href=\"https:\/\/visitorsa.se\/app\/uploads\/2021\/05\/Korvfabriken-4-1030x773.jpg\" data-srcset=\"https:\/\/visitorsa.se\/app\/uploads\/2021\/05\/Korvfabriken-4-1030x773.jpg 1030w, https:\/\/visitorsa.se\/app\/uploads\/2021\/05\/Korvfabriken-4-300x225.jpg 300w, https:\/\/visitorsa.se\/app\/uploads\/2021\/05\/Korvfabriken-4-768x576.jpg 768w, https:\/\/visitorsa.se\/app\/uploads\/2021\/05\/Korvfabriken-4-1536x1152.jpg 1536w, https:\/\/visitorsa.se\/app\/uploads\/2021\/05\/Korvfabriken-4-2048x1536.jpg 2048w, https:\/\/visitorsa.se\/app\/uploads\/2021\/05\/Korvfabriken-4-1500x1125.jpg 1500w, https:\/\/visitorsa.se\/app\/uploads\/2021\/05\/Korvfabriken-4-705x529.jpg 705w\" data-sizes=\"(max-width: 1030px) 100vw, 1030px\" data-rel='gallery-1' data-prev-img='https:\/\/visitorsa.se\/app\/uploads\/2021\/05\/Korvfabriken-4-495x400.jpg' class='lightbox ' data-onclick='3' title='Korvfabriken 4'  itemprop=\"thumbnailUrl\"  ><img decoding=\"async\" class=\"wp-image-5910 avia-img-lazy-loading-not-5910\"   src=\"https:\/\/visitorsa.se\/app\/uploads\/2021\/05\/Korvfabriken-4-495x400.jpg\" width=\"495\" height=\"400\"  title='Korvfabriken 4' alt='Besuchen Sie Orsa' srcset=\"https:\/\/visitorsa.se\/app\/uploads\/2021\/05\/Korvfabriken-4-495x400.jpg 495w, https:\/\/visitorsa.se\/app\/uploads\/2021\/05\/Korvfabriken-4-845x684.jpg 845w\" sizes=\"(max-width: 495px) 100vw, 495px\" \/><div class='big-prev-fake'><img loading=\"lazy\" decoding=\"async\" class=\"wp-image-5910 avia-img-lazy-loading-5910\"  width=\"495\" height=\"400\" src=\"https:\/\/visitorsa.se\/app\/uploads\/2021\/05\/Korvfabriken-4-495x400.jpg\" title='Korvfabriken 4' alt='Besuchen Sie Orsa' srcset=\"https:\/\/visitorsa.se\/app\/uploads\/2021\/05\/Korvfabriken-4-495x400.jpg 495w, https:\/\/visitorsa.se\/app\/uploads\/2021\/05\/Korvfabriken-4-845x684.jpg 845w\" sizes=\"auto, (max-width: 495px) 100vw, 495px\" \/><\/div><\/a><\/div><\/div><\/div>\n<style type=\"text\/css\" data-created_by=\"avia_inline_auto\" id=\"style-css-av-aupcw0-034727ff4178265a807e03e0bbca9dc3\">\n.flex_column.av-aupcw0-034727ff4178265a807e03e0bbca9dc3{\n-webkit-border-radius:0px 0px 0px 0px;\n-moz-border-radius:0px 0px 0px 0px;\nborder-radius:0px 0px 0px 0px;\npadding:0px 0px 0px 0px;\n}\n<\/style>\n<div class='flex_column av-aupcw0-034727ff4178265a807e03e0bbca9dc3 av_one_half  avia-builder-el-2  el_after_av_one_full  el_before_av_one_half  first flex_column_div av-zero-column-padding column-top-margin'     ><section  class='av_textblock_section av-kgf1e6kl-253ba1d13068f8db85f0ad3cf08f701d'  itemscope=\"itemscope\" itemtype=\"https:\/\/schema.org\/CreativeWork\" ><div class='avia_textblock'  itemprop=\"text\" ><h3 class=\"w44 bcm cn\"><strong>Wurstfabrik in Skattungbyn<\/strong><\/h3>\n<p style=\"font-weight: 400;\">Besuchen Sie unseren Hofladen an der Spitze von Skattungbyn! Hier bieten wir eine gro\u00dfe Auswahl an Charcuterie-, Fleisch- und Lebensmittelhandwerk. Lamm und Hammelfleisch kommen aus Borgg\u00e5raden, wo sich auch der Hofladen befindet, das Rindfleisch kommt auch aus dem Dorf und Tugag\u00e5rden. Die Herstellung von Wurstwaren erfolgt handwerklich und in kleinem Ma\u00dfstab. Hier finden Sie 4-7 Wochen aufgeh\u00e4ngtes zartes T-Bone oder Steak zum Grillen oder probieren Sie eine unserer frischen Wurstsorten, Salami und probieren Sie die beliebten Schmalzb\u00e4nder!<\/p>\n<p style=\"font-weight: 400;\">Infos zu \u00d6ffnungszeiten etc. finden Sie \u00fcber die Website, Facebook oder unseren Newsletter per E-Mail.<\/p>\n<p style=\"font-weight: 400;\">Willkommen bei uns, Nina und Johan und ihren Familien!<\/p>\n<\/div><\/section><br \/>\n<\/p><\/div>\n<style type=\"text\/css\" data-created_by=\"avia_inline_auto\" id=\"style-css-av-aupcw0-b252b444939f1c6223e79e5b57074446\">\n.flex_column.av-aupcw0-b252b444939f1c6223e79e5b57074446{\n-webkit-border-radius:0px 0px 0px 0px;\n-moz-border-radius:0px 0px 0px 0px;\nborder-radius:0px 0px 0px 0px;\npadding:0px 0px 0px 0px;\n}\n<\/style>\n<div class='flex_column av-aupcw0-b252b444939f1c6223e79e5b57074446 av_one_half  avia-builder-el-5  el_after_av_one_half  avia-builder-el-last  flex_column_div av-zero-column-padding column-top-margin'     ><section  class='av_textblock_section av-kgf1e6kl-253ba1d13068f8db85f0ad3cf08f701d'  itemscope=\"itemscope\" itemtype=\"https:\/\/schema.org\/CreativeWork\" ><div class='avia_textblock'  itemprop=\"text\" ><h3><strong>Kontaktieren Sie uns<\/strong><\/h3>\n<p><strong><br \/>\n  <span class=\"ah\">Telefon<\/span><br \/>\n<\/strong><span class=\"ah\"> +46 (0)73-0865382<\/span><\/p>\n<p><strong>Adresse<br \/>\n<\/strong> AB Korvfabriken Skattungbyn<br \/>\nStavasgata 12<br \/>\n794 95 Skattungbyn<\/p>\n<div id=\"mh\">\n<div id=\"mm\"><\/div>\n<\/div>\n<\/div><\/section><br \/>\n<br \/>\n<div  class='avia-button-wrap avia-button-center  avia-builder-el-8  el_after_av_codeblock  avia-builder-el-last ' >\n<style type=\"text\/css\" data-created_by=\"avia_inline_auto\" id=\"style-css-av-kgf1wc7j-612548b2a000c7e0b0a24977c2cb9cd4\">\n#top #wrap_all .avia-button.av-kgf1wc7j-612548b2a000c7e0b0a24977c2cb9cd4{\ncolor:#ffffff;\n-webkit-transition:all 0.4s ease-in-out;\n-moz-transition:all 0.4s ease-in-out;\n-ms-transition:all 0.4s ease-in-out;\n-o-transition:all 0.4s ease-in-out;\ntransition:all 0.4s ease-in-out;\n}\n#top #wrap_all .avia-button.av-kgf1wc7j-612548b2a000c7e0b0a24977c2cb9cd4:hover{\ncolor:#ffffff;\n-webkit-transition:all 0.4s ease-in-out;\n-moz-transition:all 0.4s ease-in-out;\n-ms-transition:all 0.4s ease-in-out;\n-o-transition:all 0.4s ease-in-out;\ntransition:all 0.4s ease-in-out;\n}\n<\/style>\n<a href='http:\/\/www.borggardens.se\/korvfabriken-41087186' class='avia-color-theme-color avia-button avia-button-fullwidth av-kgf1wc7j-612548b2a000c7e0b0a24977c2cb9cd4 avia-icon_select-yes-left-icon avia-color-theme-color' ><span class='avia_button_icon avia_button_icon_left' aria-hidden='true' data-av_icon='\ue832' data-av_iconfont='entypo-fontello'><\/span><span class='avia_iconbox_title' >  Besuchen Sie unsere Website<\/span><span class='avia_button_background avia-button avia-button-fullwidth avia-color-theme-color-highlight'><\/span><\/a><\/div><\/p><\/div><\/p>\n","protected":false},"excerpt":{"rendered":"","protected":false},"author":3,"featured_media":5904,"parent":0,"menu_order":0,"comment_status":"closed","ping_status":"closed","template":"","meta":{"footnotes":""},"categories":[87,80],"tags":[],"class_list":["post-6599","page","type-page","status-publish","has-post-thumbnail","hentry","category-essen","category-handel-handwerk"],"_links":{"self":[{"href":"https:\/\/visitorsa.se\/de\/wp-json\/wp\/v2\/pages\/6599","targetHints":{"allow":["GET"]}}],"collection":[{"href":"https:\/\/visitorsa.se\/de\/wp-json\/wp\/v2\/pages"}],"about":[{"href":"https:\/\/visitorsa.se\/de\/wp-json\/wp\/v2\/types\/page"}],"author":[{"embeddable":true,"href":"https:\/\/visitorsa.se\/de\/wp-json\/wp\/v2\/users\/3"}],"replies":[{"embeddable":true,"href":"https:\/\/visitorsa.se\/de\/wp-json\/wp\/v2\/comments?post=6599"}],"version-history":[{"count":4,"href":"https:\/\/visitorsa.se\/de\/wp-json\/wp\/v2\/pages\/6599\/revisions"}],"predecessor-version":[{"id":8058,"href":"https:\/\/visitorsa.se\/de\/wp-json\/wp\/v2\/pages\/6599\/revisions\/8058"}],"wp:featuredmedia":[{"embeddable":true,"href":"https:\/\/visitorsa.se\/de\/wp-json\/wp\/v2\/media\/5904"}],"wp:attachment":[{"href":"https:\/\/visitorsa.se\/de\/wp-json\/wp\/v2\/media?parent=6599"}],"wp:term":[{"taxonomy":"category","embeddable":true,"href":"https:\/\/visitorsa.se\/de\/wp-json\/wp\/v2\/categories?post=6599"},{"taxonomy":"post_tag","embeddable":true,"href":"https:\/\/visitorsa.se\/de\/wp-json\/wp\/v2\/tags?post=6599"}],"curies":[{"name":"wp","href":"https:\/\/api.w.org\/{rel}","templated":true}]}}