{"id":6598,"date":"2021-04-22T21:53:53","date_gmt":"2021-04-22T19:53:53","guid":{"rendered":"https:\/\/staging.visitorsa.se\/julius-aspman-media-ab\/"},"modified":"2022-07-07T11:13:42","modified_gmt":"2022-07-07T09:13:42","slug":"julius-aspman-media-ab","status":"publish","type":"page","link":"https:\/\/visitorsa.se\/de\/julius-aspman-media-ab\/","title":{"rendered":"Julius Aspman Media AB"},"content":{"rendered":"\n<style type=\"text\/css\" data-created_by=\"avia_inline_auto\" id=\"style-css-av-6d4ygg-db790e9493201a1d2f9d8b3dfe30decc\">\n.flex_column.av-6d4ygg-db790e9493201a1d2f9d8b3dfe30decc{\n-webkit-border-radius:0px 0px 0px 0px;\n-moz-border-radius:0px 0px 0px 0px;\nborder-radius:0px 0px 0px 0px;\npadding:0px 0px 0px 0px;\n}\n<\/style>\n<div class='flex_column av-6d4ygg-db790e9493201a1d2f9d8b3dfe30decc av_one_full  avia-builder-el-0  el_before_av_one_half  avia-builder-el-first  first flex_column_div av-zero-column-padding '     ><style type=\"text\/css\" data-created_by=\"avia_inline_auto\" id=\"style-css-av-kgf1j3ru-2bc2ed8838275e38c5395ce336222f10\">\n#top .avia-gallery.av-kgf1j3ru-2bc2ed8838275e38c5395ce336222f10 .avia-gallery-thumb a{\nwidth:25%;\n}\n<\/style>\n<div  class='avia-gallery av-kgf1j3ru-2bc2ed8838275e38c5395ce336222f10 avia_animate_when_visible  avia-builder-el-1  avia-builder-el-no-sibling  avia_lazyload avia-gallery-animate avia-gallery-1'  itemprop=\"image\" itemscope=\"itemscope\" itemtype=\"https:\/\/schema.org\/ImageObject\" ><meta itemprop=\"contentURL\" content=\"https:\/\/visitorsa.se\/de\/julius-aspman-media-ab\/\"><div class='avia-gallery-thumb'><a href=\"https:\/\/visitorsa.se\/app\/uploads\/2021\/04\/Julius-Aspman-Bild-2-1030x687.jpg\" data-srcset=\"https:\/\/visitorsa.se\/app\/uploads\/2021\/04\/Julius-Aspman-Bild-2-1030x687.jpg 1030w, https:\/\/visitorsa.se\/app\/uploads\/2021\/04\/Julius-Aspman-Bild-2-300x200.jpg 300w, https:\/\/visitorsa.se\/app\/uploads\/2021\/04\/Julius-Aspman-Bild-2-768x512.jpg 768w, https:\/\/visitorsa.se\/app\/uploads\/2021\/04\/Julius-Aspman-Bild-2-1536x1024.jpg 1536w, https:\/\/visitorsa.se\/app\/uploads\/2021\/04\/Julius-Aspman-Bild-2-2048x1365.jpg 2048w, https:\/\/visitorsa.se\/app\/uploads\/2021\/04\/Julius-Aspman-Bild-2-1500x1000.jpg 1500w, https:\/\/visitorsa.se\/app\/uploads\/2021\/04\/Julius-Aspman-Bild-2-705x470.jpg 705w\" data-sizes=\"(max-width: 1030px) 100vw, 1030px\" data-rel='gallery-1' data-prev-img='https:\/\/visitorsa.se\/app\/uploads\/2021\/04\/Julius-Aspman-Bild-2-495x400.jpg' class='first_thumb lightbox ' data-onclick='1' title='Julius Aspman Bild 2'  itemprop=\"thumbnailUrl\"  ><img decoding=\"async\" class=\"wp-image-5848 avia-img-lazy-loading-not-5848\"   src=\"https:\/\/visitorsa.se\/app\/uploads\/2021\/04\/Julius-Aspman-Bild-2-495x400.jpg\" width=\"495\" height=\"400\"  title='Julius Aspman Bild 2' alt='Besuchen Sie Orsa' srcset=\"https:\/\/visitorsa.se\/app\/uploads\/2021\/04\/Julius-Aspman-Bild-2-495x400.jpg 495w, https:\/\/visitorsa.se\/app\/uploads\/2021\/04\/Julius-Aspman-Bild-2-845x684.jpg 845w\" sizes=\"(max-width: 495px) 100vw, 495px\" \/><div class='big-prev-fake'><img loading=\"lazy\" decoding=\"async\" class=\"wp-image-5848 avia-img-lazy-loading-5848\"  width=\"495\" height=\"400\" src=\"https:\/\/visitorsa.se\/app\/uploads\/2021\/04\/Julius-Aspman-Bild-2-495x400.jpg\" title='Julius Aspman Bild 2' alt='Besuchen Sie Orsa' srcset=\"https:\/\/visitorsa.se\/app\/uploads\/2021\/04\/Julius-Aspman-Bild-2-495x400.jpg 495w, https:\/\/visitorsa.se\/app\/uploads\/2021\/04\/Julius-Aspman-Bild-2-845x684.jpg 845w\" sizes=\"auto, (max-width: 495px) 100vw, 495px\" \/><\/div><\/a><a href=\"https:\/\/visitorsa.se\/app\/uploads\/2021\/04\/Julius-Aspman-Bild-3-1030x686.jpg\" data-srcset=\"https:\/\/visitorsa.se\/app\/uploads\/2021\/04\/Julius-Aspman-Bild-3-1030x686.jpg 1030w, https:\/\/visitorsa.se\/app\/uploads\/2021\/04\/Julius-Aspman-Bild-3-300x200.jpg 300w, https:\/\/visitorsa.se\/app\/uploads\/2021\/04\/Julius-Aspman-Bild-3-768x511.jpg 768w, https:\/\/visitorsa.se\/app\/uploads\/2021\/04\/Julius-Aspman-Bild-3-1536x1023.jpg 1536w, https:\/\/visitorsa.se\/app\/uploads\/2021\/04\/Julius-Aspman-Bild-3-2048x1364.jpg 2048w, https:\/\/visitorsa.se\/app\/uploads\/2021\/04\/Julius-Aspman-Bild-3-1500x999.jpg 1500w, https:\/\/visitorsa.se\/app\/uploads\/2021\/04\/Julius-Aspman-Bild-3-705x470.jpg 705w\" data-sizes=\"(max-width: 1030px) 100vw, 1030px\" data-rel='gallery-1' data-prev-img='https:\/\/visitorsa.se\/app\/uploads\/2021\/04\/Julius-Aspman-Bild-3-495x400.jpg' class='lightbox ' data-onclick='2' title='Julius Aspman Bild 3'  itemprop=\"thumbnailUrl\"  ><img decoding=\"async\" class=\"wp-image-5850 avia-img-lazy-loading-not-5850\"   src=\"https:\/\/visitorsa.se\/app\/uploads\/2021\/04\/Julius-Aspman-Bild-3-495x400.jpg\" width=\"495\" height=\"400\"  title='Julius Aspman Bild 3' alt='' srcset=\"https:\/\/visitorsa.se\/app\/uploads\/2021\/04\/Julius-Aspman-Bild-3-495x400.jpg 495w, https:\/\/visitorsa.se\/app\/uploads\/2021\/04\/Julius-Aspman-Bild-3-845x684.jpg 845w\" sizes=\"(max-width: 495px) 100vw, 495px\" \/><div class='big-prev-fake'><img loading=\"lazy\" decoding=\"async\" class=\"wp-image-5850 avia-img-lazy-loading-5850\"  width=\"495\" height=\"400\" src=\"https:\/\/visitorsa.se\/app\/uploads\/2021\/04\/Julius-Aspman-Bild-3-495x400.jpg\" title='Julius Aspman Bild 3' alt='' srcset=\"https:\/\/visitorsa.se\/app\/uploads\/2021\/04\/Julius-Aspman-Bild-3-495x400.jpg 495w, https:\/\/visitorsa.se\/app\/uploads\/2021\/04\/Julius-Aspman-Bild-3-845x684.jpg 845w\" sizes=\"auto, (max-width: 495px) 100vw, 495px\" \/><\/div><\/a><a href=\"https:\/\/visitorsa.se\/app\/uploads\/2021\/04\/Julius-Aspman-Bild-4-1030x686.jpg\" data-srcset=\"https:\/\/visitorsa.se\/app\/uploads\/2021\/04\/Julius-Aspman-Bild-4-1030x686.jpg 1030w, https:\/\/visitorsa.se\/app\/uploads\/2021\/04\/Julius-Aspman-Bild-4-300x200.jpg 300w, https:\/\/visitorsa.se\/app\/uploads\/2021\/04\/Julius-Aspman-Bild-4-768x511.jpg 768w, https:\/\/visitorsa.se\/app\/uploads\/2021\/04\/Julius-Aspman-Bild-4-1536x1023.jpg 1536w, https:\/\/visitorsa.se\/app\/uploads\/2021\/04\/Julius-Aspman-Bild-4-2048x1364.jpg 2048w, https:\/\/visitorsa.se\/app\/uploads\/2021\/04\/Julius-Aspman-Bild-4-1500x999.jpg 1500w, https:\/\/visitorsa.se\/app\/uploads\/2021\/04\/Julius-Aspman-Bild-4-705x470.jpg 705w\" data-sizes=\"(max-width: 1030px) 100vw, 1030px\" data-rel='gallery-1' data-prev-img='https:\/\/visitorsa.se\/app\/uploads\/2021\/04\/Julius-Aspman-Bild-4-495x400.jpg' class='lightbox ' data-onclick='3' title='Julius Aspman Bild 4'  itemprop=\"thumbnailUrl\"  ><img decoding=\"async\" class=\"wp-image-5852 avia-img-lazy-loading-not-5852\"   src=\"https:\/\/visitorsa.se\/app\/uploads\/2021\/04\/Julius-Aspman-Bild-4-495x400.jpg\" width=\"495\" height=\"400\"  title='Julius Aspman Bild 4' alt='' srcset=\"https:\/\/visitorsa.se\/app\/uploads\/2021\/04\/Julius-Aspman-Bild-4-495x400.jpg 495w, https:\/\/visitorsa.se\/app\/uploads\/2021\/04\/Julius-Aspman-Bild-4-845x684.jpg 845w\" sizes=\"(max-width: 495px) 100vw, 495px\" \/><div class='big-prev-fake'><img loading=\"lazy\" decoding=\"async\" class=\"wp-image-5852 avia-img-lazy-loading-5852\"  width=\"495\" height=\"400\" src=\"https:\/\/visitorsa.se\/app\/uploads\/2021\/04\/Julius-Aspman-Bild-4-495x400.jpg\" title='Julius Aspman Bild 4' alt='' srcset=\"https:\/\/visitorsa.se\/app\/uploads\/2021\/04\/Julius-Aspman-Bild-4-495x400.jpg 495w, https:\/\/visitorsa.se\/app\/uploads\/2021\/04\/Julius-Aspman-Bild-4-845x684.jpg 845w\" sizes=\"auto, (max-width: 495px) 100vw, 495px\" \/><\/div><\/a><a href=\"https:\/\/visitorsa.se\/app\/uploads\/2021\/04\/Julius-Aspman-Bild-5-1030x688.jpg\" data-srcset=\"https:\/\/visitorsa.se\/app\/uploads\/2021\/04\/Julius-Aspman-Bild-5-1030x688.jpg 1030w, https:\/\/visitorsa.se\/app\/uploads\/2021\/04\/Julius-Aspman-Bild-5-300x200.jpg 300w, https:\/\/visitorsa.se\/app\/uploads\/2021\/04\/Julius-Aspman-Bild-5-768x513.jpg 768w, https:\/\/visitorsa.se\/app\/uploads\/2021\/04\/Julius-Aspman-Bild-5-1536x1025.jpg 1536w, https:\/\/visitorsa.se\/app\/uploads\/2021\/04\/Julius-Aspman-Bild-5-1500x1001.jpg 1500w, https:\/\/visitorsa.se\/app\/uploads\/2021\/04\/Julius-Aspman-Bild-5-705x471.jpg 705w, https:\/\/visitorsa.se\/app\/uploads\/2021\/04\/Julius-Aspman-Bild-5.jpg 2000w\" data-sizes=\"(max-width: 1030px) 100vw, 1030px\" data-rel='gallery-1' data-prev-img='https:\/\/visitorsa.se\/app\/uploads\/2021\/04\/Julius-Aspman-Bild-5-495x400.jpg' class='lightbox ' data-onclick='4' title='Julius Aspmann'  itemprop=\"thumbnailUrl\"  ><img decoding=\"async\" class=\"wp-image-5854 avia-img-lazy-loading-not-5854\"   src=\"https:\/\/visitorsa.se\/app\/uploads\/2021\/04\/Julius-Aspman-Bild-5-495x400.jpg\" width=\"495\" height=\"400\"  title='Julius Aspmann' alt='Besuchen Sie Orsa' srcset=\"https:\/\/visitorsa.se\/app\/uploads\/2021\/04\/Julius-Aspman-Bild-5-495x400.jpg 495w, https:\/\/visitorsa.se\/app\/uploads\/2021\/04\/Julius-Aspman-Bild-5-845x684.jpg 845w\" sizes=\"(max-width: 495px) 100vw, 495px\" \/><div class='big-prev-fake'><img loading=\"lazy\" decoding=\"async\" class=\"wp-image-5854 avia-img-lazy-loading-5854\"  width=\"495\" height=\"400\" src=\"https:\/\/visitorsa.se\/app\/uploads\/2021\/04\/Julius-Aspman-Bild-5-495x400.jpg\" title='Julius Aspmann' alt='Besuchen Sie Orsa' srcset=\"https:\/\/visitorsa.se\/app\/uploads\/2021\/04\/Julius-Aspman-Bild-5-495x400.jpg 495w, https:\/\/visitorsa.se\/app\/uploads\/2021\/04\/Julius-Aspman-Bild-5-845x684.jpg 845w\" sizes=\"auto, (max-width: 495px) 100vw, 495px\" \/><\/div><\/a><\/div><\/div><\/div>\n<style type=\"text\/css\" data-created_by=\"avia_inline_auto\" id=\"style-css-av-aupcw0-034727ff4178265a807e03e0bbca9dc3\">\n.flex_column.av-aupcw0-034727ff4178265a807e03e0bbca9dc3{\n-webkit-border-radius:0px 0px 0px 0px;\n-moz-border-radius:0px 0px 0px 0px;\nborder-radius:0px 0px 0px 0px;\npadding:0px 0px 0px 0px;\n}\n<\/style>\n<div class='flex_column av-aupcw0-034727ff4178265a807e03e0bbca9dc3 av_one_half  avia-builder-el-2  el_after_av_one_full  el_before_av_one_half  first flex_column_div av-zero-column-padding column-top-margin'     ><section  class='av_textblock_section av-kgf1e6kl-253ba1d13068f8db85f0ad3cf08f701d'  itemscope=\"itemscope\" itemtype=\"https:\/\/schema.org\/CreativeWork\" ><div class='avia_textblock'  itemprop=\"text\" ><h3 class=\"w44 bcm cn\">Julius Aspman Media AB<\/h3>\n<p style=\"font-weight: 400\">\u201dI b\u00f6rjan av min karri\u00e4r fick jag ofta h\u00f6ra att jag m\u00e5ste bo i en stor stad f\u00f6r att lyckas som fotograf och filmare. Det var bra br\u00e4nsle f\u00f6r att bevisa motsatsen.\u00a0D\u00e5 satte jag upp ett m\u00e5l, att minst h\u00e4lften av alla jobb skulle vara inom en tiomila radie fr\u00e5n Orsa. Nu \u00e4r ungef\u00e4r tv\u00e5 tredjedelar inom en tiomilsradie.\u201d<\/p>\n<p style=\"font-weight: 400\">Julius Aspman Media AB \u00e4r ett f\u00f6retag med fokus p\u00e5 film- och fototj\u00e4nster.\u00a0F\u00f6retaget firar tio \u00e5r 2021. Allt b\u00f6rjade med ett stort intresse f\u00f6r att skapa skidfilmer tillsammans med sina v\u00e4nner, vilket la grunden till f\u00f6retaget. Under dessa tio \u00e5r har vi aktivt jobbat med film- och fotojobb \u00f6ver hela Europa, men framf\u00f6rallt i Sverige.\u00a0Nu \u00e4r digital kommunikation, med hj\u00e4lp av film och foto, st\u00f6rre \u00e4n n\u00e5gonsin. F\u00f6retag och organisationer som marknadsf\u00f6r sig med bild, video och filmer blomstrar.<\/p>\n<p>Julius Aspman st\u00e5r f\u00f6r en tydlig dialog och att ha en gemensam m\u00e5lbild.\u00a0Julius Aspmans budskap \u00e4r att det inte ska vara kr\u00e5ngligt att g\u00f6ra film eller fotografera, d\u00e5 kan \u00e4ktheten f\u00f6rsvinna. En balans mellan dokument\u00e4rt skapande och professionell marknadsf\u00f6ring.<\/p>\n<p style=\"font-weight: 400\">\n<strong>Exempel p\u00e5 kunder:<br \/>\n<\/strong>Amnesty, Gr\u00f6nklittsgruppen, Kl\u00e4ppen Skiresort, Marab, Orsa Kommun, Ovansiljans el, Region Dalarna, SVT,\u00a0Vasaloppet, Visit Dalarna, VisitOrsa.<\/p>\n<\/div><\/section><br \/>\n<\/p><\/div><\/p>\n\n<style type=\"text\/css\" data-created_by=\"avia_inline_auto\" id=\"style-css-av-aupcw0-b252b444939f1c6223e79e5b57074446\">\n.flex_column.av-aupcw0-b252b444939f1c6223e79e5b57074446{\n-webkit-border-radius:0px 0px 0px 0px;\n-moz-border-radius:0px 0px 0px 0px;\nborder-radius:0px 0px 0px 0px;\npadding:0px 0px 0px 0px;\n}\n<\/style>\n<div class='flex_column av-aupcw0-b252b444939f1c6223e79e5b57074446 av_one_half  avia-builder-el-5  el_after_av_one_half  avia-builder-el-last  flex_column_div av-zero-column-padding column-top-margin'     ><section  class='av_textblock_section av-kgf1e6kl-253ba1d13068f8db85f0ad3cf08f701d'  itemscope=\"itemscope\" itemtype=\"https:\/\/schema.org\/CreativeWork\" ><div class='avia_textblock'  itemprop=\"text\" ><h3><strong>Kontakta oss<\/strong><\/h3>\n<p><strong><span class=\"ah\">Telefon<\/span><\/strong><span class=\"ah\"> 072-2381329<\/span><\/p>\n<p><strong>Adress<br \/>\n<\/strong><\/p>\n<p style=\"font-weight: 400\">Julius Aspman Media AB<\/p>\n<p style=\"font-weight: 400\">Gyltbacksv\u00e4gen 16<\/p>\n<p style=\"font-weight: 400\">794 90 Orsa<\/p>\n<div id=\"mh\">\n<div id=\"mm\"><\/div>\n<\/div>\n<\/div><\/section><br \/>\n<br \/>\n<div  class='avia-button-wrap avia-button-center  avia-builder-el-8  el_after_av_codeblock  avia-builder-el-last ' >\n<style type=\"text\/css\" data-created_by=\"avia_inline_auto\" id=\"style-css-av-kgf1wc7j-5e81f369495b6fdfc2098803405d1622\">\n#top #wrap_all .avia-button.av-kgf1wc7j-5e81f369495b6fdfc2098803405d1622{\ncolor:#ffffff;\n-webkit-transition:all 0.4s ease-in-out;\n-moz-transition:all 0.4s ease-in-out;\n-ms-transition:all 0.4s ease-in-out;\n-o-transition:all 0.4s ease-in-out;\ntransition:all 0.4s ease-in-out;\n}\n#top #wrap_all .avia-button.av-kgf1wc7j-5e81f369495b6fdfc2098803405d1622:hover{\ncolor:#ffffff;\n-webkit-transition:all 0.4s ease-in-out;\n-moz-transition:all 0.4s ease-in-out;\n-ms-transition:all 0.4s ease-in-out;\n-o-transition:all 0.4s ease-in-out;\ntransition:all 0.4s ease-in-out;\n}\n<\/style>\n<a href='https:\/\/sv-se.facebook.com\/JuliusAspmanMedia' class='avia-color-theme-color avia-button avia-button-fullwidth av-kgf1wc7j-5e81f369495b6fdfc2098803405d1622 avia-icon_select-yes-left-icon avia-color-theme-color' ><span class='avia_button_icon avia_button_icon_left' aria-hidden='true' data-av_icon='\ue832' data-av_iconfont='entypo-fontello'><\/span><span class='avia_iconbox_title' >  Besuchen Sie unsere Website<\/span><span class='avia_button_background avia-button avia-button-fullwidth avia-color-theme-color-highlight'><\/span><\/a><\/div><\/p><\/div>\n","protected":false},"excerpt":{"rendered":"","protected":false},"author":3,"featured_media":5848,"parent":0,"menu_order":0,"comment_status":"closed","ping_status":"closed","template":"","meta":{"footnotes":""},"categories":[76],"tags":[],"class_list":["post-6598","page","type-page","status-publish","has-post-thumbnail","hentry","category-medien-information"],"_links":{"self":[{"href":"https:\/\/visitorsa.se\/de\/wp-json\/wp\/v2\/pages\/6598","targetHints":{"allow":["GET"]}}],"collection":[{"href":"https:\/\/visitorsa.se\/de\/wp-json\/wp\/v2\/pages"}],"about":[{"href":"https:\/\/visitorsa.se\/de\/wp-json\/wp\/v2\/types\/page"}],"author":[{"embeddable":true,"href":"https:\/\/visitorsa.se\/de\/wp-json\/wp\/v2\/users\/3"}],"replies":[{"embeddable":true,"href":"https:\/\/visitorsa.se\/de\/wp-json\/wp\/v2\/comments?post=6598"}],"version-history":[{"count":1,"href":"https:\/\/visitorsa.se\/de\/wp-json\/wp\/v2\/pages\/6598\/revisions"}],"predecessor-version":[{"id":6602,"href":"https:\/\/visitorsa.se\/de\/wp-json\/wp\/v2\/pages\/6598\/revisions\/6602"}],"wp:featuredmedia":[{"embeddable":true,"href":"https:\/\/visitorsa.se\/de\/wp-json\/wp\/v2\/media\/5848"}],"wp:attachment":[{"href":"https:\/\/visitorsa.se\/de\/wp-json\/wp\/v2\/media?parent=6598"}],"wp:term":[{"taxonomy":"category","embeddable":true,"href":"https:\/\/visitorsa.se\/de\/wp-json\/wp\/v2\/categories?post=6598"},{"taxonomy":"post_tag","embeddable":true,"href":"https:\/\/visitorsa.se\/de\/wp-json\/wp\/v2\/tags?post=6598"}],"curies":[{"name":"wp","href":"https:\/\/api.w.org\/{rel}","templated":true}]}}