{"id":6594,"date":"2021-05-12T20:59:29","date_gmt":"2021-05-12T18:59:29","guid":{"rendered":"https:\/\/staging.visitorsa.se\/artbysadhana\/"},"modified":"2022-08-02T21:39:39","modified_gmt":"2022-08-02T19:39:39","slug":"artbysadhana","status":"publish","type":"page","link":"https:\/\/visitorsa.se\/de\/artbysadhana\/","title":{"rendered":"Artbysadhana"},"content":{"rendered":"\n<style type=\"text\/css\" data-created_by=\"avia_inline_auto\" id=\"style-css-av-6d4ygg-db790e9493201a1d2f9d8b3dfe30decc\">\n.flex_column.av-6d4ygg-db790e9493201a1d2f9d8b3dfe30decc{\n-webkit-border-radius:0px 0px 0px 0px;\n-moz-border-radius:0px 0px 0px 0px;\nborder-radius:0px 0px 0px 0px;\npadding:0px 0px 0px 0px;\n}\n<\/style>\n<div class='flex_column av-6d4ygg-db790e9493201a1d2f9d8b3dfe30decc av_one_full  avia-builder-el-0  el_before_av_one_half  avia-builder-el-first  first flex_column_div av-zero-column-padding '     ><style type=\"text\/css\" data-created_by=\"avia_inline_auto\" id=\"style-css-av-kgf1j3ru-e842f5b3839008ef55eebff777f762ed\">\n#top .avia-gallery.av-kgf1j3ru-e842f5b3839008ef55eebff777f762ed .avia-gallery-thumb a{\nwidth:25%;\n}\n<\/style>\n<div  class='avia-gallery av-kgf1j3ru-e842f5b3839008ef55eebff777f762ed avia_animate_when_visible  avia-builder-el-1  avia-builder-el-no-sibling  avia_lazyload avia-gallery-animate avia-gallery-1'  itemprop=\"image\" itemscope=\"itemscope\" itemtype=\"https:\/\/schema.org\/ImageObject\" ><meta itemprop=\"contentURL\" content=\"https:\/\/visitorsa.se\/de\/artbysadhana\/\"><div class='avia-gallery-thumb'><a href=\"https:\/\/visitorsa.se\/app\/uploads\/2021\/05\/Artbysadhana-5-818x1030.jpeg\" data-srcset=\"https:\/\/visitorsa.se\/app\/uploads\/2021\/05\/Artbysadhana-5-818x1030.jpeg 818w, https:\/\/visitorsa.se\/app\/uploads\/2021\/05\/Artbysadhana-5-238x300.jpeg 238w, https:\/\/visitorsa.se\/app\/uploads\/2021\/05\/Artbysadhana-5-768x966.jpeg 768w, https:\/\/visitorsa.se\/app\/uploads\/2021\/05\/Artbysadhana-5-560x705.jpeg 560w, https:\/\/visitorsa.se\/app\/uploads\/2021\/05\/Artbysadhana-5.jpeg 1099w\" data-sizes=\"(max-width: 818px) 100vw, 818px\" data-rel='gallery-1' data-prev-img='https:\/\/visitorsa.se\/app\/uploads\/2021\/05\/Artbysadhana-5-495x400.jpeg' class='first_thumb lightbox ' data-onclick='1' title='Artbysadhana 5'  itemprop=\"thumbnailUrl\"  ><img decoding=\"async\" class=\"wp-image-5922 avia-img-lazy-loading-not-5922\"   src=\"https:\/\/visitorsa.se\/app\/uploads\/2021\/05\/Artbysadhana-5-495x400.jpeg\" width=\"495\" height=\"400\"  title='Artbysadhana 5' alt='Besuchen Sie Orsa' srcset=\"https:\/\/visitorsa.se\/app\/uploads\/2021\/05\/Artbysadhana-5-495x400.jpeg 495w, https:\/\/visitorsa.se\/app\/uploads\/2021\/05\/Artbysadhana-5-845x684.jpeg 845w\" sizes=\"(max-width: 495px) 100vw, 495px\" \/><div class='big-prev-fake'><img loading=\"lazy\" decoding=\"async\" class=\"wp-image-5922 avia-img-lazy-loading-5922\"  width=\"495\" height=\"400\" src=\"https:\/\/visitorsa.se\/app\/uploads\/2021\/05\/Artbysadhana-5-495x400.jpeg\" title='Artbysadhana 5' alt='Besuchen Sie Orsa' srcset=\"https:\/\/visitorsa.se\/app\/uploads\/2021\/05\/Artbysadhana-5-495x400.jpeg 495w, https:\/\/visitorsa.se\/app\/uploads\/2021\/05\/Artbysadhana-5-845x684.jpeg 845w\" sizes=\"auto, (max-width: 495px) 100vw, 495px\" \/><\/div><\/a><a href=\"https:\/\/visitorsa.se\/app\/uploads\/2022\/03\/Artbysadhana-6-814x1030.jpeg\" data-srcset=\"https:\/\/visitorsa.se\/app\/uploads\/2022\/03\/Artbysadhana-6-814x1030.jpeg 814w, https:\/\/visitorsa.se\/app\/uploads\/2022\/03\/Artbysadhana-6-237x300.jpeg 237w, https:\/\/visitorsa.se\/app\/uploads\/2022\/03\/Artbysadhana-6-768x971.jpeg 768w, https:\/\/visitorsa.se\/app\/uploads\/2022\/03\/Artbysadhana-6-557x705.jpeg 557w, https:\/\/visitorsa.se\/app\/uploads\/2022\/03\/Artbysadhana-6.jpeg 1012w\" data-sizes=\"(max-width: 814px) 100vw, 814px\" data-rel='gallery-1' data-prev-img='https:\/\/visitorsa.se\/app\/uploads\/2022\/03\/Artbysadhana-6-495x400.jpeg' class='lightbox ' data-onclick='2' title='Artbysadhana'  itemprop=\"thumbnailUrl\"  ><img decoding=\"async\" class=\"wp-image-6190 avia-img-lazy-loading-not-6190\"   src=\"https:\/\/visitorsa.se\/app\/uploads\/2022\/03\/Artbysadhana-6-495x400.jpeg\" width=\"495\" height=\"400\"  title='Artbysadhana' alt='Besuchen Sie Orsa' srcset=\"https:\/\/visitorsa.se\/app\/uploads\/2022\/03\/Artbysadhana-6-495x400.jpeg 495w, https:\/\/visitorsa.se\/app\/uploads\/2022\/03\/Artbysadhana-6-845x684.jpeg 845w\" sizes=\"(max-width: 495px) 100vw, 495px\" \/><div class='big-prev-fake'><img loading=\"lazy\" decoding=\"async\" class=\"wp-image-6190 avia-img-lazy-loading-6190\"  width=\"495\" height=\"400\" src=\"https:\/\/visitorsa.se\/app\/uploads\/2022\/03\/Artbysadhana-6-495x400.jpeg\" title='Artbysadhana' alt='Besuchen Sie Orsa' srcset=\"https:\/\/visitorsa.se\/app\/uploads\/2022\/03\/Artbysadhana-6-495x400.jpeg 495w, https:\/\/visitorsa.se\/app\/uploads\/2022\/03\/Artbysadhana-6-845x684.jpeg 845w\" sizes=\"auto, (max-width: 495px) 100vw, 495px\" \/><\/div><\/a><a href=\"https:\/\/visitorsa.se\/app\/uploads\/2021\/05\/Artbysadhana-2-1019x1030.jpeg\" data-srcset=\"https:\/\/visitorsa.se\/app\/uploads\/2021\/05\/Artbysadhana-2-1019x1030.jpeg 1019w, https:\/\/visitorsa.se\/app\/uploads\/2021\/05\/Artbysadhana-2-297x300.jpeg 297w, https:\/\/visitorsa.se\/app\/uploads\/2021\/05\/Artbysadhana-2-80x80.jpeg 80w, https:\/\/visitorsa.se\/app\/uploads\/2021\/05\/Artbysadhana-2-768x777.jpeg 768w, https:\/\/visitorsa.se\/app\/uploads\/2021\/05\/Artbysadhana-2-36x36.jpeg 36w, https:\/\/visitorsa.se\/app\/uploads\/2021\/05\/Artbysadhana-2-697x705.jpeg 697w, https:\/\/visitorsa.se\/app\/uploads\/2021\/05\/Artbysadhana-2.jpeg 1084w\" data-sizes=\"(max-width: 1019px) 100vw, 1019px\" data-rel='gallery-1' data-prev-img='https:\/\/visitorsa.se\/app\/uploads\/2021\/05\/Artbysadhana-2-495x400.jpeg' class='lightbox ' data-onclick='3' title='Artbysadhana 2'  itemprop=\"thumbnailUrl\"  ><img decoding=\"async\" class=\"wp-image-5916 avia-img-lazy-loading-not-5916\"   src=\"https:\/\/visitorsa.se\/app\/uploads\/2021\/05\/Artbysadhana-2-495x400.jpeg\" width=\"495\" height=\"400\"  title='Artbysadhana 2' alt='Besuchen Sie Orsa' srcset=\"https:\/\/visitorsa.se\/app\/uploads\/2021\/05\/Artbysadhana-2-495x400.jpeg 495w, https:\/\/visitorsa.se\/app\/uploads\/2021\/05\/Artbysadhana-2-845x684.jpeg 845w\" sizes=\"(max-width: 495px) 100vw, 495px\" \/><div class='big-prev-fake'><img loading=\"lazy\" decoding=\"async\" class=\"wp-image-5916 avia-img-lazy-loading-5916\"  width=\"495\" height=\"400\" src=\"https:\/\/visitorsa.se\/app\/uploads\/2021\/05\/Artbysadhana-2-495x400.jpeg\" title='Artbysadhana 2' alt='Besuchen Sie Orsa' srcset=\"https:\/\/visitorsa.se\/app\/uploads\/2021\/05\/Artbysadhana-2-495x400.jpeg 495w, https:\/\/visitorsa.se\/app\/uploads\/2021\/05\/Artbysadhana-2-845x684.jpeg 845w\" sizes=\"auto, (max-width: 495px) 100vw, 495px\" \/><\/div><\/a><a href=\"https:\/\/visitorsa.se\/app\/uploads\/2021\/05\/Artbysadhana-3-1008x1030.jpeg\" data-srcset=\"https:\/\/visitorsa.se\/app\/uploads\/2021\/05\/Artbysadhana-3-1008x1030.jpeg 1008w, https:\/\/visitorsa.se\/app\/uploads\/2021\/05\/Artbysadhana-3-294x300.jpeg 294w, https:\/\/visitorsa.se\/app\/uploads\/2021\/05\/Artbysadhana-3-768x785.jpeg 768w, https:\/\/visitorsa.se\/app\/uploads\/2021\/05\/Artbysadhana-3-36x36.jpeg 36w, https:\/\/visitorsa.se\/app\/uploads\/2021\/05\/Artbysadhana-3-690x705.jpeg 690w, https:\/\/visitorsa.se\/app\/uploads\/2021\/05\/Artbysadhana-3.jpeg 1070w\" data-sizes=\"(max-width: 1008px) 100vw, 1008px\" data-rel='gallery-1' data-prev-img='https:\/\/visitorsa.se\/app\/uploads\/2021\/05\/Artbysadhana-3-495x400.jpeg' class='lightbox ' data-onclick='4' title='Artbysadhana 3'  itemprop=\"thumbnailUrl\"  ><img decoding=\"async\" class=\"wp-image-5918 avia-img-lazy-loading-not-5918\"   src=\"https:\/\/visitorsa.se\/app\/uploads\/2021\/05\/Artbysadhana-3-495x400.jpeg\" width=\"495\" height=\"400\"  title='Artbysadhana 3' alt='Besuchen Sie Orsa' srcset=\"https:\/\/visitorsa.se\/app\/uploads\/2021\/05\/Artbysadhana-3-495x400.jpeg 495w, https:\/\/visitorsa.se\/app\/uploads\/2021\/05\/Artbysadhana-3-845x684.jpeg 845w\" sizes=\"(max-width: 495px) 100vw, 495px\" \/><div class='big-prev-fake'><img loading=\"lazy\" decoding=\"async\" class=\"wp-image-5918 avia-img-lazy-loading-5918\"  width=\"495\" height=\"400\" src=\"https:\/\/visitorsa.se\/app\/uploads\/2021\/05\/Artbysadhana-3-495x400.jpeg\" title='Artbysadhana 3' alt='Besuchen Sie Orsa' srcset=\"https:\/\/visitorsa.se\/app\/uploads\/2021\/05\/Artbysadhana-3-495x400.jpeg 495w, https:\/\/visitorsa.se\/app\/uploads\/2021\/05\/Artbysadhana-3-845x684.jpeg 845w\" sizes=\"auto, (max-width: 495px) 100vw, 495px\" \/><\/div><\/a><\/div><\/div><\/div>\n<style type=\"text\/css\" data-created_by=\"avia_inline_auto\" id=\"style-css-av-aupcw0-034727ff4178265a807e03e0bbca9dc3\">\n.flex_column.av-aupcw0-034727ff4178265a807e03e0bbca9dc3{\n-webkit-border-radius:0px 0px 0px 0px;\n-moz-border-radius:0px 0px 0px 0px;\nborder-radius:0px 0px 0px 0px;\npadding:0px 0px 0px 0px;\n}\n<\/style>\n<div class='flex_column av-aupcw0-034727ff4178265a807e03e0bbca9dc3 av_one_half  avia-builder-el-2  el_after_av_one_full  el_before_av_one_half  first flex_column_div av-zero-column-padding column-top-margin'     ><section  class='av_textblock_section av-kgf1e6kl-253ba1d13068f8db85f0ad3cf08f701d'  itemscope=\"itemscope\" itemtype=\"https:\/\/schema.org\/CreativeWork\" ><div class='avia_textblock'  itemprop=\"text\" ><h3 class=\"w44 bcm cn\">Artbysadhana<\/h3>\n<div>Malt Mandala auf Leinwand, verbrennt Kurbits und andere Motive auf Holzbrettern und Schneidebrettern, fotografiert Blumen, Bienen und im Garten, schreibt als Freiberufler und l\u00e4sst sich von Poesie in einer gl\u00fcckseligen Mischung inspirieren. Zu Hause in meinem Studio in Stackmora.<\/div>\n<div>&#8220;Meine k\u00fcnstlerischen Interessen wurden nach einer Reise in das Atlasgebirge in Marokko in den fr\u00fchen 2010er Jahren zum Leben erweckt. Mandala Malen in den Bergen in einem Kurszentrum weit drau\u00dfen auf dem Land mit Freunden aus der Heimat und Teilnehmern aus anderen L\u00e4ndern war eine gro\u00dfe Quelle der Inspiration. Nach dieser Reise war es, als ob sich f\u00fcr mich ein Tor zu anderen Welten \u00f6ffnete&#8221;, sagt Monica.<\/div>\n<div>Gem\u00e4lde mit und ohne Rahmen und feine Schneidebretter sind im Verkauf.<\/div>\n<div>Ab Herbst 2021 ist es m\u00f6glich, einen Besuch im neuen Studio zu buchen.<\/div>\n<div>Mitglied des Kunstvereins Orsa.<\/div>\n<\/div><\/section><br \/>\n<\/p><\/div><\/p>\n\n<style type=\"text\/css\" data-created_by=\"avia_inline_auto\" id=\"style-css-av-aupcw0-3-7fc1991e0fecd70c2ded4a1a6ae190d6\">\n.flex_column.av-aupcw0-3-7fc1991e0fecd70c2ded4a1a6ae190d6{\n-webkit-border-radius:0px 0px 0px 0px;\n-moz-border-radius:0px 0px 0px 0px;\nborder-radius:0px 0px 0px 0px;\npadding:0px 0px 0px 0px;\n}\n<\/style>\n<div class='flex_column av-aupcw0-3-7fc1991e0fecd70c2ded4a1a6ae190d6 av_one_half  avia-builder-el-5  el_after_av_one_half  avia-builder-el-last  flex_column_div av-zero-column-padding column-top-margin'     ><section  class='av_textblock_section av-kgf1e6kl-2-196e6681e72ff2e3259df339ae84f5fa'  itemscope=\"itemscope\" itemtype=\"https:\/\/schema.org\/CreativeWork\" ><div class='avia_textblock'  itemprop=\"text\" ><h3><strong>Kontaktieren Sie uns<\/strong><\/h3>\n<p><strong><br \/>\n  <span class=\"ah\">Telefon<\/span><br \/>\n<\/strong><span class=\"ah\"> +46 (0)70-7422114<br \/>\n<strong>E-Mail<\/strong> <span style=\"color: #000000;\">artbys@artbysadhana.com<\/span><\/span><\/p>\n<p><strong>Adresse<br \/>\n<\/strong> Studio Sadhana\/Artbysadhana<br \/>\nMonica Katarina Frisk<br \/>\nStackmora, Orsa<\/p>\n<div><\/div>\n<div id=\"mh\">\n<div id=\"mm\"><\/div>\n<\/div>\n<\/div><\/section><br \/>\n<br \/>\n<div  class='avia-button-wrap avia-button-center  avia-builder-el-8  el_after_av_codeblock  avia-builder-el-last ' >\n<style type=\"text\/css\" data-created_by=\"avia_inline_auto\" id=\"style-css-av-kgf1wc7j-0a12b22abc300094827192c6ec8c94b9\">\n#top #wrap_all .avia-button.av-kgf1wc7j-0a12b22abc300094827192c6ec8c94b9{\ncolor:#ffffff;\n-webkit-transition:all 0.4s ease-in-out;\n-moz-transition:all 0.4s ease-in-out;\n-ms-transition:all 0.4s ease-in-out;\n-o-transition:all 0.4s ease-in-out;\ntransition:all 0.4s ease-in-out;\n}\n#top #wrap_all .avia-button.av-kgf1wc7j-0a12b22abc300094827192c6ec8c94b9:hover{\ncolor:#ffffff;\n-webkit-transition:all 0.4s ease-in-out;\n-moz-transition:all 0.4s ease-in-out;\n-ms-transition:all 0.4s ease-in-out;\n-o-transition:all 0.4s ease-in-out;\ntransition:all 0.4s ease-in-out;\n}\n<\/style>\n<a href='https:\/\/www.facebook.com\/artbysadhana\/' class='avia-color-theme-color avia-button avia-button-fullwidth av-kgf1wc7j-0a12b22abc300094827192c6ec8c94b9 avia-icon_select-yes-left-icon avia-color-theme-color' ><span class='avia_button_icon avia_button_icon_left' aria-hidden='true' data-av_icon='\ue832' data-av_iconfont='entypo-fontello'><\/span><span class='avia_iconbox_title' >  Besuchen Sie unsere Website<\/span><span class='avia_button_background avia-button avia-button-fullwidth avia-color-theme-color-highlight'><\/span><\/a><\/div><\/p><\/div>\n","protected":false},"excerpt":{"rendered":"","protected":false},"author":3,"featured_media":5914,"parent":0,"menu_order":0,"comment_status":"closed","ping_status":"closed","template":"","meta":{"footnotes":""},"categories":[80],"tags":[],"class_list":["post-6594","page","type-page","status-publish","has-post-thumbnail","hentry","category-handel-handwerk"],"_links":{"self":[{"href":"https:\/\/visitorsa.se\/de\/wp-json\/wp\/v2\/pages\/6594","targetHints":{"allow":["GET"]}}],"collection":[{"href":"https:\/\/visitorsa.se\/de\/wp-json\/wp\/v2\/pages"}],"about":[{"href":"https:\/\/visitorsa.se\/de\/wp-json\/wp\/v2\/types\/page"}],"author":[{"embeddable":true,"href":"https:\/\/visitorsa.se\/de\/wp-json\/wp\/v2\/users\/3"}],"replies":[{"embeddable":true,"href":"https:\/\/visitorsa.se\/de\/wp-json\/wp\/v2\/comments?post=6594"}],"version-history":[{"count":3,"href":"https:\/\/visitorsa.se\/de\/wp-json\/wp\/v2\/pages\/6594\/revisions"}],"predecessor-version":[{"id":8041,"href":"https:\/\/visitorsa.se\/de\/wp-json\/wp\/v2\/pages\/6594\/revisions\/8041"}],"wp:featuredmedia":[{"embeddable":true,"href":"https:\/\/visitorsa.se\/de\/wp-json\/wp\/v2\/media\/5914"}],"wp:attachment":[{"href":"https:\/\/visitorsa.se\/de\/wp-json\/wp\/v2\/media?parent=6594"}],"wp:term":[{"taxonomy":"category","embeddable":true,"href":"https:\/\/visitorsa.se\/de\/wp-json\/wp\/v2\/categories?post=6594"},{"taxonomy":"post_tag","embeddable":true,"href":"https:\/\/visitorsa.se\/de\/wp-json\/wp\/v2\/tags?post=6594"}],"curies":[{"name":"wp","href":"https:\/\/api.w.org\/{rel}","templated":true}]}}