{"id":6587,"date":"2021-06-22T20:43:39","date_gmt":"2021-06-22T18:43:39","guid":{"rendered":"https:\/\/staging.visitorsa.se\/gurlidesign\/"},"modified":"2023-05-03T19:15:36","modified_gmt":"2023-05-03T17:15:36","slug":"gurlidesign","status":"publish","type":"page","link":"https:\/\/visitorsa.se\/de\/gurlidesign\/","title":{"rendered":"Gurli design"},"content":{"rendered":"\n<style type=\"text\/css\" data-created_by=\"avia_inline_auto\" id=\"style-css-av-6d4ygg-db790e9493201a1d2f9d8b3dfe30decc\">\n.flex_column.av-6d4ygg-db790e9493201a1d2f9d8b3dfe30decc{\n-webkit-border-radius:0px 0px 0px 0px;\n-moz-border-radius:0px 0px 0px 0px;\nborder-radius:0px 0px 0px 0px;\npadding:0px 0px 0px 0px;\n}\n<\/style>\n<div class='flex_column av-6d4ygg-db790e9493201a1d2f9d8b3dfe30decc av_one_full  avia-builder-el-0  el_before_av_one_half  avia-builder-el-first  first flex_column_div av-zero-column-padding '     ><style type=\"text\/css\" data-created_by=\"avia_inline_auto\" id=\"style-css-av-kgf1j3ru-d0291d02076b4901bbd20aec16cfd9c0\">\n#top .avia-gallery.av-kgf1j3ru-d0291d02076b4901bbd20aec16cfd9c0 .avia-gallery-thumb a{\nwidth:25%;\n}\n<\/style>\n<div  class='avia-gallery av-kgf1j3ru-d0291d02076b4901bbd20aec16cfd9c0 avia_animate_when_visible  avia-builder-el-1  avia-builder-el-no-sibling  avia_lazyload avia-gallery-animate avia-gallery-1'  itemprop=\"image\" itemscope=\"itemscope\" itemtype=\"https:\/\/schema.org\/ImageObject\" ><meta itemprop=\"contentURL\" content=\"https:\/\/visitorsa.se\/de\/gurlidesign\/\"><div class='avia-gallery-thumb'><a href=\"https:\/\/visitorsa.se\/app\/uploads\/2021\/06\/Gurlidesign-1-1030x687.jpg\" data-srcset=\"https:\/\/visitorsa.se\/app\/uploads\/2021\/06\/Gurlidesign-1-1030x687.jpg 1030w, https:\/\/visitorsa.se\/app\/uploads\/2021\/06\/Gurlidesign-1-300x200.jpg 300w, https:\/\/visitorsa.se\/app\/uploads\/2021\/06\/Gurlidesign-1-768x512.jpg 768w, https:\/\/visitorsa.se\/app\/uploads\/2021\/06\/Gurlidesign-1-705x470.jpg 705w, https:\/\/visitorsa.se\/app\/uploads\/2021\/06\/Gurlidesign-1.jpg 1400w\" data-sizes=\"(max-width: 1030px) 100vw, 1030px\" data-rel='gallery-1' data-prev-img='https:\/\/visitorsa.se\/app\/uploads\/2021\/06\/Gurlidesign-1-495x400.jpg' class='first_thumb lightbox ' data-onclick='1' title='Gurlidesign 1'  itemprop=\"thumbnailUrl\"  ><img decoding=\"async\" class=\"wp-image-6014 avia-img-lazy-loading-not-6014\"   src=\"https:\/\/visitorsa.se\/app\/uploads\/2021\/06\/Gurlidesign-1-495x400.jpg\" width=\"495\" height=\"400\"  title='Gurlidesign 1' alt='' srcset=\"https:\/\/visitorsa.se\/app\/uploads\/2021\/06\/Gurlidesign-1-495x400.jpg 495w, https:\/\/visitorsa.se\/app\/uploads\/2021\/06\/Gurlidesign-1-845x684.jpg 845w\" sizes=\"(max-width: 495px) 100vw, 495px\" \/><div class='big-prev-fake'><img loading=\"lazy\" decoding=\"async\" class=\"wp-image-6014 avia-img-lazy-loading-6014\"  width=\"495\" height=\"400\" src=\"https:\/\/visitorsa.se\/app\/uploads\/2021\/06\/Gurlidesign-1-495x400.jpg\" title='Gurlidesign 1' alt='' srcset=\"https:\/\/visitorsa.se\/app\/uploads\/2021\/06\/Gurlidesign-1-495x400.jpg 495w, https:\/\/visitorsa.se\/app\/uploads\/2021\/06\/Gurlidesign-1-845x684.jpg 845w\" sizes=\"auto, (max-width: 495px) 100vw, 495px\" \/><\/div><\/a><a href=\"https:\/\/visitorsa.se\/app\/uploads\/2021\/06\/Gurlidesign-2-1030x773.jpg\" data-srcset=\"https:\/\/visitorsa.se\/app\/uploads\/2021\/06\/Gurlidesign-2-1030x773.jpg 1030w, https:\/\/visitorsa.se\/app\/uploads\/2021\/06\/Gurlidesign-2-300x225.jpg 300w, https:\/\/visitorsa.se\/app\/uploads\/2021\/06\/Gurlidesign-2-768x576.jpg 768w, https:\/\/visitorsa.se\/app\/uploads\/2021\/06\/Gurlidesign-2-705x529.jpg 705w, https:\/\/visitorsa.se\/app\/uploads\/2021\/06\/Gurlidesign-2.jpg 1400w\" data-sizes=\"(max-width: 1030px) 100vw, 1030px\" data-rel='gallery-1' data-prev-img='https:\/\/visitorsa.se\/app\/uploads\/2021\/06\/Gurlidesign-2-495x400.jpg' class='lightbox ' data-onclick='2' title='Gurlidesign 2'  itemprop=\"thumbnailUrl\"  ><img decoding=\"async\" class=\"wp-image-6016 avia-img-lazy-loading-not-6016\"   src=\"https:\/\/visitorsa.se\/app\/uploads\/2021\/06\/Gurlidesign-2-495x400.jpg\" width=\"495\" height=\"400\"  title='Gurlidesign 2' alt='' srcset=\"https:\/\/visitorsa.se\/app\/uploads\/2021\/06\/Gurlidesign-2-495x400.jpg 495w, https:\/\/visitorsa.se\/app\/uploads\/2021\/06\/Gurlidesign-2-845x684.jpg 845w\" sizes=\"(max-width: 495px) 100vw, 495px\" \/><div class='big-prev-fake'><img loading=\"lazy\" decoding=\"async\" class=\"wp-image-6016 avia-img-lazy-loading-6016\"  width=\"495\" height=\"400\" src=\"https:\/\/visitorsa.se\/app\/uploads\/2021\/06\/Gurlidesign-2-495x400.jpg\" title='Gurlidesign 2' alt='' srcset=\"https:\/\/visitorsa.se\/app\/uploads\/2021\/06\/Gurlidesign-2-495x400.jpg 495w, https:\/\/visitorsa.se\/app\/uploads\/2021\/06\/Gurlidesign-2-845x684.jpg 845w\" sizes=\"auto, (max-width: 495px) 100vw, 495px\" \/><\/div><\/a><a href=\"https:\/\/visitorsa.se\/app\/uploads\/2021\/06\/Gurlidesign-3-1030x665.jpg\" data-srcset=\"https:\/\/visitorsa.se\/app\/uploads\/2021\/06\/Gurlidesign-3-1030x665.jpg 1030w, https:\/\/visitorsa.se\/app\/uploads\/2021\/06\/Gurlidesign-3-300x194.jpg 300w, https:\/\/visitorsa.se\/app\/uploads\/2021\/06\/Gurlidesign-3-768x496.jpg 768w, https:\/\/visitorsa.se\/app\/uploads\/2021\/06\/Gurlidesign-3-705x455.jpg 705w, https:\/\/visitorsa.se\/app\/uploads\/2021\/06\/Gurlidesign-3.jpg 1400w\" data-sizes=\"(max-width: 1030px) 100vw, 1030px\" data-rel='gallery-1' data-prev-img='https:\/\/visitorsa.se\/app\/uploads\/2021\/06\/Gurlidesign-3-495x400.jpg' class='lightbox ' data-onclick='3' title='Gurlidesign 3'  itemprop=\"thumbnailUrl\"  ><img decoding=\"async\" class=\"wp-image-6018 avia-img-lazy-loading-not-6018\"   src=\"https:\/\/visitorsa.se\/app\/uploads\/2021\/06\/Gurlidesign-3-495x400.jpg\" width=\"495\" height=\"400\"  title='Gurlidesign 3' alt='' srcset=\"https:\/\/visitorsa.se\/app\/uploads\/2021\/06\/Gurlidesign-3-495x400.jpg 495w, https:\/\/visitorsa.se\/app\/uploads\/2021\/06\/Gurlidesign-3-845x684.jpg 845w\" sizes=\"(max-width: 495px) 100vw, 495px\" \/><div class='big-prev-fake'><img loading=\"lazy\" decoding=\"async\" class=\"wp-image-6018 avia-img-lazy-loading-6018\"  width=\"495\" height=\"400\" src=\"https:\/\/visitorsa.se\/app\/uploads\/2021\/06\/Gurlidesign-3-495x400.jpg\" title='Gurlidesign 3' alt='' srcset=\"https:\/\/visitorsa.se\/app\/uploads\/2021\/06\/Gurlidesign-3-495x400.jpg 495w, https:\/\/visitorsa.se\/app\/uploads\/2021\/06\/Gurlidesign-3-845x684.jpg 845w\" sizes=\"auto, (max-width: 495px) 100vw, 495px\" \/><\/div><\/a><a href=\"https:\/\/visitorsa.se\/app\/uploads\/2021\/06\/Gurlidesign-4-1030x679.jpg\" data-srcset=\"https:\/\/visitorsa.se\/app\/uploads\/2021\/06\/Gurlidesign-4-1030x679.jpg 1030w, https:\/\/visitorsa.se\/app\/uploads\/2021\/06\/Gurlidesign-4-300x198.jpg 300w, https:\/\/visitorsa.se\/app\/uploads\/2021\/06\/Gurlidesign-4-768x506.jpg 768w, https:\/\/visitorsa.se\/app\/uploads\/2021\/06\/Gurlidesign-4-705x465.jpg 705w, https:\/\/visitorsa.se\/app\/uploads\/2021\/06\/Gurlidesign-4.jpg 1400w\" data-sizes=\"(max-width: 1030px) 100vw, 1030px\" data-rel='gallery-1' data-prev-img='https:\/\/visitorsa.se\/app\/uploads\/2021\/06\/Gurlidesign-4-495x400.jpg' class='lightbox ' data-onclick='4' title='Gurlidesign 4'  itemprop=\"thumbnailUrl\"  ><img decoding=\"async\" class=\"wp-image-6020 avia-img-lazy-loading-not-6020\"   src=\"https:\/\/visitorsa.se\/app\/uploads\/2021\/06\/Gurlidesign-4-495x400.jpg\" width=\"495\" height=\"400\"  title='Gurlidesign 4' alt='' srcset=\"https:\/\/visitorsa.se\/app\/uploads\/2021\/06\/Gurlidesign-4-495x400.jpg 495w, https:\/\/visitorsa.se\/app\/uploads\/2021\/06\/Gurlidesign-4-845x684.jpg 845w\" sizes=\"(max-width: 495px) 100vw, 495px\" \/><div class='big-prev-fake'><img loading=\"lazy\" decoding=\"async\" class=\"wp-image-6020 avia-img-lazy-loading-6020\"  width=\"495\" height=\"400\" src=\"https:\/\/visitorsa.se\/app\/uploads\/2021\/06\/Gurlidesign-4-495x400.jpg\" title='Gurlidesign 4' alt='' srcset=\"https:\/\/visitorsa.se\/app\/uploads\/2021\/06\/Gurlidesign-4-495x400.jpg 495w, https:\/\/visitorsa.se\/app\/uploads\/2021\/06\/Gurlidesign-4-845x684.jpg 845w\" sizes=\"auto, (max-width: 495px) 100vw, 495px\" \/><\/div><\/a><\/div><\/div><\/div>\n\n<style type=\"text\/css\" data-created_by=\"avia_inline_auto\" id=\"style-css-av-aupcw0-034727ff4178265a807e03e0bbca9dc3\">\n.flex_column.av-aupcw0-034727ff4178265a807e03e0bbca9dc3{\n-webkit-border-radius:0px 0px 0px 0px;\n-moz-border-radius:0px 0px 0px 0px;\nborder-radius:0px 0px 0px 0px;\npadding:0px 0px 0px 0px;\n}\n<\/style>\n<div class='flex_column av-aupcw0-034727ff4178265a807e03e0bbca9dc3 av_one_half  avia-builder-el-2  el_after_av_one_full  el_before_av_one_half  first flex_column_div av-zero-column-padding column-top-margin'     ><section  class='av_textblock_section av-kgf1e6kl-b5e14719b34d36133fc039acb7a114af'  itemscope=\"itemscope\" itemtype=\"https:\/\/schema.org\/CreativeWork\" ><div class='avia_textblock'  itemprop=\"text\" ><h3>Gurli design<\/h3>\n<p>Studio-Strickkleidung, exklusive Decken und Garne aus Wolle, Seide und Alpaka.<br \/>\nVor mehr als hundert Jahren gr\u00fcndete meine Urgro\u00dfmutter Gurli ihr Gesch\u00e4ft. Sie ist eine der vielen Frauen in meiner handwerklich versierten Familie, die den Wert der Arbeit mit hochwertigen Materialien unter Ber\u00fccksichtigung von Stil und Nachhaltigkeit vermittelt haben.<\/p>\n<p>Die treibende Kraft wird geerbt und die Leidenschaft f\u00fcr Textilien hat mich als Arch\u00e4ologe und Kulturwissenschaftler zu einer kleinen Wendung in meiner beruflichen Praxis gemacht und bin jetzt ein Vollzeit-Textilsch\u00f6pfer. Alles, was ich tue, hat eine Geschichte, meine Design- und Musterwelt tr\u00e4gt eine Geschichte.<\/p>\n<p>Willkommen in meinem Designshop in Skattungbyn. Ge\u00f6ffnet nach Vereinbarung. Kontaktieren Sie uns, wenn Sie Ihren eigenen Termin buchen m\u00f6chten. Ich mache oft Kleidungsst\u00fccke nach den Ma\u00dfen des Kunden \u2013 Couture \u2013 Luxus auf dem Land.<br \/>\nWillkommen!<\/p>\n<\/div><\/section><br \/>\n<\/p><\/div>\n<style type=\"text\/css\" data-created_by=\"avia_inline_auto\" id=\"style-css-av-aupcw0-3-7fc1991e0fecd70c2ded4a1a6ae190d6\">\n.flex_column.av-aupcw0-3-7fc1991e0fecd70c2ded4a1a6ae190d6{\n-webkit-border-radius:0px 0px 0px 0px;\n-moz-border-radius:0px 0px 0px 0px;\nborder-radius:0px 0px 0px 0px;\npadding:0px 0px 0px 0px;\n}\n<\/style>\n<div class='flex_column av-aupcw0-3-7fc1991e0fecd70c2ded4a1a6ae190d6 av_one_half  avia-builder-el-5  el_after_av_one_half  avia-builder-el-last  flex_column_div av-zero-column-padding column-top-margin'     ><section  class='av_textblock_section av-kgf1e6kl-2-196e6681e72ff2e3259df339ae84f5fa'  itemscope=\"itemscope\" itemtype=\"https:\/\/schema.org\/CreativeWork\" ><div class='avia_textblock'  itemprop=\"text\" ><h3><strong>Kontaktieren Sie uns<\/strong><\/h3>\n<p><strong><span class=\"ah\">Telefon<\/span><\/strong><span class=\"ah\"> 070-5411529<\/span><\/p>\n<p><strong>Adresse<br \/>\n<\/strong> Gesch\u00e4ft Landsv\u00e4gen 475<br \/>\n79495 Skattungbyn<\/p>\n<div id=\"mh\">\n<div id=\"mm\"><\/div>\n<\/div>\n<\/div><\/section><br \/>\n<br \/>\n<div  class='avia-button-wrap avia-button-center  avia-builder-el-8  el_after_av_codeblock  avia-builder-el-last ' >\n<style type=\"text\/css\" data-created_by=\"avia_inline_auto\" id=\"style-css-av-kgf1wc7j-04eeb0772dbbef0501623ff37ecfb902\">\n#top #wrap_all .avia-button.av-kgf1wc7j-04eeb0772dbbef0501623ff37ecfb902{\ncolor:#ffffff;\n-webkit-transition:all 0.4s ease-in-out;\n-moz-transition:all 0.4s ease-in-out;\n-ms-transition:all 0.4s ease-in-out;\n-o-transition:all 0.4s ease-in-out;\ntransition:all 0.4s ease-in-out;\n}\n#top #wrap_all .avia-button.av-kgf1wc7j-04eeb0772dbbef0501623ff37ecfb902:hover{\ncolor:#ffffff;\n-webkit-transition:all 0.4s ease-in-out;\n-moz-transition:all 0.4s ease-in-out;\n-ms-transition:all 0.4s ease-in-out;\n-o-transition:all 0.4s ease-in-out;\ntransition:all 0.4s ease-in-out;\n}\n<\/style>\n<a href='https:\/\/gurlidesign.se\/' class='avia-color-theme-color avia-button avia-button-fullwidth av-kgf1wc7j-04eeb0772dbbef0501623ff37ecfb902 avia-icon_select-yes-left-icon avia-color-theme-color' ><span class='avia_button_icon avia_button_icon_left' aria-hidden='true' data-av_icon='\ue832' data-av_iconfont='entypo-fontello'><\/span><span class='avia_iconbox_title' > Besuchen Sie unsere Website<\/span><span class='avia_button_background avia-button avia-button-fullwidth avia-color-theme-color-highlight'><\/span><\/a><\/div><\/p><\/div><\/p>\n","protected":false},"excerpt":{"rendered":"","protected":false},"author":3,"featured_media":6022,"parent":0,"menu_order":0,"comment_status":"closed","ping_status":"closed","template":"","meta":{"footnotes":""},"categories":[80],"tags":[],"class_list":["post-6587","page","type-page","status-publish","has-post-thumbnail","hentry","category-handel-handwerk"],"_links":{"self":[{"href":"https:\/\/visitorsa.se\/de\/wp-json\/wp\/v2\/pages\/6587","targetHints":{"allow":["GET"]}}],"collection":[{"href":"https:\/\/visitorsa.se\/de\/wp-json\/wp\/v2\/pages"}],"about":[{"href":"https:\/\/visitorsa.se\/de\/wp-json\/wp\/v2\/types\/page"}],"author":[{"embeddable":true,"href":"https:\/\/visitorsa.se\/de\/wp-json\/wp\/v2\/users\/3"}],"replies":[{"embeddable":true,"href":"https:\/\/visitorsa.se\/de\/wp-json\/wp\/v2\/comments?post=6587"}],"version-history":[{"count":4,"href":"https:\/\/visitorsa.se\/de\/wp-json\/wp\/v2\/pages\/6587\/revisions"}],"predecessor-version":[{"id":152745,"href":"https:\/\/visitorsa.se\/de\/wp-json\/wp\/v2\/pages\/6587\/revisions\/152745"}],"wp:featuredmedia":[{"embeddable":true,"href":"https:\/\/visitorsa.se\/de\/wp-json\/wp\/v2\/media\/6022"}],"wp:attachment":[{"href":"https:\/\/visitorsa.se\/de\/wp-json\/wp\/v2\/media?parent=6587"}],"wp:term":[{"taxonomy":"category","embeddable":true,"href":"https:\/\/visitorsa.se\/de\/wp-json\/wp\/v2\/categories?post=6587"},{"taxonomy":"post_tag","embeddable":true,"href":"https:\/\/visitorsa.se\/de\/wp-json\/wp\/v2\/tags?post=6587"}],"curies":[{"name":"wp","href":"https:\/\/api.w.org\/{rel}","templated":true}]}}