{"id":6583,"date":"2021-05-06T12:56:15","date_gmt":"2021-05-06T10:56:15","guid":{"rendered":"https:\/\/staging.visitorsa.se\/verbinden\/"},"modified":"2022-07-07T11:13:37","modified_gmt":"2022-07-07T09:13:37","slug":"verbinden","status":"publish","type":"page","link":"https:\/\/visitorsa.se\/de\/verbinden\/","title":{"rendered":"Verbinden"},"content":{"rendered":"\n<style type=\"text\/css\" data-created_by=\"avia_inline_auto\" id=\"style-css-av-1v90bw-c7cbb1ad18ba009fcf4029d4fdfac1da\">\n.flex_column.av-1v90bw-c7cbb1ad18ba009fcf4029d4fdfac1da{\n-webkit-border-radius:0px 0px 0px 0px;\n-moz-border-radius:0px 0px 0px 0px;\nborder-radius:0px 0px 0px 0px;\npadding:0px 0px 0px 0px;\n}\n<\/style>\n<div class='flex_column av-1v90bw-c7cbb1ad18ba009fcf4029d4fdfac1da av_one_full  avia-builder-el-0  el_before_av_one_half  avia-builder-el-first  first flex_column_div av-zero-column-padding '     ><section  class='av_textblock_section av-kocqam5l-5ca7b47ad9347e08ba67e3f571667d7f'  itemscope=\"itemscope\" itemtype=\"https:\/\/schema.org\/CreativeWork\" ><div class='avia_textblock'  itemprop=\"text\" ><h1>Verbinden<\/h1>\n<\/div><\/section><\/div>\n\n<style type=\"text\/css\" data-created_by=\"avia_inline_auto\" id=\"style-css-av-kocrf3oz-7a68a4a862d145bdc115042be577e4ce\">\n#top .flex_column.av-kocrf3oz-7a68a4a862d145bdc115042be577e4ce{\nmargin-top:15px;\nmargin-bottom:15px;\n}\n.flex_column.av-kocrf3oz-7a68a4a862d145bdc115042be577e4ce{\n-webkit-border-radius:0px 0px 0px 0px;\n-moz-border-radius:0px 0px 0px 0px;\nborder-radius:0px 0px 0px 0px;\npadding:0px 0px 0px 0px;\n}\n.responsive #top #wrap_all .flex_column.av-kocrf3oz-7a68a4a862d145bdc115042be577e4ce{\nmargin-top:15px;\nmargin-bottom:15px;\n}\n<\/style>\n<div class='flex_column av-kocrf3oz-7a68a4a862d145bdc115042be577e4ce av_one_half  avia-builder-el-2  el_after_av_one_full  el_before_av_one_half  first flex_column_div av-zero-column-padding column-top-margin'     ><p><div  class='avia-video av-kocnaked-6465c285657b2c33c5603e924d551e44 avia-video-16-9 av-no-preview-image avia-video-load-always av-lazyload-immediate av-lazyload-video-embed'  itemprop=\"video\" itemtype=\"https:\/\/schema.org\/VideoObject\"  data-original_url='https:\/\/www.youtube.com\/watch?v=pw7w2wzW0NE'><script type='text\/html' class='av-video-tmpl'><div class='avia-iframe-wrap'><iframe loading=\"lazy\" title=\"Bli medlem i VisitOrsa\" width=\"1500\" height=\"844\" src=\"https:\/\/www.youtube.com\/embed\/pw7w2wzW0NE?feature=oembed&autoplay=1&loop=1&controls=1&mute=1&playlist=pw7w2wzW0NE\" frameborder=\"0\" allow=\"accelerometer; autoplay; clipboard-write; encrypted-media; gyroscope; picture-in-picture\" allowfullscreen><\/iframe><\/div><\/script><div class='av-click-to-play-overlay'><div class=\"avia_playpause_icon\"><\/div><\/div><\/div><br \/>\n\n<style type=\"text\/css\" data-created_by=\"avia_inline_auto\" id=\"style-css-av-kocqxb6l-bdf3937ea7957138b8cc512102b3071b\">\n#top .av_textblock_section.av-kocqxb6l-bdf3937ea7957138b8cc512102b3071b .avia_textblock{\nfont-size:16px;\n}\n\n@media only screen and (min-width: 768px) and (max-width: 989px){ \n#top .av_textblock_section.av-kocqxb6l-bdf3937ea7957138b8cc512102b3071b .avia_textblock{\nfont-size:16px;\n}\n}\n\n@media only screen and (min-width: 480px) and (max-width: 767px){ \n#top .av_textblock_section.av-kocqxb6l-bdf3937ea7957138b8cc512102b3071b .avia_textblock{\nfont-size:16px;\n}\n}\n\n@media only screen and (max-width: 479px){ \n#top .av_textblock_section.av-kocqxb6l-bdf3937ea7957138b8cc512102b3071b .avia_textblock{\nfont-size:16px;\n}\n}\n<\/style>\n<section  class='av_textblock_section av-kocqxb6l-bdf3937ea7957138b8cc512102b3071b'  itemscope=\"itemscope\" itemtype=\"https:\/\/schema.org\/CreativeWork\" ><div class='avia_textblock'  itemprop=\"text\" ><p>VisitOrsa ist das kleine Fenster zu Besuchern, G\u00e4sten und Einheimischen. Treten Sie VisitOrsa bei und heben Sie Ihr Unternehmen, Ihren Verband und Ihre Gesch\u00e4ftst\u00e4tigkeit hervor.<\/p>\n<p>VisitOrsa zeigt all das Gute, Herausragende und Einzigartige, das es in Orsa gibt. Die Zusammenarbeit zwischen Unternehmen und Verb\u00e4nden verbessert den Aufenthalt f\u00fcr Besucher, G\u00e4ste und Einheimische. Auf VisitOrsa.se entdecken mehr Menschen, was genau Sie anbieten!<\/p>\n<p>Gemeinsam machen wir Orsa brillant und stark!<\/p>\n<\/div><\/section><br \/>\n<div id='avia-messagebox-' class='avia_message_box av_notification av-kocrrdnm-078bbc8b2620ff371b4fdf2748facdd2 avia-color-green avia-size-normal avia-icon_select-no avia-border-  avia-builder-el-5  el_after_av_textblock  avia-builder-el-last ' ><div class=\"avia_message_box_content\"><p>Der Mitgliedsbeitrag SEK 400 wird \u00fcber Swish an 1231103696 oder an bankgiro 5908-0796 (VisitOrsa) gezahlt.<\/p>\n<\/div><\/div><\/p><\/div>\n<style type=\"text\/css\" data-created_by=\"avia_inline_auto\" id=\"style-css-av-kocm42lk-d17d2da5194916619c68a42f21e46d1c\">\n#top .flex_column.av-kocm42lk-d17d2da5194916619c68a42f21e46d1c{\nmargin-top:0px;\nmargin-bottom:0px;\n}\n.flex_column.av-kocm42lk-d17d2da5194916619c68a42f21e46d1c{\n-webkit-border-radius:0px 0px 0px 0px;\n-moz-border-radius:0px 0px 0px 0px;\nborder-radius:0px 0px 0px 0px;\npadding:10px 16px 10px 16px;\nbackground-color:#eeeeee;\n}\n.responsive #top #wrap_all .flex_column.av-kocm42lk-d17d2da5194916619c68a42f21e46d1c{\nmargin-top:0px;\nmargin-bottom:0px;\n}\n<\/style>\n<div class='flex_column av-kocm42lk-d17d2da5194916619c68a42f21e46d1c av_one_half  avia-builder-el-6  el_after_av_one_half  avia-builder-el-last  flex_column_div column-top-margin'     ><section  class='av_textblock_section av-kocn5l51-997276a71470ed46b2fdedaf615b4cd2'  itemscope=\"itemscope\" itemtype=\"https:\/\/schema.org\/CreativeWork\" ><div class='avia_textblock'  itemprop=\"text\" >\n<div class=\"wpcf7 no-js\" id=\"wpcf7-f4606-o1\" lang=\"sv-SE\" dir=\"ltr\">\n<div class=\"screen-reader-response\"><p role=\"status\" aria-live=\"polite\" aria-atomic=\"true\"><\/p> <ul><\/ul><\/div>\n<form action=\"\/de\/wp-json\/wp\/v2\/pages\/6583#wpcf7-f4606-o1\" method=\"post\" class=\"wpcf7-form init\" aria-label=\"Contact form\" enctype=\"multipart\/form-data\" novalidate=\"novalidate\" data-status=\"init\">\n<div style=\"display: none;\">\n<input type=\"hidden\" name=\"_wpcf7\" value=\"4606\" \/>\n<input type=\"hidden\" name=\"_wpcf7_version\" value=\"5.9.8\" \/>\n<input type=\"hidden\" name=\"_wpcf7_locale\" value=\"sv_SE\" \/>\n<input type=\"hidden\" name=\"_wpcf7_unit_tag\" value=\"wpcf7-f4606-o1\" \/>\n<input type=\"hidden\" name=\"_wpcf7_container_post\" value=\"0\" \/>\n<input type=\"hidden\" name=\"_wpcf7_posted_data_hash\" value=\"\" \/>\n<input type=\"hidden\" name=\"_wpcf7_recaptcha_response\" value=\"\" \/>\n<\/div>\n<p><label>F\u00f6retag*<\/label><br \/>\n<span class=\"wpcf7-form-control-wrap\" data-name=\"foretag\"><input size=\"40\" maxlength=\"400\" class=\"wpcf7-form-control wpcf7-text wpcf7-validates-as-required\" aria-required=\"true\" aria-invalid=\"false\" value=\"\" type=\"text\" name=\"foretag\" \/><\/span>\n<\/p>\n<div style=\"display:flex\">\n\t<div style=\"padding-right: 15px\">\n\t\t<p><label>E-postadress*<\/label><br \/>\n<span class=\"wpcf7-form-control-wrap\" data-name=\"email\"><input size=\"40\" maxlength=\"400\" class=\"wpcf7-form-control wpcf7-email wpcf7-validates-as-required wpcf7-text wpcf7-validates-as-email\" aria-required=\"true\" aria-invalid=\"false\" value=\"\" type=\"email\" name=\"email\" \/><\/span>\n\t\t<\/p>\n\t<\/div>\n\t<div>\n\t\t<p><label>Telefon*<\/label><br \/>\n<span class=\"wpcf7-form-control-wrap\" data-name=\"telefon\"><input size=\"40\" maxlength=\"400\" class=\"wpcf7-form-control wpcf7-tel wpcf7-validates-as-required wpcf7-text wpcf7-validates-as-tel\" aria-required=\"true\" aria-invalid=\"false\" value=\"\" type=\"tel\" name=\"telefon\" \/><\/span>\n\t\t<\/p>\n\t<\/div>\n<\/div>\n<div style=\"display:flex;flex-wrap:wrap;\">\n\t<div style=\"width:100%\">\n\t\t<p><label>Gatuadress*<\/label><br \/>\n<span class=\"wpcf7-form-control-wrap\" data-name=\"adress\"><input size=\"40\" maxlength=\"400\" class=\"wpcf7-form-control wpcf7-text wpcf7-validates-as-required\" aria-required=\"true\" aria-invalid=\"false\" value=\"\" type=\"text\" name=\"adress\" \/><\/span>\n\t\t<\/p>\n\t<\/div>\n\t<div style=\"display:flex;width: 100%;\">\n\t\t<div style=\"padding-right: 15px;\">\n\t\t\t<p><label>Postnummer*<\/label><br \/>\n<span class=\"wpcf7-form-control-wrap\" data-name=\"postnr\"><input size=\"40\" maxlength=\"400\" class=\"wpcf7-form-control wpcf7-text wpcf7-validates-as-required\" aria-required=\"true\" aria-invalid=\"false\" value=\"\" type=\"text\" name=\"postnr\" \/><\/span>\n\t\t\t<\/p>\n\t\t<\/div>\n\t\t<div>\n\t\t\t<p><label>Ort*<\/label><br \/>\n<span class=\"wpcf7-form-control-wrap\" data-name=\"ort\"><input size=\"40\" maxlength=\"400\" class=\"wpcf7-form-control wpcf7-text wpcf7-validates-as-required\" aria-required=\"true\" aria-invalid=\"false\" value=\"\" type=\"text\" name=\"ort\" \/><\/span>\n\t\t\t<\/p>\n\t\t<\/div>\n\t<\/div>\n<\/div>\n<div style=\"display:flex;width: 100%;\">\n\t<div style=\"padding-right: 15px;\">\n\t\t<p><label>Hemsida<\/label><br \/>\n<span class=\"wpcf7-form-control-wrap\" data-name=\"hemsida\"><input size=\"40\" maxlength=\"400\" class=\"wpcf7-form-control wpcf7-text\" aria-invalid=\"false\" value=\"\" type=\"text\" name=\"hemsida\" \/><\/span>\n\t\t<\/p>\n\t<\/div>\n\t<div style=\"padding-right: 15px;\">\n\t\t<p><label>Facebook<\/label><br \/>\n<span class=\"wpcf7-form-control-wrap\" data-name=\"facebook\"><input size=\"40\" maxlength=\"400\" class=\"wpcf7-form-control wpcf7-text\" aria-invalid=\"false\" value=\"\" type=\"text\" name=\"facebook\" \/><\/span>\n\t\t<\/p>\n\t<\/div>\n\t<div style=\"padding-right: 15px;\">\n\t\t<p><label>Instagram<\/label><br \/>\n<span class=\"wpcf7-form-control-wrap\" data-name=\"instagram\"><input size=\"40\" maxlength=\"400\" class=\"wpcf7-form-control wpcf7-text\" aria-invalid=\"false\" value=\"\" type=\"text\" name=\"instagram\" \/><\/span>\n\t\t<\/p>\n\t<\/div>\n<\/div>\n<p><label>Presentationstext*<\/label><br \/>\n<span class=\"wpcf7-form-control-wrap\" data-name=\"presentationstext\"><textarea cols=\"40\" rows=\"10\" maxlength=\"2000\" class=\"wpcf7-form-control wpcf7-textarea wpcf7-validates-as-required\" aria-required=\"true\" aria-invalid=\"false\" name=\"presentationstext\"><\/textarea><\/span>\n<\/p>\n<p><label><span class=\"wpcf7-form-control-wrap\" data-name=\"presentationshjalp\"><span class=\"wpcf7-form-control wpcf7-checkbox\"><span class=\"wpcf7-list-item first last\"><label><input type=\"checkbox\" name=\"presentationshjalp[]\" value=\"Jag vill g\u00e4rna ha hj\u00e4lp med presentationstext\" \/><span class=\"wpcf7-list-item-label\">Jag vill g\u00e4rna ha hj\u00e4lp med presentationstext<\/span><\/label><\/span><\/span><\/span><br \/>\n<\/label>\n<\/p>\n<div style=\"display:flex;flex-wrap:wrap;\">\n\t<div style=\"width:100%; margin-bottom:15px;\">\n\t\t<p><label>Bild 1<\/label><br \/>\n<span class=\"wpcf7-form-control-wrap\" data-name=\"bild1\"><input size=\"40\" class=\"wpcf7-form-control wpcf7-file\" accept=\".jpg,.jpeg,.png\" aria-invalid=\"false\" type=\"file\" name=\"bild1\" \/><\/span>\n\t\t<\/p>\n\t<\/div>\n\t<div style=\"width:100%; margin-bottom:15px;\">\n\t\t<p><label>Bild 2<\/label><br \/>\n<span class=\"wpcf7-form-control-wrap\" data-name=\"bild2\"><input size=\"40\" class=\"wpcf7-form-control wpcf7-file\" accept=\".jpg,.jpeg,.png\" aria-invalid=\"false\" type=\"file\" name=\"bild2\" \/><\/span>\n\t\t<\/p>\n\t<\/div>\n\t<div style=\"width:100%; margin-bottom:15px;\">\n\t\t<p><label>Bild 3<\/label><br \/>\n<span class=\"wpcf7-form-control-wrap\" data-name=\"bild3\"><input size=\"40\" class=\"wpcf7-form-control wpcf7-file\" accept=\".jpg,.jpeg,.png\" aria-invalid=\"false\" type=\"file\" name=\"bild3\" \/><\/span>\n\t\t<\/p>\n\t<\/div>\n\t<div style=\"width:100%; margin-bottom:15px;\">\n\t\t<p><label>Bild 4<\/label><br \/>\n<span class=\"wpcf7-form-control-wrap\" data-name=\"bild4\"><input size=\"40\" class=\"wpcf7-form-control wpcf7-file\" accept=\".jpg,.jpeg,.png\" aria-invalid=\"false\" type=\"file\" name=\"bild4\" \/><\/span>\n\t\t<\/p>\n\t<\/div>\n\t<div style=\"width:100%; margin-bottom:15px;\">\n\t\t<p><label>Bild 5<\/label><br \/>\n<span class=\"wpcf7-form-control-wrap\" data-name=\"bild5\"><input size=\"40\" class=\"wpcf7-form-control wpcf7-file\" accept=\".jpg,.jpeg,.png\" aria-invalid=\"false\" type=\"file\" name=\"bild5\" \/><\/span>\n\t\t<\/p>\n\t<\/div>\n<\/div>\n<p><input class=\"wpcf7-form-control wpcf7-submit has-spinner\" type=\"submit\" value=\"Skicka\" \/>\n<\/p><div class=\"wpcf7-response-output\" aria-hidden=\"true\"><\/div>\n<\/form>\n<\/div>\n\n<\/div><\/section><\/div><\/p>\n","protected":false},"excerpt":{"rendered":"","protected":false},"author":5,"featured_media":0,"parent":0,"menu_order":0,"comment_status":"closed","ping_status":"closed","template":"","meta":{"footnotes":""},"categories":[88],"tags":[],"class_list":["post-6583","page","type-page","status-publish","hentry","category-besuchen-sie-das-orsa-mitgliederforum"],"_links":{"self":[{"href":"https:\/\/visitorsa.se\/de\/wp-json\/wp\/v2\/pages\/6583","targetHints":{"allow":["GET"]}}],"collection":[{"href":"https:\/\/visitorsa.se\/de\/wp-json\/wp\/v2\/pages"}],"about":[{"href":"https:\/\/visitorsa.se\/de\/wp-json\/wp\/v2\/types\/page"}],"author":[{"embeddable":true,"href":"https:\/\/visitorsa.se\/de\/wp-json\/wp\/v2\/users\/5"}],"replies":[{"embeddable":true,"href":"https:\/\/visitorsa.se\/de\/wp-json\/wp\/v2\/comments?post=6583"}],"version-history":[{"count":1,"href":"https:\/\/visitorsa.se\/de\/wp-json\/wp\/v2\/pages\/6583\/revisions"}],"predecessor-version":[{"id":6589,"href":"https:\/\/visitorsa.se\/de\/wp-json\/wp\/v2\/pages\/6583\/revisions\/6589"}],"wp:attachment":[{"href":"https:\/\/visitorsa.se\/de\/wp-json\/wp\/v2\/media?parent=6583"}],"wp:term":[{"taxonomy":"category","embeddable":true,"href":"https:\/\/visitorsa.se\/de\/wp-json\/wp\/v2\/categories?post=6583"},{"taxonomy":"post_tag","embeddable":true,"href":"https:\/\/visitorsa.se\/de\/wp-json\/wp\/v2\/tags?post=6583"}],"curies":[{"name":"wp","href":"https:\/\/api.w.org\/{rel}","templated":true}]}}