{"id":6582,"date":"2021-05-05T20:57:38","date_gmt":"2021-05-05T18:57:38","guid":{"rendered":"https:\/\/staging.visitorsa.se\/kostenlos-ihr-leitstern\/"},"modified":"2022-07-08T13:11:16","modified_gmt":"2022-07-08T11:11:16","slug":"kostenlos-ihr-leitstern","status":"publish","type":"page","link":"https:\/\/visitorsa.se\/de\/kostenlos-ihr-leitstern\/","title":{"rendered":"Free \u2013 din ledstj\u00e4rna"},"content":{"rendered":"\n<style type=\"text\/css\" data-created_by=\"avia_inline_auto\" id=\"style-css-av-6d4ygg-db790e9493201a1d2f9d8b3dfe30decc\">\n.flex_column.av-6d4ygg-db790e9493201a1d2f9d8b3dfe30decc{\n-webkit-border-radius:0px 0px 0px 0px;\n-moz-border-radius:0px 0px 0px 0px;\nborder-radius:0px 0px 0px 0px;\npadding:0px 0px 0px 0px;\n}\n<\/style>\n<div class='flex_column av-6d4ygg-db790e9493201a1d2f9d8b3dfe30decc av_one_full  avia-builder-el-0  el_before_av_one_half  avia-builder-el-first  first flex_column_div av-zero-column-padding '     ><style type=\"text\/css\" data-created_by=\"avia_inline_auto\" id=\"style-css-av-kgf1j3ru-2653f27d45cebe0f987ae14595dbd4b6\">\n#top .avia-gallery.av-kgf1j3ru-2653f27d45cebe0f987ae14595dbd4b6 .avia-gallery-thumb a{\nwidth:25%;\n}\n<\/style>\n<div  class='avia-gallery av-kgf1j3ru-2653f27d45cebe0f987ae14595dbd4b6 avia_animate_when_visible  avia-builder-el-1  avia-builder-el-no-sibling  avia_lazyload avia-gallery-animate avia-gallery-1'  itemprop=\"image\" itemscope=\"itemscope\" itemtype=\"https:\/\/schema.org\/ImageObject\" ><meta itemprop=\"contentURL\" content=\"https:\/\/visitorsa.se\/de\/kostenlos-ihr-leitstern\/\"><div class='avia-gallery-thumb'><a href=\"https:\/\/visitorsa.se\/app\/uploads\/2021\/05\/Free-4-407x1030.jpg\" data-srcset=\"https:\/\/visitorsa.se\/app\/uploads\/2021\/05\/Free-4-407x1030.jpg 407w, https:\/\/visitorsa.se\/app\/uploads\/2021\/05\/Free-4-119x300.jpg 119w, https:\/\/visitorsa.se\/app\/uploads\/2021\/05\/Free-4-768x1942.jpg 768w, https:\/\/visitorsa.se\/app\/uploads\/2021\/05\/Free-4-810x2048.jpg 810w, https:\/\/visitorsa.se\/app\/uploads\/2021\/05\/Free-4-593x1500.jpg 593w, https:\/\/visitorsa.se\/app\/uploads\/2021\/05\/Free-4-279x705.jpg 279w, https:\/\/visitorsa.se\/app\/uploads\/2021\/05\/Free-4.jpg 850w\" data-sizes=\"(max-width: 407px) 100vw, 407px\" data-rel='gallery-1' data-prev-img='https:\/\/visitorsa.se\/app\/uploads\/2021\/05\/Free-4-495x400.jpg' class='first_thumb lightbox ' data-onclick='1' title='Kostenlos 4'  itemprop=\"thumbnailUrl\"  ><img decoding=\"async\" class=\"wp-image-5900 avia-img-lazy-loading-not-5900\"   src=\"https:\/\/visitorsa.se\/app\/uploads\/2021\/05\/Free-4-495x400.jpg\" width=\"495\" height=\"400\"  title='Kostenlos 4' alt='Besuchen Sie Orsa' srcset=\"https:\/\/visitorsa.se\/app\/uploads\/2021\/05\/Free-4-495x400.jpg 495w, https:\/\/visitorsa.se\/app\/uploads\/2021\/05\/Free-4-845x684.jpg 845w\" sizes=\"(max-width: 495px) 100vw, 495px\" \/><div class='big-prev-fake'><img loading=\"lazy\" decoding=\"async\" class=\"wp-image-5900 avia-img-lazy-loading-5900\"  width=\"495\" height=\"400\" src=\"https:\/\/visitorsa.se\/app\/uploads\/2021\/05\/Free-4-495x400.jpg\" title='Kostenlos 4' alt='Besuchen Sie Orsa' srcset=\"https:\/\/visitorsa.se\/app\/uploads\/2021\/05\/Free-4-495x400.jpg 495w, https:\/\/visitorsa.se\/app\/uploads\/2021\/05\/Free-4-845x684.jpg 845w\" sizes=\"auto, (max-width: 495px) 100vw, 495px\" \/><\/div><\/a><a href=\"https:\/\/visitorsa.se\/app\/uploads\/2021\/05\/Free-3-1030x662.jpg\" data-srcset=\"https:\/\/visitorsa.se\/app\/uploads\/2021\/05\/Free-3-1030x662.jpg 1030w, https:\/\/visitorsa.se\/app\/uploads\/2021\/05\/Free-3-300x193.jpg 300w, https:\/\/visitorsa.se\/app\/uploads\/2021\/05\/Free-3-768x493.jpg 768w, https:\/\/visitorsa.se\/app\/uploads\/2021\/05\/Free-3-705x453.jpg 705w, https:\/\/visitorsa.se\/app\/uploads\/2021\/05\/Free-3.jpg 1191w\" data-sizes=\"(max-width: 1030px) 100vw, 1030px\" data-rel='gallery-1' data-prev-img='https:\/\/visitorsa.se\/app\/uploads\/2021\/05\/Free-3-495x400.jpg' class='lightbox ' data-onclick='2' title='Kostenlos 3'  itemprop=\"thumbnailUrl\"  ><img decoding=\"async\" class=\"wp-image-5898 avia-img-lazy-loading-not-5898\"   src=\"https:\/\/visitorsa.se\/app\/uploads\/2021\/05\/Free-3-495x400.jpg\" width=\"495\" height=\"400\"  title='Kostenlos 3' alt='Besuchen Sie Orsa' srcset=\"https:\/\/visitorsa.se\/app\/uploads\/2021\/05\/Free-3-495x400.jpg 495w, https:\/\/visitorsa.se\/app\/uploads\/2021\/05\/Free-3-845x684.jpg 845w\" sizes=\"(max-width: 495px) 100vw, 495px\" \/><div class='big-prev-fake'><img loading=\"lazy\" decoding=\"async\" class=\"wp-image-5898 avia-img-lazy-loading-5898\"  width=\"495\" height=\"400\" src=\"https:\/\/visitorsa.se\/app\/uploads\/2021\/05\/Free-3-495x400.jpg\" title='Kostenlos 3' alt='Besuchen Sie Orsa' srcset=\"https:\/\/visitorsa.se\/app\/uploads\/2021\/05\/Free-3-495x400.jpg 495w, https:\/\/visitorsa.se\/app\/uploads\/2021\/05\/Free-3-845x684.jpg 845w\" sizes=\"auto, (max-width: 495px) 100vw, 495px\" \/><\/div><\/a><a href=\"https:\/\/visitorsa.se\/app\/uploads\/2021\/05\/Free-2-1030x662.jpg\" data-srcset=\"https:\/\/visitorsa.se\/app\/uploads\/2021\/05\/Free-2-1030x662.jpg 1030w, https:\/\/visitorsa.se\/app\/uploads\/2021\/05\/Free-2-300x193.jpg 300w, https:\/\/visitorsa.se\/app\/uploads\/2021\/05\/Free-2-768x494.jpg 768w, https:\/\/visitorsa.se\/app\/uploads\/2021\/05\/Free-2-705x453.jpg 705w, https:\/\/visitorsa.se\/app\/uploads\/2021\/05\/Free-2.jpg 1191w\" data-sizes=\"(max-width: 1030px) 100vw, 1030px\" data-rel='gallery-1' data-prev-img='https:\/\/visitorsa.se\/app\/uploads\/2021\/05\/Free-2-495x400.jpg' class='lightbox ' data-onclick='3' title='Kostenlos 2'  itemprop=\"thumbnailUrl\"  ><img decoding=\"async\" class=\"wp-image-5896 avia-img-lazy-loading-not-5896\"   src=\"https:\/\/visitorsa.se\/app\/uploads\/2021\/05\/Free-2-495x400.jpg\" width=\"495\" height=\"400\"  title='Kostenlos 2' alt='Besuchen Sie Orsa' srcset=\"https:\/\/visitorsa.se\/app\/uploads\/2021\/05\/Free-2-495x400.jpg 495w, https:\/\/visitorsa.se\/app\/uploads\/2021\/05\/Free-2-845x684.jpg 845w\" sizes=\"(max-width: 495px) 100vw, 495px\" \/><div class='big-prev-fake'><img loading=\"lazy\" decoding=\"async\" class=\"wp-image-5896 avia-img-lazy-loading-5896\"  width=\"495\" height=\"400\" src=\"https:\/\/visitorsa.se\/app\/uploads\/2021\/05\/Free-2-495x400.jpg\" title='Kostenlos 2' alt='Besuchen Sie Orsa' srcset=\"https:\/\/visitorsa.se\/app\/uploads\/2021\/05\/Free-2-495x400.jpg 495w, https:\/\/visitorsa.se\/app\/uploads\/2021\/05\/Free-2-845x684.jpg 845w\" sizes=\"auto, (max-width: 495px) 100vw, 495px\" \/><\/div><\/a><a href=\"https:\/\/visitorsa.se\/app\/uploads\/2021\/05\/Free-1-1030x662.jpg\" data-srcset=\"https:\/\/visitorsa.se\/app\/uploads\/2021\/05\/Free-1-1030x662.jpg 1030w, https:\/\/visitorsa.se\/app\/uploads\/2021\/05\/Free-1-300x193.jpg 300w, https:\/\/visitorsa.se\/app\/uploads\/2021\/05\/Free-1-768x493.jpg 768w, https:\/\/visitorsa.se\/app\/uploads\/2021\/05\/Free-1-705x453.jpg 705w, https:\/\/visitorsa.se\/app\/uploads\/2021\/05\/Free-1.jpg 1191w\" data-sizes=\"(max-width: 1030px) 100vw, 1030px\" data-rel='gallery-1' data-prev-img='https:\/\/visitorsa.se\/app\/uploads\/2021\/05\/Free-1-495x400.jpg' class='lightbox ' data-onclick='4' title='Kostenlos 1'  itemprop=\"thumbnailUrl\"  ><img decoding=\"async\" class=\"wp-image-5894 avia-img-lazy-loading-not-5894\"   src=\"https:\/\/visitorsa.se\/app\/uploads\/2021\/05\/Free-1-495x400.jpg\" width=\"495\" height=\"400\"  title='Kostenlos 1' alt='Besuchen Sie Orsa' srcset=\"https:\/\/visitorsa.se\/app\/uploads\/2021\/05\/Free-1-495x400.jpg 495w, https:\/\/visitorsa.se\/app\/uploads\/2021\/05\/Free-1-845x684.jpg 845w\" sizes=\"(max-width: 495px) 100vw, 495px\" \/><div class='big-prev-fake'><img loading=\"lazy\" decoding=\"async\" class=\"wp-image-5894 avia-img-lazy-loading-5894\"  width=\"495\" height=\"400\" src=\"https:\/\/visitorsa.se\/app\/uploads\/2021\/05\/Free-1-495x400.jpg\" title='Kostenlos 1' alt='Besuchen Sie Orsa' srcset=\"https:\/\/visitorsa.se\/app\/uploads\/2021\/05\/Free-1-495x400.jpg 495w, https:\/\/visitorsa.se\/app\/uploads\/2021\/05\/Free-1-845x684.jpg 845w\" sizes=\"auto, (max-width: 495px) 100vw, 495px\" \/><\/div><\/a><\/div><\/div><\/div>\n\n<style type=\"text\/css\" data-created_by=\"avia_inline_auto\" id=\"style-css-av-aupcw0-034727ff4178265a807e03e0bbca9dc3\">\n.flex_column.av-aupcw0-034727ff4178265a807e03e0bbca9dc3{\n-webkit-border-radius:0px 0px 0px 0px;\n-moz-border-radius:0px 0px 0px 0px;\nborder-radius:0px 0px 0px 0px;\npadding:0px 0px 0px 0px;\n}\n<\/style>\n<div class='flex_column av-aupcw0-034727ff4178265a807e03e0bbca9dc3 av_one_half  avia-builder-el-2  el_after_av_one_full  el_before_av_one_half  first flex_column_div av-zero-column-padding column-top-margin'     ><section  class='av_textblock_section av-kgf1e6kl-253ba1d13068f8db85f0ad3cf08f701d'  itemscope=\"itemscope\" itemtype=\"https:\/\/schema.org\/CreativeWork\" ><div class='avia_textblock'  itemprop=\"text\" ><h3 class=\"w44 bcm cn\"><strong>Free\u00a0\u2013 din ledstj\u00e4rna\u00a0<\/strong><\/h3>\n<p style=\"font-weight: 400\">Free\u00a0\u00e4r en gratistidning inom personlig utveckling och egenv\u00e5rd \u2013 ett n\u00e4tverk av m\u00e4nniskor som arbetar f\u00f6r en helhetssyn och en v\u00e4rld som fungerar f\u00f6r alla. Free startades redan 1982, d\u00e5 med namnet Energiv\u00e5gen, \u00e4r den enda gratistidningen i sitt slag. Free finns att h\u00e4mtas p\u00e5 till exempel\u00a0Saluhallen i Orsa\u00a0och \u00f6ver 300 andra st\u00e4llen i Sverige. Free kan ocks\u00e5 l\u00e4sas online. Utkommer med 6 nr per \u00e5r.<\/p>\n<p style=\"font-weight: 400\">Vill du ha tidningen hem i brevl\u00e5dan? En prenumeration kostar 180 kr\/\u00e5r (6 utg\u00e5vor). Vill du bli distribut\u00f6r? Att erbjuda den till dina kunder eller g\u00e4ster kostar endast fr\u00e5n 150 kr\/\u00e5r (5 ex). Kontakta oss g\u00e4rna f\u00f6r mer information. Best\u00e4llning kan g\u00f6ras p\u00e5 <a href=\"http:\/\/www.free.se\/\">www.free.se<\/a><\/p>\n<\/div><\/section><br \/>\n<\/p><\/div>\n<style type=\"text\/css\" data-created_by=\"avia_inline_auto\" id=\"style-css-av-aupcw0-b252b444939f1c6223e79e5b57074446\">\n.flex_column.av-aupcw0-b252b444939f1c6223e79e5b57074446{\n-webkit-border-radius:0px 0px 0px 0px;\n-moz-border-radius:0px 0px 0px 0px;\nborder-radius:0px 0px 0px 0px;\npadding:0px 0px 0px 0px;\n}\n<\/style>\n<div class='flex_column av-aupcw0-b252b444939f1c6223e79e5b57074446 av_one_half  avia-builder-el-5  el_after_av_one_half  avia-builder-el-last  flex_column_div av-zero-column-padding column-top-margin'     ><section  class='av_textblock_section av-kgf1e6kl-253ba1d13068f8db85f0ad3cf08f701d'  itemscope=\"itemscope\" itemtype=\"https:\/\/schema.org\/CreativeWork\" ><div class='avia_textblock'  itemprop=\"text\" ><h3><strong>Kontaktieren Sie uns<\/strong><\/h3>\n<p><strong><br \/>\n  <span class=\"ah\">Telefon<\/span><br \/>\n<\/strong><span class=\"ah\"> +46 (0)70-629 71 89<\/span><\/p>\n<p><strong>Adresse<br \/>\n<\/strong> <span class=\"c\"><span class=\"t8 ah\">Kostenlos &#8211; Ihr Leitstern<br \/>\n<\/span><\/p>\n<p><\/span> M Sj\u00f6lander AB<br \/>\nBl\u00e5senborgsv\u00e4gen 2<br \/>\n794 33 Orsa<\/p>\n<p><strong><span class=\"c\">info@free.se per E-Mail <\/span><\/p>\n<p><\/strong><span class=\"c\"> versenden<\/span><\/p>\n<p><a href=\"https:\/\/www.facebook.com\/FREEmagazin\/\"><strong>Auf Facebook  <\/strong><\/a><\/p>\n<p><a href=\"https:\/\/www.instagram.com\/free_tidningen\/\"><strong>Instagram (englisch)<\/strong><\/a><\/p>\n<div id=\"mh\">\n<div id=\"mm\"><\/div>\n<\/div>\n<\/div><\/section><br \/>\n<br \/>\n<div  class='avia-button-wrap avia-button-center  avia-builder-el-8  el_after_av_codeblock  avia-builder-el-last ' >\n<style type=\"text\/css\" data-created_by=\"avia_inline_auto\" id=\"style-css-av-kgf1wc7j-083002e5a1b243ab86b9270bf4c30358\">\n#top #wrap_all .avia-button.av-kgf1wc7j-083002e5a1b243ab86b9270bf4c30358{\ncolor:#ffffff;\n-webkit-transition:all 0.4s ease-in-out;\n-moz-transition:all 0.4s ease-in-out;\n-ms-transition:all 0.4s ease-in-out;\n-o-transition:all 0.4s ease-in-out;\ntransition:all 0.4s ease-in-out;\n}\n#top #wrap_all .avia-button.av-kgf1wc7j-083002e5a1b243ab86b9270bf4c30358:hover{\ncolor:#ffffff;\n-webkit-transition:all 0.4s ease-in-out;\n-moz-transition:all 0.4s ease-in-out;\n-ms-transition:all 0.4s ease-in-out;\n-o-transition:all 0.4s ease-in-out;\ntransition:all 0.4s ease-in-out;\n}\n<\/style>\n<a href='http:\/\/www.free.se\/' class='avia-color-theme-color avia-button avia-button-fullwidth av-kgf1wc7j-083002e5a1b243ab86b9270bf4c30358 avia-icon_select-yes-left-icon avia-color-theme-color' ><span class='avia_button_icon avia_button_icon_left' aria-hidden='true' data-av_icon='\ue832' data-av_iconfont='entypo-fontello'><\/span><span class='avia_iconbox_title' >  Besuchen Sie unsere Website<\/span><span class='avia_button_background avia-button avia-button-fullwidth avia-color-theme-color-highlight'><\/span><\/a><\/div><\/p><\/div><\/p>\n","protected":false},"excerpt":{"rendered":"","protected":false},"author":3,"featured_media":5912,"parent":0,"menu_order":0,"comment_status":"closed","ping_status":"closed","template":"","meta":{"footnotes":""},"categories":[76],"tags":[],"class_list":["post-6582","page","type-page","status-publish","has-post-thumbnail","hentry","category-medien-information"],"_links":{"self":[{"href":"https:\/\/visitorsa.se\/de\/wp-json\/wp\/v2\/pages\/6582","targetHints":{"allow":["GET"]}}],"collection":[{"href":"https:\/\/visitorsa.se\/de\/wp-json\/wp\/v2\/pages"}],"about":[{"href":"https:\/\/visitorsa.se\/de\/wp-json\/wp\/v2\/types\/page"}],"author":[{"embeddable":true,"href":"https:\/\/visitorsa.se\/de\/wp-json\/wp\/v2\/users\/3"}],"replies":[{"embeddable":true,"href":"https:\/\/visitorsa.se\/de\/wp-json\/wp\/v2\/comments?post=6582"}],"version-history":[{"count":3,"href":"https:\/\/visitorsa.se\/de\/wp-json\/wp\/v2\/pages\/6582\/revisions"}],"predecessor-version":[{"id":7626,"href":"https:\/\/visitorsa.se\/de\/wp-json\/wp\/v2\/pages\/6582\/revisions\/7626"}],"wp:featuredmedia":[{"embeddable":true,"href":"https:\/\/visitorsa.se\/de\/wp-json\/wp\/v2\/media\/5912"}],"wp:attachment":[{"href":"https:\/\/visitorsa.se\/de\/wp-json\/wp\/v2\/media?parent=6582"}],"wp:term":[{"taxonomy":"category","embeddable":true,"href":"https:\/\/visitorsa.se\/de\/wp-json\/wp\/v2\/categories?post=6582"},{"taxonomy":"post_tag","embeddable":true,"href":"https:\/\/visitorsa.se\/de\/wp-json\/wp\/v2\/tags?post=6582"}],"curies":[{"name":"wp","href":"https:\/\/api.w.org\/{rel}","templated":true}]}}