{"id":6566,"date":"2021-06-11T15:07:22","date_gmt":"2021-06-11T13:07:22","guid":{"rendered":"https:\/\/staging.visitorsa.se\/fastighetsbyran-norra-dalarna-ab\/"},"modified":"2022-07-08T13:04:14","modified_gmt":"2022-07-08T11:04:14","slug":"fastighetsbyran-norra-dalarna-ab","status":"publish","type":"page","link":"https:\/\/visitorsa.se\/de\/fastighetsbyran-norra-dalarna-ab\/","title":{"rendered":"Fastighetsbyr\u00e5n Norra Dalarna AB"},"content":{"rendered":"\n<style type=\"text\/css\" data-created_by=\"avia_inline_auto\" id=\"style-css-av-6d4ygg-db790e9493201a1d2f9d8b3dfe30decc\">\n.flex_column.av-6d4ygg-db790e9493201a1d2f9d8b3dfe30decc{\n-webkit-border-radius:0px 0px 0px 0px;\n-moz-border-radius:0px 0px 0px 0px;\nborder-radius:0px 0px 0px 0px;\npadding:0px 0px 0px 0px;\n}\n<\/style>\n<div class='flex_column av-6d4ygg-db790e9493201a1d2f9d8b3dfe30decc av_one_full  avia-builder-el-0  el_before_av_one_half  avia-builder-el-first  first flex_column_div av-zero-column-padding '     ><style type=\"text\/css\" data-created_by=\"avia_inline_auto\" id=\"style-css-av-kgf1j3ru-73554fdeab3bac743bcc793cf667c578\">\n#top .avia-gallery.av-kgf1j3ru-73554fdeab3bac743bcc793cf667c578 .avia-gallery-thumb a{\nwidth:25%;\n}\n<\/style>\n<div  class='avia-gallery av-kgf1j3ru-73554fdeab3bac743bcc793cf667c578 avia_animate_when_visible  avia-builder-el-1  avia-builder-el-no-sibling  avia_lazyload avia-gallery-animate avia-gallery-1'  itemprop=\"image\" itemscope=\"itemscope\" itemtype=\"https:\/\/schema.org\/ImageObject\" ><meta itemprop=\"contentURL\" content=\"https:\/\/visitorsa.se\/de\/fastighetsbyran-norra-dalarna-ab\/\"><div class='avia-gallery-thumb'><a href=\"https:\/\/visitorsa.se\/app\/uploads\/2021\/06\/fastighetsbyran-bild-1-1030x677.jpg\" data-srcset=\"https:\/\/visitorsa.se\/app\/uploads\/2021\/06\/fastighetsbyran-bild-1-1030x677.jpg 1030w, https:\/\/visitorsa.se\/app\/uploads\/2021\/06\/fastighetsbyran-bild-1-300x197.jpg 300w, https:\/\/visitorsa.se\/app\/uploads\/2021\/06\/fastighetsbyran-bild-1-768x505.jpg 768w, https:\/\/visitorsa.se\/app\/uploads\/2021\/06\/fastighetsbyran-bild-1-1536x1010.jpg 1536w, https:\/\/visitorsa.se\/app\/uploads\/2021\/06\/fastighetsbyran-bild-1-2048x1347.jpg 2048w, https:\/\/visitorsa.se\/app\/uploads\/2021\/06\/fastighetsbyran-bild-1-1500x987.jpg 1500w, https:\/\/visitorsa.se\/app\/uploads\/2021\/06\/fastighetsbyran-bild-1-705x464.jpg 705w\" data-sizes=\"(max-width: 1030px) 100vw, 1030px\" data-rel='gallery-1' data-prev-img='https:\/\/visitorsa.se\/app\/uploads\/2021\/06\/fastighetsbyran-bild-1-495x400.jpg' class='first_thumb lightbox ' data-onclick='1' title='Immobilien Dorf Bild 1'  itemprop=\"thumbnailUrl\"  ><img decoding=\"async\" class=\"wp-image-5974 avia-img-lazy-loading-not-5974\"   src=\"https:\/\/visitorsa.se\/app\/uploads\/2021\/06\/fastighetsbyran-bild-1-495x400.jpg\" width=\"495\" height=\"400\"  title='Immobilien Dorf Bild 1' alt='Besuchen Sie Orsa' srcset=\"https:\/\/visitorsa.se\/app\/uploads\/2021\/06\/fastighetsbyran-bild-1-495x400.jpg 495w, https:\/\/visitorsa.se\/app\/uploads\/2021\/06\/fastighetsbyran-bild-1-845x684.jpg 845w\" sizes=\"(max-width: 495px) 100vw, 495px\" \/><div class='big-prev-fake'><img loading=\"lazy\" decoding=\"async\" class=\"wp-image-5974 avia-img-lazy-loading-5974\"  width=\"495\" height=\"400\" src=\"https:\/\/visitorsa.se\/app\/uploads\/2021\/06\/fastighetsbyran-bild-1-495x400.jpg\" title='Immobilien Dorf Bild 1' alt='Besuchen Sie Orsa' srcset=\"https:\/\/visitorsa.se\/app\/uploads\/2021\/06\/fastighetsbyran-bild-1-495x400.jpg 495w, https:\/\/visitorsa.se\/app\/uploads\/2021\/06\/fastighetsbyran-bild-1-845x684.jpg 845w\" sizes=\"auto, (max-width: 495px) 100vw, 495px\" \/><\/div><\/a><a href=\"https:\/\/visitorsa.se\/app\/uploads\/2021\/06\/Fastighetsbyran-bild-2.jpg\" data-srcset=\"https:\/\/visitorsa.se\/app\/uploads\/2021\/06\/Fastighetsbyran-bild-2.jpg 586w, https:\/\/visitorsa.se\/app\/uploads\/2021\/06\/Fastighetsbyran-bild-2-300x102.jpg 300w\" data-sizes=\"(max-width: 586px) 100vw, 586px\" data-rel='gallery-1' data-prev-img='https:\/\/visitorsa.se\/app\/uploads\/2021\/06\/Fastighetsbyran-bild-2-495x200.jpg' class='lightbox ' data-onclick='2' title='Immobiliendorf'  itemprop=\"thumbnailUrl\"  ><img decoding=\"async\" class=\"wp-image-5976 avia-img-lazy-loading-not-5976\"   src=\"https:\/\/visitorsa.se\/app\/uploads\/2021\/06\/Fastighetsbyran-bild-2-495x200.jpg\" width=\"495\" height=\"200\"  title='Immobiliendorf' alt='Besuchen Sie Orsa' \/><div class='big-prev-fake'><img loading=\"lazy\" decoding=\"async\" class=\"wp-image-5976 avia-img-lazy-loading-5976\"  width=\"495\" height=\"200\" src=\"https:\/\/visitorsa.se\/app\/uploads\/2021\/06\/Fastighetsbyran-bild-2-495x200.jpg\" title='Immobiliendorf' alt='Besuchen Sie Orsa' \/><\/div><\/a><\/div><\/div><\/div>\n\n<style type=\"text\/css\" data-created_by=\"avia_inline_auto\" id=\"style-css-av-aupcw0-034727ff4178265a807e03e0bbca9dc3\">\n.flex_column.av-aupcw0-034727ff4178265a807e03e0bbca9dc3{\n-webkit-border-radius:0px 0px 0px 0px;\n-moz-border-radius:0px 0px 0px 0px;\nborder-radius:0px 0px 0px 0px;\npadding:0px 0px 0px 0px;\n}\n<\/style>\n<div class='flex_column av-aupcw0-034727ff4178265a807e03e0bbca9dc3 av_one_half  avia-builder-el-2  el_after_av_one_full  el_before_av_one_half  first flex_column_div av-zero-column-padding column-top-margin'     ><section  class='av_textblock_section av-kgf1e6kl-253ba1d13068f8db85f0ad3cf08f701d'  itemscope=\"itemscope\" itemtype=\"https:\/\/schema.org\/CreativeWork\" ><div class='avia_textblock'  itemprop=\"text\" ><h3 class=\"w44 bcm cn\">Fastighetsbyr\u00e5n Norra Dalarna AB<\/h3>\n<p>Din fastighetsm\u00e4klare i Mora Orsa Idre. Genom v\u00e5r kunskap, stora lokalk\u00e4nnedom &amp; m\u00e5ng\u00e5riga erfarenhet hj\u00e4lper vi dig att f\u00f6rverkliga din bostadsdr\u00f6m!<\/p>\n<p>Erfarna m\u00e4klare i Norra Dalarna<br \/>\nMitt i Mora, Orsa samt Idre, hittar ni oss p\u00e5 Fastighetsbyr\u00e5n p\u00e5 v\u00e5ra respektive 3 lokala kontor. Som s\u00e4ljare f\u00e5r du tillg\u00e5ng till Sveriges st\u00f6rsta spekulantregister \u00f6ver potentiella k\u00f6pare, bred marknadsf\u00f6ring i flera kanaler och ett engagerat team i din f\u00f6rs\u00e4ljningsresa hela v\u00e4gen. F\u00f6r dig som s\u00f6ker bostad hj\u00e4lper vi dig g\u00e4rna att hitta r\u00e4tt.<br \/>\nFr\u00e5n obebyggda tomter, skogsfastigheter och fritidshus till bostadsr\u00e4tter eller villor och g\u00e5rdar. V\u00e5rt starka team hj\u00e4lper dig oavsett vilken bostad du har, eller vill ha. Vi k\u00e4nner v\u00e5ra marknader v\u00e4l; Mora, Orsa samt \u00c4lvdalens kommuner. Vi tar fram det b\u00e4sta i din bostad \u2013 eller hitta det b\u00e4sta alternativet f\u00f6r dig som letar nytt.<br \/>\nOavsett om du letar din dr\u00f6mbostad eller g\u00e5r i s\u00e4ljtankar, prata med oss. Vi finns alltid n\u00e4ra till hands.<\/p>\n<p class=\"c f\">\n<\/div><\/section><br \/>\n<\/p><\/div>\n\n<style type=\"text\/css\" data-created_by=\"avia_inline_auto\" id=\"style-css-av-aupcw0-b252b444939f1c6223e79e5b57074446\">\n.flex_column.av-aupcw0-b252b444939f1c6223e79e5b57074446{\n-webkit-border-radius:0px 0px 0px 0px;\n-moz-border-radius:0px 0px 0px 0px;\nborder-radius:0px 0px 0px 0px;\npadding:0px 0px 0px 0px;\n}\n<\/style>\n<div class='flex_column av-aupcw0-b252b444939f1c6223e79e5b57074446 av_one_half  avia-builder-el-5  el_after_av_one_half  avia-builder-el-last  flex_column_div av-zero-column-padding column-top-margin'     ><section  class='av_textblock_section av-kgf1e6kl-253ba1d13068f8db85f0ad3cf08f701d'  itemscope=\"itemscope\" itemtype=\"https:\/\/schema.org\/CreativeWork\" ><div class='avia_textblock'  itemprop=\"text\" ><h3><strong>Kontakta oss<\/strong><\/h3>\n<p><strong><span class=\"ah\">Telefon<\/span><\/strong><span class=\"ah\"> 0250-17880<br \/>\n<strong>E-post<\/strong> <a href=\"mailto:mora@fastighetsbyran.se\" target=\"_blank\" rel=\"noopener noreferrer\">mora@fastighetsbyran.se<\/a><br \/>\n<\/span><\/p>\n<p><strong>Adress<br \/>\n<\/strong>K\u00f6pmannagatan 16<br \/>\n79230 Mora<\/p>\n<div id=\"mh\">\n<div id=\"mm\"><\/div>\n<\/div>\n<\/div><\/section><br \/>\n<br \/>\n<div  class='avia-button-wrap avia-button-center  avia-builder-el-8  el_after_av_codeblock  avia-builder-el-last ' >\n<style type=\"text\/css\" data-created_by=\"avia_inline_auto\" id=\"style-css-av-kgf1wc7j-75f470bf6fc2845c3ec491c2626c70a8\">\n#top #wrap_all .avia-button.av-kgf1wc7j-75f470bf6fc2845c3ec491c2626c70a8{\ncolor:#ffffff;\n-webkit-transition:all 0.4s ease-in-out;\n-moz-transition:all 0.4s ease-in-out;\n-ms-transition:all 0.4s ease-in-out;\n-o-transition:all 0.4s ease-in-out;\ntransition:all 0.4s ease-in-out;\n}\n#top #wrap_all .avia-button.av-kgf1wc7j-75f470bf6fc2845c3ec491c2626c70a8:hover{\ncolor:#ffffff;\n-webkit-transition:all 0.4s ease-in-out;\n-moz-transition:all 0.4s ease-in-out;\n-ms-transition:all 0.4s ease-in-out;\n-o-transition:all 0.4s ease-in-out;\ntransition:all 0.4s ease-in-out;\n}\n<\/style>\n<a href='https:\/\/www.fastighetsbyran.com\/sv\/sverige\/hitta-maklare\/mora\/' class='avia-color-theme-color avia-button avia-button-fullwidth av-kgf1wc7j-75f470bf6fc2845c3ec491c2626c70a8 avia-icon_select-yes-left-icon avia-color-theme-color' ><span class='avia_button_icon avia_button_icon_left' aria-hidden='true' data-av_icon='\ue832' data-av_iconfont='entypo-fontello'><\/span><span class='avia_iconbox_title' >  Besuchen Sie unsere Website<\/span><span class='avia_button_background avia-button avia-button-fullwidth avia-color-theme-color-highlight'><\/span><\/a><\/div><\/p><\/div>\n","protected":false},"excerpt":{"rendered":"","protected":false},"author":3,"featured_media":5976,"parent":0,"menu_order":0,"comment_status":"closed","ping_status":"closed","template":"","meta":{"footnotes":""},"categories":[84],"tags":[],"class_list":["post-6566","page","type-page","status-publish","has-post-thumbnail","hentry","category-unterkunft-in-orsa"],"_links":{"self":[{"href":"https:\/\/visitorsa.se\/de\/wp-json\/wp\/v2\/pages\/6566","targetHints":{"allow":["GET"]}}],"collection":[{"href":"https:\/\/visitorsa.se\/de\/wp-json\/wp\/v2\/pages"}],"about":[{"href":"https:\/\/visitorsa.se\/de\/wp-json\/wp\/v2\/types\/page"}],"author":[{"embeddable":true,"href":"https:\/\/visitorsa.se\/de\/wp-json\/wp\/v2\/users\/3"}],"replies":[{"embeddable":true,"href":"https:\/\/visitorsa.se\/de\/wp-json\/wp\/v2\/comments?post=6566"}],"version-history":[{"count":4,"href":"https:\/\/visitorsa.se\/de\/wp-json\/wp\/v2\/pages\/6566\/revisions"}],"predecessor-version":[{"id":7613,"href":"https:\/\/visitorsa.se\/de\/wp-json\/wp\/v2\/pages\/6566\/revisions\/7613"}],"wp:featuredmedia":[{"embeddable":true,"href":"https:\/\/visitorsa.se\/de\/wp-json\/wp\/v2\/media\/5976"}],"wp:attachment":[{"href":"https:\/\/visitorsa.se\/de\/wp-json\/wp\/v2\/media?parent=6566"}],"wp:term":[{"taxonomy":"category","embeddable":true,"href":"https:\/\/visitorsa.se\/de\/wp-json\/wp\/v2\/categories?post=6566"},{"taxonomy":"post_tag","embeddable":true,"href":"https:\/\/visitorsa.se\/de\/wp-json\/wp\/v2\/tags?post=6566"}],"curies":[{"name":"wp","href":"https:\/\/api.w.org\/{rel}","templated":true}]}}