{"id":6555,"date":"2021-10-04T21:51:44","date_gmt":"2021-10-04T19:51:44","guid":{"rendered":"https:\/\/staging.visitorsa.se\/e-t-naturstudio\/"},"modified":"2022-07-07T11:12:50","modified_gmt":"2022-07-07T09:12:50","slug":"e-t-naturstudio","status":"publish","type":"page","link":"https:\/\/visitorsa.se\/de\/e-t-naturstudio\/","title":{"rendered":"E.T Naturstudio"},"content":{"rendered":"\n<style type=\"text\/css\" data-created_by=\"avia_inline_auto\" id=\"style-css-av-6d4ygg-db790e9493201a1d2f9d8b3dfe30decc\">\n.flex_column.av-6d4ygg-db790e9493201a1d2f9d8b3dfe30decc{\n-webkit-border-radius:0px 0px 0px 0px;\n-moz-border-radius:0px 0px 0px 0px;\nborder-radius:0px 0px 0px 0px;\npadding:0px 0px 0px 0px;\n}\n<\/style>\n<div class='flex_column av-6d4ygg-db790e9493201a1d2f9d8b3dfe30decc av_one_full  avia-builder-el-0  el_before_av_one_half  avia-builder-el-first  first flex_column_div av-zero-column-padding '     ><style type=\"text\/css\" data-created_by=\"avia_inline_auto\" id=\"style-css-av-kgf1j3ru-4c2569126d35558ee4a44e866e2b6fb1\">\n#top .avia-gallery.av-kgf1j3ru-4c2569126d35558ee4a44e866e2b6fb1 .avia-gallery-thumb a{\nwidth:25%;\n}\n<\/style>\n<div  class='avia-gallery av-kgf1j3ru-4c2569126d35558ee4a44e866e2b6fb1 avia_animate_when_visible  avia-builder-el-1  avia-builder-el-no-sibling  avia_lazyload avia-gallery-animate avia-gallery-1'  itemprop=\"image\" itemscope=\"itemscope\" itemtype=\"https:\/\/schema.org\/ImageObject\" ><meta itemprop=\"contentURL\" content=\"https:\/\/visitorsa.se\/de\/e-t-naturstudio\/\"><div class='avia-gallery-thumb'><a href=\"https:\/\/visitorsa.se\/app\/uploads\/2021\/10\/E.T-Naturatelje007-2-1030x685.jpg\" data-srcset=\"https:\/\/visitorsa.se\/app\/uploads\/2021\/10\/E.T-Naturatelje007-2-1030x685.jpg 1030w, https:\/\/visitorsa.se\/app\/uploads\/2021\/10\/E.T-Naturatelje007-2-300x200.jpg 300w, https:\/\/visitorsa.se\/app\/uploads\/2021\/10\/E.T-Naturatelje007-2-768x511.jpg 768w, https:\/\/visitorsa.se\/app\/uploads\/2021\/10\/E.T-Naturatelje007-2-1536x1022.jpg 1536w, https:\/\/visitorsa.se\/app\/uploads\/2021\/10\/E.T-Naturatelje007-2-1500x998.jpg 1500w, https:\/\/visitorsa.se\/app\/uploads\/2021\/10\/E.T-Naturatelje007-2-705x469.jpg 705w, https:\/\/visitorsa.se\/app\/uploads\/2021\/10\/E.T-Naturatelje007-2.jpg 2048w\" data-sizes=\"(max-width: 1030px) 100vw, 1030px\" data-rel='gallery-1' data-prev-img='https:\/\/visitorsa.se\/app\/uploads\/2021\/10\/E.T-Naturatelje007-2-495x400.jpg' class='first_thumb lightbox ' data-onclick='1' title='E.T-Naturatelje'  itemprop=\"thumbnailUrl\"  ><img decoding=\"async\" class=\"wp-image-6062 avia-img-lazy-loading-not-6062\"   src=\"https:\/\/visitorsa.se\/app\/uploads\/2021\/10\/E.T-Naturatelje007-2-495x400.jpg\" width=\"495\" height=\"400\"  title='E.T-Naturatelje' alt='Besuchen Sie Orsa' srcset=\"https:\/\/visitorsa.se\/app\/uploads\/2021\/10\/E.T-Naturatelje007-2-495x400.jpg 495w, https:\/\/visitorsa.se\/app\/uploads\/2021\/10\/E.T-Naturatelje007-2-845x684.jpg 845w\" sizes=\"(max-width: 495px) 100vw, 495px\" \/><div class='big-prev-fake'><img loading=\"lazy\" decoding=\"async\" class=\"wp-image-6062 avia-img-lazy-loading-6062\"  width=\"495\" height=\"400\" src=\"https:\/\/visitorsa.se\/app\/uploads\/2021\/10\/E.T-Naturatelje007-2-495x400.jpg\" title='E.T-Naturatelje' alt='Besuchen Sie Orsa' srcset=\"https:\/\/visitorsa.se\/app\/uploads\/2021\/10\/E.T-Naturatelje007-2-495x400.jpg 495w, https:\/\/visitorsa.se\/app\/uploads\/2021\/10\/E.T-Naturatelje007-2-845x684.jpg 845w\" sizes=\"auto, (max-width: 495px) 100vw, 495px\" \/><\/div><\/a><a href=\"https:\/\/visitorsa.se\/app\/uploads\/2021\/10\/E.T-Naturatelje-3-579x1030.jpg\" data-srcset=\"https:\/\/visitorsa.se\/app\/uploads\/2021\/10\/E.T-Naturatelje-3-579x1030.jpg 579w, https:\/\/visitorsa.se\/app\/uploads\/2021\/10\/E.T-Naturatelje-3-169x300.jpg 169w, https:\/\/visitorsa.se\/app\/uploads\/2021\/10\/E.T-Naturatelje-3-768x1365.jpg 768w, https:\/\/visitorsa.se\/app\/uploads\/2021\/10\/E.T-Naturatelje-3-864x1536.jpg 864w, https:\/\/visitorsa.se\/app\/uploads\/2021\/10\/E.T-Naturatelje-3-1152x2048.jpg 1152w, https:\/\/visitorsa.se\/app\/uploads\/2021\/10\/E.T-Naturatelje-3-844x1500.jpg 844w, https:\/\/visitorsa.se\/app\/uploads\/2021\/10\/E.T-Naturatelje-3-397x705.jpg 397w, https:\/\/visitorsa.se\/app\/uploads\/2021\/10\/E.T-Naturatelje-3-scaled.jpg 1440w\" data-sizes=\"(max-width: 579px) 100vw, 579px\" data-rel='gallery-1' data-prev-img='https:\/\/visitorsa.se\/app\/uploads\/2021\/10\/E.T-Naturatelje-3-495x400.jpg' class='lightbox ' data-onclick='2' title='E.T-Naturatelje 3'  itemprop=\"thumbnailUrl\"  ><img decoding=\"async\" class=\"wp-image-6064 avia-img-lazy-loading-not-6064\"   src=\"https:\/\/visitorsa.se\/app\/uploads\/2021\/10\/E.T-Naturatelje-3-495x400.jpg\" width=\"495\" height=\"400\"  title='E.T-Naturatelje 3' alt='Besuchen Sie Orsa' srcset=\"https:\/\/visitorsa.se\/app\/uploads\/2021\/10\/E.T-Naturatelje-3-495x400.jpg 495w, https:\/\/visitorsa.se\/app\/uploads\/2021\/10\/E.T-Naturatelje-3-845x684.jpg 845w\" sizes=\"(max-width: 495px) 100vw, 495px\" \/><div class='big-prev-fake'><img loading=\"lazy\" decoding=\"async\" class=\"wp-image-6064 avia-img-lazy-loading-6064\"  width=\"495\" height=\"400\" src=\"https:\/\/visitorsa.se\/app\/uploads\/2021\/10\/E.T-Naturatelje-3-495x400.jpg\" title='E.T-Naturatelje 3' alt='Besuchen Sie Orsa' srcset=\"https:\/\/visitorsa.se\/app\/uploads\/2021\/10\/E.T-Naturatelje-3-495x400.jpg 495w, https:\/\/visitorsa.se\/app\/uploads\/2021\/10\/E.T-Naturatelje-3-845x684.jpg 845w\" sizes=\"auto, (max-width: 495px) 100vw, 495px\" \/><\/div><\/a><a href=\"https:\/\/visitorsa.se\/app\/uploads\/2021\/10\/E.T-Naturatelje-4-1030x1030.jpg\" data-srcset=\"https:\/\/visitorsa.se\/app\/uploads\/2021\/10\/E.T-Naturatelje-4-1030x1030.jpg 1030w, https:\/\/visitorsa.se\/app\/uploads\/2021\/10\/E.T-Naturatelje-4-300x300.jpg 300w, https:\/\/visitorsa.se\/app\/uploads\/2021\/10\/E.T-Naturatelje-4-80x80.jpg 80w, https:\/\/visitorsa.se\/app\/uploads\/2021\/10\/E.T-Naturatelje-4-768x768.jpg 768w, https:\/\/visitorsa.se\/app\/uploads\/2021\/10\/E.T-Naturatelje-4-36x36.jpg 36w, https:\/\/visitorsa.se\/app\/uploads\/2021\/10\/E.T-Naturatelje-4-180x180.jpg 180w, https:\/\/visitorsa.se\/app\/uploads\/2021\/10\/E.T-Naturatelje-4-705x705.jpg 705w, https:\/\/visitorsa.se\/app\/uploads\/2021\/10\/E.T-Naturatelje-4.jpg 1440w\" data-sizes=\"(max-width: 1030px) 100vw, 1030px\" data-rel='gallery-1' data-prev-img='https:\/\/visitorsa.se\/app\/uploads\/2021\/10\/E.T-Naturatelje-4-495x400.jpg' class='lightbox ' data-onclick='3' title='E.T-Naturatelje 4'  itemprop=\"thumbnailUrl\"  ><img decoding=\"async\" class=\"wp-image-6066 avia-img-lazy-loading-not-6066\"   src=\"https:\/\/visitorsa.se\/app\/uploads\/2021\/10\/E.T-Naturatelje-4-495x400.jpg\" width=\"495\" height=\"400\"  title='E.T-Naturatelje 4' alt='Besuchen Sie Orsa' srcset=\"https:\/\/visitorsa.se\/app\/uploads\/2021\/10\/E.T-Naturatelje-4-495x400.jpg 495w, https:\/\/visitorsa.se\/app\/uploads\/2021\/10\/E.T-Naturatelje-4-845x684.jpg 845w\" sizes=\"(max-width: 495px) 100vw, 495px\" \/><div class='big-prev-fake'><img loading=\"lazy\" decoding=\"async\" class=\"wp-image-6066 avia-img-lazy-loading-6066\"  width=\"495\" height=\"400\" src=\"https:\/\/visitorsa.se\/app\/uploads\/2021\/10\/E.T-Naturatelje-4-495x400.jpg\" title='E.T-Naturatelje 4' alt='Besuchen Sie Orsa' srcset=\"https:\/\/visitorsa.se\/app\/uploads\/2021\/10\/E.T-Naturatelje-4-495x400.jpg 495w, https:\/\/visitorsa.se\/app\/uploads\/2021\/10\/E.T-Naturatelje-4-845x684.jpg 845w\" sizes=\"auto, (max-width: 495px) 100vw, 495px\" \/><\/div><\/a><a href=\"https:\/\/visitorsa.se\/app\/uploads\/2021\/10\/E.T-Naturatelje-5-1030x1030.jpg\" data-srcset=\"https:\/\/visitorsa.se\/app\/uploads\/2021\/10\/E.T-Naturatelje-5-1030x1030.jpg 1030w, https:\/\/visitorsa.se\/app\/uploads\/2021\/10\/E.T-Naturatelje-5-300x300.jpg 300w, https:\/\/visitorsa.se\/app\/uploads\/2021\/10\/E.T-Naturatelje-5-80x80.jpg 80w, https:\/\/visitorsa.se\/app\/uploads\/2021\/10\/E.T-Naturatelje-5-768x768.jpg 768w, https:\/\/visitorsa.se\/app\/uploads\/2021\/10\/E.T-Naturatelje-5-36x36.jpg 36w, https:\/\/visitorsa.se\/app\/uploads\/2021\/10\/E.T-Naturatelje-5-180x180.jpg 180w, https:\/\/visitorsa.se\/app\/uploads\/2021\/10\/E.T-Naturatelje-5-705x705.jpg 705w, https:\/\/visitorsa.se\/app\/uploads\/2021\/10\/E.T-Naturatelje-5.jpg 1440w\" data-sizes=\"(max-width: 1030px) 100vw, 1030px\" data-rel='gallery-1' data-prev-img='https:\/\/visitorsa.se\/app\/uploads\/2021\/10\/E.T-Naturatelje-5-495x400.jpg' class='lightbox ' data-onclick='4' title='E.T-Naturatelje 5'  itemprop=\"thumbnailUrl\"  ><img decoding=\"async\" class=\"wp-image-6068 avia-img-lazy-loading-not-6068\"   src=\"https:\/\/visitorsa.se\/app\/uploads\/2021\/10\/E.T-Naturatelje-5-495x400.jpg\" width=\"495\" height=\"400\"  title='E.T-Naturatelje 5' alt='' srcset=\"https:\/\/visitorsa.se\/app\/uploads\/2021\/10\/E.T-Naturatelje-5-495x400.jpg 495w, https:\/\/visitorsa.se\/app\/uploads\/2021\/10\/E.T-Naturatelje-5-845x684.jpg 845w\" sizes=\"(max-width: 495px) 100vw, 495px\" \/><div class='big-prev-fake'><img loading=\"lazy\" decoding=\"async\" class=\"wp-image-6068 avia-img-lazy-loading-6068\"  width=\"495\" height=\"400\" src=\"https:\/\/visitorsa.se\/app\/uploads\/2021\/10\/E.T-Naturatelje-5-495x400.jpg\" title='E.T-Naturatelje 5' alt='' srcset=\"https:\/\/visitorsa.se\/app\/uploads\/2021\/10\/E.T-Naturatelje-5-495x400.jpg 495w, https:\/\/visitorsa.se\/app\/uploads\/2021\/10\/E.T-Naturatelje-5-845x684.jpg 845w\" sizes=\"auto, (max-width: 495px) 100vw, 495px\" \/><\/div><\/a><\/div><\/div><\/div>\n\n<style type=\"text\/css\" data-created_by=\"avia_inline_auto\" id=\"style-css-av-aupcw0-034727ff4178265a807e03e0bbca9dc3\">\n.flex_column.av-aupcw0-034727ff4178265a807e03e0bbca9dc3{\n-webkit-border-radius:0px 0px 0px 0px;\n-moz-border-radius:0px 0px 0px 0px;\nborder-radius:0px 0px 0px 0px;\npadding:0px 0px 0px 0px;\n}\n<\/style>\n<div class='flex_column av-aupcw0-034727ff4178265a807e03e0bbca9dc3 av_one_half  avia-builder-el-2  el_after_av_one_full  el_before_av_one_half  first flex_column_div av-zero-column-padding column-top-margin'     ><section  class='av_textblock_section av-kgf1e6kl-253ba1d13068f8db85f0ad3cf08f701d'  itemscope=\"itemscope\" itemtype=\"https:\/\/schema.org\/CreativeWork\" ><div class='avia_textblock'  itemprop=\"text\" ><h3 class=\"w44 bcm cn\">E.T Naturstudio<\/h3>\n<p>Im Herzen von Dalarna liegen Siljansbygden und Orsa.<br \/>\nDort wird einzigartige Handwerkskunst aus Leder, Leder und Biothane gefertigt, die genau auf Ihre W\u00fcnsche zugeschnitten ist. In der Natur zusammen mit einem feinen Handwerk zu sein, macht die Erfahrung hoffentlich noch liebenswerter.<\/p>\n<p>Wir verkaufen unter anderem Messerg\u00fcrtel verschiedener Modelle, zum Beispiel f\u00fcr den Hundef\u00fchrer, handgesch\u00fctzte Ledertaschen f\u00fcr den Kaffee, pers\u00f6nliche Waffengurte von 2 verschiedenen Modellen, die fantastische Orsalinan und einfarbige Kettenlinie, viel Zubeh\u00f6r sowohl f\u00fcr Mensch als auch f\u00fcr Hund.<u><\/u><u><\/u><\/p>\n<p>Mein Name ist Elle Thom\u00e9e und ich habe diese Firma 2019 gegr\u00fcndet. Der Grund, warum ich angefangen habe, diese Produkte zu kreieren, ist, dass ich selbst sehr in der Natur bin, mit meinen Hunden jage und trainiere und den Messerg\u00fcrtel nach diesem Bedarf entwickelt habe. Die Werkstatt ist drau\u00dfen im Hof und Sie sind herzlich eingeladen, nach Absprache zu besuchen.<br \/>\nNachdem ich mit einem kleineren Kundenstamm in Schweden angefangen habe, liefere ich meine Produkte jetzt in L\u00e4nder in ganz Europa, sowohl Privatpersonen als auch Unternehmen.<\/p>\n<\/div><\/section><br \/>\n<\/p><\/div>\n<style type=\"text\/css\" data-created_by=\"avia_inline_auto\" id=\"style-css-av-aupcw0-b252b444939f1c6223e79e5b57074446\">\n.flex_column.av-aupcw0-b252b444939f1c6223e79e5b57074446{\n-webkit-border-radius:0px 0px 0px 0px;\n-moz-border-radius:0px 0px 0px 0px;\nborder-radius:0px 0px 0px 0px;\npadding:0px 0px 0px 0px;\n}\n<\/style>\n<div class='flex_column av-aupcw0-b252b444939f1c6223e79e5b57074446 av_one_half  avia-builder-el-5  el_after_av_one_half  avia-builder-el-last  flex_column_div av-zero-column-padding column-top-margin'     ><section  class='av_textblock_section av-kgf1e6kl-253ba1d13068f8db85f0ad3cf08f701d'  itemscope=\"itemscope\" itemtype=\"https:\/\/schema.org\/CreativeWork\" ><div class='avia_textblock'  itemprop=\"text\" ><h3><strong>Kontakta oss<\/strong><\/h3>\n<p><strong><span class=\"ah\">Telefon<\/span><\/strong><span class=\"ah\"> 073-7707062<\/span><\/p>\n<p><strong>E-post <a href=\"mailto:info@etnaturatelje.se\" target=\"_blank\" rel=\"noopener noreferrer\">info@etnaturatelje.se<\/a><\/strong><\/p>\n<p><strong>Adress<br \/>\n<\/strong><span class=\"c\"><span class=\"t8 ah\">J\u00e4mt Annas v\u00e4g 1<br \/>\n79432 Orsa<\/span><br \/>\n<\/span><\/p>\n<div id=\"mh\">\n<div id=\"mm\"><\/div>\n<\/div>\n<\/div><\/section><br \/>\n<br \/>\n<div  class='avia-button-wrap avia-button-center  avia-builder-el-8  el_after_av_codeblock  avia-builder-el-last ' >\n<style type=\"text\/css\" data-created_by=\"avia_inline_auto\" id=\"style-css-av-kgf1wc7j-95f4fbb8c4f133b12bfab88bf68ae883\">\n#top #wrap_all .avia-button.av-kgf1wc7j-95f4fbb8c4f133b12bfab88bf68ae883{\ncolor:#ffffff;\n-webkit-transition:all 0.4s ease-in-out;\n-moz-transition:all 0.4s ease-in-out;\n-ms-transition:all 0.4s ease-in-out;\n-o-transition:all 0.4s ease-in-out;\ntransition:all 0.4s ease-in-out;\n}\n#top #wrap_all .avia-button.av-kgf1wc7j-95f4fbb8c4f133b12bfab88bf68ae883:hover{\ncolor:#ffffff;\n-webkit-transition:all 0.4s ease-in-out;\n-moz-transition:all 0.4s ease-in-out;\n-ms-transition:all 0.4s ease-in-out;\n-o-transition:all 0.4s ease-in-out;\ntransition:all 0.4s ease-in-out;\n}\n<\/style>\n<a href='https:\/\/www.etnaturatelje.se\/' class='avia-color-theme-color avia-button avia-button-fullwidth av-kgf1wc7j-95f4fbb8c4f133b12bfab88bf68ae883 avia-icon_select-yes-left-icon avia-color-theme-color' ><span class='avia_button_icon avia_button_icon_left' aria-hidden='true' data-av_icon='\ue832' data-av_iconfont='entypo-fontello'><\/span><span class='avia_iconbox_title' >  Besuchen Sie unsere Website<\/span><span class='avia_button_background avia-button avia-button-fullwidth avia-color-theme-color-highlight'><\/span><\/a><\/div><\/p><\/div><\/p>\n","protected":false},"excerpt":{"rendered":"","protected":false},"author":3,"featured_media":6060,"parent":0,"menu_order":0,"comment_status":"closed","ping_status":"closed","template":"","meta":{"footnotes":""},"categories":[80],"tags":[],"class_list":["post-6555","page","type-page","status-publish","has-post-thumbnail","hentry","category-handel-handwerk"],"_links":{"self":[{"href":"https:\/\/visitorsa.se\/de\/wp-json\/wp\/v2\/pages\/6555","targetHints":{"allow":["GET"]}}],"collection":[{"href":"https:\/\/visitorsa.se\/de\/wp-json\/wp\/v2\/pages"}],"about":[{"href":"https:\/\/visitorsa.se\/de\/wp-json\/wp\/v2\/types\/page"}],"author":[{"embeddable":true,"href":"https:\/\/visitorsa.se\/de\/wp-json\/wp\/v2\/users\/3"}],"replies":[{"embeddable":true,"href":"https:\/\/visitorsa.se\/de\/wp-json\/wp\/v2\/comments?post=6555"}],"version-history":[{"count":2,"href":"https:\/\/visitorsa.se\/de\/wp-json\/wp\/v2\/pages\/6555\/revisions"}],"predecessor-version":[{"id":7239,"href":"https:\/\/visitorsa.se\/de\/wp-json\/wp\/v2\/pages\/6555\/revisions\/7239"}],"wp:featuredmedia":[{"embeddable":true,"href":"https:\/\/visitorsa.se\/de\/wp-json\/wp\/v2\/media\/6060"}],"wp:attachment":[{"href":"https:\/\/visitorsa.se\/de\/wp-json\/wp\/v2\/media?parent=6555"}],"wp:term":[{"taxonomy":"category","embeddable":true,"href":"https:\/\/visitorsa.se\/de\/wp-json\/wp\/v2\/categories?post=6555"},{"taxonomy":"post_tag","embeddable":true,"href":"https:\/\/visitorsa.se\/de\/wp-json\/wp\/v2\/tags?post=6555"}],"curies":[{"name":"wp","href":"https:\/\/api.w.org\/{rel}","templated":true}]}}