{"id":6554,"date":"2021-09-22T14:28:16","date_gmt":"2021-09-22T12:28:16","guid":{"rendered":"https:\/\/staging.visitorsa.se\/baeckmans-trivialiebutik\/"},"modified":"2022-07-07T11:12:50","modified_gmt":"2022-07-07T09:12:50","slug":"baeckmans-trivialiebutik","status":"publish","type":"page","link":"https:\/\/visitorsa.se\/de\/baeckmans-trivialiebutik\/","title":{"rendered":"B\u00e4ckmans Trivialiebutik"},"content":{"rendered":"\n<style type=\"text\/css\" data-created_by=\"avia_inline_auto\" id=\"style-css-av-6d4ygg-db790e9493201a1d2f9d8b3dfe30decc\">\n.flex_column.av-6d4ygg-db790e9493201a1d2f9d8b3dfe30decc{\n-webkit-border-radius:0px 0px 0px 0px;\n-moz-border-radius:0px 0px 0px 0px;\nborder-radius:0px 0px 0px 0px;\npadding:0px 0px 0px 0px;\n}\n<\/style>\n<div class='flex_column av-6d4ygg-db790e9493201a1d2f9d8b3dfe30decc av_one_full  avia-builder-el-0  el_before_av_one_half  avia-builder-el-first  first flex_column_div av-zero-column-padding '     ><style type=\"text\/css\" data-created_by=\"avia_inline_auto\" id=\"style-css-av-kgf1j3ru-91b96886258b87372d191ccd6bc0a2db\">\n#top .avia-gallery.av-kgf1j3ru-91b96886258b87372d191ccd6bc0a2db .avia-gallery-thumb a{\nwidth:25%;\n}\n<\/style>\n<div  class='avia-gallery av-kgf1j3ru-91b96886258b87372d191ccd6bc0a2db avia_animate_when_visible  avia-builder-el-1  avia-builder-el-no-sibling  avia_lazyload avia-gallery-animate avia-gallery-1'  itemprop=\"image\" itemscope=\"itemscope\" itemtype=\"https:\/\/schema.org\/ImageObject\" ><meta itemprop=\"contentURL\" content=\"https:\/\/visitorsa.se\/de\/baeckmans-trivialiebutik\/\"><div class='avia-gallery-thumb'><a href=\"https:\/\/visitorsa.se\/app\/uploads\/2021\/09\/Backman-2.jpg\" data-srcset=\"https:\/\/visitorsa.se\/app\/uploads\/2021\/09\/Backman-2.jpg 720w, https:\/\/visitorsa.se\/app\/uploads\/2021\/09\/Backman-2-225x300.jpg 225w, https:\/\/visitorsa.se\/app\/uploads\/2021\/09\/Backman-2-529x705.jpg 529w\" data-sizes=\"(max-width: 720px) 100vw, 720px\" data-rel='gallery-1' data-prev-img='https:\/\/visitorsa.se\/app\/uploads\/2021\/09\/Backman-2-495x400.jpg' class='first_thumb lightbox ' data-onclick='1' title='B\u00e4ckmans - Wikipedia'  itemprop=\"thumbnailUrl\"  ><img decoding=\"async\" class=\"wp-image-6048 avia-img-lazy-loading-not-6048\"   src=\"https:\/\/visitorsa.se\/app\/uploads\/2021\/09\/Backman-2-495x400.jpg\" width=\"495\" height=\"400\"  title='B\u00e4ckmans - Wikipedia' alt='Besuchen Sie Orsa' \/><div class='big-prev-fake'><img loading=\"lazy\" decoding=\"async\" class=\"wp-image-6048 avia-img-lazy-loading-6048\"  width=\"495\" height=\"400\" src=\"https:\/\/visitorsa.se\/app\/uploads\/2021\/09\/Backman-2-495x400.jpg\" title='B\u00e4ckmans - Wikipedia' alt='Besuchen Sie Orsa' \/><\/div><\/a><a href=\"https:\/\/visitorsa.se\/app\/uploads\/2021\/09\/Backman-3-1030x1030.jpg\" data-srcset=\"https:\/\/visitorsa.se\/app\/uploads\/2021\/09\/Backman-3-1030x1030.jpg 1030w, https:\/\/visitorsa.se\/app\/uploads\/2021\/09\/Backman-3-300x300.jpg 300w, https:\/\/visitorsa.se\/app\/uploads\/2021\/09\/Backman-3-80x80.jpg 80w, https:\/\/visitorsa.se\/app\/uploads\/2021\/09\/Backman-3-768x768.jpg 768w, https:\/\/visitorsa.se\/app\/uploads\/2021\/09\/Backman-3-1536x1536.jpg 1536w, https:\/\/visitorsa.se\/app\/uploads\/2021\/09\/Backman-3-36x36.jpg 36w, https:\/\/visitorsa.se\/app\/uploads\/2021\/09\/Backman-3-180x180.jpg 180w, https:\/\/visitorsa.se\/app\/uploads\/2021\/09\/Backman-3-1500x1500.jpg 1500w, https:\/\/visitorsa.se\/app\/uploads\/2021\/09\/Backman-3-705x705.jpg 705w, https:\/\/visitorsa.se\/app\/uploads\/2021\/09\/Backman-3.jpg 1890w\" data-sizes=\"(max-width: 1030px) 100vw, 1030px\" data-rel='gallery-1' data-prev-img='https:\/\/visitorsa.se\/app\/uploads\/2021\/09\/Backman-3-495x400.jpg' class='lightbox ' data-onclick='2' title='B\u00e4ckmans - Wikipedia'  itemprop=\"thumbnailUrl\"  ><img decoding=\"async\" class=\"wp-image-6050 avia-img-lazy-loading-not-6050\"   src=\"https:\/\/visitorsa.se\/app\/uploads\/2021\/09\/Backman-3-495x400.jpg\" width=\"495\" height=\"400\"  title='B\u00e4ckmans - Wikipedia' alt='Besuchen Sie Orsa' srcset=\"https:\/\/visitorsa.se\/app\/uploads\/2021\/09\/Backman-3-495x400.jpg 495w, https:\/\/visitorsa.se\/app\/uploads\/2021\/09\/Backman-3-845x684.jpg 845w\" sizes=\"(max-width: 495px) 100vw, 495px\" \/><div class='big-prev-fake'><img loading=\"lazy\" decoding=\"async\" class=\"wp-image-6050 avia-img-lazy-loading-6050\"  width=\"495\" height=\"400\" src=\"https:\/\/visitorsa.se\/app\/uploads\/2021\/09\/Backman-3-495x400.jpg\" title='B\u00e4ckmans - Wikipedia' alt='Besuchen Sie Orsa' srcset=\"https:\/\/visitorsa.se\/app\/uploads\/2021\/09\/Backman-3-495x400.jpg 495w, https:\/\/visitorsa.se\/app\/uploads\/2021\/09\/Backman-3-845x684.jpg 845w\" sizes=\"auto, (max-width: 495px) 100vw, 495px\" \/><\/div><\/a><a href=\"https:\/\/visitorsa.se\/app\/uploads\/2021\/09\/Backman-4-1030x773.jpg\" data-srcset=\"https:\/\/visitorsa.se\/app\/uploads\/2021\/09\/Backman-4-1030x773.jpg 1030w, https:\/\/visitorsa.se\/app\/uploads\/2021\/09\/Backman-4-300x225.jpg 300w, https:\/\/visitorsa.se\/app\/uploads\/2021\/09\/Backman-4-768x576.jpg 768w, https:\/\/visitorsa.se\/app\/uploads\/2021\/09\/Backman-4-705x529.jpg 705w, https:\/\/visitorsa.se\/app\/uploads\/2021\/09\/Backman-4.jpg 1280w\" data-sizes=\"(max-width: 1030px) 100vw, 1030px\" data-rel='gallery-1' data-prev-img='https:\/\/visitorsa.se\/app\/uploads\/2021\/09\/Backman-4-495x400.jpg' class='lightbox ' data-onclick='3' title='B\u00e4ckmans - Wikipedia'  itemprop=\"thumbnailUrl\"  ><img decoding=\"async\" class=\"wp-image-6052 avia-img-lazy-loading-not-6052\"   src=\"https:\/\/visitorsa.se\/app\/uploads\/2021\/09\/Backman-4-495x400.jpg\" width=\"495\" height=\"400\"  title='B\u00e4ckmans - Wikipedia' alt='Besuchen Sie Orsa' srcset=\"https:\/\/visitorsa.se\/app\/uploads\/2021\/09\/Backman-4-495x400.jpg 495w, https:\/\/visitorsa.se\/app\/uploads\/2021\/09\/Backman-4-845x684.jpg 845w\" sizes=\"(max-width: 495px) 100vw, 495px\" \/><div class='big-prev-fake'><img loading=\"lazy\" decoding=\"async\" class=\"wp-image-6052 avia-img-lazy-loading-6052\"  width=\"495\" height=\"400\" src=\"https:\/\/visitorsa.se\/app\/uploads\/2021\/09\/Backman-4-495x400.jpg\" title='B\u00e4ckmans - Wikipedia' alt='Besuchen Sie Orsa' srcset=\"https:\/\/visitorsa.se\/app\/uploads\/2021\/09\/Backman-4-495x400.jpg 495w, https:\/\/visitorsa.se\/app\/uploads\/2021\/09\/Backman-4-845x684.jpg 845w\" sizes=\"auto, (max-width: 495px) 100vw, 495px\" \/><\/div><\/a><a href=\"https:\/\/visitorsa.se\/app\/uploads\/2021\/09\/Backman-5-686x1030.jpg\" data-srcset=\"https:\/\/visitorsa.se\/app\/uploads\/2021\/09\/Backman-5-686x1030.jpg 686w, https:\/\/visitorsa.se\/app\/uploads\/2021\/09\/Backman-5-200x300.jpg 200w, https:\/\/visitorsa.se\/app\/uploads\/2021\/09\/Backman-5-768x1152.jpg 768w, https:\/\/visitorsa.se\/app\/uploads\/2021\/09\/Backman-5-1024x1536.jpg 1024w, https:\/\/visitorsa.se\/app\/uploads\/2021\/09\/Backman-5-1000x1500.jpg 1000w, https:\/\/visitorsa.se\/app\/uploads\/2021\/09\/Backman-5-470x705.jpg 470w, https:\/\/visitorsa.se\/app\/uploads\/2021\/09\/Backman-5.jpg 1365w\" data-sizes=\"(max-width: 686px) 100vw, 686px\" data-rel='gallery-1' data-prev-img='https:\/\/visitorsa.se\/app\/uploads\/2021\/09\/Backman-5-495x400.jpg' class='lightbox ' data-onclick='4' title='B\u00e4ckmans - Wikipedia'  itemprop=\"thumbnailUrl\"  ><img decoding=\"async\" class=\"wp-image-6054 avia-img-lazy-loading-not-6054\"   src=\"https:\/\/visitorsa.se\/app\/uploads\/2021\/09\/Backman-5-495x400.jpg\" width=\"495\" height=\"400\"  title='B\u00e4ckmans - Wikipedia' alt='Besuchen Sie Orsa' srcset=\"https:\/\/visitorsa.se\/app\/uploads\/2021\/09\/Backman-5-495x400.jpg 495w, https:\/\/visitorsa.se\/app\/uploads\/2021\/09\/Backman-5-845x684.jpg 845w\" sizes=\"(max-width: 495px) 100vw, 495px\" \/><div class='big-prev-fake'><img loading=\"lazy\" decoding=\"async\" class=\"wp-image-6054 avia-img-lazy-loading-6054\"  width=\"495\" height=\"400\" src=\"https:\/\/visitorsa.se\/app\/uploads\/2021\/09\/Backman-5-495x400.jpg\" title='B\u00e4ckmans - Wikipedia' alt='Besuchen Sie Orsa' srcset=\"https:\/\/visitorsa.se\/app\/uploads\/2021\/09\/Backman-5-495x400.jpg 495w, https:\/\/visitorsa.se\/app\/uploads\/2021\/09\/Backman-5-845x684.jpg 845w\" sizes=\"auto, (max-width: 495px) 100vw, 495px\" \/><\/div><\/a><\/div><\/div><\/div>\n<style type=\"text\/css\" data-created_by=\"avia_inline_auto\" id=\"style-css-av-aupcw0-034727ff4178265a807e03e0bbca9dc3\">\n.flex_column.av-aupcw0-034727ff4178265a807e03e0bbca9dc3{\n-webkit-border-radius:0px 0px 0px 0px;\n-moz-border-radius:0px 0px 0px 0px;\nborder-radius:0px 0px 0px 0px;\npadding:0px 0px 0px 0px;\n}\n<\/style>\n<div class='flex_column av-aupcw0-034727ff4178265a807e03e0bbca9dc3 av_one_half  avia-builder-el-2  el_after_av_one_full  el_before_av_one_half  first flex_column_div av-zero-column-padding column-top-margin'     ><section  class='av_textblock_section av-kgf1e6kl-253ba1d13068f8db85f0ad3cf08f701d'  itemscope=\"itemscope\" itemtype=\"https:\/\/schema.org\/CreativeWork\" ><div class='avia_textblock'  itemprop=\"text\" ><h3 class=\"w44 bcm cn\">B\u00e4ckmans Trivialiebutik<\/h3>\n<p>B\u00e4ckmans Trivialiebutik befindet sich jetzt in der J\u00e4rnv\u00e4gsgatan 19 und enth\u00e4lt absolut nichts, was Sie brauchen &#8211; genau das, was Sie wollen. Zumindest so lange, wie es sich um musikorientierte Gadgets handelt. Sie finden Schallplatten, CDs, DVDs, T-Shirts, Poster und verschiedene Gadgets, neu und gebraucht \u00fcber jeden anderen!<\/p>\n<p>Im Shop erf\u00e4hrst du auch alles, was du \u00fcber B\u00e4ckmans Beatles-Reisen brauchst. Begleiten Sie mich in Liverpool und manchmal London f\u00fcr eine Reise auf den Spuren der Fab Four. Nach \u00fcber 50 Reisen kenne ich Liverpool vor allem in- und auswendig. Wir \u00fcbernachten in wundersch\u00f6nen versunkenen Hotels (aber mit allen Annehmlichkeiten) mit Musikanschluss und stellen die Erfahrung vor den Komfort der freundlichsten Stadt Europas!<\/p>\n<p>PS. Ich spiele auch immer noch. Ein neues Album kommt bald. Bleiben Sie dran.<\/p>\n<\/div><\/section><br \/>\n<\/p><\/div>\n<style type=\"text\/css\" data-created_by=\"avia_inline_auto\" id=\"style-css-av-aupcw0-b252b444939f1c6223e79e5b57074446\">\n.flex_column.av-aupcw0-b252b444939f1c6223e79e5b57074446{\n-webkit-border-radius:0px 0px 0px 0px;\n-moz-border-radius:0px 0px 0px 0px;\nborder-radius:0px 0px 0px 0px;\npadding:0px 0px 0px 0px;\n}\n<\/style>\n<div class='flex_column av-aupcw0-b252b444939f1c6223e79e5b57074446 av_one_half  avia-builder-el-5  el_after_av_one_half  avia-builder-el-last  flex_column_div av-zero-column-padding column-top-margin'     ><section  class='av_textblock_section av-kgf1e6kl-253ba1d13068f8db85f0ad3cf08f701d'  itemscope=\"itemscope\" itemtype=\"https:\/\/schema.org\/CreativeWork\" ><div class='avia_textblock'  itemprop=\"text\" ><h3><strong>Kontakta oss<\/strong><\/h3>\n<p><strong>E-postadress:<\/strong><br \/>\n<a href=\"mailto:janne@jannebackman.se\" target=\"_blank\" rel=\"noopener noreferrer\">janne@jannebackman.se<\/a><\/p>\n<p><strong>Telefon:<\/strong><br \/>\n0737212020<\/p>\n<p><strong>Adress:<\/strong><br \/>\nGyltbacksv\u00e4gen 10<br \/>\n79490 Orsa<\/p>\n<p><strong>Facebook:<\/strong><br \/>\n<a href=\"https:\/\/www.facebook.com\/Baeckmanstrivialiebutik\" target=\"_blank\" rel=\"noopener noreferrer\" data-saferedirecturl=\"https:\/\/www.google.com\/url?q=https:\/\/www.facebook.com\/Baeckmanstrivialiebutik&amp;source=gmail&amp;ust=1632398996971000&amp;usg=AFQjCNEMP5Y_iqb_wKUOV55Qyymt95boCA\">https:\/\/www.facebook.com\/Baeckmanstrivialiebutik<\/a><\/p>\n<div id=\"mh\">\n<div id=\"mm\"><\/div>\n<\/div>\n<\/div><\/section><br \/>\n<br \/>\n<div  class='avia-button-wrap avia-button-center  avia-builder-el-8  el_after_av_codeblock  avia-builder-el-last ' >\n<style type=\"text\/css\" data-created_by=\"avia_inline_auto\" id=\"style-css-av-kgf1wc7j-b2b585462f5090684a85fff455c22653\">\n#top #wrap_all .avia-button.av-kgf1wc7j-b2b585462f5090684a85fff455c22653{\ncolor:#ffffff;\n-webkit-transition:all 0.4s ease-in-out;\n-moz-transition:all 0.4s ease-in-out;\n-ms-transition:all 0.4s ease-in-out;\n-o-transition:all 0.4s ease-in-out;\ntransition:all 0.4s ease-in-out;\n}\n#top #wrap_all .avia-button.av-kgf1wc7j-b2b585462f5090684a85fff455c22653:hover{\ncolor:#ffffff;\n-webkit-transition:all 0.4s ease-in-out;\n-moz-transition:all 0.4s ease-in-out;\n-ms-transition:all 0.4s ease-in-out;\n-o-transition:all 0.4s ease-in-out;\ntransition:all 0.4s ease-in-out;\n}\n<\/style>\n<a href='https:\/\/www.jannebackman.se\/' class='avia-color-theme-color avia-button avia-button-fullwidth av-kgf1wc7j-b2b585462f5090684a85fff455c22653 avia-icon_select-yes-left-icon avia-color-theme-color' ><span class='avia_button_icon avia_button_icon_left' aria-hidden='true' data-av_icon='\ue832' data-av_iconfont='entypo-fontello'><\/span><span class='avia_iconbox_title' >  Besuchen Sie unsere Website<\/span><span class='avia_button_background avia-button avia-button-fullwidth avia-color-theme-color-highlight'><\/span><\/a><\/div><\/p><\/div><\/p>\n","protected":false},"excerpt":{"rendered":"","protected":false},"author":3,"featured_media":6046,"parent":0,"menu_order":0,"comment_status":"closed","ping_status":"closed","template":"","meta":{"footnotes":""},"categories":[80],"tags":[],"class_list":["post-6554","page","type-page","status-publish","has-post-thumbnail","hentry","category-handel-handwerk"],"_links":{"self":[{"href":"https:\/\/visitorsa.se\/de\/wp-json\/wp\/v2\/pages\/6554","targetHints":{"allow":["GET"]}}],"collection":[{"href":"https:\/\/visitorsa.se\/de\/wp-json\/wp\/v2\/pages"}],"about":[{"href":"https:\/\/visitorsa.se\/de\/wp-json\/wp\/v2\/types\/page"}],"author":[{"embeddable":true,"href":"https:\/\/visitorsa.se\/de\/wp-json\/wp\/v2\/users\/3"}],"replies":[{"embeddable":true,"href":"https:\/\/visitorsa.se\/de\/wp-json\/wp\/v2\/comments?post=6554"}],"version-history":[{"count":2,"href":"https:\/\/visitorsa.se\/de\/wp-json\/wp\/v2\/pages\/6554\/revisions"}],"predecessor-version":[{"id":7238,"href":"https:\/\/visitorsa.se\/de\/wp-json\/wp\/v2\/pages\/6554\/revisions\/7238"}],"wp:featuredmedia":[{"embeddable":true,"href":"https:\/\/visitorsa.se\/de\/wp-json\/wp\/v2\/media\/6046"}],"wp:attachment":[{"href":"https:\/\/visitorsa.se\/de\/wp-json\/wp\/v2\/media?parent=6554"}],"wp:term":[{"taxonomy":"category","embeddable":true,"href":"https:\/\/visitorsa.se\/de\/wp-json\/wp\/v2\/categories?post=6554"},{"taxonomy":"post_tag","embeddable":true,"href":"https:\/\/visitorsa.se\/de\/wp-json\/wp\/v2\/tags?post=6554"}],"curies":[{"name":"wp","href":"https:\/\/api.w.org\/{rel}","templated":true}]}}