{"id":6553,"date":"2022-02-03T09:11:43","date_gmt":"2022-02-03T08:11:43","guid":{"rendered":"https:\/\/staging.visitorsa.se\/bio-rote-muehle\/"},"modified":"2023-05-03T18:48:44","modified_gmt":"2023-05-03T16:48:44","slug":"bio-rote-muehle","status":"publish","type":"page","link":"https:\/\/visitorsa.se\/de\/bio-rote-muehle\/","title":{"rendered":"Bio Rote M\u00fchle"},"content":{"rendered":"\n<style type=\"text\/css\" data-created_by=\"avia_inline_auto\" id=\"style-css-av-6d4ygg-db790e9493201a1d2f9d8b3dfe30decc\">\n.flex_column.av-6d4ygg-db790e9493201a1d2f9d8b3dfe30decc{\n-webkit-border-radius:0px 0px 0px 0px;\n-moz-border-radius:0px 0px 0px 0px;\nborder-radius:0px 0px 0px 0px;\npadding:0px 0px 0px 0px;\n}\n<\/style>\n<div class='flex_column av-6d4ygg-db790e9493201a1d2f9d8b3dfe30decc av_one_full  avia-builder-el-0  el_before_av_one_half  avia-builder-el-first  first flex_column_div av-zero-column-padding '     ><style type=\"text\/css\" data-created_by=\"avia_inline_auto\" id=\"style-css-av-kgf1j3ru-c991deb840635e396bdec4cde3bde8ea\">\n#top .avia-gallery.av-kgf1j3ru-c991deb840635e396bdec4cde3bde8ea .avia-gallery-thumb a{\nwidth:25%;\n}\n<\/style>\n<div  class='avia-gallery av-kgf1j3ru-c991deb840635e396bdec4cde3bde8ea avia_animate_when_visible  avia-builder-el-1  avia-builder-el-no-sibling  avia_lazyload avia-gallery-animate avia-gallery-1'  itemprop=\"image\" itemscope=\"itemscope\" itemtype=\"https:\/\/schema.org\/ImageObject\" ><meta itemprop=\"contentURL\" content=\"https:\/\/visitorsa.se\/de\/bio-rote-muehle\/\"><div class='avia-gallery-thumb'><a href=\"https:\/\/visitorsa.se\/app\/uploads\/2022\/02\/Roda-Kvarn-2-1-1030x687.jpeg\" data-srcset=\"https:\/\/visitorsa.se\/app\/uploads\/2022\/02\/Roda-Kvarn-2-1-1030x687.jpeg 1030w, https:\/\/visitorsa.se\/app\/uploads\/2022\/02\/Roda-Kvarn-2-1-300x200.jpeg 300w, https:\/\/visitorsa.se\/app\/uploads\/2022\/02\/Roda-Kvarn-2-1-768x512.jpeg 768w, https:\/\/visitorsa.se\/app\/uploads\/2022\/02\/Roda-Kvarn-2-1-705x470.jpeg 705w, https:\/\/visitorsa.se\/app\/uploads\/2022\/02\/Roda-Kvarn-2-1.jpeg 1257w\" data-sizes=\"(max-width: 1030px) 100vw, 1030px\" data-rel='gallery-1' data-prev-img='https:\/\/visitorsa.se\/app\/uploads\/2022\/02\/Roda-Kvarn-2-1-495x400.jpeg' class='first_thumb lightbox ' data-onclick='1' title='Rote M\u00fchle 2'  itemprop=\"thumbnailUrl\"  ><img decoding=\"async\" class=\"wp-image-6162 avia-img-lazy-loading-not-6162\"   src=\"https:\/\/visitorsa.se\/app\/uploads\/2022\/02\/Roda-Kvarn-2-1-495x400.jpeg\" width=\"495\" height=\"400\"  title='Rote M\u00fchle 2' alt='' srcset=\"https:\/\/visitorsa.se\/app\/uploads\/2022\/02\/Roda-Kvarn-2-1-495x400.jpeg 495w, https:\/\/visitorsa.se\/app\/uploads\/2022\/02\/Roda-Kvarn-2-1-845x684.jpeg 845w\" sizes=\"(max-width: 495px) 100vw, 495px\" \/><div class='big-prev-fake'><img loading=\"lazy\" decoding=\"async\" class=\"wp-image-6162 avia-img-lazy-loading-6162\"  width=\"495\" height=\"400\" src=\"https:\/\/visitorsa.se\/app\/uploads\/2022\/02\/Roda-Kvarn-2-1-495x400.jpeg\" title='Rote M\u00fchle 2' alt='' srcset=\"https:\/\/visitorsa.se\/app\/uploads\/2022\/02\/Roda-Kvarn-2-1-495x400.jpeg 495w, https:\/\/visitorsa.se\/app\/uploads\/2022\/02\/Roda-Kvarn-2-1-845x684.jpeg 845w\" sizes=\"auto, (max-width: 495px) 100vw, 495px\" \/><\/div><\/a><a href=\"https:\/\/visitorsa.se\/app\/uploads\/2022\/02\/Roda-Kvarn-3-1-579x1030.jpeg\" data-srcset=\"https:\/\/visitorsa.se\/app\/uploads\/2022\/02\/Roda-Kvarn-3-1-579x1030.jpeg 579w, https:\/\/visitorsa.se\/app\/uploads\/2022\/02\/Roda-Kvarn-3-1-169x300.jpeg 169w, https:\/\/visitorsa.se\/app\/uploads\/2022\/02\/Roda-Kvarn-3-1-768x1366.jpeg 768w, https:\/\/visitorsa.se\/app\/uploads\/2022\/02\/Roda-Kvarn-3-1-864x1536.jpeg 864w, https:\/\/visitorsa.se\/app\/uploads\/2022\/02\/Roda-Kvarn-3-1-843x1500.jpeg 843w, https:\/\/visitorsa.se\/app\/uploads\/2022\/02\/Roda-Kvarn-3-1-396x705.jpeg 396w, https:\/\/visitorsa.se\/app\/uploads\/2022\/02\/Roda-Kvarn-3-1.jpeg 1125w\" data-sizes=\"(max-width: 579px) 100vw, 579px\" data-rel='gallery-1' data-prev-img='https:\/\/visitorsa.se\/app\/uploads\/2022\/02\/Roda-Kvarn-3-1-495x400.jpeg' class='lightbox ' data-onclick='2' title='Rote M\u00fchle 3'  itemprop=\"thumbnailUrl\"  ><img decoding=\"async\" class=\"wp-image-6164 avia-img-lazy-loading-not-6164\"   src=\"https:\/\/visitorsa.se\/app\/uploads\/2022\/02\/Roda-Kvarn-3-1-495x400.jpeg\" width=\"495\" height=\"400\"  title='Rote M\u00fchle 3' alt='' srcset=\"https:\/\/visitorsa.se\/app\/uploads\/2022\/02\/Roda-Kvarn-3-1-495x400.jpeg 495w, https:\/\/visitorsa.se\/app\/uploads\/2022\/02\/Roda-Kvarn-3-1-845x684.jpeg 845w\" sizes=\"(max-width: 495px) 100vw, 495px\" \/><div class='big-prev-fake'><img loading=\"lazy\" decoding=\"async\" class=\"wp-image-6164 avia-img-lazy-loading-6164\"  width=\"495\" height=\"400\" src=\"https:\/\/visitorsa.se\/app\/uploads\/2022\/02\/Roda-Kvarn-3-1-495x400.jpeg\" title='Rote M\u00fchle 3' alt='' srcset=\"https:\/\/visitorsa.se\/app\/uploads\/2022\/02\/Roda-Kvarn-3-1-495x400.jpeg 495w, https:\/\/visitorsa.se\/app\/uploads\/2022\/02\/Roda-Kvarn-3-1-845x684.jpeg 845w\" sizes=\"auto, (max-width: 495px) 100vw, 495px\" \/><\/div><\/a><a href=\"https:\/\/visitorsa.se\/app\/uploads\/2022\/02\/Roda-Kvarn-4-1-773x1030.jpeg\" data-srcset=\"https:\/\/visitorsa.se\/app\/uploads\/2022\/02\/Roda-Kvarn-4-1-773x1030.jpeg 773w, https:\/\/visitorsa.se\/app\/uploads\/2022\/02\/Roda-Kvarn-4-1-225x300.jpeg 225w, https:\/\/visitorsa.se\/app\/uploads\/2022\/02\/Roda-Kvarn-4-1-768x1024.jpeg 768w, https:\/\/visitorsa.se\/app\/uploads\/2022\/02\/Roda-Kvarn-4-1-529x705.jpeg 529w, https:\/\/visitorsa.se\/app\/uploads\/2022\/02\/Roda-Kvarn-4-1.jpeg 1125w\" data-sizes=\"(max-width: 773px) 100vw, 773px\" data-rel='gallery-1' data-prev-img='https:\/\/visitorsa.se\/app\/uploads\/2022\/02\/Roda-Kvarn-4-1-495x400.jpeg' class='lightbox ' data-onclick='3' title='Rote M\u00fchle 4'  itemprop=\"thumbnailUrl\"  ><img decoding=\"async\" class=\"wp-image-6166 avia-img-lazy-loading-not-6166\"   src=\"https:\/\/visitorsa.se\/app\/uploads\/2022\/02\/Roda-Kvarn-4-1-495x400.jpeg\" width=\"495\" height=\"400\"  title='Rote M\u00fchle 4' alt='' srcset=\"https:\/\/visitorsa.se\/app\/uploads\/2022\/02\/Roda-Kvarn-4-1-495x400.jpeg 495w, https:\/\/visitorsa.se\/app\/uploads\/2022\/02\/Roda-Kvarn-4-1-845x684.jpeg 845w\" sizes=\"(max-width: 495px) 100vw, 495px\" \/><div class='big-prev-fake'><img loading=\"lazy\" decoding=\"async\" class=\"wp-image-6166 avia-img-lazy-loading-6166\"  width=\"495\" height=\"400\" src=\"https:\/\/visitorsa.se\/app\/uploads\/2022\/02\/Roda-Kvarn-4-1-495x400.jpeg\" title='Rote M\u00fchle 4' alt='' srcset=\"https:\/\/visitorsa.se\/app\/uploads\/2022\/02\/Roda-Kvarn-4-1-495x400.jpeg 495w, https:\/\/visitorsa.se\/app\/uploads\/2022\/02\/Roda-Kvarn-4-1-845x684.jpeg 845w\" sizes=\"auto, (max-width: 495px) 100vw, 495px\" \/><\/div><\/a><a href=\"https:\/\/visitorsa.se\/app\/uploads\/2022\/02\/Roda-Kvarn-5-1-773x1030.jpeg\" data-srcset=\"https:\/\/visitorsa.se\/app\/uploads\/2022\/02\/Roda-Kvarn-5-1-773x1030.jpeg 773w, https:\/\/visitorsa.se\/app\/uploads\/2022\/02\/Roda-Kvarn-5-1-225x300.jpeg 225w, https:\/\/visitorsa.se\/app\/uploads\/2022\/02\/Roda-Kvarn-5-1-768x1024.jpeg 768w, https:\/\/visitorsa.se\/app\/uploads\/2022\/02\/Roda-Kvarn-5-1-529x705.jpeg 529w, https:\/\/visitorsa.se\/app\/uploads\/2022\/02\/Roda-Kvarn-5-1.jpeg 1125w\" data-sizes=\"(max-width: 773px) 100vw, 773px\" data-rel='gallery-1' data-prev-img='https:\/\/visitorsa.se\/app\/uploads\/2022\/02\/Roda-Kvarn-5-1-495x400.jpeg' class='lightbox ' data-onclick='4' title='Rote M\u00fchle 5'  itemprop=\"thumbnailUrl\"  ><img decoding=\"async\" class=\"wp-image-6168 avia-img-lazy-loading-not-6168\"   src=\"https:\/\/visitorsa.se\/app\/uploads\/2022\/02\/Roda-Kvarn-5-1-495x400.jpeg\" width=\"495\" height=\"400\"  title='Rote M\u00fchle 5' alt='' srcset=\"https:\/\/visitorsa.se\/app\/uploads\/2022\/02\/Roda-Kvarn-5-1-495x400.jpeg 495w, https:\/\/visitorsa.se\/app\/uploads\/2022\/02\/Roda-Kvarn-5-1-845x684.jpeg 845w\" sizes=\"(max-width: 495px) 100vw, 495px\" \/><div class='big-prev-fake'><img loading=\"lazy\" decoding=\"async\" class=\"wp-image-6168 avia-img-lazy-loading-6168\"  width=\"495\" height=\"400\" src=\"https:\/\/visitorsa.se\/app\/uploads\/2022\/02\/Roda-Kvarn-5-1-495x400.jpeg\" title='Rote M\u00fchle 5' alt='' srcset=\"https:\/\/visitorsa.se\/app\/uploads\/2022\/02\/Roda-Kvarn-5-1-495x400.jpeg 495w, https:\/\/visitorsa.se\/app\/uploads\/2022\/02\/Roda-Kvarn-5-1-845x684.jpeg 845w\" sizes=\"auto, (max-width: 495px) 100vw, 495px\" \/><\/div><\/a><\/div><\/div><\/div>\n\n<style type=\"text\/css\" data-created_by=\"avia_inline_auto\" id=\"style-css-av-aupcw0-034727ff4178265a807e03e0bbca9dc3\">\n.flex_column.av-aupcw0-034727ff4178265a807e03e0bbca9dc3{\n-webkit-border-radius:0px 0px 0px 0px;\n-moz-border-radius:0px 0px 0px 0px;\nborder-radius:0px 0px 0px 0px;\npadding:0px 0px 0px 0px;\n}\n<\/style>\n<div class='flex_column av-aupcw0-034727ff4178265a807e03e0bbca9dc3 av_one_half  avia-builder-el-2  el_after_av_one_full  el_before_av_one_half  first flex_column_div av-zero-column-padding column-top-margin'     ><section  class='av_textblock_section av-kgf1e6kl-b5e14719b34d36133fc039acb7a114af'  itemscope=\"itemscope\" itemtype=\"https:\/\/schema.org\/CreativeWork\" ><div class='avia_textblock'  itemprop=\"text\" ><h3>Bio Rote M\u00fchle<\/h3>\n<p style=\"font-weight: 400;\">Willkommen im Kino R\u00f6da kvarn. Biograf R\u00f6da Kvarn wird seit vielen Jahren unter der Schirmherrschaft von IOGT-NTO gef\u00fchrt. Das Kino wurde zu Beginn des 20. Jahrhunderts eingeweiht. Der Salon verf\u00fcgt \u00fcber zweihundert Sitzpl\u00e4tze auf Parkett. Der Balkon hat zwanzig Sitzpl\u00e4tze. Geeignet f\u00fcr Behinderte und H\u00f6rschleife. Renoviert in den 1990er Jahren.<\/p>\n<p style=\"font-weight: 400;\">Heute ist eine neue aktualisierte digitale Technologie im Kino verf\u00fcgbar, die es erm\u00f6glicht, nicht nur Filme zu sehen, sondern auch das Opernangebot des Metropolitan, Konzerte oder warum nicht eine Sportveranstaltung.<\/p>\n<p style=\"font-weight: 400;\">R\u00f6da kvarn hat auch einen Filmclub auf Facebook.<br \/>\nEine Neuheit im Kino ist, dass es mehrere Gaming-Computer und M\u00f6glichkeiten gibt, einen eigenen Podcast aufzunehmen.<\/p>\n<p style=\"font-weight: 400;\">R\u00f6da Kvarn steht auch Unternehmen und Organisationen zur Verf\u00fcgung. R\u00f6da Kvarn kann eine Veranstaltung zusammen mit einem Verein oder einer Firma ma\u00dfschneidern.<\/p>\n<p style=\"font-weight: 400;\">Das Kino verf\u00fcgt auch \u00fcber 14 N\u00e4hmaschinen, mit denen unsere Mitglieder neue Kleidung n\u00e4hen oder n\u00e4hen k\u00f6nnen. Die N\u00e4hwerkstatt ist dienstagabends ge\u00f6ffnet.<\/p>\n<\/div><\/section><br \/>\n<\/p><\/div>\n<style type=\"text\/css\" data-created_by=\"avia_inline_auto\" id=\"style-css-av-aupcw0-5-9ce0adc44deb2e1453e0b7c529ab212d\">\n.flex_column.av-aupcw0-5-9ce0adc44deb2e1453e0b7c529ab212d{\n-webkit-border-radius:0px 0px 0px 0px;\n-moz-border-radius:0px 0px 0px 0px;\nborder-radius:0px 0px 0px 0px;\npadding:0px 0px 0px 0px;\n}\n<\/style>\n<div class='flex_column av-aupcw0-5-9ce0adc44deb2e1453e0b7c529ab212d av_one_half  avia-builder-el-5  el_after_av_one_half  avia-builder-el-last  flex_column_div av-zero-column-padding column-top-margin'     ><p><section  class='av_textblock_section av-kgf1e6kl-4-1b2ce387546aa5a9ff2f7b05b4c5d77c'  itemscope=\"itemscope\" itemtype=\"https:\/\/schema.org\/CreativeWork\" ><div class='avia_textblock'  itemprop=\"text\" ><p><strong>Telefon:<\/strong><br \/>\n073-0658921<u><\/u><u><\/u><\/p>\n<p><strong>E-Mail-Adresse:<\/strong><br \/>\n<a href=\"mailto:rodakvarn@telia.com\" target=\"_blank\" rel=\"noopener\">rodakvarn@telia.com<\/a><\/p>\n<p><strong>Adresse:<\/strong><br \/>\nJ\u00e4rnv\u00e4gsgatan 33<br \/>\n79430 Orsa<\/p>\n<h3><\/h3>\n<\/div><\/section><br \/>\n<br \/>\n<div  class='avia-button-wrap avia-button-center  avia-builder-el-8  el_after_av_codeblock  el_before_av_button_big ' >\n<style type=\"text\/css\" data-created_by=\"avia_inline_auto\" id=\"style-css-av-kgf1wc7j-c1f74d7791ddb09470072cd5fde08916\">\n#top #wrap_all .avia-button.av-kgf1wc7j-c1f74d7791ddb09470072cd5fde08916{\ncolor:#ffffff;\n-webkit-transition:all 0.4s ease-in-out;\n-moz-transition:all 0.4s ease-in-out;\n-ms-transition:all 0.4s ease-in-out;\n-o-transition:all 0.4s ease-in-out;\ntransition:all 0.4s ease-in-out;\n}\n#top #wrap_all .avia-button.av-kgf1wc7j-c1f74d7791ddb09470072cd5fde08916:hover{\ncolor:#ffffff;\n-webkit-transition:all 0.4s ease-in-out;\n-moz-transition:all 0.4s ease-in-out;\n-ms-transition:all 0.4s ease-in-out;\n-o-transition:all 0.4s ease-in-out;\ntransition:all 0.4s ease-in-out;\n}\n<\/style>\n<a href='https:\/\/www.orsabio.se\/' class='avia-color-theme-color avia-button avia-button-fullwidth av-kgf1wc7j-c1f74d7791ddb09470072cd5fde08916 avia-icon_select-yes-left-icon avia-color-theme-color' ><span class='avia_button_icon avia_button_icon_left' aria-hidden='true' data-av_icon='\ue832' data-av_iconfont='entypo-fontello'><\/span><span class='avia_iconbox_title' > Besuchen Sie unsere Website<\/span><span class='avia_button_background avia-button avia-button-fullwidth avia-color-theme-color-highlight'><\/span><\/a><\/div><br \/>\n<div  class='avia-button-wrap avia-button-center  avia-builder-el-9  el_after_av_button_big  el_before_av_button_big ' >\n<style type=\"text\/css\" data-created_by=\"avia_inline_auto\" id=\"style-css-av-kgf1wc7j-2-f1a93c99d8b2cf5e192cce5bdcbe317e\">\n#top #wrap_all .avia-button.av-kgf1wc7j-2-f1a93c99d8b2cf5e192cce5bdcbe317e{\ncolor:#ffffff;\n-webkit-transition:all 0.4s ease-in-out;\n-moz-transition:all 0.4s ease-in-out;\n-ms-transition:all 0.4s ease-in-out;\n-o-transition:all 0.4s ease-in-out;\ntransition:all 0.4s ease-in-out;\n}\n#top #wrap_all .avia-button.av-kgf1wc7j-2-f1a93c99d8b2cf5e192cce5bdcbe317e:hover{\ncolor:#ffffff;\n-webkit-transition:all 0.4s ease-in-out;\n-moz-transition:all 0.4s ease-in-out;\n-ms-transition:all 0.4s ease-in-out;\n-o-transition:all 0.4s ease-in-out;\ntransition:all 0.4s ease-in-out;\n}\n<\/style>\n<a href='https:\/\/www.instagram.com\/explore\/locations\/444668520\/' class='avia-color-theme-color avia-button avia-button-fullwidth av-kgf1wc7j-2-f1a93c99d8b2cf5e192cce5bdcbe317e avia-icon_select-yes-left-icon avia-color-theme-color' ><span class='avia_button_icon avia_button_icon_left' aria-hidden='true' data-av_icon='\ue832' data-av_iconfont='entypo-fontello'><\/span><span class='avia_iconbox_title' > Besuchen Sie uns auf Instagram<\/span><span class='avia_button_background avia-button avia-button-fullwidth avia-color-theme-color-highlight'><\/span><\/a><\/div><br \/>\n<div  class='avia-button-wrap avia-button-center  avia-builder-el-10  el_after_av_button_big  avia-builder-el-last ' >\n<style type=\"text\/css\" data-created_by=\"avia_inline_auto\" id=\"style-css-av-kgf1wc7j-1-280eea70f7e42e7b08caea5178e0561b\">\n#top #wrap_all .avia-button.av-kgf1wc7j-1-280eea70f7e42e7b08caea5178e0561b{\ncolor:#ffffff;\n-webkit-transition:all 0.4s ease-in-out;\n-moz-transition:all 0.4s ease-in-out;\n-ms-transition:all 0.4s ease-in-out;\n-o-transition:all 0.4s ease-in-out;\ntransition:all 0.4s ease-in-out;\n}\n#top #wrap_all .avia-button.av-kgf1wc7j-1-280eea70f7e42e7b08caea5178e0561b:hover{\ncolor:#ffffff;\n-webkit-transition:all 0.4s ease-in-out;\n-moz-transition:all 0.4s ease-in-out;\n-ms-transition:all 0.4s ease-in-out;\n-o-transition:all 0.4s ease-in-out;\ntransition:all 0.4s ease-in-out;\n}\n<\/style>\n<a href='https:\/\/sv-se.facebook.com\/orsabio' class='avia-color-theme-color avia-button avia-button-fullwidth av-kgf1wc7j-1-280eea70f7e42e7b08caea5178e0561b avia-icon_select-yes-left-icon avia-color-theme-color' ><span class='avia_button_icon avia_button_icon_left' aria-hidden='true' data-av_icon='\ue832' data-av_iconfont='entypo-fontello'><\/span><span class='avia_iconbox_title' > Besuchen Sie uns auf Facebook<\/span><span class='avia_button_background avia-button avia-button-fullwidth avia-color-theme-color-highlight'><\/span><\/a><\/div><\/p><\/div><\/p>\n","protected":false},"excerpt":{"rendered":"","protected":false},"author":3,"featured_media":6170,"parent":0,"menu_order":0,"comment_status":"closed","ping_status":"closed","template":"","meta":{"footnotes":""},"categories":[70,76],"tags":[],"class_list":["post-6553","page","type-page","status-publish","has-post-thumbnail","hentry","category-aktivitaten-in-orsa","category-medien-information"],"_links":{"self":[{"href":"https:\/\/visitorsa.se\/de\/wp-json\/wp\/v2\/pages\/6553","targetHints":{"allow":["GET"]}}],"collection":[{"href":"https:\/\/visitorsa.se\/de\/wp-json\/wp\/v2\/pages"}],"about":[{"href":"https:\/\/visitorsa.se\/de\/wp-json\/wp\/v2\/types\/page"}],"author":[{"embeddable":true,"href":"https:\/\/visitorsa.se\/de\/wp-json\/wp\/v2\/users\/3"}],"replies":[{"embeddable":true,"href":"https:\/\/visitorsa.se\/de\/wp-json\/wp\/v2\/comments?post=6553"}],"version-history":[{"count":5,"href":"https:\/\/visitorsa.se\/de\/wp-json\/wp\/v2\/pages\/6553\/revisions"}],"predecessor-version":[{"id":152709,"href":"https:\/\/visitorsa.se\/de\/wp-json\/wp\/v2\/pages\/6553\/revisions\/152709"}],"wp:featuredmedia":[{"embeddable":true,"href":"https:\/\/visitorsa.se\/de\/wp-json\/wp\/v2\/media\/6170"}],"wp:attachment":[{"href":"https:\/\/visitorsa.se\/de\/wp-json\/wp\/v2\/media?parent=6553"}],"wp:term":[{"taxonomy":"category","embeddable":true,"href":"https:\/\/visitorsa.se\/de\/wp-json\/wp\/v2\/categories?post=6553"},{"taxonomy":"post_tag","embeddable":true,"href":"https:\/\/visitorsa.se\/de\/wp-json\/wp\/v2\/tags?post=6553"}],"curies":[{"name":"wp","href":"https:\/\/api.w.org\/{rel}","templated":true}]}}