{"id":6550,"date":"2021-11-28T15:40:50","date_gmt":"2021-11-28T14:40:50","guid":{"rendered":"https:\/\/staging.visitorsa.se\/orsa-kvarn-ab\/"},"modified":"2022-08-02T21:46:37","modified_gmt":"2022-08-02T19:46:37","slug":"orsa-kvarn-ab","status":"publish","type":"page","link":"https:\/\/visitorsa.se\/de\/orsa-kvarn-ab\/","title":{"rendered":"Orsa Kvarn AB"},"content":{"rendered":"\n<style type=\"text\/css\" data-created_by=\"avia_inline_auto\" id=\"style-css-av-6d4ygg-db790e9493201a1d2f9d8b3dfe30decc\">\n.flex_column.av-6d4ygg-db790e9493201a1d2f9d8b3dfe30decc{\n-webkit-border-radius:0px 0px 0px 0px;\n-moz-border-radius:0px 0px 0px 0px;\nborder-radius:0px 0px 0px 0px;\npadding:0px 0px 0px 0px;\n}\n<\/style>\n<div class='flex_column av-6d4ygg-db790e9493201a1d2f9d8b3dfe30decc av_one_full  avia-builder-el-0  el_before_av_one_half  avia-builder-el-first  first flex_column_div av-zero-column-padding '     ><style type=\"text\/css\" data-created_by=\"avia_inline_auto\" id=\"style-css-av-kgf1j3ru-49c101f35bd5fa9d665f3c9f90937828\">\n#top .avia-gallery.av-kgf1j3ru-49c101f35bd5fa9d665f3c9f90937828 .avia-gallery-thumb a{\nwidth:25%;\n}\n<\/style>\n<div  class='avia-gallery av-kgf1j3ru-49c101f35bd5fa9d665f3c9f90937828 avia_animate_when_visible  avia-builder-el-1  avia-builder-el-no-sibling  avia_lazyload avia-gallery-animate avia-gallery-1'  itemprop=\"image\" itemscope=\"itemscope\" itemtype=\"https:\/\/schema.org\/ImageObject\" ><meta itemprop=\"contentURL\" content=\"https:\/\/visitorsa.se\/de\/orsa-kvarn-ab\/\"><div class='avia-gallery-thumb'><a href=\"https:\/\/visitorsa.se\/app\/uploads\/2021\/12\/Orsa-Kvarn-6.jpg\" data-rel='gallery-1' data-prev-img='https:\/\/visitorsa.se\/app\/uploads\/2021\/12\/Orsa-Kvarn-6.jpg' class='first_thumb lightbox ' data-onclick='1' title='Orsa M\u00fchle'  itemprop=\"thumbnailUrl\"  ><img decoding=\"async\" class=\"wp-image-6108 avia-img-lazy-loading-not-6108\"   src=\"https:\/\/visitorsa.se\/app\/uploads\/2021\/12\/Orsa-Kvarn-6.jpg\" width=\"300\" height=\"284\"  title='Orsa M\u00fchle' alt='Besuchen Sie Orsa' \/><div class='big-prev-fake'><img loading=\"lazy\" decoding=\"async\" class=\"wp-image-6108 avia-img-lazy-loading-6108\"  width=\"300\" height=\"284\" src=\"https:\/\/visitorsa.se\/app\/uploads\/2021\/12\/Orsa-Kvarn-6.jpg\" title='Orsa M\u00fchle' alt='Besuchen Sie Orsa' \/><\/div><\/a><a href=\"https:\/\/visitorsa.se\/app\/uploads\/2021\/12\/Orsa-Kvarn-7.jpg\" data-rel='gallery-1' data-prev-img='https:\/\/visitorsa.se\/app\/uploads\/2021\/12\/Orsa-Kvarn-7.jpg' class='lightbox ' data-onclick='2' title='Orsa M\u00fchle'  itemprop=\"thumbnailUrl\"  ><img decoding=\"async\" class=\"wp-image-6110 avia-img-lazy-loading-not-6110\"   src=\"https:\/\/visitorsa.se\/app\/uploads\/2021\/12\/Orsa-Kvarn-7.jpg\" width=\"300\" height=\"208\"  title='Orsa M\u00fchle' alt='Besuchen Sie Orsa' \/><div class='big-prev-fake'><img loading=\"lazy\" decoding=\"async\" class=\"wp-image-6110 avia-img-lazy-loading-6110\"  width=\"300\" height=\"208\" src=\"https:\/\/visitorsa.se\/app\/uploads\/2021\/12\/Orsa-Kvarn-7.jpg\" title='Orsa M\u00fchle' alt='Besuchen Sie Orsa' \/><\/div><\/a><a href=\"https:\/\/visitorsa.se\/app\/uploads\/2021\/12\/Orsa-Kvarn-8.jpg\" data-rel='gallery-1' data-prev-img='https:\/\/visitorsa.se\/app\/uploads\/2021\/12\/Orsa-Kvarn-8.jpg' class='lightbox ' data-onclick='3' title='Orsa M\u00fchle'  itemprop=\"thumbnailUrl\"  ><img decoding=\"async\" class=\"wp-image-6112 avia-img-lazy-loading-not-6112\"   src=\"https:\/\/visitorsa.se\/app\/uploads\/2021\/12\/Orsa-Kvarn-8.jpg\" width=\"300\" height=\"210\"  title='Orsa M\u00fchle' alt='Besuchen Sie Orsa' \/><div class='big-prev-fake'><img loading=\"lazy\" decoding=\"async\" class=\"wp-image-6112 avia-img-lazy-loading-6112\"  width=\"300\" height=\"210\" src=\"https:\/\/visitorsa.se\/app\/uploads\/2021\/12\/Orsa-Kvarn-8.jpg\" title='Orsa M\u00fchle' alt='Besuchen Sie Orsa' \/><\/div><\/a><a href=\"https:\/\/visitorsa.se\/app\/uploads\/2021\/12\/Orsa-Kvarn-9.jpg\" data-rel='gallery-1' data-prev-img='https:\/\/visitorsa.se\/app\/uploads\/2021\/12\/Orsa-Kvarn-9.jpg' class='lightbox ' data-onclick='4' title='Orsa M\u00fchle'  itemprop=\"thumbnailUrl\"  ><img decoding=\"async\" class=\"wp-image-6114 avia-img-lazy-loading-not-6114\"   src=\"https:\/\/visitorsa.se\/app\/uploads\/2021\/12\/Orsa-Kvarn-9.jpg\" width=\"155\" height=\"206\"  title='Orsa M\u00fchle' alt='Besuchen Sie Orsa' \/><div class='big-prev-fake'><img loading=\"lazy\" decoding=\"async\" class=\"wp-image-6114 avia-img-lazy-loading-6114\"  width=\"155\" height=\"206\" src=\"https:\/\/visitorsa.se\/app\/uploads\/2021\/12\/Orsa-Kvarn-9.jpg\" title='Orsa M\u00fchle' alt='Besuchen Sie Orsa' \/><\/div><\/a><\/div><\/div><\/div>\n<style type=\"text\/css\" data-created_by=\"avia_inline_auto\" id=\"style-css-av-aupcw0-034727ff4178265a807e03e0bbca9dc3\">\n.flex_column.av-aupcw0-034727ff4178265a807e03e0bbca9dc3{\n-webkit-border-radius:0px 0px 0px 0px;\n-moz-border-radius:0px 0px 0px 0px;\nborder-radius:0px 0px 0px 0px;\npadding:0px 0px 0px 0px;\n}\n<\/style>\n<div class='flex_column av-aupcw0-034727ff4178265a807e03e0bbca9dc3 av_one_half  avia-builder-el-2  el_after_av_one_full  el_before_av_one_half  first flex_column_div av-zero-column-padding column-top-margin'     ><section  class='av_textblock_section av-kgf1e6kl-253ba1d13068f8db85f0ad3cf08f701d'  itemscope=\"itemscope\" itemtype=\"https:\/\/schema.org\/CreativeWork\" ><div class='avia_textblock'  itemprop=\"text\" ><h3 class=\"w44 bcm cn\">Orsa Kvarn AB<\/h3>\n<p>Hofladen mit pers\u00f6nlichem und engagiertem Service.<\/p>\n<p>Die Orsa-M\u00fchle wurde 1955 erbaut und ist immer noch ein lebendiger Knotenpunkt f\u00fcr viele. Der kleine Laden mit dem gro\u00dfen Sortiment!<\/p>\n<p>Wir haben auch Ausr\u00fcstung und Tierfutter f\u00fcr Hunde, Katzen, Pferde und K\u00fche.<\/p>\n<p>Wir f\u00fchren Rut Services wie Gartenpflege Rasenm\u00e4hen Schneeschaufeln etc. durch.<\/p>\n<p>Die Geschichte von Orsa Kvarn beginnt um 1955, als die neue M\u00fchle in Born in Orsa eingeweiht wird.<\/p>\n<p>Dann eine vollmoderne M\u00fchle mit 2 Steinm\u00fchlen 1 Futterbrecher 1 Walzenstuhl trocken zu Getreide.<\/p>\n<\/div><\/section><br \/>\n<\/p><\/div><\/p>\n\n<style type=\"text\/css\" data-created_by=\"avia_inline_auto\" id=\"style-css-av-aupcw0-b252b444939f1c6223e79e5b57074446\">\n.flex_column.av-aupcw0-b252b444939f1c6223e79e5b57074446{\n-webkit-border-radius:0px 0px 0px 0px;\n-moz-border-radius:0px 0px 0px 0px;\nborder-radius:0px 0px 0px 0px;\npadding:0px 0px 0px 0px;\n}\n<\/style>\n<div class='flex_column av-aupcw0-b252b444939f1c6223e79e5b57074446 av_one_half  avia-builder-el-5  el_after_av_one_half  avia-builder-el-last  flex_column_div av-zero-column-padding column-top-margin'     ><section  class='av_textblock_section av-kgf1e6kl-253ba1d13068f8db85f0ad3cf08f701d'  itemscope=\"itemscope\" itemtype=\"https:\/\/schema.org\/CreativeWork\" ><div class='avia_textblock'  itemprop=\"text\" ><h3><strong>Kontaktieren Sie uns<\/strong><\/h3>\n<p><strong><br \/>\n  <span class=\"ah\">Telefon<\/span><br \/>\n<\/strong><span class=\"ah\"> +46 (0)250-41330<\/span><\/p>\n<p><strong><a href=\"mailto:johan@orsakvarn.se\" target=\"_blank\" rel=\"noopener\">johan@orsakvarn.se<\/a> per E-Mail versenden<\/strong><\/p>\n<p><strong>Adresse<br \/>\n<\/strong> Klockarv\u00e4gen 6<br \/>\n794 32 ORSA<\/p>\n<div id=\"mh\">\n<div id=\"mm\"><\/div>\n<\/div>\n<\/div><\/section><br \/>\n<br \/>\n<div  class='avia-button-wrap avia-button-center  avia-builder-el-8  el_after_av_codeblock  avia-builder-el-last ' >\n<style type=\"text\/css\" data-created_by=\"avia_inline_auto\" id=\"style-css-av-kgf1wc7j-f346479fef9121fa40faedc8d2b03c61\">\n#top #wrap_all .avia-button.av-kgf1wc7j-f346479fef9121fa40faedc8d2b03c61{\ncolor:#ffffff;\n-webkit-transition:all 0.4s ease-in-out;\n-moz-transition:all 0.4s ease-in-out;\n-ms-transition:all 0.4s ease-in-out;\n-o-transition:all 0.4s ease-in-out;\ntransition:all 0.4s ease-in-out;\n}\n#top #wrap_all .avia-button.av-kgf1wc7j-f346479fef9121fa40faedc8d2b03c61:hover{\ncolor:#ffffff;\n-webkit-transition:all 0.4s ease-in-out;\n-moz-transition:all 0.4s ease-in-out;\n-ms-transition:all 0.4s ease-in-out;\n-o-transition:all 0.4s ease-in-out;\ntransition:all 0.4s ease-in-out;\n}\n<\/style>\n<a href='https:\/\/orsakvarn.se\/' class='avia-color-theme-color avia-button avia-button-fullwidth av-kgf1wc7j-f346479fef9121fa40faedc8d2b03c61 avia-icon_select-yes-left-icon avia-color-theme-color' ><span class='avia_button_icon avia_button_icon_left' aria-hidden='true' data-av_icon='\ue832' data-av_iconfont='entypo-fontello'><\/span><span class='avia_iconbox_title' >  Besuchen Sie unsere Website<\/span><span class='avia_button_background avia-button avia-button-fullwidth avia-color-theme-color-highlight'><\/span><\/a><\/div><\/p><\/div>\n","protected":false},"excerpt":{"rendered":"","protected":false},"author":3,"featured_media":6090,"parent":0,"menu_order":0,"comment_status":"closed","ping_status":"closed","template":"","meta":{"footnotes":""},"categories":[77,80],"tags":[],"class_list":["post-6550","page","type-page","status-publish","has-post-thumbnail","hentry","category-der-handwerker-des-dorfes","category-handel-handwerk"],"_links":{"self":[{"href":"https:\/\/visitorsa.se\/de\/wp-json\/wp\/v2\/pages\/6550","targetHints":{"allow":["GET"]}}],"collection":[{"href":"https:\/\/visitorsa.se\/de\/wp-json\/wp\/v2\/pages"}],"about":[{"href":"https:\/\/visitorsa.se\/de\/wp-json\/wp\/v2\/types\/page"}],"author":[{"embeddable":true,"href":"https:\/\/visitorsa.se\/de\/wp-json\/wp\/v2\/users\/3"}],"replies":[{"embeddable":true,"href":"https:\/\/visitorsa.se\/de\/wp-json\/wp\/v2\/comments?post=6550"}],"version-history":[{"count":3,"href":"https:\/\/visitorsa.se\/de\/wp-json\/wp\/v2\/pages\/6550\/revisions"}],"predecessor-version":[{"id":8125,"href":"https:\/\/visitorsa.se\/de\/wp-json\/wp\/v2\/pages\/6550\/revisions\/8125"}],"wp:featuredmedia":[{"embeddable":true,"href":"https:\/\/visitorsa.se\/de\/wp-json\/wp\/v2\/media\/6090"}],"wp:attachment":[{"href":"https:\/\/visitorsa.se\/de\/wp-json\/wp\/v2\/media?parent=6550"}],"wp:term":[{"taxonomy":"category","embeddable":true,"href":"https:\/\/visitorsa.se\/de\/wp-json\/wp\/v2\/categories?post=6550"},{"taxonomy":"post_tag","embeddable":true,"href":"https:\/\/visitorsa.se\/de\/wp-json\/wp\/v2\/tags?post=6550"}],"curies":[{"name":"wp","href":"https:\/\/api.w.org\/{rel}","templated":true}]}}