{"id":6543,"date":"2021-11-27T12:00:16","date_gmt":"2021-11-27T11:00:16","guid":{"rendered":"https:\/\/staging.visitorsa.se\/hundeschlittenabenteuer-in-dalarna\/"},"modified":"2022-07-07T11:12:50","modified_gmt":"2022-07-07T09:12:50","slug":"hundeschlittenabenteuer-in-dalarna","status":"publish","type":"page","link":"https:\/\/visitorsa.se\/de\/hundeschlittenabenteuer-in-dalarna\/","title":{"rendered":"Hundeschlittenabenteuer in Dalarna"},"content":{"rendered":"\n<style type=\"text\/css\" data-created_by=\"avia_inline_auto\" id=\"style-css-av-6d4ygg-db790e9493201a1d2f9d8b3dfe30decc\">\n.flex_column.av-6d4ygg-db790e9493201a1d2f9d8b3dfe30decc{\n-webkit-border-radius:0px 0px 0px 0px;\n-moz-border-radius:0px 0px 0px 0px;\nborder-radius:0px 0px 0px 0px;\npadding:0px 0px 0px 0px;\n}\n<\/style>\n<div class='flex_column av-6d4ygg-db790e9493201a1d2f9d8b3dfe30decc av_one_full  avia-builder-el-0  el_before_av_one_half  avia-builder-el-first  first flex_column_div av-zero-column-padding '     ><style type=\"text\/css\" data-created_by=\"avia_inline_auto\" id=\"style-css-av-kgf1j3ru-2c060ecd42b184765f8b2012996fab16\">\n#top .avia-gallery.av-kgf1j3ru-2c060ecd42b184765f8b2012996fab16 .avia-gallery-thumb a{\nwidth:25%;\n}\n<\/style>\n<div  class='avia-gallery av-kgf1j3ru-2c060ecd42b184765f8b2012996fab16 avia_animate_when_visible  avia-builder-el-1  avia-builder-el-no-sibling  avia_lazyload avia-gallery-animate avia-gallery-1'  itemprop=\"image\" itemscope=\"itemscope\" itemtype=\"https:\/\/schema.org\/ImageObject\" ><meta itemprop=\"contentURL\" content=\"https:\/\/visitorsa.se\/de\/hundeschlittenabenteuer-in-dalarna\/\"><div class='avia-gallery-thumb'><a href=\"https:\/\/visitorsa.se\/app\/uploads\/2021\/12\/Hundspannsaventyr-11.jpeg\" data-srcset=\"https:\/\/visitorsa.se\/app\/uploads\/2021\/12\/Hundspannsaventyr-11.jpeg 960w, https:\/\/visitorsa.se\/app\/uploads\/2021\/12\/Hundspannsaventyr-11-300x225.jpeg 300w, https:\/\/visitorsa.se\/app\/uploads\/2021\/12\/Hundspannsaventyr-11-768x576.jpeg 768w, https:\/\/visitorsa.se\/app\/uploads\/2021\/12\/Hundspannsaventyr-11-705x529.jpeg 705w\" data-sizes=\"(max-width: 960px) 100vw, 960px\" data-rel='gallery-1' data-prev-img='https:\/\/visitorsa.se\/app\/uploads\/2021\/12\/Hundspannsaventyr-11-495x400.jpeg' class='first_thumb lightbox ' data-onclick='1' title='Hundeschlittenfahren Abenteuer 11'  itemprop=\"thumbnailUrl\"  ><img decoding=\"async\" class=\"wp-image-6116 avia-img-lazy-loading-not-6116\"   src=\"https:\/\/visitorsa.se\/app\/uploads\/2021\/12\/Hundspannsaventyr-11-495x400.jpeg\" width=\"495\" height=\"400\"  title='Hundeschlittenfahren Abenteuer 11' alt='' srcset=\"https:\/\/visitorsa.se\/app\/uploads\/2021\/12\/Hundspannsaventyr-11-495x400.jpeg 495w, https:\/\/visitorsa.se\/app\/uploads\/2021\/12\/Hundspannsaventyr-11-845x684.jpeg 845w\" sizes=\"(max-width: 495px) 100vw, 495px\" \/><div class='big-prev-fake'><img loading=\"lazy\" decoding=\"async\" class=\"wp-image-6116 avia-img-lazy-loading-6116\"  width=\"495\" height=\"400\" src=\"https:\/\/visitorsa.se\/app\/uploads\/2021\/12\/Hundspannsaventyr-11-495x400.jpeg\" title='Hundeschlittenfahren Abenteuer 11' alt='' srcset=\"https:\/\/visitorsa.se\/app\/uploads\/2021\/12\/Hundspannsaventyr-11-495x400.jpeg 495w, https:\/\/visitorsa.se\/app\/uploads\/2021\/12\/Hundspannsaventyr-11-845x684.jpeg 845w\" sizes=\"auto, (max-width: 495px) 100vw, 495px\" \/><\/div><\/a><a href=\"https:\/\/visitorsa.se\/app\/uploads\/2021\/12\/Hundspannsaventyr-10.jpeg\" data-srcset=\"https:\/\/visitorsa.se\/app\/uploads\/2021\/12\/Hundspannsaventyr-10.jpeg 640w, https:\/\/visitorsa.se\/app\/uploads\/2021\/12\/Hundspannsaventyr-10-260x300.jpeg 260w, https:\/\/visitorsa.se\/app\/uploads\/2021\/12\/Hundspannsaventyr-10-611x705.jpeg 611w\" data-sizes=\"(max-width: 640px) 100vw, 640px\" data-rel='gallery-1' data-prev-img='https:\/\/visitorsa.se\/app\/uploads\/2021\/12\/Hundspannsaventyr-10-495x400.jpeg' class='lightbox ' data-onclick='2' title='Hundeschlittenabenteuer'  itemprop=\"thumbnailUrl\"  ><img decoding=\"async\" class=\"wp-image-6118 avia-img-lazy-loading-not-6118\"   src=\"https:\/\/visitorsa.se\/app\/uploads\/2021\/12\/Hundspannsaventyr-10-495x400.jpeg\" width=\"495\" height=\"400\"  title='Hundeschlittenabenteuer' alt='Besuchen Sie Orsa' \/><div class='big-prev-fake'><img loading=\"lazy\" decoding=\"async\" class=\"wp-image-6118 avia-img-lazy-loading-6118\"  width=\"495\" height=\"400\" src=\"https:\/\/visitorsa.se\/app\/uploads\/2021\/12\/Hundspannsaventyr-10-495x400.jpeg\" title='Hundeschlittenabenteuer' alt='Besuchen Sie Orsa' \/><\/div><\/a><a href=\"https:\/\/visitorsa.se\/app\/uploads\/2021\/12\/Hundspannsaventyr-9.jpeg\" data-srcset=\"https:\/\/visitorsa.se\/app\/uploads\/2021\/12\/Hundspannsaventyr-9.jpeg 638w, https:\/\/visitorsa.se\/app\/uploads\/2021\/12\/Hundspannsaventyr-9-300x222.jpeg 300w\" data-sizes=\"(max-width: 638px) 100vw, 638px\" data-rel='gallery-1' data-prev-img='https:\/\/visitorsa.se\/app\/uploads\/2021\/12\/Hundspannsaventyr-9-495x400.jpeg' class='lightbox ' data-onclick='3' title='Hundeschlittenabenteuer'  itemprop=\"thumbnailUrl\"  ><img decoding=\"async\" class=\"wp-image-6120 avia-img-lazy-loading-not-6120\"   src=\"https:\/\/visitorsa.se\/app\/uploads\/2021\/12\/Hundspannsaventyr-9-495x400.jpeg\" width=\"495\" height=\"400\"  title='Hundeschlittenabenteuer' alt='Besuchen Sie Orsa' \/><div class='big-prev-fake'><img loading=\"lazy\" decoding=\"async\" class=\"wp-image-6120 avia-img-lazy-loading-6120\"  width=\"495\" height=\"400\" src=\"https:\/\/visitorsa.se\/app\/uploads\/2021\/12\/Hundspannsaventyr-9-495x400.jpeg\" title='Hundeschlittenabenteuer' alt='Besuchen Sie Orsa' \/><\/div><\/a><a href=\"https:\/\/visitorsa.se\/app\/uploads\/2021\/12\/Hundspannsaventyr-8-1030x579.jpeg\" data-srcset=\"https:\/\/visitorsa.se\/app\/uploads\/2021\/12\/Hundspannsaventyr-8-1030x579.jpeg 1030w, https:\/\/visitorsa.se\/app\/uploads\/2021\/12\/Hundspannsaventyr-8-300x169.jpeg 300w, https:\/\/visitorsa.se\/app\/uploads\/2021\/12\/Hundspannsaventyr-8-768x432.jpeg 768w, https:\/\/visitorsa.se\/app\/uploads\/2021\/12\/Hundspannsaventyr-8-705x397.jpeg 705w, https:\/\/visitorsa.se\/app\/uploads\/2021\/12\/Hundspannsaventyr-8.jpeg 1182w\" data-sizes=\"(max-width: 1030px) 100vw, 1030px\" data-rel='gallery-1' data-prev-img='https:\/\/visitorsa.se\/app\/uploads\/2021\/12\/Hundspannsaventyr-8-495x400.jpeg' class='lightbox ' data-onclick='4' title='Hundeschlittenabenteuer'  itemprop=\"thumbnailUrl\"  ><img decoding=\"async\" class=\"wp-image-6122 avia-img-lazy-loading-not-6122\"   src=\"https:\/\/visitorsa.se\/app\/uploads\/2021\/12\/Hundspannsaventyr-8-495x400.jpeg\" width=\"495\" height=\"400\"  title='Hundeschlittenabenteuer' alt='Besuchen Sie Orsa' \/><div class='big-prev-fake'><img loading=\"lazy\" decoding=\"async\" class=\"wp-image-6122 avia-img-lazy-loading-6122\"  width=\"495\" height=\"400\" src=\"https:\/\/visitorsa.se\/app\/uploads\/2021\/12\/Hundspannsaventyr-8-495x400.jpeg\" title='Hundeschlittenabenteuer' alt='Besuchen Sie Orsa' \/><\/div><\/a><\/div><\/div><\/div>\n\n<style type=\"text\/css\" data-created_by=\"avia_inline_auto\" id=\"style-css-av-aupcw0-034727ff4178265a807e03e0bbca9dc3\">\n.flex_column.av-aupcw0-034727ff4178265a807e03e0bbca9dc3{\n-webkit-border-radius:0px 0px 0px 0px;\n-moz-border-radius:0px 0px 0px 0px;\nborder-radius:0px 0px 0px 0px;\npadding:0px 0px 0px 0px;\n}\n<\/style>\n<div class='flex_column av-aupcw0-034727ff4178265a807e03e0bbca9dc3 av_one_half  avia-builder-el-2  el_after_av_one_full  el_before_av_one_half  first flex_column_div av-zero-column-padding column-top-margin'     ><section  class='av_textblock_section av-kgf1e6kl-253ba1d13068f8db85f0ad3cf08f701d'  itemscope=\"itemscope\" itemtype=\"https:\/\/schema.org\/CreativeWork\" ><div class='avia_textblock'  itemprop=\"text\" ><h3 class=\"font_2\">Hundeschlittenabenteuer in Dalarna<\/h3>\n<p class=\"font_2\">Ein magisches Abenteuer in einer der s\u00fcdlichsten Wildnisse Schwedens. Fahren Sie Ihr eigenes Hundeschlittenteam hinter den Guide. Eine einzigartige Gelegenheit, alles von der Vorbereitung der Hunde bis zum Fahren in einem gesch\u00fctzten Naturgebiet zu erleben, wie es vor tausend Jahren der Fall war. Mit der Chance, Spuren von Wolf, Fuchs, Luchs, Elch, Vielfra\u00df und vielleicht Auerhahn \u00fcber ihren Kopf fliegen zu sehen.<br \/>\nDer Hundeschlitten bringt einen hinaus in die absolute Wildnis der gefrorenen S\u00fcmpfe auf einer H\u00f6he von etwa 500 Metern \u00fcber dem Meeresspiegel, da dort gro\u00dffl\u00e4chig die Natur erhalten ist, die B\u00e4ume und die Vegetation nicht bewaldet oder in irgendeiner Weise vom Menschen beeinflusst werden. In Kombination mit der ruhigen Fahrt auf den Hundeschlitten gibt es Ihnen ein einzigartiges Gef\u00fchl f\u00fcr die wahre Gr\u00f6\u00dfe und Reinheit, die die Natur bietet.<\/p>\n<\/div><\/section><br \/>\n<\/p><\/div>\n<style type=\"text\/css\" data-created_by=\"avia_inline_auto\" id=\"style-css-av-aupcw0-b252b444939f1c6223e79e5b57074446\">\n.flex_column.av-aupcw0-b252b444939f1c6223e79e5b57074446{\n-webkit-border-radius:0px 0px 0px 0px;\n-moz-border-radius:0px 0px 0px 0px;\nborder-radius:0px 0px 0px 0px;\npadding:0px 0px 0px 0px;\n}\n<\/style>\n<div class='flex_column av-aupcw0-b252b444939f1c6223e79e5b57074446 av_one_half  avia-builder-el-5  el_after_av_one_half  avia-builder-el-last  flex_column_div av-zero-column-padding column-top-margin'     ><p><section  class='av_textblock_section av-kwhp31l6-7e9f3ae6d47c736d2e1d28a4d9985398'  itemscope=\"itemscope\" itemtype=\"https:\/\/schema.org\/CreativeWork\" ><div class='avia_textblock'  itemprop=\"text\" ><p>Frasse Hed<br \/>\nHansj\u00f6v 133<br \/>\n79490 Orsa<br \/>\n0705822171<br \/>\nhedpers@gmail.com<\/p>\n<\/div><\/section><br \/>\n<br \/>\n<div  class='avia-button-wrap avia-button-center  avia-builder-el-8  el_after_av_codeblock  el_before_av_button_big ' >\n<style type=\"text\/css\" data-created_by=\"avia_inline_auto\" id=\"style-css-av-kgf1wc7j-a2119fdcf322493ca0e39751d95ccbaa\">\n#top #wrap_all .avia-button.av-kgf1wc7j-a2119fdcf322493ca0e39751d95ccbaa{\ncolor:#ffffff;\n-webkit-transition:all 0.4s ease-in-out;\n-moz-transition:all 0.4s ease-in-out;\n-ms-transition:all 0.4s ease-in-out;\n-o-transition:all 0.4s ease-in-out;\ntransition:all 0.4s ease-in-out;\n}\n#top #wrap_all .avia-button.av-kgf1wc7j-a2119fdcf322493ca0e39751d95ccbaa:hover{\ncolor:#ffffff;\n-webkit-transition:all 0.4s ease-in-out;\n-moz-transition:all 0.4s ease-in-out;\n-ms-transition:all 0.4s ease-in-out;\n-o-transition:all 0.4s ease-in-out;\ntransition:all 0.4s ease-in-out;\n}\n<\/style>\n<a href='http:\/\/www.xn--hundspannsventyr-4nb.se\/' class='avia-color-theme-color avia-button avia-button-fullwidth av-kgf1wc7j-a2119fdcf322493ca0e39751d95ccbaa avia-icon_select-yes-left-icon avia-color-theme-color' ><span class='avia_button_icon avia_button_icon_left' aria-hidden='true' data-av_icon='\ue832' data-av_iconfont='entypo-fontello'><\/span><span class='avia_iconbox_title' >  Besuchen Sie unsere Website<\/span><span class='avia_button_background avia-button avia-button-fullwidth avia-color-theme-color-highlight'><\/span><\/a><\/div><br \/>\n<div  class='avia-button-wrap avia-button-center  avia-builder-el-9  el_after_av_button_big  avia-builder-el-last ' >\n<style type=\"text\/css\" data-created_by=\"avia_inline_auto\" id=\"style-css-av-kgf1wc7j-c3313d6877593f0e1a38bb89ca5f8882\">\n#top #wrap_all .avia-button.av-kgf1wc7j-c3313d6877593f0e1a38bb89ca5f8882{\ncolor:#ffffff;\n-webkit-transition:all 0.4s ease-in-out;\n-moz-transition:all 0.4s ease-in-out;\n-ms-transition:all 0.4s ease-in-out;\n-o-transition:all 0.4s ease-in-out;\ntransition:all 0.4s ease-in-out;\n}\n#top #wrap_all .avia-button.av-kgf1wc7j-c3313d6877593f0e1a38bb89ca5f8882:hover{\ncolor:#ffffff;\n-webkit-transition:all 0.4s ease-in-out;\n-moz-transition:all 0.4s ease-in-out;\n-ms-transition:all 0.4s ease-in-out;\n-o-transition:all 0.4s ease-in-out;\ntransition:all 0.4s ease-in-out;\n}\n<\/style>\n<a href='https:\/\/www.facebook.com\/search\/top?q=hundspanns%C3%A4ventyr%20i%20dalarna' class='avia-color-theme-color avia-button avia-button-fullwidth av-kgf1wc7j-c3313d6877593f0e1a38bb89ca5f8882 avia-icon_select-yes-left-icon avia-color-theme-color' ><span class='avia_button_icon avia_button_icon_left' aria-hidden='true' data-av_icon='\ue832' data-av_iconfont='entypo-fontello'><\/span><span class='avia_iconbox_title' >  Besuchen Sie uns auf Facebook<\/span><span class='avia_button_background avia-button avia-button-fullwidth avia-color-theme-color-highlight'><\/span><\/a><\/div><\/p><\/div><\/p>\n","protected":false},"excerpt":{"rendered":"","protected":false},"author":3,"featured_media":6124,"parent":0,"menu_order":0,"comment_status":"closed","ping_status":"closed","template":"","meta":{"footnotes":""},"categories":[70],"tags":[],"class_list":["post-6543","page","type-page","status-publish","has-post-thumbnail","hentry","category-aktivitaten-in-orsa"],"_links":{"self":[{"href":"https:\/\/visitorsa.se\/de\/wp-json\/wp\/v2\/pages\/6543","targetHints":{"allow":["GET"]}}],"collection":[{"href":"https:\/\/visitorsa.se\/de\/wp-json\/wp\/v2\/pages"}],"about":[{"href":"https:\/\/visitorsa.se\/de\/wp-json\/wp\/v2\/types\/page"}],"author":[{"embeddable":true,"href":"https:\/\/visitorsa.se\/de\/wp-json\/wp\/v2\/users\/3"}],"replies":[{"embeddable":true,"href":"https:\/\/visitorsa.se\/de\/wp-json\/wp\/v2\/comments?post=6543"}],"version-history":[{"count":1,"href":"https:\/\/visitorsa.se\/de\/wp-json\/wp\/v2\/pages\/6543\/revisions"}],"predecessor-version":[{"id":6548,"href":"https:\/\/visitorsa.se\/de\/wp-json\/wp\/v2\/pages\/6543\/revisions\/6548"}],"wp:featuredmedia":[{"embeddable":true,"href":"https:\/\/visitorsa.se\/de\/wp-json\/wp\/v2\/media\/6124"}],"wp:attachment":[{"href":"https:\/\/visitorsa.se\/de\/wp-json\/wp\/v2\/media?parent=6543"}],"wp:term":[{"taxonomy":"category","embeddable":true,"href":"https:\/\/visitorsa.se\/de\/wp-json\/wp\/v2\/categories?post=6543"},{"taxonomy":"post_tag","embeddable":true,"href":"https:\/\/visitorsa.se\/de\/wp-json\/wp\/v2\/tags?post=6543"}],"curies":[{"name":"wp","href":"https:\/\/api.w.org\/{rel}","templated":true}]}}