{"id":6537,"date":"2021-11-28T16:05:06","date_gmt":"2021-11-28T15:05:06","guid":{"rendered":"https:\/\/staging.visitorsa.se\/orsa-jernvaegsfoerening\/"},"modified":"2022-07-10T13:50:39","modified_gmt":"2022-07-10T11:50:39","slug":"orsa-jernvaegsfoerening","status":"publish","type":"page","link":"https:\/\/visitorsa.se\/de\/orsa-jernvaegsfoerening\/","title":{"rendered":"Orsa J\u00e4rnv\u00e4gsf\u00f6rening"},"content":{"rendered":"\n<style type=\"text\/css\" data-created_by=\"avia_inline_auto\" id=\"style-css-av-6d4ygg-db790e9493201a1d2f9d8b3dfe30decc\">\n.flex_column.av-6d4ygg-db790e9493201a1d2f9d8b3dfe30decc{\n-webkit-border-radius:0px 0px 0px 0px;\n-moz-border-radius:0px 0px 0px 0px;\nborder-radius:0px 0px 0px 0px;\npadding:0px 0px 0px 0px;\n}\n<\/style>\n<div class='flex_column av-6d4ygg-db790e9493201a1d2f9d8b3dfe30decc av_one_full  avia-builder-el-0  el_before_av_one_half  avia-builder-el-first  first flex_column_div av-zero-column-padding '     ><style type=\"text\/css\" data-created_by=\"avia_inline_auto\" id=\"style-css-av-kgf1j3ru-e396c2bfb1612a42e2a43bdbc9f06e5d\">\n#top .avia-gallery.av-kgf1j3ru-e396c2bfb1612a42e2a43bdbc9f06e5d .avia-gallery-thumb a{\nwidth:25%;\n}\n<\/style>\n<div  class='avia-gallery av-kgf1j3ru-e396c2bfb1612a42e2a43bdbc9f06e5d avia_animate_when_visible  avia-builder-el-1  avia-builder-el-no-sibling  avia_lazyload avia-gallery-animate avia-gallery-1'  itemprop=\"image\" itemscope=\"itemscope\" itemtype=\"https:\/\/schema.org\/ImageObject\" ><meta itemprop=\"contentURL\" content=\"https:\/\/visitorsa.se\/de\/orsa-jernvaegsfoerening\/\"><div class='avia-gallery-thumb'><a href=\"https:\/\/visitorsa.se\/app\/uploads\/2021\/11\/Orsajf-1.jpg\" data-srcset=\"https:\/\/visitorsa.se\/app\/uploads\/2021\/11\/Orsajf-1.jpg 960w, https:\/\/visitorsa.se\/app\/uploads\/2021\/11\/Orsajf-1-300x200.jpg 300w, https:\/\/visitorsa.se\/app\/uploads\/2021\/11\/Orsajf-1-768x513.jpg 768w, https:\/\/visitorsa.se\/app\/uploads\/2021\/11\/Orsajf-1-705x471.jpg 705w\" data-sizes=\"(max-width: 960px) 100vw, 960px\" data-rel='gallery-1' data-prev-img='https:\/\/visitorsa.se\/app\/uploads\/2021\/11\/Orsajf-1-495x400.jpg' class='first_thumb lightbox ' data-onclick='1' title='Orsajf 1'  itemprop=\"thumbnailUrl\"  ><img decoding=\"async\" class=\"wp-image-6098 avia-img-lazy-loading-not-6098\"   src=\"https:\/\/visitorsa.se\/app\/uploads\/2021\/11\/Orsajf-1-495x400.jpg\" width=\"495\" height=\"400\"  title='Orsajf 1' alt='' \/><div class='big-prev-fake'><img loading=\"lazy\" decoding=\"async\" class=\"wp-image-6098 avia-img-lazy-loading-6098\"  width=\"495\" height=\"400\" src=\"https:\/\/visitorsa.se\/app\/uploads\/2021\/11\/Orsajf-1-495x400.jpg\" title='Orsajf 1' alt='' \/><\/div><\/a><a href=\"https:\/\/visitorsa.se\/app\/uploads\/2021\/11\/Orsajf-2.jpg\" data-srcset=\"https:\/\/visitorsa.se\/app\/uploads\/2021\/11\/Orsajf-2.jpg 960w, https:\/\/visitorsa.se\/app\/uploads\/2021\/11\/Orsajf-2-300x201.jpg 300w, https:\/\/visitorsa.se\/app\/uploads\/2021\/11\/Orsajf-2-768x514.jpg 768w, https:\/\/visitorsa.se\/app\/uploads\/2021\/11\/Orsajf-2-705x471.jpg 705w\" data-sizes=\"(max-width: 960px) 100vw, 960px\" data-rel='gallery-1' data-prev-img='https:\/\/visitorsa.se\/app\/uploads\/2021\/11\/Orsajf-2-495x400.jpg' class='lightbox ' data-onclick='2' title='Orsajf'  itemprop=\"thumbnailUrl\"  ><img decoding=\"async\" class=\"wp-image-6100 avia-img-lazy-loading-not-6100\"   src=\"https:\/\/visitorsa.se\/app\/uploads\/2021\/11\/Orsajf-2-495x400.jpg\" width=\"495\" height=\"400\"  title='Orsajf' alt='Besuchen Sie Orsa' \/><div class='big-prev-fake'><img loading=\"lazy\" decoding=\"async\" class=\"wp-image-6100 avia-img-lazy-loading-6100\"  width=\"495\" height=\"400\" src=\"https:\/\/visitorsa.se\/app\/uploads\/2021\/11\/Orsajf-2-495x400.jpg\" title='Orsajf' alt='Besuchen Sie Orsa' \/><\/div><\/a><a href=\"https:\/\/visitorsa.se\/app\/uploads\/2021\/11\/Orsajf-3.jpg\" data-srcset=\"https:\/\/visitorsa.se\/app\/uploads\/2021\/11\/Orsajf-3.jpg 960w, https:\/\/visitorsa.se\/app\/uploads\/2021\/11\/Orsajf-3-300x201.jpg 300w, https:\/\/visitorsa.se\/app\/uploads\/2021\/11\/Orsajf-3-768x514.jpg 768w, https:\/\/visitorsa.se\/app\/uploads\/2021\/11\/Orsajf-3-705x471.jpg 705w\" data-sizes=\"(max-width: 960px) 100vw, 960px\" data-rel='gallery-1' data-prev-img='https:\/\/visitorsa.se\/app\/uploads\/2021\/11\/Orsajf-3-495x400.jpg' class='lightbox ' data-onclick='3' title='Orsajf'  itemprop=\"thumbnailUrl\"  ><img decoding=\"async\" class=\"wp-image-6102 avia-img-lazy-loading-not-6102\"   src=\"https:\/\/visitorsa.se\/app\/uploads\/2021\/11\/Orsajf-3-495x400.jpg\" width=\"495\" height=\"400\"  title='Orsajf' alt='Besuchen Sie Orsa' \/><div class='big-prev-fake'><img loading=\"lazy\" decoding=\"async\" class=\"wp-image-6102 avia-img-lazy-loading-6102\"  width=\"495\" height=\"400\" src=\"https:\/\/visitorsa.se\/app\/uploads\/2021\/11\/Orsajf-3-495x400.jpg\" title='Orsajf' alt='Besuchen Sie Orsa' \/><\/div><\/a><a href=\"https:\/\/visitorsa.se\/app\/uploads\/2021\/11\/Orsajf-5-1030x686.jpg\" data-srcset=\"https:\/\/visitorsa.se\/app\/uploads\/2021\/11\/Orsajf-5-1030x686.jpg 1030w, https:\/\/visitorsa.se\/app\/uploads\/2021\/11\/Orsajf-5-300x200.jpg 300w, https:\/\/visitorsa.se\/app\/uploads\/2021\/11\/Orsajf-5-768x512.jpg 768w, https:\/\/visitorsa.se\/app\/uploads\/2021\/11\/Orsajf-5-1536x1024.jpg 1536w, https:\/\/visitorsa.se\/app\/uploads\/2021\/11\/Orsajf-5-1500x1000.jpg 1500w, https:\/\/visitorsa.se\/app\/uploads\/2021\/11\/Orsajf-5-705x470.jpg 705w, https:\/\/visitorsa.se\/app\/uploads\/2021\/11\/Orsajf-5.jpg 2048w\" data-sizes=\"(max-width: 1030px) 100vw, 1030px\" data-rel='gallery-1' data-prev-img='https:\/\/visitorsa.se\/app\/uploads\/2021\/11\/Orsajf-5-495x400.jpg' class='lightbox ' data-onclick='4' title='Orsajf'  itemprop=\"thumbnailUrl\"  ><img decoding=\"async\" class=\"wp-image-6106 avia-img-lazy-loading-not-6106\"   src=\"https:\/\/visitorsa.se\/app\/uploads\/2021\/11\/Orsajf-5-495x400.jpg\" width=\"495\" height=\"400\"  title='Orsajf' alt='Besuchen Sie Orsa' srcset=\"https:\/\/visitorsa.se\/app\/uploads\/2021\/11\/Orsajf-5-495x400.jpg 495w, https:\/\/visitorsa.se\/app\/uploads\/2021\/11\/Orsajf-5-845x684.jpg 845w\" sizes=\"(max-width: 495px) 100vw, 495px\" \/><div class='big-prev-fake'><img loading=\"lazy\" decoding=\"async\" class=\"wp-image-6106 avia-img-lazy-loading-6106\"  width=\"495\" height=\"400\" src=\"https:\/\/visitorsa.se\/app\/uploads\/2021\/11\/Orsajf-5-495x400.jpg\" title='Orsajf' alt='Besuchen Sie Orsa' srcset=\"https:\/\/visitorsa.se\/app\/uploads\/2021\/11\/Orsajf-5-495x400.jpg 495w, https:\/\/visitorsa.se\/app\/uploads\/2021\/11\/Orsajf-5-845x684.jpg 845w\" sizes=\"auto, (max-width: 495px) 100vw, 495px\" \/><\/div><\/a><\/div><\/div><\/div>\n\n<style type=\"text\/css\" data-created_by=\"avia_inline_auto\" id=\"style-css-av-aupcw0-034727ff4178265a807e03e0bbca9dc3\">\n.flex_column.av-aupcw0-034727ff4178265a807e03e0bbca9dc3{\n-webkit-border-radius:0px 0px 0px 0px;\n-moz-border-radius:0px 0px 0px 0px;\nborder-radius:0px 0px 0px 0px;\npadding:0px 0px 0px 0px;\n}\n<\/style>\n<div class='flex_column av-aupcw0-034727ff4178265a807e03e0bbca9dc3 av_one_half  avia-builder-el-2  el_after_av_one_full  el_before_av_one_half  first flex_column_div av-zero-column-padding column-top-margin'     ><section  class='av_textblock_section av-kgf1e6kl-253ba1d13068f8db85f0ad3cf08f701d'  itemscope=\"itemscope\" itemtype=\"https:\/\/schema.org\/CreativeWork\" ><div class='avia_textblock'  itemprop=\"text\" ><h3>Orsa Jernv\u00e4gsf\u00f6rening<\/h3>\n<p>Der Verein hat im Rahmen seiner T\u00e4tigkeit<\/p>\n<p>&#8211; den Orsa-Lokschuppen so zu bewirtschaften, dass seine Funktion und sein kulturhistorischer Wert erhalten bleiben<\/p>\n<p>&#8211; Verwaltung von Fahrzeugen und anderem Eigentum f\u00fcr die Instandhaltung in funktionalem Zustand;<\/p>\n<p>&#8211; Bahndienste mit Museumsausrichtung betreiben &#8211; das kulturelle Erbe von Orsa als bedeutenden Eisenbahnort f\u00f6rdern.<\/p>\n<\/div><\/section><br \/>\n<\/p><\/div>\n\n<style type=\"text\/css\" data-created_by=\"avia_inline_auto\" id=\"style-css-av-aupcw0-b252b444939f1c6223e79e5b57074446\">\n.flex_column.av-aupcw0-b252b444939f1c6223e79e5b57074446{\n-webkit-border-radius:0px 0px 0px 0px;\n-moz-border-radius:0px 0px 0px 0px;\nborder-radius:0px 0px 0px 0px;\npadding:0px 0px 0px 0px;\n}\n<\/style>\n<div class='flex_column av-aupcw0-b252b444939f1c6223e79e5b57074446 av_one_half  avia-builder-el-5  el_after_av_one_half  avia-builder-el-last  flex_column_div av-zero-column-padding column-top-margin'     ><section  class='av_textblock_section av-kgf1e6kl-253ba1d13068f8db85f0ad3cf08f701d'  itemscope=\"itemscope\" itemtype=\"https:\/\/schema.org\/CreativeWork\" ><div class='avia_textblock'  itemprop=\"text\" ><h3><strong>Unsere Touren<\/strong><\/h3>\n<p>Wir organisieren verschiedene Aktivit\u00e4ten, die mit Z\u00fcgen zu tun haben. Weitere Informationen finden Sie auf unserer Website<\/p>\n<h3>Kontakt<\/h3>\n<p>Hinsgatan 8 c\/o Blomberg<br \/>\n792 95 Mora<\/p>\n<p>E-Mail-Adresse: ordforande@orsajf.se<\/p>\n<\/div><\/section><br \/>\n<br \/>\n<div  class='avia-button-wrap avia-button-center  avia-builder-el-8  el_after_av_codeblock  avia-builder-el-last ' >\n<style type=\"text\/css\" data-created_by=\"avia_inline_auto\" id=\"style-css-av-kgf1wc7j-b33ddfb5e3d378a8dec48e8147b9c46e\">\n#top #wrap_all .avia-button.av-kgf1wc7j-b33ddfb5e3d378a8dec48e8147b9c46e{\ncolor:#ffffff;\n-webkit-transition:all 0.4s ease-in-out;\n-moz-transition:all 0.4s ease-in-out;\n-ms-transition:all 0.4s ease-in-out;\n-o-transition:all 0.4s ease-in-out;\ntransition:all 0.4s ease-in-out;\n}\n#top #wrap_all .avia-button.av-kgf1wc7j-b33ddfb5e3d378a8dec48e8147b9c46e:hover{\ncolor:#ffffff;\n-webkit-transition:all 0.4s ease-in-out;\n-moz-transition:all 0.4s ease-in-out;\n-ms-transition:all 0.4s ease-in-out;\n-o-transition:all 0.4s ease-in-out;\ntransition:all 0.4s ease-in-out;\n}\n<\/style>\n<a href='https:\/\/orsajf.se\/' class='avia-color-theme-color avia-button avia-button-fullwidth av-kgf1wc7j-b33ddfb5e3d378a8dec48e8147b9c46e avia-icon_select-yes-left-icon avia-color-theme-color' ><span class='avia_button_icon avia_button_icon_left' aria-hidden='true' data-av_icon='\ue832' data-av_iconfont='entypo-fontello'><\/span><span class='avia_iconbox_title' >  Besuchen Sie unsere Website<\/span><span class='avia_button_background avia-button avia-button-fullwidth avia-color-theme-color-highlight'><\/span><\/a><\/div><\/p><\/div>\n","protected":false},"excerpt":{"rendered":"","protected":false},"author":3,"featured_media":6100,"parent":0,"menu_order":0,"comment_status":"closed","ping_status":"closed","template":"","meta":{"footnotes":""},"categories":[70,82],"tags":[],"class_list":["post-6537","page","type-page","status-publish","has-post-thumbnail","hentry","category-aktivitaten-in-orsa","category-transport-taxi-de"],"_links":{"self":[{"href":"https:\/\/visitorsa.se\/de\/wp-json\/wp\/v2\/pages\/6537","targetHints":{"allow":["GET"]}}],"collection":[{"href":"https:\/\/visitorsa.se\/de\/wp-json\/wp\/v2\/pages"}],"about":[{"href":"https:\/\/visitorsa.se\/de\/wp-json\/wp\/v2\/types\/page"}],"author":[{"embeddable":true,"href":"https:\/\/visitorsa.se\/de\/wp-json\/wp\/v2\/users\/3"}],"replies":[{"embeddable":true,"href":"https:\/\/visitorsa.se\/de\/wp-json\/wp\/v2\/comments?post=6537"}],"version-history":[{"count":4,"href":"https:\/\/visitorsa.se\/de\/wp-json\/wp\/v2\/pages\/6537\/revisions"}],"predecessor-version":[{"id":7645,"href":"https:\/\/visitorsa.se\/de\/wp-json\/wp\/v2\/pages\/6537\/revisions\/7645"}],"wp:featuredmedia":[{"embeddable":true,"href":"https:\/\/visitorsa.se\/de\/wp-json\/wp\/v2\/media\/6100"}],"wp:attachment":[{"href":"https:\/\/visitorsa.se\/de\/wp-json\/wp\/v2\/media?parent=6537"}],"wp:term":[{"taxonomy":"category","embeddable":true,"href":"https:\/\/visitorsa.se\/de\/wp-json\/wp\/v2\/categories?post=6537"},{"taxonomy":"post_tag","embeddable":true,"href":"https:\/\/visitorsa.se\/de\/wp-json\/wp\/v2\/tags?post=6537"}],"curies":[{"name":"wp","href":"https:\/\/api.w.org\/{rel}","templated":true}]}}