{"id":6536,"date":"2022-02-20T12:59:53","date_gmt":"2022-02-20T11:59:53","guid":{"rendered":"https:\/\/staging.visitorsa.se\/orsa-pferd-design\/"},"modified":"2022-07-08T13:25:16","modified_gmt":"2022-07-08T11:25:16","slug":"orsa-pferd-design","status":"publish","type":"page","link":"https:\/\/visitorsa.se\/de\/orsa-pferd-design\/","title":{"rendered":"Orsah\u00e4sten Design"},"content":{"rendered":"\n<style type=\"text\/css\" data-created_by=\"avia_inline_auto\" id=\"style-css-av-6d4ygg-db790e9493201a1d2f9d8b3dfe30decc\">\n.flex_column.av-6d4ygg-db790e9493201a1d2f9d8b3dfe30decc{\n-webkit-border-radius:0px 0px 0px 0px;\n-moz-border-radius:0px 0px 0px 0px;\nborder-radius:0px 0px 0px 0px;\npadding:0px 0px 0px 0px;\n}\n<\/style>\n<div class='flex_column av-6d4ygg-db790e9493201a1d2f9d8b3dfe30decc av_one_full  avia-builder-el-0  el_before_av_one_half  avia-builder-el-first  first flex_column_div av-zero-column-padding '     ><style type=\"text\/css\" data-created_by=\"avia_inline_auto\" id=\"style-css-av-kgf1j3ru-3ee8f59b9a7071dfb6dfabbd15a439ff\">\n#top .avia-gallery.av-kgf1j3ru-3ee8f59b9a7071dfb6dfabbd15a439ff .avia-gallery-thumb a{\nwidth:25%;\n}\n<\/style>\n<div  class='avia-gallery av-kgf1j3ru-3ee8f59b9a7071dfb6dfabbd15a439ff avia_animate_when_visible  avia-builder-el-1  avia-builder-el-no-sibling  avia_lazyload avia-gallery-animate avia-gallery-1'  itemprop=\"image\" itemscope=\"itemscope\" itemtype=\"https:\/\/schema.org\/ImageObject\" ><meta itemprop=\"contentURL\" content=\"https:\/\/visitorsa.se\/de\/orsa-pferd-design\/\"><div class='avia-gallery-thumb'><a href=\"https:\/\/visitorsa.se\/app\/uploads\/2022\/04\/Orsa-hasten-1-rotated.jpeg\" data-srcset=\"https:\/\/visitorsa.se\/app\/uploads\/2022\/04\/Orsa-hasten-1-rotated.jpeg 480w, https:\/\/visitorsa.se\/app\/uploads\/2022\/04\/Orsa-hasten-1-225x300.jpeg 225w\" data-sizes=\"(max-width: 480px) 100vw, 480px\" data-rel='gallery-1' data-prev-img='https:\/\/visitorsa.se\/app\/uploads\/2022\/04\/Orsa-hasten-1-480x400.jpeg' class='first_thumb lightbox ' data-onclick='1' title='Orsa das Pferd'  itemprop=\"thumbnailUrl\"  ><img decoding=\"async\" class=\"wp-image-6206 avia-img-lazy-loading-not-6206\"   src=\"https:\/\/visitorsa.se\/app\/uploads\/2022\/04\/Orsa-hasten-1-480x400.jpeg\" width=\"480\" height=\"400\"  title='Orsa das Pferd' alt='Besuchen Sie Orsa' \/><div class='big-prev-fake'><img loading=\"lazy\" decoding=\"async\" class=\"wp-image-6206 avia-img-lazy-loading-6206\"  width=\"480\" height=\"400\" src=\"https:\/\/visitorsa.se\/app\/uploads\/2022\/04\/Orsa-hasten-1-480x400.jpeg\" title='Orsa das Pferd' alt='Besuchen Sie Orsa' \/><\/div><\/a><a href=\"https:\/\/visitorsa.se\/app\/uploads\/2022\/04\/Orsa-hasten-2.jpeg\" data-srcset=\"https:\/\/visitorsa.se\/app\/uploads\/2022\/04\/Orsa-hasten-2.jpeg 480w, https:\/\/visitorsa.se\/app\/uploads\/2022\/04\/Orsa-hasten-2-225x300.jpeg 225w\" data-sizes=\"(max-width: 480px) 100vw, 480px\" data-rel='gallery-1' data-prev-img='https:\/\/visitorsa.se\/app\/uploads\/2022\/04\/Orsa-hasten-2-480x400.jpeg' class='lightbox ' data-onclick='2' title='Orsa das Pferd'  itemprop=\"thumbnailUrl\"  ><img decoding=\"async\" class=\"wp-image-6208 avia-img-lazy-loading-not-6208\"   src=\"https:\/\/visitorsa.se\/app\/uploads\/2022\/04\/Orsa-hasten-2-480x400.jpeg\" width=\"480\" height=\"400\"  title='Orsa das Pferd' alt='Besuchen Sie Orsa' \/><div class='big-prev-fake'><img loading=\"lazy\" decoding=\"async\" class=\"wp-image-6208 avia-img-lazy-loading-6208\"  width=\"480\" height=\"400\" src=\"https:\/\/visitorsa.se\/app\/uploads\/2022\/04\/Orsa-hasten-2-480x400.jpeg\" title='Orsa das Pferd' alt='Besuchen Sie Orsa' \/><\/div><\/a><a href=\"https:\/\/visitorsa.se\/app\/uploads\/2022\/04\/Orsa-hasten-3.jpeg\" data-srcset=\"https:\/\/visitorsa.se\/app\/uploads\/2022\/04\/Orsa-hasten-3.jpeg 640w, https:\/\/visitorsa.se\/app\/uploads\/2022\/04\/Orsa-hasten-3-300x219.jpeg 300w\" data-sizes=\"(max-width: 640px) 100vw, 640px\" data-rel='gallery-1' data-prev-img='https:\/\/visitorsa.se\/app\/uploads\/2022\/04\/Orsa-hasten-3-495x400.jpeg' class='lightbox ' data-onclick='3' title='Orsa das Pferd'  itemprop=\"thumbnailUrl\"  ><img decoding=\"async\" class=\"wp-image-6210 avia-img-lazy-loading-not-6210\"   src=\"https:\/\/visitorsa.se\/app\/uploads\/2022\/04\/Orsa-hasten-3-495x400.jpeg\" width=\"495\" height=\"400\"  title='Orsa das Pferd' alt='Besuchen Sie Orsa' \/><div class='big-prev-fake'><img loading=\"lazy\" decoding=\"async\" class=\"wp-image-6210 avia-img-lazy-loading-6210\"  width=\"495\" height=\"400\" src=\"https:\/\/visitorsa.se\/app\/uploads\/2022\/04\/Orsa-hasten-3-495x400.jpeg\" title='Orsa das Pferd' alt='Besuchen Sie Orsa' \/><\/div><\/a><a href=\"https:\/\/visitorsa.se\/app\/uploads\/2022\/04\/Orsa-hasten-4-rotated.jpeg\" data-srcset=\"https:\/\/visitorsa.se\/app\/uploads\/2022\/04\/Orsa-hasten-4-rotated.jpeg 640w, https:\/\/visitorsa.se\/app\/uploads\/2022\/04\/Orsa-hasten-4-300x225.jpeg 300w\" data-sizes=\"(max-width: 640px) 100vw, 640px\" data-rel='gallery-1' data-prev-img='https:\/\/visitorsa.se\/app\/uploads\/2022\/04\/Orsa-hasten-4-495x400.jpeg' class='lightbox ' data-onclick='4' title='Orsa das Pferd'  itemprop=\"thumbnailUrl\"  ><img decoding=\"async\" class=\"wp-image-6212 avia-img-lazy-loading-not-6212\"   src=\"https:\/\/visitorsa.se\/app\/uploads\/2022\/04\/Orsa-hasten-4-495x400.jpeg\" width=\"495\" height=\"400\"  title='Orsa das Pferd' alt='Besuchen Sie Orsa' \/><div class='big-prev-fake'><img loading=\"lazy\" decoding=\"async\" class=\"wp-image-6212 avia-img-lazy-loading-6212\"  width=\"495\" height=\"400\" src=\"https:\/\/visitorsa.se\/app\/uploads\/2022\/04\/Orsa-hasten-4-495x400.jpeg\" title='Orsa das Pferd' alt='Besuchen Sie Orsa' \/><\/div><\/a><\/div><\/div><\/div>\n<style type=\"text\/css\" data-created_by=\"avia_inline_auto\" id=\"style-css-av-aupcw0-034727ff4178265a807e03e0bbca9dc3\">\n.flex_column.av-aupcw0-034727ff4178265a807e03e0bbca9dc3{\n-webkit-border-radius:0px 0px 0px 0px;\n-moz-border-radius:0px 0px 0px 0px;\nborder-radius:0px 0px 0px 0px;\npadding:0px 0px 0px 0px;\n}\n<\/style>\n<div class='flex_column av-aupcw0-034727ff4178265a807e03e0bbca9dc3 av_one_half  avia-builder-el-2  el_after_av_one_full  el_before_av_one_half  first flex_column_div av-zero-column-padding column-top-margin'     ><section  class='av_textblock_section av-kgf1e6kl-253ba1d13068f8db85f0ad3cf08f701d'  itemscope=\"itemscope\" itemtype=\"https:\/\/schema.org\/CreativeWork\" ><div class='avia_textblock'  itemprop=\"text\" ><h3 class=\"w44 bcm cn\">Orsah\u00e4sten design<\/h3>\n<p>Orsah\u00e4sten,\u00a0senaste\u00a0nykomlingen\u00a0bland Dalah\u00e4starna\u00a0och\u00a0en stolt b\u00e4rare av gammal tradition.<\/p>\n<p>Det hela b\u00f6rjade n\u00e4r vi arbetade med temat\u00a0dalah\u00e4star p\u00e5 f\u00f6rskolan d\u00e4r vi b\u00e5da jobbar. Vi uppt\u00e4ckte att det fanns m\u00e5nga olika\u00a0dalah\u00e4star, n\u00e4stan varje ort\u00a0i Dalarna\u00a0har\u00a0sin egen. Orsa hade dock ingen\u00a0egen h\u00e4st,\u00a0vilket vi\u00a0tyckte\u00a0att det var dags att \u00e4ndra p\u00e5.<\/p>\n<p>H\u00e4stens f\u00e4rg och form kom till oss direkt. Vi ville att den skulle likna en riktig h\u00e4st, och tillsammans med\u00a0Tage J\u00f6nsarsom \u00e4r en erfaren och duktig tr\u00e4t\u00e4ljare b\u00f6rjade Orsah\u00e4sten\u00a0ta form.\u00a0Den gr\u00f6na f\u00e4rgen symboliserar de milsvida Orsaskogarna. Det bl\u00e5 i m\u00f6nstret h\u00e4mtade vi fr\u00e5n Orsasj\u00f6n, men inspirerades ocks\u00e5 av banden i Orsadr\u00e4kten.<\/p>\n<p>Att h\u00e4sten skulle b\u00e4ra en slipsten k\u00e4ndes sj\u00e4lvklart d\u00e5 slipstenar har haft en stor betydelse f\u00f6r att s\u00e4tta Orsa p\u00e5 kartan.<\/p>\n<p>Gensvaret blev mycket stort\u00a0och nu\u00a0tio\u00a0\u00e5r senare\u00a0vet vi att Orsah\u00e4sten\u00a0\u00e4r popul\u00e4r i svenska hem, men\u00a0har\u00a0ocks\u00e5 tagit sig\u00a0ut i Europa och\u00a0\u00e4nda\u00a0bort\u00a0till Kina\u00a0och\u00a0USA.<\/p>\n<p>Under \u00e5rens lopp har vi \u00e4ven producerat andra produkter Orsah\u00e4stens anda, bland annat ljusstakar och handdukar.<\/p>\n<\/div><\/section><br \/>\n<\/p><\/div><\/p>\n\n<style type=\"text\/css\" data-created_by=\"avia_inline_auto\" id=\"style-css-av-aupcw0-b252b444939f1c6223e79e5b57074446\">\n.flex_column.av-aupcw0-b252b444939f1c6223e79e5b57074446{\n-webkit-border-radius:0px 0px 0px 0px;\n-moz-border-radius:0px 0px 0px 0px;\nborder-radius:0px 0px 0px 0px;\npadding:0px 0px 0px 0px;\n}\n<\/style>\n<div class='flex_column av-aupcw0-b252b444939f1c6223e79e5b57074446 av_one_half  avia-builder-el-5  el_after_av_one_half  avia-builder-el-last  flex_column_div av-zero-column-padding column-top-margin'     ><section  class='av_textblock_section av-kgf1e6kl-253ba1d13068f8db85f0ad3cf08f701d'  itemscope=\"itemscope\" itemtype=\"https:\/\/schema.org\/CreativeWork\" ><div class='avia_textblock'  itemprop=\"text\" ><h3><strong>Kontaktieren Sie uns<\/strong><\/h3>\n<p>Orsa Pferd Design<\/p>\n<p>Kristina Karner<\/p>\n<p>Knappt\u00e5gsv\u00e4gen 34, 794 33 Orsa<\/p>\n<p>Tel.: 070-6510098<\/p>\n<p>E-Mail-Adresse: <a href=\"mailto:kristina.karner@gmail.com\" target=\"_blank\" rel=\"noopener\">kristina.karner@gmail.com<\/a><\/p>\n<div id=\"mh\">\n<div id=\"mm\"><\/div>\n<\/div>\n<\/div><\/section><br \/>\n<br \/>\n<div  class='avia-button-wrap avia-button-center  avia-builder-el-8  el_after_av_codeblock  el_before_av_button_big ' >\n<style type=\"text\/css\" data-created_by=\"avia_inline_auto\" id=\"style-css-av-kgf1wc7j-1108e5b3f0cf34ea7a80c1aa9c63d4c3\">\n#top #wrap_all .avia-button.av-kgf1wc7j-1108e5b3f0cf34ea7a80c1aa9c63d4c3{\ncolor:#ffffff;\n-webkit-transition:all 0.4s ease-in-out;\n-moz-transition:all 0.4s ease-in-out;\n-ms-transition:all 0.4s ease-in-out;\n-o-transition:all 0.4s ease-in-out;\ntransition:all 0.4s ease-in-out;\n}\n#top #wrap_all .avia-button.av-kgf1wc7j-1108e5b3f0cf34ea7a80c1aa9c63d4c3:hover{\ncolor:#ffffff;\n-webkit-transition:all 0.4s ease-in-out;\n-moz-transition:all 0.4s ease-in-out;\n-ms-transition:all 0.4s ease-in-out;\n-o-transition:all 0.4s ease-in-out;\ntransition:all 0.4s ease-in-out;\n}\n<\/style>\n<a href='https:\/\/www.facebook.com\/orsahastendesign\/' class='avia-color-theme-color avia-button avia-button-fullwidth av-kgf1wc7j-1108e5b3f0cf34ea7a80c1aa9c63d4c3 avia-icon_select-yes-left-icon avia-color-theme-color' ><span class='avia_button_icon avia_button_icon_left' aria-hidden='true' data-av_icon='\ue832' data-av_iconfont='entypo-fontello'><\/span><span class='avia_iconbox_title' >  Besuchen Sie uns auf Facebook<\/span><span class='avia_button_background avia-button avia-button-fullwidth avia-color-theme-color-highlight'><\/span><\/a><\/div><br \/>\n<div  class='avia-button-wrap avia-button-center  avia-builder-el-9  el_after_av_button_big  avia-builder-el-last ' >\n<style type=\"text\/css\" data-created_by=\"avia_inline_auto\" id=\"style-css-av-kgf1wc7j-ef44e7e4cef4c05c60b36c30db87bf47\">\n#top #wrap_all .avia-button.av-kgf1wc7j-ef44e7e4cef4c05c60b36c30db87bf47{\ncolor:#ffffff;\n-webkit-transition:all 0.4s ease-in-out;\n-moz-transition:all 0.4s ease-in-out;\n-ms-transition:all 0.4s ease-in-out;\n-o-transition:all 0.4s ease-in-out;\ntransition:all 0.4s ease-in-out;\n}\n#top #wrap_all .avia-button.av-kgf1wc7j-ef44e7e4cef4c05c60b36c30db87bf47:hover{\ncolor:#ffffff;\n-webkit-transition:all 0.4s ease-in-out;\n-moz-transition:all 0.4s ease-in-out;\n-ms-transition:all 0.4s ease-in-out;\n-o-transition:all 0.4s ease-in-out;\ntransition:all 0.4s ease-in-out;\n}\n<\/style>\n<a href='https:\/\/www.instagram.com\/orsahastendesign\/' class='avia-color-theme-color avia-button avia-button-fullwidth av-kgf1wc7j-ef44e7e4cef4c05c60b36c30db87bf47 avia-icon_select-yes-left-icon avia-color-theme-color' ><span class='avia_button_icon avia_button_icon_left' aria-hidden='true' data-av_icon='\ue832' data-av_iconfont='entypo-fontello'><\/span><span class='avia_iconbox_title' >  Besuchen Sie uns auf Instagram<\/span><span class='avia_button_background avia-button avia-button-fullwidth avia-color-theme-color-highlight'><\/span><\/a><\/div><\/p><\/div>\n","protected":false},"excerpt":{"rendered":"","protected":false},"author":3,"featured_media":6214,"parent":0,"menu_order":0,"comment_status":"closed","ping_status":"closed","template":"","meta":{"footnotes":""},"categories":[80],"tags":[],"class_list":["post-6536","page","type-page","status-publish","has-post-thumbnail","hentry","category-handel-handwerk"],"_links":{"self":[{"href":"https:\/\/visitorsa.se\/de\/wp-json\/wp\/v2\/pages\/6536","targetHints":{"allow":["GET"]}}],"collection":[{"href":"https:\/\/visitorsa.se\/de\/wp-json\/wp\/v2\/pages"}],"about":[{"href":"https:\/\/visitorsa.se\/de\/wp-json\/wp\/v2\/types\/page"}],"author":[{"embeddable":true,"href":"https:\/\/visitorsa.se\/de\/wp-json\/wp\/v2\/users\/3"}],"replies":[{"embeddable":true,"href":"https:\/\/visitorsa.se\/de\/wp-json\/wp\/v2\/comments?post=6536"}],"version-history":[{"count":4,"href":"https:\/\/visitorsa.se\/de\/wp-json\/wp\/v2\/pages\/6536\/revisions"}],"predecessor-version":[{"id":7648,"href":"https:\/\/visitorsa.se\/de\/wp-json\/wp\/v2\/pages\/6536\/revisions\/7648"}],"wp:featuredmedia":[{"embeddable":true,"href":"https:\/\/visitorsa.se\/de\/wp-json\/wp\/v2\/media\/6214"}],"wp:attachment":[{"href":"https:\/\/visitorsa.se\/de\/wp-json\/wp\/v2\/media?parent=6536"}],"wp:term":[{"taxonomy":"category","embeddable":true,"href":"https:\/\/visitorsa.se\/de\/wp-json\/wp\/v2\/categories?post=6536"},{"taxonomy":"post_tag","embeddable":true,"href":"https:\/\/visitorsa.se\/de\/wp-json\/wp\/v2\/tags?post=6536"}],"curies":[{"name":"wp","href":"https:\/\/api.w.org\/{rel}","templated":true}]}}