{"id":6516,"date":"2021-12-02T09:41:50","date_gmt":"2021-12-02T08:41:50","guid":{"rendered":"https:\/\/staging.visitorsa.se\/unternehmer-orsa\/"},"modified":"2022-07-08T13:42:11","modified_gmt":"2022-07-08T11:42:11","slug":"unternehmer-orsa","status":"publish","type":"page","link":"https:\/\/visitorsa.se\/de\/unternehmer-orsa\/","title":{"rendered":"F\u00f6retagarna Orsa"},"content":{"rendered":"\n<style type=\"text\/css\" data-created_by=\"avia_inline_auto\" id=\"style-css-av-6d4ygg-db790e9493201a1d2f9d8b3dfe30decc\">\n.flex_column.av-6d4ygg-db790e9493201a1d2f9d8b3dfe30decc{\n-webkit-border-radius:0px 0px 0px 0px;\n-moz-border-radius:0px 0px 0px 0px;\nborder-radius:0px 0px 0px 0px;\npadding:0px 0px 0px 0px;\n}\n<\/style>\n<div class='flex_column av-6d4ygg-db790e9493201a1d2f9d8b3dfe30decc av_one_full  avia-builder-el-0  el_before_av_one_half  avia-builder-el-first  first flex_column_div av-zero-column-padding '     ><style type=\"text\/css\" data-created_by=\"avia_inline_auto\" id=\"style-css-av-kgf1j3ru-4c752cf7aa388426c5c673bf0dc3e395\">\n#top .avia-gallery.av-kgf1j3ru-4c752cf7aa388426c5c673bf0dc3e395 .avia-gallery-thumb a{\nwidth:25%;\n}\n<\/style>\n<div  class='avia-gallery av-kgf1j3ru-4c752cf7aa388426c5c673bf0dc3e395 avia_animate_when_visible  avia-builder-el-1  avia-builder-el-no-sibling  avia_lazyload avia-gallery-animate avia-gallery-1'  itemprop=\"image\" itemscope=\"itemscope\" itemtype=\"https:\/\/schema.org\/ImageObject\" ><meta itemprop=\"contentURL\" content=\"https:\/\/visitorsa.se\/de\/unternehmer-orsa\/\"><div class='avia-gallery-thumb'><a href=\"https:\/\/visitorsa.se\/app\/uploads\/2021\/12\/Foretagarna-Orsa-1.png\" data-srcset=\"https:\/\/visitorsa.se\/app\/uploads\/2021\/12\/Foretagarna-Orsa-1.png 640w, https:\/\/visitorsa.se\/app\/uploads\/2021\/12\/Foretagarna-Orsa-1-300x195.png 300w\" data-sizes=\"(max-width: 640px) 100vw, 640px\" data-rel='gallery-1' data-prev-img='https:\/\/visitorsa.se\/app\/uploads\/2021\/12\/Foretagarna-Orsa-1-495x400.png' class='first_thumb lightbox ' data-onclick='1' title='Unternehmer Orsa'  itemprop=\"thumbnailUrl\"  ><img decoding=\"async\" class=\"wp-image-6126 avia-img-lazy-loading-not-6126\"   src=\"https:\/\/visitorsa.se\/app\/uploads\/2021\/12\/Foretagarna-Orsa-1-495x400.png\" width=\"495\" height=\"400\"  title='Unternehmer Orsa' alt='Besuchen Sie Orsa' \/><div class='big-prev-fake'><img loading=\"lazy\" decoding=\"async\" class=\"wp-image-6126 avia-img-lazy-loading-6126\"  width=\"495\" height=\"400\" src=\"https:\/\/visitorsa.se\/app\/uploads\/2021\/12\/Foretagarna-Orsa-1-495x400.png\" title='Unternehmer Orsa' alt='Besuchen Sie Orsa' \/><\/div><\/a><a href=\"https:\/\/visitorsa.se\/app\/uploads\/2021\/12\/Foretagarna-Orsa-2.png-1030x688.jpeg\" data-srcset=\"https:\/\/visitorsa.se\/app\/uploads\/2021\/12\/Foretagarna-Orsa-2.png-1030x688.jpeg 1030w, https:\/\/visitorsa.se\/app\/uploads\/2021\/12\/Foretagarna-Orsa-2.png-300x200.jpeg 300w, https:\/\/visitorsa.se\/app\/uploads\/2021\/12\/Foretagarna-Orsa-2.png-768x513.jpeg 768w, https:\/\/visitorsa.se\/app\/uploads\/2021\/12\/Foretagarna-Orsa-2.png-1536x1025.jpeg 1536w, https:\/\/visitorsa.se\/app\/uploads\/2021\/12\/Foretagarna-Orsa-2.png-1500x1001.jpeg 1500w, https:\/\/visitorsa.se\/app\/uploads\/2021\/12\/Foretagarna-Orsa-2.png-705x471.jpeg 705w, https:\/\/visitorsa.se\/app\/uploads\/2021\/12\/Foretagarna-Orsa-2.png.jpeg 2048w\" data-sizes=\"(max-width: 1030px) 100vw, 1030px\" data-rel='gallery-1' data-prev-img='https:\/\/visitorsa.se\/app\/uploads\/2021\/12\/Foretagarna-Orsa-2.png-495x400.jpeg' class='lightbox ' data-onclick='2' title='Unternehmer Orsa'  itemprop=\"thumbnailUrl\"  ><img decoding=\"async\" class=\"wp-image-6128 avia-img-lazy-loading-not-6128\"   src=\"https:\/\/visitorsa.se\/app\/uploads\/2021\/12\/Foretagarna-Orsa-2.png-495x400.jpeg\" width=\"495\" height=\"400\"  title='Unternehmer Orsa' alt='Besuchen Sie Orsa' srcset=\"https:\/\/visitorsa.se\/app\/uploads\/2021\/12\/Foretagarna-Orsa-2.png-495x400.jpeg 495w, https:\/\/visitorsa.se\/app\/uploads\/2021\/12\/Foretagarna-Orsa-2.png-845x684.jpeg 845w\" sizes=\"(max-width: 495px) 100vw, 495px\" \/><div class='big-prev-fake'><img loading=\"lazy\" decoding=\"async\" class=\"wp-image-6128 avia-img-lazy-loading-6128\"  width=\"495\" height=\"400\" src=\"https:\/\/visitorsa.se\/app\/uploads\/2021\/12\/Foretagarna-Orsa-2.png-495x400.jpeg\" title='Unternehmer Orsa' alt='Besuchen Sie Orsa' srcset=\"https:\/\/visitorsa.se\/app\/uploads\/2021\/12\/Foretagarna-Orsa-2.png-495x400.jpeg 495w, https:\/\/visitorsa.se\/app\/uploads\/2021\/12\/Foretagarna-Orsa-2.png-845x684.jpeg 845w\" sizes=\"auto, (max-width: 495px) 100vw, 495px\" \/><\/div><\/a><a href=\"https:\/\/visitorsa.se\/app\/uploads\/2021\/12\/Foretagarna-Orsa-3-1030x686.jpeg\" data-srcset=\"https:\/\/visitorsa.se\/app\/uploads\/2021\/12\/Foretagarna-Orsa-3-1030x686.jpeg 1030w, https:\/\/visitorsa.se\/app\/uploads\/2021\/12\/Foretagarna-Orsa-3-300x200.jpeg 300w, https:\/\/visitorsa.se\/app\/uploads\/2021\/12\/Foretagarna-Orsa-3-768x512.jpeg 768w, https:\/\/visitorsa.se\/app\/uploads\/2021\/12\/Foretagarna-Orsa-3-1536x1024.jpeg 1536w, https:\/\/visitorsa.se\/app\/uploads\/2021\/12\/Foretagarna-Orsa-3-1500x1000.jpeg 1500w, https:\/\/visitorsa.se\/app\/uploads\/2021\/12\/Foretagarna-Orsa-3-705x470.jpeg 705w, https:\/\/visitorsa.se\/app\/uploads\/2021\/12\/Foretagarna-Orsa-3.jpeg 2048w\" data-sizes=\"(max-width: 1030px) 100vw, 1030px\" data-rel='gallery-1' data-prev-img='https:\/\/visitorsa.se\/app\/uploads\/2021\/12\/Foretagarna-Orsa-3-495x400.jpeg' class='lightbox ' data-onclick='3' title='Unternehmer Orsa'  itemprop=\"thumbnailUrl\"  ><img decoding=\"async\" class=\"wp-image-6130 avia-img-lazy-loading-not-6130\"   src=\"https:\/\/visitorsa.se\/app\/uploads\/2021\/12\/Foretagarna-Orsa-3-495x400.jpeg\" width=\"495\" height=\"400\"  title='Unternehmer Orsa' alt='Besuchen Sie Orsa' srcset=\"https:\/\/visitorsa.se\/app\/uploads\/2021\/12\/Foretagarna-Orsa-3-495x400.jpeg 495w, https:\/\/visitorsa.se\/app\/uploads\/2021\/12\/Foretagarna-Orsa-3-845x684.jpeg 845w\" sizes=\"(max-width: 495px) 100vw, 495px\" \/><div class='big-prev-fake'><img loading=\"lazy\" decoding=\"async\" class=\"wp-image-6130 avia-img-lazy-loading-6130\"  width=\"495\" height=\"400\" src=\"https:\/\/visitorsa.se\/app\/uploads\/2021\/12\/Foretagarna-Orsa-3-495x400.jpeg\" title='Unternehmer Orsa' alt='Besuchen Sie Orsa' srcset=\"https:\/\/visitorsa.se\/app\/uploads\/2021\/12\/Foretagarna-Orsa-3-495x400.jpeg 495w, https:\/\/visitorsa.se\/app\/uploads\/2021\/12\/Foretagarna-Orsa-3-845x684.jpeg 845w\" sizes=\"auto, (max-width: 495px) 100vw, 495px\" \/><\/div><\/a><\/div><\/div><\/div>\n\n<style type=\"text\/css\" data-created_by=\"avia_inline_auto\" id=\"style-css-av-aupcw0-034727ff4178265a807e03e0bbca9dc3\">\n.flex_column.av-aupcw0-034727ff4178265a807e03e0bbca9dc3{\n-webkit-border-radius:0px 0px 0px 0px;\n-moz-border-radius:0px 0px 0px 0px;\nborder-radius:0px 0px 0px 0px;\npadding:0px 0px 0px 0px;\n}\n<\/style>\n<div class='flex_column av-aupcw0-034727ff4178265a807e03e0bbca9dc3 av_one_half  avia-builder-el-2  el_after_av_one_full  el_before_av_one_half  first flex_column_div av-zero-column-padding column-top-margin'     ><section  class='av_textblock_section av-kgf1e6kl-253ba1d13068f8db85f0ad3cf08f701d'  itemscope=\"itemscope\" itemtype=\"https:\/\/schema.org\/CreativeWork\" ><div class='avia_textblock'  itemprop=\"text\" ><h3>Unternehmer Orsa<\/h3>\n<p>In Schweden hat F\u00f6retagarna etwa 70.000 Mitglieder. Wir arbeiten ehrenamtlich f\u00fcr unsere rund 120 Mitglieder (Unternehmer) in Orsa, um die Bedingungen f\u00fcr Unternehmertum in Orsa zu entwickeln. Wir verfolgen die Themen, die den Mitgliedern hier vor Ort am wichtigsten sind (&#8220;Easy to do the right thing&#8221;, faire und zug\u00e4ngliche \u00f6ffentliche Beschaffung, Zusammenarbeit Schule-Business). Wir helfen auch einzelnen Mitgliedern, wenn sie es brauchen. Wir organisieren auch Feierlichkeiten, heben das Unternehmertum in Orsa hervor, arbeiten f\u00fcr eine attraktive und starke Orsa und bieten eine gro\u00dfe Anzahl von Mitgliedervorteilen.<\/p>\n<\/div><\/section><br \/>\n<\/p><\/div>\n\n<style type=\"text\/css\" data-created_by=\"avia_inline_auto\" id=\"style-css-av-aupcw0-b252b444939f1c6223e79e5b57074446\">\n.flex_column.av-aupcw0-b252b444939f1c6223e79e5b57074446{\n-webkit-border-radius:0px 0px 0px 0px;\n-moz-border-radius:0px 0px 0px 0px;\nborder-radius:0px 0px 0px 0px;\npadding:0px 0px 0px 0px;\n}\n<\/style>\n<div class='flex_column av-aupcw0-b252b444939f1c6223e79e5b57074446 av_one_half  avia-builder-el-5  el_after_av_one_half  avia-builder-el-last  flex_column_div av-zero-column-padding column-top-margin'     ><section  class='av_textblock_section av-kgf1e6kl-253ba1d13068f8db85f0ad3cf08f701d'  itemscope=\"itemscope\" itemtype=\"https:\/\/schema.org\/CreativeWork\" ><div class='avia_textblock'  itemprop=\"text\" ><h3><strong>Kontakta oss<\/strong><\/h3>\n<ul class=\"side-list listig\">\n<li class=\"wrap-text\">0703390114<\/li>\n<li class=\"wrap-text\"><a href=\"mailto:orsa@foretagarna.se\" target=\"_blank\" rel=\"noopener noreferrer\">orsa@foretagarna.se<\/a><\/li>\n<\/ul>\n<p>c\/o Framv\u00e4xtbolaget i Dalarna, box 99<br \/>\n79422 Orsa<\/p>\n<\/div><\/section><br \/>\n<br \/>\n<div  class='avia-button-wrap avia-button-center  avia-builder-el-8  el_after_av_codeblock  el_before_av_button_big ' >\n<style type=\"text\/css\" data-created_by=\"avia_inline_auto\" id=\"style-css-av-kgf1wc7j-3be9b33c5f4255fba826cbd9a81ccf93\">\n#top #wrap_all .avia-button.av-kgf1wc7j-3be9b33c5f4255fba826cbd9a81ccf93{\ncolor:#ffffff;\n-webkit-transition:all 0.4s ease-in-out;\n-moz-transition:all 0.4s ease-in-out;\n-ms-transition:all 0.4s ease-in-out;\n-o-transition:all 0.4s ease-in-out;\ntransition:all 0.4s ease-in-out;\n}\n#top #wrap_all .avia-button.av-kgf1wc7j-3be9b33c5f4255fba826cbd9a81ccf93:hover{\ncolor:#ffffff;\n-webkit-transition:all 0.4s ease-in-out;\n-moz-transition:all 0.4s ease-in-out;\n-ms-transition:all 0.4s ease-in-out;\n-o-transition:all 0.4s ease-in-out;\ntransition:all 0.4s ease-in-out;\n}\n<\/style>\n<a href='https:\/\/www.foretagarna.se\/foreningar\/orsa\/' class='avia-color-theme-color avia-button avia-button-fullwidth av-kgf1wc7j-3be9b33c5f4255fba826cbd9a81ccf93 avia-icon_select-yes-left-icon avia-color-theme-color' ><span class='avia_button_icon avia_button_icon_left' aria-hidden='true' data-av_icon='\ue832' data-av_iconfont='entypo-fontello'><\/span><span class='avia_iconbox_title' >  Besuchen Sie unsere Website<\/span><span class='avia_button_background avia-button avia-button-fullwidth avia-color-theme-color-highlight'><\/span><\/a><\/div><br \/>\n<div  class='avia-button-wrap avia-button-center  avia-builder-el-9  el_after_av_button_big  avia-builder-el-last ' >\n<style type=\"text\/css\" data-created_by=\"avia_inline_auto\" id=\"style-css-av-kgf1wc7j-2f720fa23835897266b0f4e582ab2313\">\n#top #wrap_all .avia-button.av-kgf1wc7j-2f720fa23835897266b0f4e582ab2313{\ncolor:#ffffff;\n-webkit-transition:all 0.4s ease-in-out;\n-moz-transition:all 0.4s ease-in-out;\n-ms-transition:all 0.4s ease-in-out;\n-o-transition:all 0.4s ease-in-out;\ntransition:all 0.4s ease-in-out;\n}\n#top #wrap_all .avia-button.av-kgf1wc7j-2f720fa23835897266b0f4e582ab2313:hover{\ncolor:#ffffff;\n-webkit-transition:all 0.4s ease-in-out;\n-moz-transition:all 0.4s ease-in-out;\n-ms-transition:all 0.4s ease-in-out;\n-o-transition:all 0.4s ease-in-out;\ntransition:all 0.4s ease-in-out;\n}\n<\/style>\n<a href='https:\/\/www.facebook.com\/search\/top?q=f%C3%B6retagarna%20orsa' class='avia-color-theme-color avia-button avia-button-fullwidth av-kgf1wc7j-2f720fa23835897266b0f4e582ab2313 avia-icon_select-yes-left-icon avia-color-theme-color' ><span class='avia_button_icon avia_button_icon_left' aria-hidden='true' data-av_icon='\ue832' data-av_iconfont='entypo-fontello'><\/span><span class='avia_iconbox_title' >  Besuchen Sie uns auf Facebook<\/span><span class='avia_button_background avia-button avia-button-fullwidth avia-color-theme-color-highlight'><\/span><\/a><\/div><\/p><\/div>\n","protected":false},"excerpt":{"rendered":"","protected":false},"author":3,"featured_media":6130,"parent":0,"menu_order":0,"comment_status":"closed","ping_status":"closed","template":"","meta":{"footnotes":""},"categories":[76],"tags":[],"class_list":["post-6516","page","type-page","status-publish","has-post-thumbnail","hentry","category-medien-information"],"_links":{"self":[{"href":"https:\/\/visitorsa.se\/de\/wp-json\/wp\/v2\/pages\/6516","targetHints":{"allow":["GET"]}}],"collection":[{"href":"https:\/\/visitorsa.se\/de\/wp-json\/wp\/v2\/pages"}],"about":[{"href":"https:\/\/visitorsa.se\/de\/wp-json\/wp\/v2\/types\/page"}],"author":[{"embeddable":true,"href":"https:\/\/visitorsa.se\/de\/wp-json\/wp\/v2\/users\/3"}],"replies":[{"embeddable":true,"href":"https:\/\/visitorsa.se\/de\/wp-json\/wp\/v2\/comments?post=6516"}],"version-history":[{"count":3,"href":"https:\/\/visitorsa.se\/de\/wp-json\/wp\/v2\/pages\/6516\/revisions"}],"predecessor-version":[{"id":7676,"href":"https:\/\/visitorsa.se\/de\/wp-json\/wp\/v2\/pages\/6516\/revisions\/7676"}],"wp:featuredmedia":[{"embeddable":true,"href":"https:\/\/visitorsa.se\/de\/wp-json\/wp\/v2\/media\/6130"}],"wp:attachment":[{"href":"https:\/\/visitorsa.se\/de\/wp-json\/wp\/v2\/media?parent=6516"}],"wp:term":[{"taxonomy":"category","embeddable":true,"href":"https:\/\/visitorsa.se\/de\/wp-json\/wp\/v2\/categories?post=6516"},{"taxonomy":"post_tag","embeddable":true,"href":"https:\/\/visitorsa.se\/de\/wp-json\/wp\/v2\/tags?post=6516"}],"curies":[{"name":"wp","href":"https:\/\/api.w.org\/{rel}","templated":true}]}}