{"id":6506,"date":"2022-05-09T14:34:45","date_gmt":"2022-05-09T12:34:45","guid":{"rendered":"https:\/\/staging.visitorsa.se\/orsa-messe\/"},"modified":"2022-08-02T21:39:38","modified_gmt":"2022-08-02T19:39:38","slug":"orsa-messe","status":"publish","type":"page","link":"https:\/\/visitorsa.se\/de\/orsa-messe\/","title":{"rendered":"Orsa Messe"},"content":{"rendered":"\n<style type=\"text\/css\" data-created_by=\"avia_inline_auto\" id=\"style-css-av-6d4ygg-db790e9493201a1d2f9d8b3dfe30decc\">\n.flex_column.av-6d4ygg-db790e9493201a1d2f9d8b3dfe30decc{\n-webkit-border-radius:0px 0px 0px 0px;\n-moz-border-radius:0px 0px 0px 0px;\nborder-radius:0px 0px 0px 0px;\npadding:0px 0px 0px 0px;\n}\n<\/style>\n<div class='flex_column av-6d4ygg-db790e9493201a1d2f9d8b3dfe30decc av_one_full  avia-builder-el-0  el_before_av_one_half  avia-builder-el-first  first flex_column_div av-zero-column-padding '     ><style type=\"text\/css\" data-created_by=\"avia_inline_auto\" id=\"style-css-av-kgf1j3ru-d3b6efc03bea62d8006d1c3eb0fbc738\">\n#top .avia-gallery.av-kgf1j3ru-d3b6efc03bea62d8006d1c3eb0fbc738 .avia-gallery-thumb a{\nwidth:25%;\n}\n<\/style>\n<div  class='avia-gallery av-kgf1j3ru-d3b6efc03bea62d8006d1c3eb0fbc738 avia_animate_when_visible  avia-builder-el-1  avia-builder-el-no-sibling  avia_lazyload avia-gallery-animate avia-gallery-1'  itemprop=\"image\" itemscope=\"itemscope\" itemtype=\"https:\/\/schema.org\/ImageObject\" ><meta itemprop=\"contentURL\" content=\"https:\/\/visitorsa.se\/de\/orsa-messe\/\"><div class='avia-gallery-thumb'><a href=\"https:\/\/visitorsa.se\/app\/uploads\/2022\/05\/Orsa-Massan-1.jpeg\" data-srcset=\"https:\/\/visitorsa.se\/app\/uploads\/2022\/05\/Orsa-Massan-1.jpeg 750w, https:\/\/visitorsa.se\/app\/uploads\/2022\/05\/Orsa-Massan-1-300x300.jpeg 300w, https:\/\/visitorsa.se\/app\/uploads\/2022\/05\/Orsa-Massan-1-80x80.jpeg 80w, https:\/\/visitorsa.se\/app\/uploads\/2022\/05\/Orsa-Massan-1-36x36.jpeg 36w, https:\/\/visitorsa.se\/app\/uploads\/2022\/05\/Orsa-Massan-1-180x180.jpeg 180w, https:\/\/visitorsa.se\/app\/uploads\/2022\/05\/Orsa-Massan-1-705x705.jpeg 705w\" data-sizes=\"(max-width: 750px) 100vw, 750px\" data-rel='gallery-1' data-prev-img='https:\/\/visitorsa.se\/app\/uploads\/2022\/05\/Orsa-Massan-1-495x400.jpeg' class='first_thumb lightbox ' data-onclick='1' title='Orsa Messe'  itemprop=\"thumbnailUrl\"  ><img decoding=\"async\" class=\"wp-image-6262 avia-img-lazy-loading-not-6262\"   src=\"https:\/\/visitorsa.se\/app\/uploads\/2022\/05\/Orsa-Massan-1-495x400.jpeg\" width=\"495\" height=\"400\"  title='Orsa Messe' alt='Besuchen Sie Orsa' \/><div class='big-prev-fake'><img loading=\"lazy\" decoding=\"async\" class=\"wp-image-6262 avia-img-lazy-loading-6262\"  width=\"495\" height=\"400\" src=\"https:\/\/visitorsa.se\/app\/uploads\/2022\/05\/Orsa-Massan-1-495x400.jpeg\" title='Orsa Messe' alt='Besuchen Sie Orsa' \/><\/div><\/a><a href=\"https:\/\/visitorsa.se\/app\/uploads\/2022\/05\/Orsa-Massan-3-773x1030.jpeg\" data-srcset=\"https:\/\/visitorsa.se\/app\/uploads\/2022\/05\/Orsa-Massan-3-773x1030.jpeg 773w, https:\/\/visitorsa.se\/app\/uploads\/2022\/05\/Orsa-Massan-3-225x300.jpeg 225w, https:\/\/visitorsa.se\/app\/uploads\/2022\/05\/Orsa-Massan-3-768x1024.jpeg 768w, https:\/\/visitorsa.se\/app\/uploads\/2022\/05\/Orsa-Massan-3-529x705.jpeg 529w, https:\/\/visitorsa.se\/app\/uploads\/2022\/05\/Orsa-Massan-3.jpeg 828w\" data-sizes=\"(max-width: 773px) 100vw, 773px\" data-rel='gallery-1' data-prev-img='https:\/\/visitorsa.se\/app\/uploads\/2022\/05\/Orsa-Massan-3-495x400.jpeg' class='lightbox ' data-onclick='2' title='Orsa Messe'  itemprop=\"thumbnailUrl\"  ><img decoding=\"async\" class=\"wp-image-6266 avia-img-lazy-loading-not-6266\"   src=\"https:\/\/visitorsa.se\/app\/uploads\/2022\/05\/Orsa-Massan-3-495x400.jpeg\" width=\"495\" height=\"400\"  title='Orsa Messe' alt='Besuchen Sie Orsa' \/><div class='big-prev-fake'><img loading=\"lazy\" decoding=\"async\" class=\"wp-image-6266 avia-img-lazy-loading-6266\"  width=\"495\" height=\"400\" src=\"https:\/\/visitorsa.se\/app\/uploads\/2022\/05\/Orsa-Massan-3-495x400.jpeg\" title='Orsa Messe' alt='Besuchen Sie Orsa' \/><\/div><\/a><a href=\"https:\/\/visitorsa.se\/app\/uploads\/2022\/05\/Orsa-Massan-2-595x1030.jpeg\" data-srcset=\"https:\/\/visitorsa.se\/app\/uploads\/2022\/05\/Orsa-Massan-2-595x1030.jpeg 595w, https:\/\/visitorsa.se\/app\/uploads\/2022\/05\/Orsa-Massan-2-173x300.jpeg 173w, https:\/\/visitorsa.se\/app\/uploads\/2022\/05\/Orsa-Massan-2-768x1330.jpeg 768w, https:\/\/visitorsa.se\/app\/uploads\/2022\/05\/Orsa-Massan-2-407x705.jpeg 407w, https:\/\/visitorsa.se\/app\/uploads\/2022\/05\/Orsa-Massan-2.jpeg 828w\" data-sizes=\"(max-width: 595px) 100vw, 595px\" data-rel='gallery-1' data-prev-img='https:\/\/visitorsa.se\/app\/uploads\/2022\/05\/Orsa-Massan-2-495x400.jpeg' class='lightbox ' data-onclick='3' title='Orsa Messe'  itemprop=\"thumbnailUrl\"  ><img decoding=\"async\" class=\"wp-image-6264 avia-img-lazy-loading-not-6264\"   src=\"https:\/\/visitorsa.se\/app\/uploads\/2022\/05\/Orsa-Massan-2-495x400.jpeg\" width=\"495\" height=\"400\"  title='Orsa Messe' alt='Besuchen Sie Orsa' \/><div class='big-prev-fake'><img loading=\"lazy\" decoding=\"async\" class=\"wp-image-6264 avia-img-lazy-loading-6264\"  width=\"495\" height=\"400\" src=\"https:\/\/visitorsa.se\/app\/uploads\/2022\/05\/Orsa-Massan-2-495x400.jpeg\" title='Orsa Messe' alt='Besuchen Sie Orsa' \/><\/div><\/a><a href=\"https:\/\/visitorsa.se\/app\/uploads\/2022\/05\/Orsa-Massan-4-773x1030.jpeg\" data-srcset=\"https:\/\/visitorsa.se\/app\/uploads\/2022\/05\/Orsa-Massan-4-773x1030.jpeg 773w, https:\/\/visitorsa.se\/app\/uploads\/2022\/05\/Orsa-Massan-4-225x300.jpeg 225w, https:\/\/visitorsa.se\/app\/uploads\/2022\/05\/Orsa-Massan-4-768x1024.jpeg 768w, https:\/\/visitorsa.se\/app\/uploads\/2022\/05\/Orsa-Massan-4-529x705.jpeg 529w, https:\/\/visitorsa.se\/app\/uploads\/2022\/05\/Orsa-Massan-4.jpeg 828w\" data-sizes=\"(max-width: 773px) 100vw, 773px\" data-rel='gallery-1' data-prev-img='https:\/\/visitorsa.se\/app\/uploads\/2022\/05\/Orsa-Massan-4-495x400.jpeg' class='lightbox ' data-onclick='4' title='Orsa Messe'  itemprop=\"thumbnailUrl\"  ><img decoding=\"async\" class=\"wp-image-6268 avia-img-lazy-loading-not-6268\"   src=\"https:\/\/visitorsa.se\/app\/uploads\/2022\/05\/Orsa-Massan-4-495x400.jpeg\" width=\"495\" height=\"400\"  title='Orsa Messe' alt='Besuchen Sie Orsa' \/><div class='big-prev-fake'><img loading=\"lazy\" decoding=\"async\" class=\"wp-image-6268 avia-img-lazy-loading-6268\"  width=\"495\" height=\"400\" src=\"https:\/\/visitorsa.se\/app\/uploads\/2022\/05\/Orsa-Massan-4-495x400.jpeg\" title='Orsa Messe' alt='Besuchen Sie Orsa' \/><\/div><\/a><\/div><\/div><\/div>\n<style type=\"text\/css\" data-created_by=\"avia_inline_auto\" id=\"style-css-av-aupcw0-034727ff4178265a807e03e0bbca9dc3\">\n.flex_column.av-aupcw0-034727ff4178265a807e03e0bbca9dc3{\n-webkit-border-radius:0px 0px 0px 0px;\n-moz-border-radius:0px 0px 0px 0px;\nborder-radius:0px 0px 0px 0px;\npadding:0px 0px 0px 0px;\n}\n<\/style>\n<div class='flex_column av-aupcw0-034727ff4178265a807e03e0bbca9dc3 av_one_half  avia-builder-el-2  el_after_av_one_full  el_before_av_one_half  first flex_column_div av-zero-column-padding column-top-margin'     ><section  class='av_textblock_section av-kgf1e6kl-253ba1d13068f8db85f0ad3cf08f701d'  itemscope=\"itemscope\" itemtype=\"https:\/\/schema.org\/CreativeWork\" ><div class='avia_textblock'  itemprop=\"text\" ><h3>Orsa Messe<\/h3>\n<blockquote>\n<div dir=\"ltr\">\n<div>Herzlich willkommen zur aufregenden Orsa Messe -Body, Soul &amp; Heart-, Magic Market und Orsa Ink Tattoo.<\/div>\n<div><\/div>\n<div>OrsaM\u00e4ssan &#8211; Body, Soul &amp; Heart &#8211; ist die komplette Messe f\u00fcr innere &amp; \u00e4u\u00dfere Sch\u00f6nheit. Hier treffen Sie ber\u00fchmte Namen und Marken in Tarot, Medium, Sch\u00f6nheit, T\u00e4towierer, Schamanen, Naturheilkunde, Heiler, Bekleidungsdesigner usw.<br \/>\nDie Elite in jedem Gebiet versammelte sich auf dem Geh\u00f6ft von Orsa. Die Messe findet jedes Jahr Ende April und Anfang November statt.<\/div>\n<div><\/div>\n<div>\n<div>Magic Market &#8211; ist ein Treffpunkt f\u00fcr verschiedene Welten. Hier kommen Menschen aus verschiedenen Altersgruppen, Kulturen und Traditionen zusammen, um ihre Kunst und ihr Handwerk zu pr\u00e4sentieren.<br \/>\nHier finden Sie Kreativit\u00e4t in all ihren Formen. Kommen Sie und nehmen Sie an Kunsthandwerk aus der Gegenwart und der Vergangenheit teil. Aber wir bewegen uns nicht nur in den Zeiten, die Sie bereits kennen. Nein, den ganzen Weg zur\u00fcck in die Zeit der M\u00e4rchen und Mythen, gehen wir. Aus den fernen Bergen des Nordens und Ostens kommt die Kunst von Galdra. Die Kunst, Legenden und Lieder aus dem Ursprung selbst herauszuholen. Wir \u00f6ffnen auch die T\u00fcr zur neuen Kunst mit wundersch\u00f6n inspirierter Handwerkskunst f\u00fcr alle.<\/div>\n<div>Arrangiert in Zusammenarbeit mit Jemth Utveckling und Center of the World Publishers<br \/>\nDer Zaubermarkt findet jedes Jahr Ende Juli auf dem sch\u00f6nen Geh\u00f6ft in Orsa statt.<\/div>\n<div><\/div>\n<div>Orsa Ink TattooM\u00e4ssa &#8211; Ein herzliches Willkommen auf der ersten Tattoo-Messe von Orsa, wo Sie die besten T\u00e4towierer in Dalarna und Schweden treffen k\u00f6nnen.<\/div>\n<\/div>\n<div dir=\"auto\">Nutzen Sie die Gelegenheit, das Tattoo zu machen, von dem Sie schon lange getr\u00e4umt haben! Wettbewerbe und andere Spa\u00df.<\/div>\n<div dir=\"auto\">Gutes Essen und Trinken wird von Lilla S\u00e4llskapet serviert.<\/div>\n<div dir=\"auto\">Herzlich willkommen in Skeer in Orsa Mitte September.<\/div>\n<div dir=\"auto\"><\/div>\n<div dir=\"auto\"><\/div>\n<div><\/div>\n<div>Herzliche Gr\u00fc\u00dfe<\/div>\n<div>Britt-Marie Jemth<\/div>\n<div>Jemth Entwicklung<\/div>\n<\/div>\n<\/blockquote>\n<\/div><\/section><br \/>\n<\/p><\/div><\/p>\n\n<style type=\"text\/css\" data-created_by=\"avia_inline_auto\" id=\"style-css-av-aupcw0-b252b444939f1c6223e79e5b57074446\">\n.flex_column.av-aupcw0-b252b444939f1c6223e79e5b57074446{\n-webkit-border-radius:0px 0px 0px 0px;\n-moz-border-radius:0px 0px 0px 0px;\nborder-radius:0px 0px 0px 0px;\npadding:0px 0px 0px 0px;\n}\n<\/style>\n<div class='flex_column av-aupcw0-b252b444939f1c6223e79e5b57074446 av_one_half  avia-builder-el-5  el_after_av_one_half  avia-builder-el-last  flex_column_div av-zero-column-padding column-top-margin'     ><p><section  class='av_textblock_section av-kgf1e6kl-253ba1d13068f8db85f0ad3cf08f701d'  itemscope=\"itemscope\" itemtype=\"https:\/\/schema.org\/CreativeWork\" ><div class='avia_textblock'  itemprop=\"text\" ><p><strong>Unternehmen:<\/strong><br \/>\nJemth Entwicklung<\/p>\n<p><strong>E-Mail-Adresse:<\/strong><br \/>\n<a href=\"mailto:britt-marie@jemthutveckling.se\" target=\"_blank\" rel=\"noopener\">britt-marie@jemthutveckling.se<\/a><\/p>\n<p><strong>Telefon:<\/strong><br \/>\n0707294322<\/p>\n<p><strong>Adresse:<\/strong><br \/>\nKyrkogatan 10<br \/>\nTel.: 794 30 Orsa<\/p>\n<\/div><\/section><br \/>\n<br \/>\n<div  class='avia-button-wrap avia-button-center  avia-builder-el-8  el_after_av_codeblock  el_before_av_button_big ' >\n<style type=\"text\/css\" data-created_by=\"avia_inline_auto\" id=\"style-css-av-kgf1wc7j-2176c00fcdd05bc899faaaa3c651411d\">\n#top #wrap_all .avia-button.av-kgf1wc7j-2176c00fcdd05bc899faaaa3c651411d{\ncolor:#ffffff;\n-webkit-transition:all 0.4s ease-in-out;\n-moz-transition:all 0.4s ease-in-out;\n-ms-transition:all 0.4s ease-in-out;\n-o-transition:all 0.4s ease-in-out;\ntransition:all 0.4s ease-in-out;\n}\n#top #wrap_all .avia-button.av-kgf1wc7j-2176c00fcdd05bc899faaaa3c651411d:hover{\ncolor:#ffffff;\n-webkit-transition:all 0.4s ease-in-out;\n-moz-transition:all 0.4s ease-in-out;\n-ms-transition:all 0.4s ease-in-out;\n-o-transition:all 0.4s ease-in-out;\ntransition:all 0.4s ease-in-out;\n}\n<\/style>\n<a href='https:\/\/www.jemthutveckling.se\/' class='avia-color-theme-color avia-button avia-button-fullwidth av-kgf1wc7j-2176c00fcdd05bc899faaaa3c651411d avia-icon_select-yes-left-icon avia-color-theme-color' ><span class='avia_button_icon avia_button_icon_left' aria-hidden='true' data-av_icon='\ue832' data-av_iconfont='entypo-fontello'><\/span><span class='avia_iconbox_title' >  Besuchen Sie unsere Website<\/span><span class='avia_button_background avia-button avia-button-fullwidth avia-color-theme-color-highlight'><\/span><\/a><\/div><br \/>\n<div  class='avia-button-wrap avia-button-center  avia-builder-el-9  el_after_av_button_big  avia-builder-el-last ' >\n<style type=\"text\/css\" data-created_by=\"avia_inline_auto\" id=\"style-css-av-kgf1wc7j-c6f6d4ceee06e52a70070d1aa2d93f07\">\n#top #wrap_all .avia-button.av-kgf1wc7j-c6f6d4ceee06e52a70070d1aa2d93f07{\ncolor:#ffffff;\n-webkit-transition:all 0.4s ease-in-out;\n-moz-transition:all 0.4s ease-in-out;\n-ms-transition:all 0.4s ease-in-out;\n-o-transition:all 0.4s ease-in-out;\ntransition:all 0.4s ease-in-out;\n}\n#top #wrap_all .avia-button.av-kgf1wc7j-c6f6d4ceee06e52a70070d1aa2d93f07:hover{\ncolor:#ffffff;\n-webkit-transition:all 0.4s ease-in-out;\n-moz-transition:all 0.4s ease-in-out;\n-ms-transition:all 0.4s ease-in-out;\n-o-transition:all 0.4s ease-in-out;\ntransition:all 0.4s ease-in-out;\n}\n<\/style>\n<a href='https:\/\/www.facebook.com\/jemthutveckling.se\/' class='avia-color-theme-color avia-button avia-button-fullwidth av-kgf1wc7j-c6f6d4ceee06e52a70070d1aa2d93f07 avia-icon_select-yes-left-icon avia-color-theme-color' ><span class='avia_button_icon avia_button_icon_left' aria-hidden='true' data-av_icon='\ue832' data-av_iconfont='entypo-fontello'><\/span><span class='avia_iconbox_title' >  Besuchen Sie uns auf Facebook<\/span><span class='avia_button_background avia-button avia-button-fullwidth avia-color-theme-color-highlight'><\/span><\/a><\/div><\/p><\/div>\n","protected":false},"excerpt":{"rendered":"","protected":false},"author":3,"featured_media":6234,"parent":0,"menu_order":0,"comment_status":"closed","ping_status":"closed","template":"","meta":{"footnotes":""},"categories":[72],"tags":[],"class_list":["post-6506","page","type-page","status-publish","has-post-thumbnail","hentry","category-korper-seele"],"_links":{"self":[{"href":"https:\/\/visitorsa.se\/de\/wp-json\/wp\/v2\/pages\/6506","targetHints":{"allow":["GET"]}}],"collection":[{"href":"https:\/\/visitorsa.se\/de\/wp-json\/wp\/v2\/pages"}],"about":[{"href":"https:\/\/visitorsa.se\/de\/wp-json\/wp\/v2\/types\/page"}],"author":[{"embeddable":true,"href":"https:\/\/visitorsa.se\/de\/wp-json\/wp\/v2\/users\/3"}],"replies":[{"embeddable":true,"href":"https:\/\/visitorsa.se\/de\/wp-json\/wp\/v2\/comments?post=6506"}],"version-history":[{"count":4,"href":"https:\/\/visitorsa.se\/de\/wp-json\/wp\/v2\/pages\/6506\/revisions"}],"predecessor-version":[{"id":8046,"href":"https:\/\/visitorsa.se\/de\/wp-json\/wp\/v2\/pages\/6506\/revisions\/8046"}],"wp:featuredmedia":[{"embeddable":true,"href":"https:\/\/visitorsa.se\/de\/wp-json\/wp\/v2\/media\/6234"}],"wp:attachment":[{"href":"https:\/\/visitorsa.se\/de\/wp-json\/wp\/v2\/media?parent=6506"}],"wp:term":[{"taxonomy":"category","embeddable":true,"href":"https:\/\/visitorsa.se\/de\/wp-json\/wp\/v2\/categories?post=6506"},{"taxonomy":"post_tag","embeddable":true,"href":"https:\/\/visitorsa.se\/de\/wp-json\/wp\/v2\/tags?post=6506"}],"curies":[{"name":"wp","href":"https:\/\/api.w.org\/{rel}","templated":true}]}}