{"id":6502,"date":"2022-06-01T11:28:26","date_gmt":"2022-06-01T09:28:26","guid":{"rendered":"https:\/\/staging.visitorsa.se\/fagelsjoe-gammelgard\/"},"modified":"2022-08-02T21:39:38","modified_gmt":"2022-08-02T19:39:38","slug":"fagelsjoe-gammelgard","status":"publish","type":"page","link":"https:\/\/visitorsa.se\/de\/fagelsjoe-gammelgard\/","title":{"rendered":"F\u00e5gelsj\u00f6 Gammelg\u00e5rd"},"content":{"rendered":"\n<style type=\"text\/css\" data-created_by=\"avia_inline_auto\" id=\"style-css-av-6d4ygg-db790e9493201a1d2f9d8b3dfe30decc\">\n.flex_column.av-6d4ygg-db790e9493201a1d2f9d8b3dfe30decc{\n-webkit-border-radius:0px 0px 0px 0px;\n-moz-border-radius:0px 0px 0px 0px;\nborder-radius:0px 0px 0px 0px;\npadding:0px 0px 0px 0px;\n}\n<\/style>\n<div class='flex_column av-6d4ygg-db790e9493201a1d2f9d8b3dfe30decc av_one_full  avia-builder-el-0  el_before_av_one_half  avia-builder-el-first  first flex_column_div av-zero-column-padding '     ><style type=\"text\/css\" data-created_by=\"avia_inline_auto\" id=\"style-css-av-kgf1j3ru-698016c4ea2f7f75a53fa73310fb37a4\">\n#top .avia-gallery.av-kgf1j3ru-698016c4ea2f7f75a53fa73310fb37a4 .avia-gallery-thumb a{\nwidth:25%;\n}\n<\/style>\n<div  class='avia-gallery av-kgf1j3ru-698016c4ea2f7f75a53fa73310fb37a4 avia_animate_when_visible  avia-builder-el-1  avia-builder-el-no-sibling  avia_lazyload avia-gallery-animate avia-gallery-1'  itemprop=\"image\" itemscope=\"itemscope\" itemtype=\"https:\/\/schema.org\/ImageObject\" ><meta itemprop=\"contentURL\" content=\"https:\/\/visitorsa.se\/de\/fagelsjoe-gammelgard\/\"><div class='avia-gallery-thumb'><a href=\"https:\/\/visitorsa.se\/app\/uploads\/2022\/06\/Fagelsjo-gammelgard-1.webp\" data-srcset=\"https:\/\/visitorsa.se\/app\/uploads\/2022\/06\/Fagelsjo-gammelgard-1.webp 864w, https:\/\/visitorsa.se\/app\/uploads\/2022\/06\/Fagelsjo-gammelgard-1-300x210.webp 300w, https:\/\/visitorsa.se\/app\/uploads\/2022\/06\/Fagelsjo-gammelgard-1-768x539.webp 768w, https:\/\/visitorsa.se\/app\/uploads\/2022\/06\/Fagelsjo-gammelgard-1-705x494.webp 705w\" data-sizes=\"(max-width: 864px) 100vw, 864px\" data-rel='gallery-1' data-prev-img='https:\/\/visitorsa.se\/app\/uploads\/2022\/06\/Fagelsjo-gammelgard-1-495x400.webp' class='first_thumb lightbox ' data-onclick='1' title='F\u00e5gelsj\u00f6 gammelg\u00e5rd 1'  itemprop=\"thumbnailUrl\"  ><img decoding=\"async\" class=\"wp-image-6278 avia-img-lazy-loading-not-6278\"   src=\"https:\/\/visitorsa.se\/app\/uploads\/2022\/06\/Fagelsjo-gammelgard-1-495x400.webp\" width=\"495\" height=\"400\"  title='F\u00e5gelsj\u00f6 gammelg\u00e5rd 1' alt='Besuchen Sie Orsa' \/><div class='big-prev-fake'><img loading=\"lazy\" decoding=\"async\" class=\"wp-image-6278 avia-img-lazy-loading-6278\"  width=\"495\" height=\"400\" src=\"https:\/\/visitorsa.se\/app\/uploads\/2022\/06\/Fagelsjo-gammelgard-1-495x400.webp\" title='F\u00e5gelsj\u00f6 gammelg\u00e5rd 1' alt='Besuchen Sie Orsa' \/><\/div><\/a><a href=\"https:\/\/visitorsa.se\/app\/uploads\/2022\/06\/Fagelsjo-gammelgard-2.webp\" data-srcset=\"https:\/\/visitorsa.se\/app\/uploads\/2022\/06\/Fagelsjo-gammelgard-2.webp 618w, https:\/\/visitorsa.se\/app\/uploads\/2022\/06\/Fagelsjo-gammelgard-2-271x300.webp 271w\" data-sizes=\"(max-width: 618px) 100vw, 618px\" data-rel='gallery-1' data-prev-img='https:\/\/visitorsa.se\/app\/uploads\/2022\/06\/Fagelsjo-gammelgard-2-495x400.webp' class='lightbox ' data-onclick='2' title='F\u00e5gelsj\u00f6 gammelg\u00e5rd 2'  itemprop=\"thumbnailUrl\"  ><img decoding=\"async\" class=\"wp-image-6280 avia-img-lazy-loading-not-6280\"   src=\"https:\/\/visitorsa.se\/app\/uploads\/2022\/06\/Fagelsjo-gammelgard-2-495x400.webp\" width=\"495\" height=\"400\"  title='F\u00e5gelsj\u00f6 gammelg\u00e5rd 2' alt='' \/><div class='big-prev-fake'><img loading=\"lazy\" decoding=\"async\" class=\"wp-image-6280 avia-img-lazy-loading-6280\"  width=\"495\" height=\"400\" src=\"https:\/\/visitorsa.se\/app\/uploads\/2022\/06\/Fagelsjo-gammelgard-2-495x400.webp\" title='F\u00e5gelsj\u00f6 gammelg\u00e5rd 2' alt='' \/><\/div><\/a><a href=\"https:\/\/visitorsa.se\/app\/uploads\/2022\/06\/Fagelsjo-gammelgard-3.webp\" data-srcset=\"https:\/\/visitorsa.se\/app\/uploads\/2022\/06\/Fagelsjo-gammelgard-3.webp 474w, https:\/\/visitorsa.se\/app\/uploads\/2022\/06\/Fagelsjo-gammelgard-3-242x300.webp 242w\" data-sizes=\"(max-width: 474px) 100vw, 474px\" data-rel='gallery-1' data-prev-img='https:\/\/visitorsa.se\/app\/uploads\/2022\/06\/Fagelsjo-gammelgard-3-474x400.webp' class='lightbox ' data-onclick='3' title='F\u00e5gelsj\u00f6 gammelg\u00e5rd 3'  itemprop=\"thumbnailUrl\"  ><img decoding=\"async\" class=\"wp-image-6282 avia-img-lazy-loading-not-6282\"   src=\"https:\/\/visitorsa.se\/app\/uploads\/2022\/06\/Fagelsjo-gammelgard-3-474x400.webp\" width=\"474\" height=\"400\"  title='F\u00e5gelsj\u00f6 gammelg\u00e5rd 3' alt='Besuchen Sie Orsa' \/><div class='big-prev-fake'><img loading=\"lazy\" decoding=\"async\" class=\"wp-image-6282 avia-img-lazy-loading-6282\"  width=\"474\" height=\"400\" src=\"https:\/\/visitorsa.se\/app\/uploads\/2022\/06\/Fagelsjo-gammelgard-3-474x400.webp\" title='F\u00e5gelsj\u00f6 gammelg\u00e5rd 3' alt='Besuchen Sie Orsa' \/><\/div><\/a><a href=\"https:\/\/visitorsa.se\/app\/uploads\/2022\/06\/Fagelsjo-gammelgard-4.webp\" data-srcset=\"https:\/\/visitorsa.se\/app\/uploads\/2022\/06\/Fagelsjo-gammelgard-4.webp 428w, https:\/\/visitorsa.se\/app\/uploads\/2022\/06\/Fagelsjo-gammelgard-4-200x300.webp 200w\" data-sizes=\"(max-width: 428px) 100vw, 428px\" data-rel='gallery-1' data-prev-img='https:\/\/visitorsa.se\/app\/uploads\/2022\/06\/Fagelsjo-gammelgard-4-428x400.webp' class='lightbox ' data-onclick='4' title='F\u00e5gelsj\u00f6 gammelg\u00e5rd 4'  itemprop=\"thumbnailUrl\"  ><img decoding=\"async\" class=\"wp-image-6284 avia-img-lazy-loading-not-6284\"   src=\"https:\/\/visitorsa.se\/app\/uploads\/2022\/06\/Fagelsjo-gammelgard-4-428x400.webp\" width=\"428\" height=\"400\"  title='F\u00e5gelsj\u00f6 gammelg\u00e5rd 4' alt='Besuchen Sie Orsa' \/><div class='big-prev-fake'><img loading=\"lazy\" decoding=\"async\" class=\"wp-image-6284 avia-img-lazy-loading-6284\"  width=\"428\" height=\"400\" src=\"https:\/\/visitorsa.se\/app\/uploads\/2022\/06\/Fagelsjo-gammelgard-4-428x400.webp\" title='F\u00e5gelsj\u00f6 gammelg\u00e5rd 4' alt='Besuchen Sie Orsa' \/><\/div><\/a><\/div><\/div><\/div>\n<style type=\"text\/css\" data-created_by=\"avia_inline_auto\" id=\"style-css-av-aupcw0-034727ff4178265a807e03e0bbca9dc3\">\n.flex_column.av-aupcw0-034727ff4178265a807e03e0bbca9dc3{\n-webkit-border-radius:0px 0px 0px 0px;\n-moz-border-radius:0px 0px 0px 0px;\nborder-radius:0px 0px 0px 0px;\npadding:0px 0px 0px 0px;\n}\n<\/style>\n<div class='flex_column av-aupcw0-034727ff4178265a807e03e0bbca9dc3 av_one_half  avia-builder-el-2  el_after_av_one_full  el_before_av_one_half  first flex_column_div av-zero-column-padding column-top-margin'     ><section  class='av_textblock_section av-kgf1e6kl-253ba1d13068f8db85f0ad3cf08f701d'  itemscope=\"itemscope\" itemtype=\"https:\/\/schema.org\/CreativeWork\" ><div class='avia_textblock'  itemprop=\"text\" ><h3>F\u00e5gelsj\u00f6 gammelg\u00e5rd &#8211; Wikipedia<\/h3>\n<p class=\"font_8\">F\u00e5gelsj\u00f6 Gammelg\u00e5rd ist eine gut erhaltene kulturelle Umgebung, die auf die finnische<br \/>\nEinwanderung im 17. Jahrhundert. Die Waldfinnen, die sich in F\u00e5gelsj\u00f6 niederlie\u00dfen<br \/>\n1670 hatte er bereits zwei Generationen in Schweden gelebt und kam zuletzt aus<br \/>\nTandsj\u00f6borg, ca. 15 km s\u00fcdlich von F\u00e5gelsj\u00f6.<\/p>\n<p class=\"font_8\">Das Dorf liegt im Grenzgebiet zwischen Dalarna, H\u00e4lsingland und H\u00e4rjedalen. Sie geh\u00f6rte bis etwa 1840 zur Pfarrei Mora und ist dort in den Kirchenb\u00fcchern unter der \u00dcberschrift &#8220;Mora Finnmark&#8221; verzeichnet. Nach einer kurzen Zeit der Affinit\u00e4t zu Sveg wurde F\u00e5gelsj\u00f6 1856 in die Pfarrei Loos verlegt, die ein Jahrzehnt zuvor gegr\u00fcndet worden war. Seitdem geh\u00f6rt F\u00e5gelsj\u00f6 zum Komitat G\u00e4vleborg, obwohl das Dorf in Dalarna liegt.<\/p>\n<p class=\"font_8\">Gammelg\u00e5rden ist eine unsch\u00e4tzbare Wissensquelle \u00fcber Bauzustand, Selbstversorgung, Handwerkstechniken und Volkskunst. Die Tatsache, dass der Hof an seinem urspr\u00fcnglichen Platz steht, tr\u00e4gt dazu bei, ihn sehr wertvoll zu machen.<\/p>\n<p class=\"font_8\">Der Bauernhof umfasst auch das Bauernhaus, den Loft-Schuppen, das B\u00e4ckerhaus und eine Waffenschmiede, die eine der Hauptattraktionen des Hofes ist. H\u00e4rbred\u00f6rrens sieben verschiedene Schl\u00f6sser zeugen von gro\u00dfem Wissen \u00fcber die Kunst des Schmiedens. Einige der Geb\u00e4ude stammen aus dem 18. Jahrhundert.<\/p>\n<p class=\"font_8\">F\u00e5gelsj\u00f6 Gammelg\u00e5rd Beyond \u00c5a ist einer der H\u00e4lsingland-Bauernh\u00f6fe, der 2012 in die Liste des UNESCO-Weltkulturerbes aufgenommen wurde. Es wurde dann seit 2004 vom County Administrative Board von G\u00e4vleborg zum denkmalgesch\u00fctzten Geb\u00e4ude erkl\u00e4rt.<\/p>\n<\/div><\/section><br \/>\n<\/p><\/div><\/p>\n\n<style type=\"text\/css\" data-created_by=\"avia_inline_auto\" id=\"style-css-av-aupcw0-b252b444939f1c6223e79e5b57074446\">\n.flex_column.av-aupcw0-b252b444939f1c6223e79e5b57074446{\n-webkit-border-radius:0px 0px 0px 0px;\n-moz-border-radius:0px 0px 0px 0px;\nborder-radius:0px 0px 0px 0px;\npadding:0px 0px 0px 0px;\n}\n<\/style>\n<div class='flex_column av-aupcw0-b252b444939f1c6223e79e5b57074446 av_one_half  avia-builder-el-5  el_after_av_one_half  avia-builder-el-last  flex_column_div av-zero-column-padding column-top-margin'     ><section  class='av_textblock_section av-kgf1e6kl-253ba1d13068f8db85f0ad3cf08f701d'  itemscope=\"itemscope\" itemtype=\"https:\/\/schema.org\/CreativeWork\" ><div class='avia_textblock'  itemprop=\"text\" ><h3><strong>Kontaktieren Sie uns<\/strong><\/h3>\n<p class=\"font_0\">F\u00e5gelsj\u00f6 liegt in Orsa Finnmark, im Grenzgebiet zwischen H\u00e4lsingland, Dalarna und H\u00e4rjedalen. Die Europastra\u00dfe 45, Inlandsv\u00e4gen, verl\u00e4uft etwa 3 km vom Dorf entfernt. Die Inlandsbanan h\u00e4lt in F\u00e5gelsj\u00f6, etwa 3 km von Gammelg\u00e5rden entfernt.<\/p>\n<p><strong>Telefon:<\/strong> 0657 30030<\/p>\n<p><strong>Adresse:<\/strong> F\u00e5gelsj\u00f6 Gammelg\u00e5rd Beyond \u00c5a, 827 70 Loos<\/p>\n<p><strong>E-Mail-Adresse: <\/strong><a href=\"mailto:info@fagelsjo.nu\" data-auto-recognition=\"true\">info@fagelsjo.nu<\/a><\/p>\n<\/div><\/section><br \/>\n<br \/>\n<div  class='avia-button-wrap avia-button-center  avia-builder-el-8  el_after_av_codeblock  avia-builder-el-last ' >\n<style type=\"text\/css\" data-created_by=\"avia_inline_auto\" id=\"style-css-av-kgf1wc7j-f8093a96ad6c44dcc6f3f4960a8079bd\">\n#top #wrap_all .avia-button.av-kgf1wc7j-f8093a96ad6c44dcc6f3f4960a8079bd{\ncolor:#ffffff;\n-webkit-transition:all 0.4s ease-in-out;\n-moz-transition:all 0.4s ease-in-out;\n-ms-transition:all 0.4s ease-in-out;\n-o-transition:all 0.4s ease-in-out;\ntransition:all 0.4s ease-in-out;\n}\n#top #wrap_all .avia-button.av-kgf1wc7j-f8093a96ad6c44dcc6f3f4960a8079bd:hover{\ncolor:#ffffff;\n-webkit-transition:all 0.4s ease-in-out;\n-moz-transition:all 0.4s ease-in-out;\n-ms-transition:all 0.4s ease-in-out;\n-o-transition:all 0.4s ease-in-out;\ntransition:all 0.4s ease-in-out;\n}\n<\/style>\n<a href='https:\/\/www.fagelsjo.nu\/' class='avia-color-theme-color avia-button avia-button-fullwidth av-kgf1wc7j-f8093a96ad6c44dcc6f3f4960a8079bd avia-icon_select-yes-left-icon avia-color-theme-color' ><span class='avia_button_icon avia_button_icon_left' aria-hidden='true' data-av_icon='\ue832' data-av_iconfont='entypo-fontello'><\/span><span class='avia_iconbox_title' >  Besuchen Sie unsere Website<\/span><span class='avia_button_background avia-button avia-button-fullwidth avia-color-theme-color-highlight'><\/span><\/a><\/div><\/p><\/div>\n","protected":false},"excerpt":{"rendered":"","protected":false},"author":3,"featured_media":6278,"parent":0,"menu_order":0,"comment_status":"closed","ping_status":"closed","template":"","meta":{"footnotes":""},"categories":[73],"tags":[],"class_list":["post-6502","page","type-page","status-publish","has-post-thumbnail","hentry","category-in-und-um-orsa"],"_links":{"self":[{"href":"https:\/\/visitorsa.se\/de\/wp-json\/wp\/v2\/pages\/6502","targetHints":{"allow":["GET"]}}],"collection":[{"href":"https:\/\/visitorsa.se\/de\/wp-json\/wp\/v2\/pages"}],"about":[{"href":"https:\/\/visitorsa.se\/de\/wp-json\/wp\/v2\/types\/page"}],"author":[{"embeddable":true,"href":"https:\/\/visitorsa.se\/de\/wp-json\/wp\/v2\/users\/3"}],"replies":[{"embeddable":true,"href":"https:\/\/visitorsa.se\/de\/wp-json\/wp\/v2\/comments?post=6502"}],"version-history":[{"count":2,"href":"https:\/\/visitorsa.se\/de\/wp-json\/wp\/v2\/pages\/6502\/revisions"}],"predecessor-version":[{"id":8035,"href":"https:\/\/visitorsa.se\/de\/wp-json\/wp\/v2\/pages\/6502\/revisions\/8035"}],"wp:featuredmedia":[{"embeddable":true,"href":"https:\/\/visitorsa.se\/de\/wp-json\/wp\/v2\/media\/6278"}],"wp:attachment":[{"href":"https:\/\/visitorsa.se\/de\/wp-json\/wp\/v2\/media?parent=6502"}],"wp:term":[{"taxonomy":"category","embeddable":true,"href":"https:\/\/visitorsa.se\/de\/wp-json\/wp\/v2\/categories?post=6502"},{"taxonomy":"post_tag","embeddable":true,"href":"https:\/\/visitorsa.se\/de\/wp-json\/wp\/v2\/tags?post=6502"}],"curies":[{"name":"wp","href":"https:\/\/api.w.org\/{rel}","templated":true}]}}