{"id":6500,"date":"2022-05-20T13:38:08","date_gmt":"2022-05-20T11:38:08","guid":{"rendered":"https:\/\/staging.visitorsa.se\/orsa-if-ruderverein\/"},"modified":"2022-07-08T13:22:18","modified_gmt":"2022-07-08T11:22:18","slug":"orsa-if-ruderverein","status":"publish","type":"page","link":"https:\/\/visitorsa.se\/de\/orsa-if-ruderverein\/","title":{"rendered":"Orsa IF Roddklubb"},"content":{"rendered":"\n<style type=\"text\/css\" data-created_by=\"avia_inline_auto\" id=\"style-css-av-6d4ygg-db790e9493201a1d2f9d8b3dfe30decc\">\n.flex_column.av-6d4ygg-db790e9493201a1d2f9d8b3dfe30decc{\n-webkit-border-radius:0px 0px 0px 0px;\n-moz-border-radius:0px 0px 0px 0px;\nborder-radius:0px 0px 0px 0px;\npadding:0px 0px 0px 0px;\n}\n<\/style>\n<div class='flex_column av-6d4ygg-db790e9493201a1d2f9d8b3dfe30decc av_one_full  avia-builder-el-0  el_before_av_one_half  avia-builder-el-first  first flex_column_div av-zero-column-padding '     ><style type=\"text\/css\" data-created_by=\"avia_inline_auto\" id=\"style-css-av-kgf1j3ru-122d66c323607a31bd4d6b2ff73f939f\">\n#top .avia-gallery.av-kgf1j3ru-122d66c323607a31bd4d6b2ff73f939f .avia-gallery-thumb a{\nwidth:25%;\n}\n<\/style>\n<div  class='avia-gallery av-kgf1j3ru-122d66c323607a31bd4d6b2ff73f939f avia_animate_when_visible  avia-builder-el-1  avia-builder-el-no-sibling  avia_lazyload avia-gallery-animate avia-gallery-1'  itemprop=\"image\" itemscope=\"itemscope\" itemtype=\"https:\/\/schema.org\/ImageObject\" ><meta itemprop=\"contentURL\" content=\"https:\/\/visitorsa.se\/de\/orsa-if-ruderverein\/\"><div class='avia-gallery-thumb'><a href=\"https:\/\/visitorsa.se\/app\/uploads\/2022\/05\/orsa-roddklubb-4.jpg\" data-srcset=\"https:\/\/visitorsa.se\/app\/uploads\/2022\/05\/orsa-roddklubb-4.jpg 540w, https:\/\/visitorsa.se\/app\/uploads\/2022\/05\/orsa-roddklubb-4-169x300.jpg 169w, https:\/\/visitorsa.se\/app\/uploads\/2022\/05\/orsa-roddklubb-4-397x705.jpg 397w\" data-sizes=\"(max-width: 540px) 100vw, 540px\" data-rel='gallery-1' data-prev-img='https:\/\/visitorsa.se\/app\/uploads\/2022\/05\/orsa-roddklubb-4-495x400.jpg' class='first_thumb lightbox ' data-onclick='1' title='Orsa Ruderclub 4'  itemprop=\"thumbnailUrl\"  ><img decoding=\"async\" class=\"wp-image-6254 avia-img-lazy-loading-not-6254\"   src=\"https:\/\/visitorsa.se\/app\/uploads\/2022\/05\/orsa-roddklubb-4-495x400.jpg\" width=\"495\" height=\"400\"  title='Orsa Ruderclub 4' alt='' \/><div class='big-prev-fake'><img loading=\"lazy\" decoding=\"async\" class=\"wp-image-6254 avia-img-lazy-loading-6254\"  width=\"495\" height=\"400\" src=\"https:\/\/visitorsa.se\/app\/uploads\/2022\/05\/orsa-roddklubb-4-495x400.jpg\" title='Orsa Ruderclub 4' alt='' \/><\/div><\/a><a href=\"https:\/\/visitorsa.se\/app\/uploads\/2022\/05\/Orsa-rodklubb-2.jpg\" data-srcset=\"https:\/\/visitorsa.se\/app\/uploads\/2022\/05\/Orsa-rodklubb-2.jpg 960w, https:\/\/visitorsa.se\/app\/uploads\/2022\/05\/Orsa-rodklubb-2-300x200.jpg 300w, https:\/\/visitorsa.se\/app\/uploads\/2022\/05\/Orsa-rodklubb-2-768x512.jpg 768w, https:\/\/visitorsa.se\/app\/uploads\/2022\/05\/Orsa-rodklubb-2-705x470.jpg 705w\" data-sizes=\"(max-width: 960px) 100vw, 960px\" data-rel='gallery-1' data-prev-img='https:\/\/visitorsa.se\/app\/uploads\/2022\/05\/Orsa-rodklubb-2-495x400.jpg' class='lightbox ' data-onclick='2' title='Orsa Ruderverein'  itemprop=\"thumbnailUrl\"  ><img decoding=\"async\" class=\"wp-image-6252 avia-img-lazy-loading-not-6252\"   src=\"https:\/\/visitorsa.se\/app\/uploads\/2022\/05\/Orsa-rodklubb-2-495x400.jpg\" width=\"495\" height=\"400\"  title='Orsa Ruderverein' alt='Besuchen Sie Orsa' \/><div class='big-prev-fake'><img loading=\"lazy\" decoding=\"async\" class=\"wp-image-6252 avia-img-lazy-loading-6252\"  width=\"495\" height=\"400\" src=\"https:\/\/visitorsa.se\/app\/uploads\/2022\/05\/Orsa-rodklubb-2-495x400.jpg\" title='Orsa Ruderverein' alt='Besuchen Sie Orsa' \/><\/div><\/a><a href=\"https:\/\/visitorsa.se\/app\/uploads\/2022\/05\/Orsa-rodklubb-3-1030x1026.jpg\" data-srcset=\"https:\/\/visitorsa.se\/app\/uploads\/2022\/05\/Orsa-rodklubb-3-1030x1026.jpg 1030w, https:\/\/visitorsa.se\/app\/uploads\/2022\/05\/Orsa-rodklubb-3-300x300.jpg 300w, https:\/\/visitorsa.se\/app\/uploads\/2022\/05\/Orsa-rodklubb-3-80x80.jpg 80w, https:\/\/visitorsa.se\/app\/uploads\/2022\/05\/Orsa-rodklubb-3-768x765.jpg 768w, https:\/\/visitorsa.se\/app\/uploads\/2022\/05\/Orsa-rodklubb-3-36x36.jpg 36w, https:\/\/visitorsa.se\/app\/uploads\/2022\/05\/Orsa-rodklubb-3-180x180.jpg 180w, https:\/\/visitorsa.se\/app\/uploads\/2022\/05\/Orsa-rodklubb-3-705x702.jpg 705w, https:\/\/visitorsa.se\/app\/uploads\/2022\/05\/Orsa-rodklubb-3.jpg 1273w\" data-sizes=\"(max-width: 1030px) 100vw, 1030px\" data-rel='gallery-1' data-prev-img='https:\/\/visitorsa.se\/app\/uploads\/2022\/05\/Orsa-rodklubb-3-495x400.jpg' class='lightbox ' data-onclick='3' title='Orsa Ruderverein'  itemprop=\"thumbnailUrl\"  ><img decoding=\"async\" class=\"wp-image-6256 avia-img-lazy-loading-not-6256\"   src=\"https:\/\/visitorsa.se\/app\/uploads\/2022\/05\/Orsa-rodklubb-3-495x400.jpg\" width=\"495\" height=\"400\"  title='Orsa Ruderverein' alt='Besuchen Sie Orsa' srcset=\"https:\/\/visitorsa.se\/app\/uploads\/2022\/05\/Orsa-rodklubb-3-495x400.jpg 495w, https:\/\/visitorsa.se\/app\/uploads\/2022\/05\/Orsa-rodklubb-3-845x684.jpg 845w\" sizes=\"(max-width: 495px) 100vw, 495px\" \/><div class='big-prev-fake'><img loading=\"lazy\" decoding=\"async\" class=\"wp-image-6256 avia-img-lazy-loading-6256\"  width=\"495\" height=\"400\" src=\"https:\/\/visitorsa.se\/app\/uploads\/2022\/05\/Orsa-rodklubb-3-495x400.jpg\" title='Orsa Ruderverein' alt='Besuchen Sie Orsa' srcset=\"https:\/\/visitorsa.se\/app\/uploads\/2022\/05\/Orsa-rodklubb-3-495x400.jpg 495w, https:\/\/visitorsa.se\/app\/uploads\/2022\/05\/Orsa-rodklubb-3-845x684.jpg 845w\" sizes=\"auto, (max-width: 495px) 100vw, 495px\" \/><\/div><\/a><a href=\"https:\/\/visitorsa.se\/app\/uploads\/2022\/05\/Orsa-roddklubb-5.jpg\" data-srcset=\"https:\/\/visitorsa.se\/app\/uploads\/2022\/05\/Orsa-roddklubb-5.jpg 562w, https:\/\/visitorsa.se\/app\/uploads\/2022\/05\/Orsa-roddklubb-5-225x300.jpg 225w, https:\/\/visitorsa.se\/app\/uploads\/2022\/05\/Orsa-roddklubb-5-528x705.jpg 528w\" data-sizes=\"(max-width: 562px) 100vw, 562px\" data-rel='gallery-1' data-prev-img='https:\/\/visitorsa.se\/app\/uploads\/2022\/05\/Orsa-roddklubb-5-495x400.jpg' class='lightbox ' data-onclick='4' title='Orsa Ruderverein'  itemprop=\"thumbnailUrl\"  ><img decoding=\"async\" class=\"wp-image-6258 avia-img-lazy-loading-not-6258\"   src=\"https:\/\/visitorsa.se\/app\/uploads\/2022\/05\/Orsa-roddklubb-5-495x400.jpg\" width=\"495\" height=\"400\"  title='Orsa Ruderverein' alt='Besuchen Sie Orsa' \/><div class='big-prev-fake'><img loading=\"lazy\" decoding=\"async\" class=\"wp-image-6258 avia-img-lazy-loading-6258\"  width=\"495\" height=\"400\" src=\"https:\/\/visitorsa.se\/app\/uploads\/2022\/05\/Orsa-roddklubb-5-495x400.jpg\" title='Orsa Ruderverein' alt='Besuchen Sie Orsa' \/><\/div><\/a><\/div><\/div><\/div>\n\n<style type=\"text\/css\" data-created_by=\"avia_inline_auto\" id=\"style-css-av-aupcw0-034727ff4178265a807e03e0bbca9dc3\">\n.flex_column.av-aupcw0-034727ff4178265a807e03e0bbca9dc3{\n-webkit-border-radius:0px 0px 0px 0px;\n-moz-border-radius:0px 0px 0px 0px;\nborder-radius:0px 0px 0px 0px;\npadding:0px 0px 0px 0px;\n}\n<\/style>\n<div class='flex_column av-aupcw0-034727ff4178265a807e03e0bbca9dc3 av_one_half  avia-builder-el-2  el_after_av_one_full  el_before_av_one_half  first flex_column_div av-zero-column-padding column-top-margin'     ><section  class='av_textblock_section av-kgf1e6kl-253ba1d13068f8db85f0ad3cf08f701d'  itemscope=\"itemscope\" itemtype=\"https:\/\/schema.org\/CreativeWork\" ><div class='avia_textblock'  itemprop=\"text\" ><h3>Orsa IF Ruderclub<\/h3>\n<p class=\"main-heading\">Orsa IF Ruderclub, Sturfajt&#8217;n aktiv im Kirchenbootrudern.<br \/>\nWir haben zwei Kirchenboote, Sturfajt \u0301n II und Sturfajt \u0301n III, die 1983 und 2005 gebaut wurden.<br \/>\nUnser Gesch\u00e4ft haben wir in Brandudden, wo wir Bootshaus und kleines Clubhaus haben, der Club hat auch f\u00fcnf Kajaks.<br \/>\nDas Team nimmt in Siljansrodden teil, wir sind auch Mitorganisator von Orsakajtn\/bajkn und arrangieren die Maibaumerrichtung in \u00c5ngb\u00e5tsudden.<br \/>\nWenn Sie eine Repr\u00e4sentationsreihe mit Ihrer Firma, Schulklasse, Ihrem Verein oder was auch immer es sein mag, machen m\u00f6chten, wenden Sie sich bitte an Hans Lans 0702468340 f\u00fcr Preise und Arrangements.<\/p>\n<\/div><\/section><br \/>\n<\/p><\/div>\n\n<style type=\"text\/css\" data-created_by=\"avia_inline_auto\" id=\"style-css-av-aupcw0-b252b444939f1c6223e79e5b57074446\">\n.flex_column.av-aupcw0-b252b444939f1c6223e79e5b57074446{\n-webkit-border-radius:0px 0px 0px 0px;\n-moz-border-radius:0px 0px 0px 0px;\nborder-radius:0px 0px 0px 0px;\npadding:0px 0px 0px 0px;\n}\n<\/style>\n<div class='flex_column av-aupcw0-b252b444939f1c6223e79e5b57074446 av_one_half  avia-builder-el-5  el_after_av_one_half  avia-builder-el-last  flex_column_div av-zero-column-padding column-top-margin'     ><p><section  class='av_textblock_section av-kgf1e6kl-253ba1d13068f8db85f0ad3cf08f701d'  itemscope=\"itemscope\" itemtype=\"https:\/\/schema.org\/CreativeWork\" ><div class='avia_textblock'  itemprop=\"text\" ><p><strong>Unternehmen:<\/strong><br \/>\nOrsa IF Ruderverein<\/p>\n<p><strong>E-Mail-Adresse:<\/strong><br \/>\n<a href=\"mailto:hans.lans@orsa.se\" target=\"_blank\" rel=\"noopener\">hans.lans@orsa.se<\/a><\/p>\n<p><strong>Telefon:<\/strong><br \/>\n+46702468340<\/p>\n<p><strong>Adresse:<\/strong><br \/>\nHansj\u00f6v\u00e4gen 27<br \/>\n79431 Orsa<\/p>\n<\/div><\/section><br \/>\n<br \/>\n<div  class='avia-button-wrap avia-button-center  avia-builder-el-8  el_after_av_codeblock  el_before_av_button_big ' >\n<style type=\"text\/css\" data-created_by=\"avia_inline_auto\" id=\"style-css-av-kgf1wc7j-aad7cdb220bfb4e00b9f988605696e95\">\n#top #wrap_all .avia-button.av-kgf1wc7j-aad7cdb220bfb4e00b9f988605696e95{\ncolor:#ffffff;\n-webkit-transition:all 0.4s ease-in-out;\n-moz-transition:all 0.4s ease-in-out;\n-ms-transition:all 0.4s ease-in-out;\n-o-transition:all 0.4s ease-in-out;\ntransition:all 0.4s ease-in-out;\n}\n#top #wrap_all .avia-button.av-kgf1wc7j-aad7cdb220bfb4e00b9f988605696e95:hover{\ncolor:#ffffff;\n-webkit-transition:all 0.4s ease-in-out;\n-moz-transition:all 0.4s ease-in-out;\n-ms-transition:all 0.4s ease-in-out;\n-o-transition:all 0.4s ease-in-out;\ntransition:all 0.4s ease-in-out;\n}\n<\/style>\n<a href='https:\/\/idrottonline.se\/orsaifrk-rodd\/' class='avia-color-theme-color avia-button avia-button-fullwidth av-kgf1wc7j-aad7cdb220bfb4e00b9f988605696e95 avia-icon_select-yes-left-icon avia-color-theme-color' ><span class='avia_button_icon avia_button_icon_left' aria-hidden='true' data-av_icon='\ue832' data-av_iconfont='entypo-fontello'><\/span><span class='avia_iconbox_title' >  Besuchen Sie unsere Website<\/span><span class='avia_button_background avia-button avia-button-fullwidth avia-color-theme-color-highlight'><\/span><\/a><\/div><br \/>\n<div  class='avia-button-wrap avia-button-center  avia-builder-el-9  el_after_av_button_big  el_before_av_button_big ' >\n<style type=\"text\/css\" data-created_by=\"avia_inline_auto\" id=\"style-css-av-kgf1wc7j-43850bd976adac5d37d142e470255ad4\">\n#top #wrap_all .avia-button.av-kgf1wc7j-43850bd976adac5d37d142e470255ad4{\ncolor:#ffffff;\n-webkit-transition:all 0.4s ease-in-out;\n-moz-transition:all 0.4s ease-in-out;\n-ms-transition:all 0.4s ease-in-out;\n-o-transition:all 0.4s ease-in-out;\ntransition:all 0.4s ease-in-out;\n}\n#top #wrap_all .avia-button.av-kgf1wc7j-43850bd976adac5d37d142e470255ad4:hover{\ncolor:#ffffff;\n-webkit-transition:all 0.4s ease-in-out;\n-moz-transition:all 0.4s ease-in-out;\n-ms-transition:all 0.4s ease-in-out;\n-o-transition:all 0.4s ease-in-out;\ntransition:all 0.4s ease-in-out;\n}\n<\/style>\n<a href='https:\/\/www.facebook.com\/groups\/130414073710402' class='avia-color-theme-color avia-button avia-button-fullwidth av-kgf1wc7j-43850bd976adac5d37d142e470255ad4 avia-icon_select-yes-left-icon avia-color-theme-color' ><span class='avia_button_icon avia_button_icon_left' aria-hidden='true' data-av_icon='\ue832' data-av_iconfont='entypo-fontello'><\/span><span class='avia_iconbox_title' >  Besuchen Sie uns auf Facebook<\/span><span class='avia_button_background avia-button avia-button-fullwidth avia-color-theme-color-highlight'><\/span><\/a><\/div><br \/>\n<div  class='avia-button-wrap avia-button-center  avia-builder-el-10  el_after_av_button_big  avia-builder-el-last ' >\n<style type=\"text\/css\" data-created_by=\"avia_inline_auto\" id=\"style-css-av-kgf1wc7j-2ffaaff973f26aa227a594ec037a66f8\">\n#top #wrap_all .avia-button.av-kgf1wc7j-2ffaaff973f26aa227a594ec037a66f8{\ncolor:#ffffff;\n-webkit-transition:all 0.4s ease-in-out;\n-moz-transition:all 0.4s ease-in-out;\n-ms-transition:all 0.4s ease-in-out;\n-o-transition:all 0.4s ease-in-out;\ntransition:all 0.4s ease-in-out;\n}\n#top #wrap_all .avia-button.av-kgf1wc7j-2ffaaff973f26aa227a594ec037a66f8:hover{\ncolor:#ffffff;\n-webkit-transition:all 0.4s ease-in-out;\n-moz-transition:all 0.4s ease-in-out;\n-ms-transition:all 0.4s ease-in-out;\n-o-transition:all 0.4s ease-in-out;\ntransition:all 0.4s ease-in-out;\n}\n<\/style>\n<a href='https:\/\/www.instagram.com\/sturfajtnorsa\/' class='avia-color-theme-color avia-button avia-button-fullwidth av-kgf1wc7j-2ffaaff973f26aa227a594ec037a66f8 avia-icon_select-yes-left-icon avia-color-theme-color' ><span class='avia_button_icon avia_button_icon_left' aria-hidden='true' data-av_icon='\ue832' data-av_iconfont='entypo-fontello'><\/span><span class='avia_iconbox_title' >  Besuchen Sie uns auf Instagram<\/span><span class='avia_button_background avia-button avia-button-fullwidth avia-color-theme-color-highlight'><\/span><\/a><\/div><\/p><\/div>\n","protected":false},"excerpt":{"rendered":"","protected":false},"author":3,"featured_media":6252,"parent":0,"menu_order":0,"comment_status":"closed","ping_status":"closed","template":"","meta":{"footnotes":""},"categories":[70],"tags":[],"class_list":["post-6500","page","type-page","status-publish","has-post-thumbnail","hentry","category-aktivitaten-in-orsa"],"_links":{"self":[{"href":"https:\/\/visitorsa.se\/de\/wp-json\/wp\/v2\/pages\/6500","targetHints":{"allow":["GET"]}}],"collection":[{"href":"https:\/\/visitorsa.se\/de\/wp-json\/wp\/v2\/pages"}],"about":[{"href":"https:\/\/visitorsa.se\/de\/wp-json\/wp\/v2\/types\/page"}],"author":[{"embeddable":true,"href":"https:\/\/visitorsa.se\/de\/wp-json\/wp\/v2\/users\/3"}],"replies":[{"embeddable":true,"href":"https:\/\/visitorsa.se\/de\/wp-json\/wp\/v2\/comments?post=6500"}],"version-history":[{"count":4,"href":"https:\/\/visitorsa.se\/de\/wp-json\/wp\/v2\/pages\/6500\/revisions"}],"predecessor-version":[{"id":7643,"href":"https:\/\/visitorsa.se\/de\/wp-json\/wp\/v2\/pages\/6500\/revisions\/7643"}],"wp:featuredmedia":[{"embeddable":true,"href":"https:\/\/visitorsa.se\/de\/wp-json\/wp\/v2\/media\/6252"}],"wp:attachment":[{"href":"https:\/\/visitorsa.se\/de\/wp-json\/wp\/v2\/media?parent=6500"}],"wp:term":[{"taxonomy":"category","embeddable":true,"href":"https:\/\/visitorsa.se\/de\/wp-json\/wp\/v2\/categories?post=6500"},{"taxonomy":"post_tag","embeddable":true,"href":"https:\/\/visitorsa.se\/de\/wp-json\/wp\/v2\/tags?post=6500"}],"curies":[{"name":"wp","href":"https:\/\/api.w.org\/{rel}","templated":true}]}}