{"id":6490,"date":"2022-05-02T20:10:05","date_gmt":"2022-05-02T18:10:05","guid":{"rendered":"https:\/\/staging.visitorsa.se\/pfarrgesellschaft-orsa\/"},"modified":"2022-07-08T13:30:25","modified_gmt":"2022-07-08T11:30:25","slug":"pfarrgesellschaft-orsa","status":"publish","type":"page","link":"https:\/\/visitorsa.se\/de\/pfarrgesellschaft-orsa\/","title":{"rendered":"Orsa sockens samf\u00e4llighetsf\u00f6rening"},"content":{"rendered":"\n<style type=\"text\/css\" data-created_by=\"avia_inline_auto\" id=\"style-css-av-6d4ygg-db790e9493201a1d2f9d8b3dfe30decc\">\n.flex_column.av-6d4ygg-db790e9493201a1d2f9d8b3dfe30decc{\n-webkit-border-radius:0px 0px 0px 0px;\n-moz-border-radius:0px 0px 0px 0px;\nborder-radius:0px 0px 0px 0px;\npadding:0px 0px 0px 0px;\n}\n<\/style>\n<div class='flex_column av-6d4ygg-db790e9493201a1d2f9d8b3dfe30decc av_one_full  avia-builder-el-0  el_before_av_one_half  avia-builder-el-first  first flex_column_div av-zero-column-padding '     ><style type=\"text\/css\" data-created_by=\"avia_inline_auto\" id=\"style-css-av-kgf1j3ru-b976b47b3af027ddabb2e4a853bf6b85\">\n#top .avia-gallery.av-kgf1j3ru-b976b47b3af027ddabb2e4a853bf6b85 .avia-gallery-thumb a{\nwidth:25%;\n}\n<\/style>\n<div  class='avia-gallery av-kgf1j3ru-b976b47b3af027ddabb2e4a853bf6b85 avia_animate_when_visible  avia-builder-el-1  avia-builder-el-no-sibling  avia_lazyload avia-gallery-animate avia-gallery-1'  itemprop=\"image\" itemscope=\"itemscope\" itemtype=\"https:\/\/schema.org\/ImageObject\" ><meta itemprop=\"contentURL\" content=\"https:\/\/visitorsa.se\/de\/pfarrgesellschaft-orsa\/\"><div class='avia-gallery-thumb'><a href=\"https:\/\/visitorsa.se\/app\/uploads\/2022\/05\/Orsa-sockens-1.jpg\" data-srcset=\"https:\/\/visitorsa.se\/app\/uploads\/2022\/05\/Orsa-sockens-1.jpg 480w, https:\/\/visitorsa.se\/app\/uploads\/2022\/05\/Orsa-sockens-1-225x300.jpg 225w\" data-sizes=\"(max-width: 480px) 100vw, 480px\" data-rel='gallery-1' data-prev-img='https:\/\/visitorsa.se\/app\/uploads\/2022\/05\/Orsa-sockens-1-480x400.jpg' class='first_thumb lightbox ' data-onclick='1' title='Gemeindeverein Orsa'  itemprop=\"thumbnailUrl\"  ><img decoding=\"async\" class=\"wp-image-6230 avia-img-lazy-loading-not-6230\"   src=\"https:\/\/visitorsa.se\/app\/uploads\/2022\/05\/Orsa-sockens-1-480x400.jpg\" width=\"480\" height=\"400\"  title='Gemeindeverein Orsa' alt='Besuchen Sie Orsa' \/><div class='big-prev-fake'><img loading=\"lazy\" decoding=\"async\" class=\"wp-image-6230 avia-img-lazy-loading-6230\"  width=\"480\" height=\"400\" src=\"https:\/\/visitorsa.se\/app\/uploads\/2022\/05\/Orsa-sockens-1-480x400.jpg\" title='Gemeindeverein Orsa' alt='Besuchen Sie Orsa' \/><\/div><\/a><a href=\"https:\/\/visitorsa.se\/app\/uploads\/2022\/05\/Orsa-sockens-2.jpg\" data-srcset=\"https:\/\/visitorsa.se\/app\/uploads\/2022\/05\/Orsa-sockens-2.jpg 945w, https:\/\/visitorsa.se\/app\/uploads\/2022\/05\/Orsa-sockens-2-300x225.jpg 300w, https:\/\/visitorsa.se\/app\/uploads\/2022\/05\/Orsa-sockens-2-768x576.jpg 768w, https:\/\/visitorsa.se\/app\/uploads\/2022\/05\/Orsa-sockens-2-705x529.jpg 705w\" data-sizes=\"(max-width: 945px) 100vw, 945px\" data-rel='gallery-1' data-prev-img='https:\/\/visitorsa.se\/app\/uploads\/2022\/05\/Orsa-sockens-2-495x400.jpg' class='lightbox ' data-onclick='2' title='Orsa Pfarrei 2'  itemprop=\"thumbnailUrl\"  ><img decoding=\"async\" class=\"wp-image-6232 avia-img-lazy-loading-not-6232\"   src=\"https:\/\/visitorsa.se\/app\/uploads\/2022\/05\/Orsa-sockens-2-495x400.jpg\" width=\"495\" height=\"400\"  title='Orsa Pfarrei 2' alt='' srcset=\"https:\/\/visitorsa.se\/app\/uploads\/2022\/05\/Orsa-sockens-2-495x400.jpg 495w, https:\/\/visitorsa.se\/app\/uploads\/2022\/05\/Orsa-sockens-2-845x684.jpg 845w\" sizes=\"(max-width: 495px) 100vw, 495px\" \/><div class='big-prev-fake'><img loading=\"lazy\" decoding=\"async\" class=\"wp-image-6232 avia-img-lazy-loading-6232\"  width=\"495\" height=\"400\" src=\"https:\/\/visitorsa.se\/app\/uploads\/2022\/05\/Orsa-sockens-2-495x400.jpg\" title='Orsa Pfarrei 2' alt='' srcset=\"https:\/\/visitorsa.se\/app\/uploads\/2022\/05\/Orsa-sockens-2-495x400.jpg 495w, https:\/\/visitorsa.se\/app\/uploads\/2022\/05\/Orsa-sockens-2-845x684.jpg 845w\" sizes=\"auto, (max-width: 495px) 100vw, 495px\" \/><\/div><\/a><\/div><\/div><\/div>\n<style type=\"text\/css\" data-created_by=\"avia_inline_auto\" id=\"style-css-av-aupcw0-034727ff4178265a807e03e0bbca9dc3\">\n.flex_column.av-aupcw0-034727ff4178265a807e03e0bbca9dc3{\n-webkit-border-radius:0px 0px 0px 0px;\n-moz-border-radius:0px 0px 0px 0px;\nborder-radius:0px 0px 0px 0px;\npadding:0px 0px 0px 0px;\n}\n<\/style>\n<div class='flex_column av-aupcw0-034727ff4178265a807e03e0bbca9dc3 av_one_half  avia-builder-el-2  el_after_av_one_full  el_before_av_one_half  first flex_column_div av-zero-column-padding column-top-margin'     ><section  class='av_textblock_section av-kgf1e6kl-253ba1d13068f8db85f0ad3cf08f701d'  itemscope=\"itemscope\" itemtype=\"https:\/\/schema.org\/CreativeWork\" ><div class='avia_textblock'  itemprop=\"text\" ><h3>Gemeindeverein Orsa<\/h3>\n<p>Orsa Sockens samf\u00e4llighetsf\u00f6rening ist eine Organisation, die seit Ende des 19. Jahrhunderts existiert. Es wurde hinzugef\u00fcgt, um gemeinsame Landfl\u00e4chen zu verwalten, die f\u00fcr die Selbstversorgung der Zeit ben\u00f6tigt wurden. Der Verein bewirtschaftet insgesamt rund 1000 Hektar Land und den Orsasj\u00f6n-See.<br \/>\nDas wichtigste Gebiet mit einem klaren Bezug zur Geschichte von Orsa sind die Slipstone-Minen. Zur Verwaltung geh\u00f6ren auch N\u00e4ck\u00e5dalens S\u00e5g och Kvarnar, Grunubergss\u00e5gen, das Land, auf dem sich Orsa Hembygdsg\u00e5rd befindet, und ein Bauernhof in Hansj\u00f6.<\/p>\n<\/div><\/section><br \/>\n<\/p><\/div>\n<style type=\"text\/css\" data-created_by=\"avia_inline_auto\" id=\"style-css-av-aupcw0-b252b444939f1c6223e79e5b57074446\">\n.flex_column.av-aupcw0-b252b444939f1c6223e79e5b57074446{\n-webkit-border-radius:0px 0px 0px 0px;\n-moz-border-radius:0px 0px 0px 0px;\nborder-radius:0px 0px 0px 0px;\npadding:0px 0px 0px 0px;\n}\n<\/style>\n<div class='flex_column av-aupcw0-b252b444939f1c6223e79e5b57074446 av_one_half  avia-builder-el-5  el_after_av_one_half  avia-builder-el-last  flex_column_div av-zero-column-padding column-top-margin'     ><section  class='av_textblock_section av-kgf1e6kl-253ba1d13068f8db85f0ad3cf08f701d'  itemscope=\"itemscope\" itemtype=\"https:\/\/schema.org\/CreativeWork\" ><div class='avia_textblock'  itemprop=\"text\" ><h3><strong>Kontaktieren Sie uns<\/strong><\/h3>\n<ul class=\"side-list listig\">\n<li class=\"wrap-text\"><strong>Unternehmen:<\/strong><br \/>\nPfarrgesellschaft Orsa<\/p>\n<p><strong>E-Mail-Adresse:<\/strong><br \/>\n<a href=\"mailto:mikael.thalin.orsa@gmail.com\" target=\"_blank\" rel=\"noopener\">mikael.thalin.orsa@gmail.com<\/a><\/p>\n<p><strong>Telefon:<\/strong><br \/>\n0705853608<\/p>\n<p><strong>Adresse:<\/strong><br \/>\nKasten 55<br \/>\n794 21 Orsa<\/li>\n<\/ul>\n<\/div><\/section><br \/>\n<br \/>\n<div  class='avia-button-wrap avia-button-center  avia-builder-el-8  el_after_av_codeblock  avia-builder-el-last ' >\n<style type=\"text\/css\" data-created_by=\"avia_inline_auto\" id=\"style-css-av-kgf1wc7j-e43d805ed8f55cdf4f57401027f744e1\">\n#top #wrap_all .avia-button.av-kgf1wc7j-e43d805ed8f55cdf4f57401027f744e1{\ncolor:#ffffff;\n-webkit-transition:all 0.4s ease-in-out;\n-moz-transition:all 0.4s ease-in-out;\n-ms-transition:all 0.4s ease-in-out;\n-o-transition:all 0.4s ease-in-out;\ntransition:all 0.4s ease-in-out;\n}\n#top #wrap_all .avia-button.av-kgf1wc7j-e43d805ed8f55cdf4f57401027f744e1:hover{\ncolor:#ffffff;\n-webkit-transition:all 0.4s ease-in-out;\n-moz-transition:all 0.4s ease-in-out;\n-ms-transition:all 0.4s ease-in-out;\n-o-transition:all 0.4s ease-in-out;\ntransition:all 0.4s ease-in-out;\n}\n<\/style>\n<a href='https:\/\/www.orsasocken.se\/' class='avia-color-theme-color avia-button avia-button-fullwidth av-kgf1wc7j-e43d805ed8f55cdf4f57401027f744e1 avia-icon_select-yes-left-icon avia-color-theme-color' ><span class='avia_button_icon avia_button_icon_left' aria-hidden='true' data-av_icon='\ue832' data-av_iconfont='entypo-fontello'><\/span><span class='avia_iconbox_title' >  Besuchen Sie unsere Website<\/span><span class='avia_button_background avia-button avia-button-fullwidth avia-color-theme-color-highlight'><\/span><\/a><\/div><\/p><\/div><\/p>\n","protected":false},"excerpt":{"rendered":"","protected":false},"author":3,"featured_media":6232,"parent":0,"menu_order":0,"comment_status":"closed","ping_status":"closed","template":"","meta":{"footnotes":""},"categories":[73],"tags":[],"class_list":["post-6490","page","type-page","status-publish","has-post-thumbnail","hentry","category-in-und-um-orsa"],"_links":{"self":[{"href":"https:\/\/visitorsa.se\/de\/wp-json\/wp\/v2\/pages\/6490","targetHints":{"allow":["GET"]}}],"collection":[{"href":"https:\/\/visitorsa.se\/de\/wp-json\/wp\/v2\/pages"}],"about":[{"href":"https:\/\/visitorsa.se\/de\/wp-json\/wp\/v2\/types\/page"}],"author":[{"embeddable":true,"href":"https:\/\/visitorsa.se\/de\/wp-json\/wp\/v2\/users\/3"}],"replies":[{"embeddable":true,"href":"https:\/\/visitorsa.se\/de\/wp-json\/wp\/v2\/comments?post=6490"}],"version-history":[{"count":3,"href":"https:\/\/visitorsa.se\/de\/wp-json\/wp\/v2\/pages\/6490\/revisions"}],"predecessor-version":[{"id":7654,"href":"https:\/\/visitorsa.se\/de\/wp-json\/wp\/v2\/pages\/6490\/revisions\/7654"}],"wp:featuredmedia":[{"embeddable":true,"href":"https:\/\/visitorsa.se\/de\/wp-json\/wp\/v2\/media\/6232"}],"wp:attachment":[{"href":"https:\/\/visitorsa.se\/de\/wp-json\/wp\/v2\/media?parent=6490"}],"wp:term":[{"taxonomy":"category","embeddable":true,"href":"https:\/\/visitorsa.se\/de\/wp-json\/wp\/v2\/categories?post=6490"},{"taxonomy":"post_tag","embeddable":true,"href":"https:\/\/visitorsa.se\/de\/wp-json\/wp\/v2\/tags?post=6490"}],"curies":[{"name":"wp","href":"https:\/\/api.w.org\/{rel}","templated":true}]}}