{"id":6488,"date":"2022-05-09T14:53:43","date_gmt":"2022-05-09T12:53:43","guid":{"rendered":"https:\/\/staging.visitorsa.se\/pfarrei-orsa\/"},"modified":"2022-07-08T13:26:20","modified_gmt":"2022-07-08T11:26:20","slug":"pfarrei-orsa","status":"publish","type":"page","link":"https:\/\/visitorsa.se\/de\/pfarrei-orsa\/","title":{"rendered":"Orsa F\u00f6rsamling"},"content":{"rendered":"\n<style type=\"text\/css\" data-created_by=\"avia_inline_auto\" id=\"style-css-av-6d4ygg-db790e9493201a1d2f9d8b3dfe30decc\">\n.flex_column.av-6d4ygg-db790e9493201a1d2f9d8b3dfe30decc{\n-webkit-border-radius:0px 0px 0px 0px;\n-moz-border-radius:0px 0px 0px 0px;\nborder-radius:0px 0px 0px 0px;\npadding:0px 0px 0px 0px;\n}\n<\/style>\n<div class='flex_column av-6d4ygg-db790e9493201a1d2f9d8b3dfe30decc av_one_full  avia-builder-el-0  el_before_av_one_half  avia-builder-el-first  first flex_column_div av-zero-column-padding '     ><style type=\"text\/css\" data-created_by=\"avia_inline_auto\" id=\"style-css-av-kgf1j3ru-6522f73aaf8f2e8acde45532c32d6b10\">\n#top .avia-gallery.av-kgf1j3ru-6522f73aaf8f2e8acde45532c32d6b10 .avia-gallery-thumb a{\nwidth:25%;\n}\n<\/style>\n<div  class='avia-gallery av-kgf1j3ru-6522f73aaf8f2e8acde45532c32d6b10 avia_animate_when_visible  avia-builder-el-1  avia-builder-el-no-sibling  avia_lazyload avia-gallery-animate avia-gallery-1'  itemprop=\"image\" itemscope=\"itemscope\" itemtype=\"https:\/\/schema.org\/ImageObject\" ><meta itemprop=\"contentURL\" content=\"https:\/\/visitorsa.se\/de\/pfarrei-orsa\/\"><div class='avia-gallery-thumb'><a href=\"https:\/\/visitorsa.se\/app\/uploads\/2022\/05\/Orsa-forsamling-1.png\" data-srcset=\"https:\/\/visitorsa.se\/app\/uploads\/2022\/05\/Orsa-forsamling-1.png 440w, https:\/\/visitorsa.se\/app\/uploads\/2022\/05\/Orsa-forsamling-1-210x300.png 210w\" data-sizes=\"(max-width: 440px) 100vw, 440px\" data-rel='gallery-1' data-prev-img='https:\/\/visitorsa.se\/app\/uploads\/2022\/05\/Orsa-forsamling-1-440x400.png' class='first_thumb lightbox ' data-onclick='1' title='Pfarrei Orsa'  itemprop=\"thumbnailUrl\"  ><img decoding=\"async\" class=\"wp-image-6236 avia-img-lazy-loading-not-6236\"   src=\"https:\/\/visitorsa.se\/app\/uploads\/2022\/05\/Orsa-forsamling-1-440x400.png\" width=\"440\" height=\"400\"  title='Pfarrei Orsa' alt='Besuchen Sie Orsa' \/><div class='big-prev-fake'><img loading=\"lazy\" decoding=\"async\" class=\"wp-image-6236 avia-img-lazy-loading-6236\"  width=\"440\" height=\"400\" src=\"https:\/\/visitorsa.se\/app\/uploads\/2022\/05\/Orsa-forsamling-1-440x400.png\" title='Pfarrei Orsa' alt='Besuchen Sie Orsa' \/><\/div><\/a><a href=\"https:\/\/visitorsa.se\/app\/uploads\/2022\/05\/Orsa-forsamling-2-1030x773.jpg\" data-srcset=\"https:\/\/visitorsa.se\/app\/uploads\/2022\/05\/Orsa-forsamling-2-1030x773.jpg 1030w, https:\/\/visitorsa.se\/app\/uploads\/2022\/05\/Orsa-forsamling-2-300x225.jpg 300w, https:\/\/visitorsa.se\/app\/uploads\/2022\/05\/Orsa-forsamling-2-768x576.jpg 768w, https:\/\/visitorsa.se\/app\/uploads\/2022\/05\/Orsa-forsamling-2-1536x1152.jpg 1536w, https:\/\/visitorsa.se\/app\/uploads\/2022\/05\/Orsa-forsamling-2-2048x1536.jpg 2048w, https:\/\/visitorsa.se\/app\/uploads\/2022\/05\/Orsa-forsamling-2-1500x1125.jpg 1500w, https:\/\/visitorsa.se\/app\/uploads\/2022\/05\/Orsa-forsamling-2-705x529.jpg 705w\" data-sizes=\"(max-width: 1030px) 100vw, 1030px\" data-rel='gallery-1' data-prev-img='https:\/\/visitorsa.se\/app\/uploads\/2022\/05\/Orsa-forsamling-2-495x400.jpg' class='lightbox ' data-onclick='2' title='Pfarrei Orsa'  itemprop=\"thumbnailUrl\"  ><img decoding=\"async\" class=\"wp-image-6238 avia-img-lazy-loading-not-6238\"   src=\"https:\/\/visitorsa.se\/app\/uploads\/2022\/05\/Orsa-forsamling-2-495x400.jpg\" width=\"495\" height=\"400\"  title='Pfarrei Orsa' alt='Besuchen Sie Orsa' srcset=\"https:\/\/visitorsa.se\/app\/uploads\/2022\/05\/Orsa-forsamling-2-495x400.jpg 495w, https:\/\/visitorsa.se\/app\/uploads\/2022\/05\/Orsa-forsamling-2-845x684.jpg 845w\" sizes=\"(max-width: 495px) 100vw, 495px\" \/><div class='big-prev-fake'><img loading=\"lazy\" decoding=\"async\" class=\"wp-image-6238 avia-img-lazy-loading-6238\"  width=\"495\" height=\"400\" src=\"https:\/\/visitorsa.se\/app\/uploads\/2022\/05\/Orsa-forsamling-2-495x400.jpg\" title='Pfarrei Orsa' alt='Besuchen Sie Orsa' srcset=\"https:\/\/visitorsa.se\/app\/uploads\/2022\/05\/Orsa-forsamling-2-495x400.jpg 495w, https:\/\/visitorsa.se\/app\/uploads\/2022\/05\/Orsa-forsamling-2-845x684.jpg 845w\" sizes=\"auto, (max-width: 495px) 100vw, 495px\" \/><\/div><\/a><a href=\"https:\/\/visitorsa.se\/app\/uploads\/2022\/05\/Orsa-forsamling-3.jpg\" data-srcset=\"https:\/\/visitorsa.se\/app\/uploads\/2022\/05\/Orsa-forsamling-3.jpg 240w, https:\/\/visitorsa.se\/app\/uploads\/2022\/05\/Orsa-forsamling-3-225x300.jpg 225w\" data-sizes=\"(max-width: 240px) 100vw, 240px\" data-rel='gallery-1' data-prev-img='https:\/\/visitorsa.se\/app\/uploads\/2022\/05\/Orsa-forsamling-3.jpg' class='lightbox ' data-onclick='3' title='Pfarrei Orsa'  itemprop=\"thumbnailUrl\"  ><img decoding=\"async\" class=\"wp-image-6240 avia-img-lazy-loading-not-6240\"   src=\"https:\/\/visitorsa.se\/app\/uploads\/2022\/05\/Orsa-forsamling-3.jpg\" width=\"240\" height=\"320\"  title='Pfarrei Orsa' alt='Besuchen Sie Orsa' srcset=\"https:\/\/visitorsa.se\/app\/uploads\/2022\/05\/Orsa-forsamling-3.jpg 240w, https:\/\/visitorsa.se\/app\/uploads\/2022\/05\/Orsa-forsamling-3-225x300.jpg 225w\" sizes=\"(max-width: 240px) 100vw, 240px\" \/><div class='big-prev-fake'><img loading=\"lazy\" decoding=\"async\" class=\"wp-image-6240 avia-img-lazy-loading-6240\"  width=\"240\" height=\"320\" src=\"https:\/\/visitorsa.se\/app\/uploads\/2022\/05\/Orsa-forsamling-3.jpg\" title='Pfarrei Orsa' alt='Besuchen Sie Orsa' srcset=\"https:\/\/visitorsa.se\/app\/uploads\/2022\/05\/Orsa-forsamling-3.jpg 240w, https:\/\/visitorsa.se\/app\/uploads\/2022\/05\/Orsa-forsamling-3-225x300.jpg 225w\" sizes=\"auto, (max-width: 240px) 100vw, 240px\" \/><\/div><\/a><a href=\"https:\/\/visitorsa.se\/app\/uploads\/2022\/05\/Orsa-forsamling-4.jpg\" data-srcset=\"https:\/\/visitorsa.se\/app\/uploads\/2022\/05\/Orsa-forsamling-4.jpg 288w, https:\/\/visitorsa.se\/app\/uploads\/2022\/05\/Orsa-forsamling-4-209x300.jpg 209w\" data-sizes=\"(max-width: 288px) 100vw, 288px\" data-rel='gallery-1' data-prev-img='https:\/\/visitorsa.se\/app\/uploads\/2022\/05\/Orsa-forsamling-4-288x400.jpg' class='lightbox ' data-onclick='4' title='Pfarrei Orsa'  itemprop=\"thumbnailUrl\"  ><img decoding=\"async\" class=\"wp-image-6242 avia-img-lazy-loading-not-6242\"   src=\"https:\/\/visitorsa.se\/app\/uploads\/2022\/05\/Orsa-forsamling-4-288x400.jpg\" width=\"288\" height=\"400\"  title='Pfarrei Orsa' alt='Besuchen Sie Orsa' \/><div class='big-prev-fake'><img loading=\"lazy\" decoding=\"async\" class=\"wp-image-6242 avia-img-lazy-loading-6242\"  width=\"288\" height=\"400\" src=\"https:\/\/visitorsa.se\/app\/uploads\/2022\/05\/Orsa-forsamling-4-288x400.jpg\" title='Pfarrei Orsa' alt='Besuchen Sie Orsa' \/><\/div><\/a><\/div><\/div><\/div>\n<style type=\"text\/css\" data-created_by=\"avia_inline_auto\" id=\"style-css-av-aupcw0-034727ff4178265a807e03e0bbca9dc3\">\n.flex_column.av-aupcw0-034727ff4178265a807e03e0bbca9dc3{\n-webkit-border-radius:0px 0px 0px 0px;\n-moz-border-radius:0px 0px 0px 0px;\nborder-radius:0px 0px 0px 0px;\npadding:0px 0px 0px 0px;\n}\n<\/style>\n<div class='flex_column av-aupcw0-034727ff4178265a807e03e0bbca9dc3 av_one_half  avia-builder-el-2  el_after_av_one_full  el_before_av_one_half  first flex_column_div av-zero-column-padding column-top-margin'     ><section  class='av_textblock_section av-kgf1e6kl-253ba1d13068f8db85f0ad3cf08f701d'  itemscope=\"itemscope\" itemtype=\"https:\/\/schema.org\/CreativeWork\" ><div class='avia_textblock'  itemprop=\"text\" ><h3>Pfarrei Orsa<\/h3>\n<p>Wir sind Orsas \u00e4ltester Verein!<br \/>\nOrsa wurde bereits in den fr\u00fchen 1300er Jahren eine unabh\u00e4ngige Pfarrei und war lange Zeit eine der umfangreichsten Pfarreien Dalarnas. Wir bieten vielen Menschen eine breite Palette von Aktivit\u00e4ten an \u2013 Kindergruppen, Beerdigungen, Taufen, Gemeindeversammlungen f\u00fcr \u00e4ltere Menschen, Gottesdienste, Konfirmandenlager, Konzerte, Ch\u00f6re, Mittagsmusik, Jugendgruppen, Hochzeiten und vieles mehr. Wir k\u00fcmmern uns auch um unsere sch\u00f6nen Kirchengeb\u00e4ude, die Teil unseres kulturellen Erbes sind.<\/p>\n<p>Orsa-Kirche \u2013 ist an jedem Wochentag der Woche ab 10 .m Uhr ge\u00f6ffnet. 08.00 \u2013 15.00 Uhr an den Wochenenden ist die Kirche von 09.00 \u2013 15.00 Uhr ge\u00f6ffnet.<\/p>\n<p>Skattunge Kirche \u2013 ist nur f\u00fcr Gottesdienste und heilige Handlungen ge\u00f6ffnet. Wenn Sie eine Ansicht w\u00fcnschen, rufen Sie 0250-55 24 80 an.<\/p>\n<p>Hornbergakapelle \u2013 Die Kapelle ist immer ge\u00f6ffnet, Tag und Nacht, Sommer und Winter.<\/p>\n<p>Orsa Pfarrheim &#8211; Wir sind t\u00e4glich von Montag bis Freitag f\u00fcr alle ge\u00f6ffnet. 08.00-15.00<br \/>\nKommen Sie herein und lesen Sie eine Zeitung, trinken Sie einen Kaffee&#8230; Und nat\u00fcrlich ist alles von der Pfarrei hausgemacht.<\/p>\n<p>Willkommen!<\/p>\n<\/div><\/section><br \/>\n<\/p><\/div>\n<style type=\"text\/css\" data-created_by=\"avia_inline_auto\" id=\"style-css-av-aupcw0-b252b444939f1c6223e79e5b57074446\">\n.flex_column.av-aupcw0-b252b444939f1c6223e79e5b57074446{\n-webkit-border-radius:0px 0px 0px 0px;\n-moz-border-radius:0px 0px 0px 0px;\nborder-radius:0px 0px 0px 0px;\npadding:0px 0px 0px 0px;\n}\n<\/style>\n<div class='flex_column av-aupcw0-b252b444939f1c6223e79e5b57074446 av_one_half  avia-builder-el-5  el_after_av_one_half  avia-builder-el-last  flex_column_div av-zero-column-padding column-top-margin'     ><p><section  class='av_textblock_section av-kgf1e6kl-253ba1d13068f8db85f0ad3cf08f701d'  itemscope=\"itemscope\" itemtype=\"https:\/\/schema.org\/CreativeWork\" ><div class='avia_textblock'  itemprop=\"text\" ><p><strong>F\u00f6retag:<\/strong><br \/>\nOrsa f\u00f6rsamling<\/p>\n<p><strong>E-postadress:<\/strong><br \/>\n<a href=\"mailto:orsa.forsamling@svenskakyrkan.se\" target=\"_blank\" rel=\"noopener\">orsa.forsamling@svenskakyrkan.se<\/a><\/p>\n<p><strong>Telefon:<\/strong><br \/>\n0250-55 24 80<\/p>\n<p><strong>Adress:<\/strong><br \/>\nKaplansgatan 14<br \/>\n79430 Orsa<\/p>\n<\/div><\/section><br \/>\n<br \/>\n<div  class='avia-button-wrap avia-button-center  avia-builder-el-8  el_after_av_codeblock  el_before_av_button_big ' >\n<style type=\"text\/css\" data-created_by=\"avia_inline_auto\" id=\"style-css-av-kgf1wc7j-35c1fa119eecf188740932fa17b1bf57\">\n#top #wrap_all .avia-button.av-kgf1wc7j-35c1fa119eecf188740932fa17b1bf57{\ncolor:#ffffff;\n-webkit-transition:all 0.4s ease-in-out;\n-moz-transition:all 0.4s ease-in-out;\n-ms-transition:all 0.4s ease-in-out;\n-o-transition:all 0.4s ease-in-out;\ntransition:all 0.4s ease-in-out;\n}\n#top #wrap_all .avia-button.av-kgf1wc7j-35c1fa119eecf188740932fa17b1bf57:hover{\ncolor:#ffffff;\n-webkit-transition:all 0.4s ease-in-out;\n-moz-transition:all 0.4s ease-in-out;\n-ms-transition:all 0.4s ease-in-out;\n-o-transition:all 0.4s ease-in-out;\ntransition:all 0.4s ease-in-out;\n}\n<\/style>\n<a href='https:\/\/www.svenskakyrkan.se\/orsa' class='avia-color-theme-color avia-button avia-button-fullwidth av-kgf1wc7j-35c1fa119eecf188740932fa17b1bf57 avia-icon_select-yes-left-icon avia-color-theme-color' ><span class='avia_button_icon avia_button_icon_left' aria-hidden='true' data-av_icon='\ue832' data-av_iconfont='entypo-fontello'><\/span><span class='avia_iconbox_title' >  Besuchen Sie unsere Website<\/span><span class='avia_button_background avia-button avia-button-fullwidth avia-color-theme-color-highlight'><\/span><\/a><\/div><br \/>\n<div  class='avia-button-wrap avia-button-center  avia-builder-el-9  el_after_av_button_big  avia-builder-el-last ' >\n<style type=\"text\/css\" data-created_by=\"avia_inline_auto\" id=\"style-css-av-kgf1wc7j-669c9a1677d14c9391fca635048fa1ba\">\n#top #wrap_all .avia-button.av-kgf1wc7j-669c9a1677d14c9391fca635048fa1ba{\ncolor:#ffffff;\n-webkit-transition:all 0.4s ease-in-out;\n-moz-transition:all 0.4s ease-in-out;\n-ms-transition:all 0.4s ease-in-out;\n-o-transition:all 0.4s ease-in-out;\ntransition:all 0.4s ease-in-out;\n}\n#top #wrap_all .avia-button.av-kgf1wc7j-669c9a1677d14c9391fca635048fa1ba:hover{\ncolor:#ffffff;\n-webkit-transition:all 0.4s ease-in-out;\n-moz-transition:all 0.4s ease-in-out;\n-ms-transition:all 0.4s ease-in-out;\n-o-transition:all 0.4s ease-in-out;\ntransition:all 0.4s ease-in-out;\n}\n<\/style>\n<a href='https:\/\/www.facebook.com\/orsakyrka' class='avia-color-theme-color avia-button avia-button-fullwidth av-kgf1wc7j-669c9a1677d14c9391fca635048fa1ba avia-icon_select-yes-left-icon avia-color-theme-color' ><span class='avia_button_icon avia_button_icon_left' aria-hidden='true' data-av_icon='\ue832' data-av_iconfont='entypo-fontello'><\/span><span class='avia_iconbox_title' >  Besuchen Sie uns auf Facebook<\/span><span class='avia_button_background avia-button avia-button-fullwidth avia-color-theme-color-highlight'><\/span><\/a><\/div><\/p><\/div><\/p>\n","protected":false},"excerpt":{"rendered":"","protected":false},"author":3,"featured_media":6244,"parent":0,"menu_order":0,"comment_status":"closed","ping_status":"closed","template":"","meta":{"footnotes":""},"categories":[72],"tags":[],"class_list":["post-6488","page","type-page","status-publish","has-post-thumbnail","hentry","category-korper-seele"],"_links":{"self":[{"href":"https:\/\/visitorsa.se\/de\/wp-json\/wp\/v2\/pages\/6488","targetHints":{"allow":["GET"]}}],"collection":[{"href":"https:\/\/visitorsa.se\/de\/wp-json\/wp\/v2\/pages"}],"about":[{"href":"https:\/\/visitorsa.se\/de\/wp-json\/wp\/v2\/types\/page"}],"author":[{"embeddable":true,"href":"https:\/\/visitorsa.se\/de\/wp-json\/wp\/v2\/users\/3"}],"replies":[{"embeddable":true,"href":"https:\/\/visitorsa.se\/de\/wp-json\/wp\/v2\/comments?post=6488"}],"version-history":[{"count":3,"href":"https:\/\/visitorsa.se\/de\/wp-json\/wp\/v2\/pages\/6488\/revisions"}],"predecessor-version":[{"id":7652,"href":"https:\/\/visitorsa.se\/de\/wp-json\/wp\/v2\/pages\/6488\/revisions\/7652"}],"wp:featuredmedia":[{"embeddable":true,"href":"https:\/\/visitorsa.se\/de\/wp-json\/wp\/v2\/media\/6244"}],"wp:attachment":[{"href":"https:\/\/visitorsa.se\/de\/wp-json\/wp\/v2\/media?parent=6488"}],"wp:term":[{"taxonomy":"category","embeddable":true,"href":"https:\/\/visitorsa.se\/de\/wp-json\/wp\/v2\/categories?post=6488"},{"taxonomy":"post_tag","embeddable":true,"href":"https:\/\/visitorsa.se\/de\/wp-json\/wp\/v2\/tags?post=6488"}],"curies":[{"name":"wp","href":"https:\/\/api.w.org\/{rel}","templated":true}]}}