{"id":6479,"date":"2022-05-25T22:12:36","date_gmt":"2022-05-25T20:12:36","guid":{"rendered":"https:\/\/staging.visitorsa.se\/jemth-entwicklung\/"},"modified":"2022-07-08T13:09:38","modified_gmt":"2022-07-08T11:09:38","slug":"jemth-entwicklung","status":"publish","type":"page","link":"https:\/\/visitorsa.se\/de\/jemth-entwicklung\/","title":{"rendered":"Jemth Entwicklung"},"content":{"rendered":"\n<style type=\"text\/css\" data-created_by=\"avia_inline_auto\" id=\"style-css-av-6d4ygg-db790e9493201a1d2f9d8b3dfe30decc\">\n.flex_column.av-6d4ygg-db790e9493201a1d2f9d8b3dfe30decc{\n-webkit-border-radius:0px 0px 0px 0px;\n-moz-border-radius:0px 0px 0px 0px;\nborder-radius:0px 0px 0px 0px;\npadding:0px 0px 0px 0px;\n}\n<\/style>\n<div class='flex_column av-6d4ygg-db790e9493201a1d2f9d8b3dfe30decc av_one_full  avia-builder-el-0  el_before_av_one_half  avia-builder-el-first  first flex_column_div av-zero-column-padding '     ><style type=\"text\/css\" data-created_by=\"avia_inline_auto\" id=\"style-css-av-kgf1j3ru-c79ff7c1405adb29e118732b7f7bdd60\">\n#top .avia-gallery.av-kgf1j3ru-c79ff7c1405adb29e118732b7f7bdd60 .avia-gallery-thumb a{\nwidth:25%;\n}\n<\/style>\n<div  class='avia-gallery av-kgf1j3ru-c79ff7c1405adb29e118732b7f7bdd60 avia_animate_when_visible  avia-builder-el-1  avia-builder-el-no-sibling  avia_lazyload avia-gallery-animate avia-gallery-1'  itemprop=\"image\" itemscope=\"itemscope\" itemtype=\"https:\/\/schema.org\/ImageObject\" ><meta itemprop=\"contentURL\" content=\"https:\/\/visitorsa.se\/de\/jemth-entwicklung\/\"><div class='avia-gallery-thumb'><a href=\"https:\/\/visitorsa.se\/app\/uploads\/2022\/05\/Jemth-utveckling-5.png\" data-srcset=\"https:\/\/visitorsa.se\/app\/uploads\/2022\/05\/Jemth-utveckling-5.png 582w, https:\/\/visitorsa.se\/app\/uploads\/2022\/05\/Jemth-utveckling-5-300x193.png 300w\" data-sizes=\"(max-width: 582px) 100vw, 582px\" data-rel='gallery-1' data-prev-img='https:\/\/visitorsa.se\/app\/uploads\/2022\/05\/Jemth-utveckling-5-495x375.png' class='first_thumb lightbox ' data-onclick='1' title='Jemth Entwicklung'  itemprop=\"thumbnailUrl\"  ><img decoding=\"async\" class=\"wp-image-6270 avia-img-lazy-loading-not-6270\"   src=\"https:\/\/visitorsa.se\/app\/uploads\/2022\/05\/Jemth-utveckling-5-495x375.png\" width=\"495\" height=\"375\"  title='Jemth Entwicklung' alt='Besuchen Sie Orsa' \/><div class='big-prev-fake'><img loading=\"lazy\" decoding=\"async\" class=\"wp-image-6270 avia-img-lazy-loading-6270\"  width=\"495\" height=\"375\" src=\"https:\/\/visitorsa.se\/app\/uploads\/2022\/05\/Jemth-utveckling-5-495x375.png\" title='Jemth Entwicklung' alt='Besuchen Sie Orsa' \/><\/div><\/a><a href=\"https:\/\/visitorsa.se\/app\/uploads\/2022\/05\/Jemth-utveckling-6-1030x1030.jpg\" data-srcset=\"https:\/\/visitorsa.se\/app\/uploads\/2022\/05\/Jemth-utveckling-6-1030x1030.jpg 1030w, https:\/\/visitorsa.se\/app\/uploads\/2022\/05\/Jemth-utveckling-6-300x300.jpg 300w, https:\/\/visitorsa.se\/app\/uploads\/2022\/05\/Jemth-utveckling-6-80x80.jpg 80w, https:\/\/visitorsa.se\/app\/uploads\/2022\/05\/Jemth-utveckling-6-768x768.jpg 768w, https:\/\/visitorsa.se\/app\/uploads\/2022\/05\/Jemth-utveckling-6-36x36.jpg 36w, https:\/\/visitorsa.se\/app\/uploads\/2022\/05\/Jemth-utveckling-6-180x180.jpg 180w, https:\/\/visitorsa.se\/app\/uploads\/2022\/05\/Jemth-utveckling-6-705x705.jpg 705w, https:\/\/visitorsa.se\/app\/uploads\/2022\/05\/Jemth-utveckling-6.jpg 1080w\" data-sizes=\"(max-width: 1030px) 100vw, 1030px\" data-rel='gallery-1' data-prev-img='https:\/\/visitorsa.se\/app\/uploads\/2022\/05\/Jemth-utveckling-6-495x400.jpg' class='lightbox ' data-onclick='2' title='Jemth Entwicklung'  itemprop=\"thumbnailUrl\"  ><img decoding=\"async\" class=\"wp-image-6272 avia-img-lazy-loading-not-6272\"   src=\"https:\/\/visitorsa.se\/app\/uploads\/2022\/05\/Jemth-utveckling-6-495x400.jpg\" width=\"495\" height=\"400\"  title='Jemth Entwicklung' alt='Besuchen Sie Orsa' srcset=\"https:\/\/visitorsa.se\/app\/uploads\/2022\/05\/Jemth-utveckling-6-495x400.jpg 495w, https:\/\/visitorsa.se\/app\/uploads\/2022\/05\/Jemth-utveckling-6-845x684.jpg 845w\" sizes=\"(max-width: 495px) 100vw, 495px\" \/><div class='big-prev-fake'><img loading=\"lazy\" decoding=\"async\" class=\"wp-image-6272 avia-img-lazy-loading-6272\"  width=\"495\" height=\"400\" src=\"https:\/\/visitorsa.se\/app\/uploads\/2022\/05\/Jemth-utveckling-6-495x400.jpg\" title='Jemth Entwicklung' alt='Besuchen Sie Orsa' srcset=\"https:\/\/visitorsa.se\/app\/uploads\/2022\/05\/Jemth-utveckling-6-495x400.jpg 495w, https:\/\/visitorsa.se\/app\/uploads\/2022\/05\/Jemth-utveckling-6-845x684.jpg 845w\" sizes=\"auto, (max-width: 495px) 100vw, 495px\" \/><\/div><\/a><a href=\"https:\/\/visitorsa.se\/app\/uploads\/2022\/05\/Jemth-utveckling-7.jpeg\" data-srcset=\"https:\/\/visitorsa.se\/app\/uploads\/2022\/05\/Jemth-utveckling-7.jpeg 720w, https:\/\/visitorsa.se\/app\/uploads\/2022\/05\/Jemth-utveckling-7-225x300.jpeg 225w, https:\/\/visitorsa.se\/app\/uploads\/2022\/05\/Jemth-utveckling-7-529x705.jpeg 529w\" data-sizes=\"(max-width: 720px) 100vw, 720px\" data-rel='gallery-1' data-prev-img='https:\/\/visitorsa.se\/app\/uploads\/2022\/05\/Jemth-utveckling-7-495x400.jpeg' class='lightbox ' data-onclick='3' title='Jemth Entwicklung'  itemprop=\"thumbnailUrl\"  ><img decoding=\"async\" class=\"wp-image-6274 avia-img-lazy-loading-not-6274\"   src=\"https:\/\/visitorsa.se\/app\/uploads\/2022\/05\/Jemth-utveckling-7-495x400.jpeg\" width=\"495\" height=\"400\"  title='Jemth Entwicklung' alt='Besuchen Sie Orsa' \/><div class='big-prev-fake'><img loading=\"lazy\" decoding=\"async\" class=\"wp-image-6274 avia-img-lazy-loading-6274\"  width=\"495\" height=\"400\" src=\"https:\/\/visitorsa.se\/app\/uploads\/2022\/05\/Jemth-utveckling-7-495x400.jpeg\" title='Jemth Entwicklung' alt='Besuchen Sie Orsa' \/><\/div><\/a><a href=\"https:\/\/visitorsa.se\/app\/uploads\/2022\/05\/Jemth-utveckling-8.jpg\" data-srcset=\"https:\/\/visitorsa.se\/app\/uploads\/2022\/05\/Jemth-utveckling-8.jpg 960w, https:\/\/visitorsa.se\/app\/uploads\/2022\/05\/Jemth-utveckling-8-300x225.jpg 300w, https:\/\/visitorsa.se\/app\/uploads\/2022\/05\/Jemth-utveckling-8-768x576.jpg 768w, https:\/\/visitorsa.se\/app\/uploads\/2022\/05\/Jemth-utveckling-8-705x529.jpg 705w\" data-sizes=\"(max-width: 960px) 100vw, 960px\" data-rel='gallery-1' data-prev-img='https:\/\/visitorsa.se\/app\/uploads\/2022\/05\/Jemth-utveckling-8-495x400.jpg' class='lightbox ' data-onclick='4' title='Jemth Entwicklung'  itemprop=\"thumbnailUrl\"  ><img decoding=\"async\" class=\"wp-image-6276 avia-img-lazy-loading-not-6276\"   src=\"https:\/\/visitorsa.se\/app\/uploads\/2022\/05\/Jemth-utveckling-8-495x400.jpg\" width=\"495\" height=\"400\"  title='Jemth Entwicklung' alt='Besuchen Sie Orsa' srcset=\"https:\/\/visitorsa.se\/app\/uploads\/2022\/05\/Jemth-utveckling-8-495x400.jpg 495w, https:\/\/visitorsa.se\/app\/uploads\/2022\/05\/Jemth-utveckling-8-845x684.jpg 845w\" sizes=\"(max-width: 495px) 100vw, 495px\" \/><div class='big-prev-fake'><img loading=\"lazy\" decoding=\"async\" class=\"wp-image-6276 avia-img-lazy-loading-6276\"  width=\"495\" height=\"400\" src=\"https:\/\/visitorsa.se\/app\/uploads\/2022\/05\/Jemth-utveckling-8-495x400.jpg\" title='Jemth Entwicklung' alt='Besuchen Sie Orsa' srcset=\"https:\/\/visitorsa.se\/app\/uploads\/2022\/05\/Jemth-utveckling-8-495x400.jpg 495w, https:\/\/visitorsa.se\/app\/uploads\/2022\/05\/Jemth-utveckling-8-845x684.jpg 845w\" sizes=\"auto, (max-width: 495px) 100vw, 495px\" \/><\/div><\/a><\/div><\/div><\/div>\n\n<style type=\"text\/css\" data-created_by=\"avia_inline_auto\" id=\"style-css-av-aupcw0-034727ff4178265a807e03e0bbca9dc3\">\n.flex_column.av-aupcw0-034727ff4178265a807e03e0bbca9dc3{\n-webkit-border-radius:0px 0px 0px 0px;\n-moz-border-radius:0px 0px 0px 0px;\nborder-radius:0px 0px 0px 0px;\npadding:0px 0px 0px 0px;\n}\n<\/style>\n<div class='flex_column av-aupcw0-034727ff4178265a807e03e0bbca9dc3 av_one_half  avia-builder-el-2  el_after_av_one_full  el_before_av_one_half  first flex_column_div av-zero-column-padding column-top-margin'     ><section  class='av_textblock_section av-kgf1e6kl-253ba1d13068f8db85f0ad3cf08f701d'  itemscope=\"itemscope\" itemtype=\"https:\/\/schema.org\/CreativeWork\" ><div class='avia_textblock'  itemprop=\"text\" ><h3>Jemth Utveckling<\/h3>\n<p>Vill du f\u00e5 ett b\u00e4ttre liv? Vill du utvecklas? Vill du m\u00e5 b\u00e4ttre? D\u00e5 har du kommit r\u00e4tt.<br \/>\nV\u00e4lkommen!<\/p>\n<p>Jag heter Britt-Marie Jemth och jag driver mitt f\u00f6retag Jemth Utveckling d\u00e4r jag har samtalsterapi med Resanmetoden, energimassage, andlig coachning samt erbjuder metoder och kurser i personlig &amp; andlig utveckling.<\/p>\n<p>Behandlingar jag erbjuder:<\/p>\n<p>Energimassage<br \/>\nEn kombinerad behandling som sker i tysthet. En djupt avslappnande och rogivande massage och sen healing som hj\u00e4lper din kropp att slappna av p\u00e5 alla plan,<br \/>\nDenna behandling \u00e4r djupt avslappnande och fantastisk n\u00e4r du k\u00e4nner dig tr\u00f6tt, energi t\u00f6md, lindrar \u00e5ngest, huvudv\u00e4rk, sm\u00e4rtor, om du \u00e4r sp\u00e4nd, stressad, har s\u00f6mn problem, vid posttraumatisk stress och har varit eller \u00e4r utbr\u00e4nd.<\/p>\n<p>Resanmetoden<br \/>\nI Resa guidas du in i ditt djupaste medvetande och f\u00e5r tillg\u00e5ng till de blockeringar och knutar du b\u00e4r p\u00e5, f\u00f6r de verkliga orsakerna till dina problem upp till ytan och g\u00f6r det m\u00f6jligt att rensa ut gamla m\u00f6nster och beteenden samt f\u00e5r tillg\u00e5ng till en medvetenhet som reflekterar den du verkligen \u00e4r.<br \/>\nMetoden \u00e4r ett radikalt och kraftfullt s\u00e4tt att m\u00f6ta vilken utmaning som helst, och p\u00e5 ett effektivt s\u00e4tt kan komma vidare i livet!<\/p>\n<p>L\u00e4s mer och boka tid p\u00e5 min hemsida.<\/p>\n<p>Varmt v\u00e4lkommen<br \/>\nBritt-Marie<\/p>\n<\/div><\/section><br \/>\n<\/p><\/div>\n\n<style type=\"text\/css\" data-created_by=\"avia_inline_auto\" id=\"style-css-av-aupcw0-b252b444939f1c6223e79e5b57074446\">\n.flex_column.av-aupcw0-b252b444939f1c6223e79e5b57074446{\n-webkit-border-radius:0px 0px 0px 0px;\n-moz-border-radius:0px 0px 0px 0px;\nborder-radius:0px 0px 0px 0px;\npadding:0px 0px 0px 0px;\n}\n<\/style>\n<div class='flex_column av-aupcw0-b252b444939f1c6223e79e5b57074446 av_one_half  avia-builder-el-5  el_after_av_one_half  avia-builder-el-last  flex_column_div av-zero-column-padding column-top-margin'     ><p><section  class='av_textblock_section av-kgf1e6kl-253ba1d13068f8db85f0ad3cf08f701d'  itemscope=\"itemscope\" itemtype=\"https:\/\/schema.org\/CreativeWork\" ><div class='avia_textblock'  itemprop=\"text\" ><p><strong>Unternehmen:<\/strong><br \/>\nJemth Entwicklung<\/p>\n<p><strong>E-Mail-Adresse:<\/strong><br \/>\n<a href=\"mailto:britt-marie@jemthutveckling.se\" target=\"_blank\" rel=\"noopener\">britt-marie@jemthutveckling.se<\/a><\/p>\n<p><strong>Telefon:<\/strong><br \/>\n0707294322<\/p>\n<p><strong>Adresse:<\/strong><br \/>\nLokalen, Kyrkogatan 10<br \/>\nTel.: 794 30 Orsa<\/p>\n<\/div><\/section><br \/>\n<br \/>\n<div  class='avia-button-wrap avia-button-center  avia-builder-el-8  el_after_av_codeblock  el_before_av_button_big ' >\n<style type=\"text\/css\" data-created_by=\"avia_inline_auto\" id=\"style-css-av-kgf1wc7j-2176c00fcdd05bc899faaaa3c651411d\">\n#top #wrap_all .avia-button.av-kgf1wc7j-2176c00fcdd05bc899faaaa3c651411d{\ncolor:#ffffff;\n-webkit-transition:all 0.4s ease-in-out;\n-moz-transition:all 0.4s ease-in-out;\n-ms-transition:all 0.4s ease-in-out;\n-o-transition:all 0.4s ease-in-out;\ntransition:all 0.4s ease-in-out;\n}\n#top #wrap_all .avia-button.av-kgf1wc7j-2176c00fcdd05bc899faaaa3c651411d:hover{\ncolor:#ffffff;\n-webkit-transition:all 0.4s ease-in-out;\n-moz-transition:all 0.4s ease-in-out;\n-ms-transition:all 0.4s ease-in-out;\n-o-transition:all 0.4s ease-in-out;\ntransition:all 0.4s ease-in-out;\n}\n<\/style>\n<a href='https:\/\/www.jemthutveckling.se\/' class='avia-color-theme-color avia-button avia-button-fullwidth av-kgf1wc7j-2176c00fcdd05bc899faaaa3c651411d avia-icon_select-yes-left-icon avia-color-theme-color' ><span class='avia_button_icon avia_button_icon_left' aria-hidden='true' data-av_icon='\ue832' data-av_iconfont='entypo-fontello'><\/span><span class='avia_iconbox_title' >  Besuchen Sie unsere Website<\/span><span class='avia_button_background avia-button avia-button-fullwidth avia-color-theme-color-highlight'><\/span><\/a><\/div><br \/>\n<div  class='avia-button-wrap avia-button-center  avia-builder-el-9  el_after_av_button_big  avia-builder-el-last ' >\n<style type=\"text\/css\" data-created_by=\"avia_inline_auto\" id=\"style-css-av-kgf1wc7j-faf59e36e9006f74121fb6ca6953b3cc\">\n#top #wrap_all .avia-button.av-kgf1wc7j-faf59e36e9006f74121fb6ca6953b3cc{\ncolor:#ffffff;\n-webkit-transition:all 0.4s ease-in-out;\n-moz-transition:all 0.4s ease-in-out;\n-ms-transition:all 0.4s ease-in-out;\n-o-transition:all 0.4s ease-in-out;\ntransition:all 0.4s ease-in-out;\n}\n#top #wrap_all .avia-button.av-kgf1wc7j-faf59e36e9006f74121fb6ca6953b3cc:hover{\ncolor:#ffffff;\n-webkit-transition:all 0.4s ease-in-out;\n-moz-transition:all 0.4s ease-in-out;\n-ms-transition:all 0.4s ease-in-out;\n-o-transition:all 0.4s ease-in-out;\ntransition:all 0.4s ease-in-out;\n}\n<\/style>\n<a href='https:\/\/www.facebook.com\/jemthutveckling.se' class='avia-color-theme-color avia-button avia-button-fullwidth av-kgf1wc7j-faf59e36e9006f74121fb6ca6953b3cc avia-icon_select-yes-left-icon avia-color-theme-color' ><span class='avia_button_icon avia_button_icon_left' aria-hidden='true' data-av_icon='\ue832' data-av_iconfont='entypo-fontello'><\/span><span class='avia_iconbox_title' >  Besuchen Sie uns auf Facebook<\/span><span class='avia_button_background avia-button avia-button-fullwidth avia-color-theme-color-highlight'><\/span><\/a><\/div><\/p><\/div>\n","protected":false},"excerpt":{"rendered":"","protected":false},"author":3,"featured_media":6270,"parent":0,"menu_order":0,"comment_status":"closed","ping_status":"closed","template":"","meta":{"footnotes":""},"categories":[72],"tags":[],"class_list":["post-6479","page","type-page","status-publish","has-post-thumbnail","hentry","category-korper-seele"],"_links":{"self":[{"href":"https:\/\/visitorsa.se\/de\/wp-json\/wp\/v2\/pages\/6479","targetHints":{"allow":["GET"]}}],"collection":[{"href":"https:\/\/visitorsa.se\/de\/wp-json\/wp\/v2\/pages"}],"about":[{"href":"https:\/\/visitorsa.se\/de\/wp-json\/wp\/v2\/types\/page"}],"author":[{"embeddable":true,"href":"https:\/\/visitorsa.se\/de\/wp-json\/wp\/v2\/users\/3"}],"replies":[{"embeddable":true,"href":"https:\/\/visitorsa.se\/de\/wp-json\/wp\/v2\/comments?post=6479"}],"version-history":[{"count":2,"href":"https:\/\/visitorsa.se\/de\/wp-json\/wp\/v2\/pages\/6479\/revisions"}],"predecessor-version":[{"id":7623,"href":"https:\/\/visitorsa.se\/de\/wp-json\/wp\/v2\/pages\/6479\/revisions\/7623"}],"wp:featuredmedia":[{"embeddable":true,"href":"https:\/\/visitorsa.se\/de\/wp-json\/wp\/v2\/media\/6270"}],"wp:attachment":[{"href":"https:\/\/visitorsa.se\/de\/wp-json\/wp\/v2\/media?parent=6479"}],"wp:term":[{"taxonomy":"category","embeddable":true,"href":"https:\/\/visitorsa.se\/de\/wp-json\/wp\/v2\/categories?post=6479"},{"taxonomy":"post_tag","embeddable":true,"href":"https:\/\/visitorsa.se\/de\/wp-json\/wp\/v2\/tags?post=6479"}],"curies":[{"name":"wp","href":"https:\/\/api.w.org\/{rel}","templated":true}]}}