{"id":6428,"date":"2025-05-14T12:02:38","date_gmt":"2025-05-14T10:02:38","guid":{"rendered":"https:\/\/staging.visitorsa.se\/essen\/"},"modified":"2025-05-14T12:08:15","modified_gmt":"2025-05-14T10:08:15","slug":"essen","status":"publish","type":"page","link":"https:\/\/visitorsa.se\/de\/essen\/","title":{"rendered":"Essen"},"content":{"rendered":"\n<style type=\"text\/css\" data-created_by=\"avia_inline_auto\" id=\"style-css-av-4rxuiw-e37cbb6f6348960c6911d0d4a8394f0a\">\n.flex_column.av-4rxuiw-e37cbb6f6348960c6911d0d4a8394f0a{\n-webkit-border-radius:0px 0px 0px 0px;\n-moz-border-radius:0px 0px 0px 0px;\nborder-radius:0px 0px 0px 0px;\npadding:0px 0px 0px 0px;\n}\n<\/style>\n<div class='flex_column av-4rxuiw-e37cbb6f6348960c6911d0d4a8394f0a av_one_full  avia-builder-el-0  el_before_av_masonry_entries  avia-builder-el-no-sibling  first flex_column_div av-zero-column-padding '     ><section  class='av_textblock_section av-kgght6t2-2407d8784e689651f0e4249c1f16a26a'  itemscope=\"itemscope\" itemtype=\"https:\/\/schema.org\/CreativeWork\" ><div class='avia_textblock'  itemprop=\"text\" ><h1 class=\"w44 bcm cn\">Essen<\/h1>\n<p>Gutes Essen ist Teil des Aufenthalts und der Reise. Orsa und Umgebung bieten gutes Essen f\u00fcr jeden Geschmack, oft mit regionalen Zutaten zubereitet. Im Zentrum gibt es Restaurants, Caf\u00e9s, Markthalle, Lebensmittelgesch\u00e4fte und einen Katzensprung entfernt Hofl\u00e4den mit heimischem Anbau. Nach dem Naturerlebnis am Orsasj\u00f6n, im Wald oder auf dem Berg in einer Sommerresidenz ist es nah an einer Gofika oder einem leckeren Mittagessen.<\/p>\n<\/div><\/section><\/div><div id='av-masonry-1' class='av-masonry av-kgghagwd-50cb586919c0b73a7658aaf5ab7599f1 noHover av-fixed-size av-large-gap av-hover-overlay-active av-masonry-animation-active av-masonry-col-4 av-caption-always av-caption-style- av-masonry-entries av-medium-columns-overwrite av-medium-columns-4 av-small-columns-overwrite av-small-columns-3 av-mini-columns-overwrite av-mini-columns-2 '><div class=\"av-masonry-container isotope av-js-disabled\"><div class='av-masonry-entry isotope-item av-masonry-item-no-image all_sort essen_sort  handel-handwerk_sort  unterkunft-in-orsa_sort '><\/div><a href=\"https:\/\/visitorsa.se\/de\/restaurant-akropolis\/\"  id='av-masonry-1-item-6673' data-av-masonry-item='6673' class='av-masonry-entry isotope-item post-6673 page type-page status-publish has-post-thumbnail hentry category-essen all_sort essen_sort  av-masonry-item-with-image' title=\"Akropolis\"   itemscope=\"itemscope\" itemtype=\"https:\/\/schema.org\/CreativeWork\" ><div class='av-inner-masonry-sizer'><\/div><figure class='av-inner-masonry main_color'><div class=\"av-masonry-outerimage-container\"><div class='av-masonry-image-container' style=\"background-image: url(https:\/\/visitorsa.se\/app\/uploads\/2021\/03\/Akropolis-2-470x705.jpg);\"  title=\"Akropolis\"   alt=\"Besuchen Sie Orsa\" ><\/div><\/div><figcaption class='av-inner-masonry-content site-background'><div class='av-inner-masonry-content-pos'><div class='av-inner-masonry-content-pos-content'><div class='avia-arrow'><\/div><h3 class='av-masonry-entry-title entry-title '  itemprop=\"headline\" >Akropolis restaurant<\/h3><\/div><\/div><\/figcaption><\/figure><\/a><!--end av-masonry entry--><a href=\"https:\/\/visitorsa.se\/de\/handel-shopping\/geboren-bbq-kueche\/\"  id='av-masonry-1-item-6743' data-av-masonry-item='6743' class='av-masonry-entry isotope-item post-6743 page type-page status-publish hentry category-essen category-handel-handwerk all_sort essen_sort  handel-handwerk_sort  av-masonry-item-no-image' title=\"Born BBQ &#038; k\u00f6k\"   itemscope=\"itemscope\" itemtype=\"https:\/\/schema.org\/CreativeWork\" ><div class='av-inner-masonry-sizer'><\/div><figure class='av-inner-masonry main_color'><figcaption class='av-inner-masonry-content site-background'><div class='av-inner-masonry-content-pos'><div class='av-inner-masonry-content-pos-content'><div class='avia-arrow'><\/div><h3 class='av-masonry-entry-title entry-title '  itemprop=\"headline\" >Born BBQ &#038; k\u00f6k<\/h3><\/div><\/div><\/figcaption><\/figure><\/a><!--end av-masonry entry--><a href=\"https:\/\/visitorsa.se\/de\/cafe-aelvhojden\/\"  id='av-masonry-1-item-6577' data-av-masonry-item='6577' class='av-masonry-entry isotope-item post-6577 page type-page status-publish has-post-thumbnail hentry category-essen all_sort essen_sort  av-masonry-item-with-image' title=\"Cafe \u00e4lvhojden 3\"   itemscope=\"itemscope\" itemtype=\"https:\/\/schema.org\/CreativeWork\" ><div class='av-inner-masonry-sizer'><\/div><figure class='av-inner-masonry main_color'><div class=\"av-masonry-outerimage-container\"><div class='av-masonry-image-container' style=\"background-image: url(https:\/\/visitorsa.se\/app\/uploads\/2021\/06\/Cafe-alvhojden-3-1-705x677.jpg);\"  title=\"Cafe \u00e4lvhojden 3\"   alt=\"Besuchen Sie Orsa\" ><\/div><\/div><figcaption class='av-inner-masonry-content site-background'><div class='av-inner-masonry-content-pos'><div class='av-inner-masonry-content-pos-content'><div class='avia-arrow'><\/div><h3 class='av-masonry-entry-title entry-title '  itemprop=\"headline\" >Caf\u00e9 \u00c4lvhojden<\/h3><\/div><\/div><\/figcaption><\/figure><\/a><!--end av-masonry entry--><a href=\"https:\/\/visitorsa.se\/de\/zentraler-grill\/\"  id='av-masonry-1-item-6584' data-av-masonry-item='6584' class='av-masonry-entry isotope-item post-6584 page type-page status-publish has-post-thumbnail hentry category-essen all_sort essen_sort  av-masonry-item-with-image' title=\"Zentralgrill 1\"   itemscope=\"itemscope\" itemtype=\"https:\/\/schema.org\/CreativeWork\" ><div class='av-inner-masonry-sizer'><\/div><figure class='av-inner-masonry main_color'><div class=\"av-masonry-outerimage-container\"><div class='av-masonry-image-container' style=\"background-image: url(https:\/\/visitorsa.se\/app\/uploads\/2021\/06\/centralgrill-1-705x332.jpeg);\"  title=\"Zentralgrill 1\"   alt=\"Besuchen Sie Orsa\" ><\/div><\/div><figcaption class='av-inner-masonry-content site-background'><div class='av-inner-masonry-content-pos'><div class='av-inner-masonry-content-pos-content'><div class='avia-arrow'><\/div><h3 class='av-masonry-entry-title entry-title '  itemprop=\"headline\" >Centralgrillen<\/h3><\/div><\/div><\/figcaption><\/figure><\/a><!--end av-masonry entry--><a href=\"https:\/\/visitorsa.se\/de\/fagelsjoe-gammelgard-2\/\"  id='av-masonry-1-item-152731' data-av-masonry-item='152731' class='av-masonry-entry isotope-item post-152731 page type-page status-publish has-post-thumbnail hentry category-essen category-unterkunft-in-orsa all_sort essen_sort  unterkunft-in-orsa_sort  av-masonry-item-with-image' title=\"P1180429\"   itemscope=\"itemscope\" itemtype=\"https:\/\/schema.org\/CreativeWork\" ><div class='av-inner-masonry-sizer'><\/div><figure class='av-inner-masonry main_color'><div class=\"av-masonry-outerimage-container\"><div class='av-masonry-image-container' style=\"background-image: url(https:\/\/visitorsa.se\/app\/uploads\/2022\/12\/P1180429-705x494.jpg);\"  title=\"P1180429\"  ><\/div><\/div><figcaption class='av-inner-masonry-content site-background'><div class='av-inner-masonry-content-pos'><div class='av-inner-masonry-content-pos-content'><div class='avia-arrow'><\/div><h3 class='av-masonry-entry-title entry-title '  itemprop=\"headline\" >F\u00e5gelsj\u00f6 Gammelg\u00e5rd<\/h3><\/div><\/div><\/figcaption><\/figure><\/a><!--end av-masonry entry--><a href=\"https:\/\/visitorsa.se\/de\/hansjoe-glaskapelle\/\"  id='av-masonry-1-item-7989' data-av-masonry-item='7989' class='av-masonry-entry isotope-item post-7989 page type-page status-publish has-post-thumbnail hentry category-essen category-handel-handwerk all_sort essen_sort  handel-handwerk_sort  av-masonry-item-with-image' title=\"Kapelle-Besuchera-min\"   itemscope=\"itemscope\" itemtype=\"https:\/\/schema.org\/CreativeWork\" ><div class='av-inner-masonry-sizer'><\/div><figure class='av-inner-masonry main_color'><div class=\"av-masonry-outerimage-container\"><div class='av-masonry-image-container' style=\"background-image: url(https:\/\/visitorsa.se\/app\/uploads\/2022\/08\/kapell-visitorsa-min-705x343.jpg);\"  title=\"Kapelle-Besuchera-min\"  ><\/div><\/div><figcaption class='av-inner-masonry-content site-background'><div class='av-inner-masonry-content-pos'><div class='av-inner-masonry-content-pos-content'><div class='avia-arrow'><\/div><h3 class='av-masonry-entry-title entry-title '  itemprop=\"headline\" >Hansj\u00f6 Glaskapelle<\/h3><\/div><\/div><\/figcaption><\/figure><\/a><!--end av-masonry entry--><a href=\"https:\/\/visitorsa.se\/de\/hansjoe-molkerei\/\"  id='av-masonry-1-item-6707' data-av-masonry-item='6707' class='av-masonry-entry isotope-item post-6707 page type-page status-publish has-post-thumbnail hentry category-essen category-handel-handwerk all_sort essen_sort  handel-handwerk_sort  av-masonry-item-with-image' title=\"Hansj\u00f6mejeri &#8211; Wikipedia\"   itemscope=\"itemscope\" itemtype=\"https:\/\/schema.org\/CreativeWork\" ><div class='av-inner-masonry-sizer'><\/div><figure class='av-inner-masonry main_color'><div class=\"av-masonry-outerimage-container\"><div class='av-masonry-image-container' style=\"background-image: url(https:\/\/visitorsa.se\/app\/uploads\/2021\/03\/Hansjomejeri-1-705x429.jpg);\"  title=\"Hansj\u00f6mejeri &#8211; Wikipedia\"   alt=\"Besuchen Sie Orsa\" ><\/div><\/div><figcaption class='av-inner-masonry-content site-background'><div class='av-inner-masonry-content-pos'><div class='av-inner-masonry-content-pos-content'><div class='avia-arrow'><\/div><h3 class='av-masonry-entry-title entry-title '  itemprop=\"headline\" >Hansj\u00f6 Molkerei<\/h3><\/div><\/div><\/figcaption><\/figure><\/a><!--end av-masonry entry--><a href=\"https:\/\/visitorsa.se\/de\/leve-broed-hantverksbageri\/\"  id='av-masonry-1-item-152644' data-av-masonry-item='152644' class='av-masonry-entry isotope-item post-152644 page type-page status-publish has-post-thumbnail hentry category-essen all_sort essen_sort  av-masonry-item-with-image' title=\"Levebr\u00f6d 1\"   itemscope=\"itemscope\" itemtype=\"https:\/\/schema.org\/CreativeWork\" ><div class='av-inner-masonry-sizer'><\/div><figure class='av-inner-masonry main_color'><div class=\"av-masonry-outerimage-container\"><div class='av-masonry-image-container' style=\"background-image: url(https:\/\/visitorsa.se\/app\/uploads\/2023\/03\/Levebrod-1-705x470.jpg);\"  title=\"Levebr\u00f6d 1\"   alt=\"Visit Orsa\" ><\/div><\/div><figcaption class='av-inner-masonry-content site-background'><div class='av-inner-masonry-content-pos'><div class='av-inner-masonry-content-pos-content'><div class='avia-arrow'><\/div><h3 class='av-masonry-entry-title entry-title '  itemprop=\"headline\" >Leve Br\u00f6d Hantverksbageri<\/h3><\/div><\/div><\/figcaption><\/figure><\/a><!--end av-masonry entry--><a href=\"https:\/\/visitorsa.se\/de\/kleine-gesellschaft\/\"  id='av-masonry-1-item-6708' data-av-masonry-item='6708' class='av-masonry-entry isotope-item post-6708 page type-page status-publish has-post-thumbnail hentry category-essen all_sort essen_sort  av-masonry-item-with-image' title=\"Kleine Gesellschaft\"   itemscope=\"itemscope\" itemtype=\"https:\/\/schema.org\/CreativeWork\" ><div class='av-inner-masonry-sizer'><\/div><figure class='av-inner-masonry main_color'><div class=\"av-masonry-outerimage-container\"><div class='av-masonry-image-container' style=\"background-image: url(https:\/\/visitorsa.se\/app\/uploads\/2021\/03\/Lilla-sallskapet-1-1-529x705.jpg);\"  title=\"Kleine Gesellschaft\"   alt=\"Besuchen Sie Orsa\" ><\/div><\/div><figcaption class='av-inner-masonry-content site-background'><div class='av-inner-masonry-content-pos'><div class='av-inner-masonry-content-pos-content'><div class='avia-arrow'><\/div><h3 class='av-masonry-entry-title entry-title '  itemprop=\"headline\" >Little Society Wein &amp; Deli<\/h3><\/div><\/div><\/figcaption><\/figure><\/a><!--end av-masonry entry--><a href=\"https:\/\/visitorsa.se\/de\/handel-shopping\/neue-markthalle-in-orsa\/\"  id='av-masonry-1-item-6682' data-av-masonry-item='6682' class='av-masonry-entry isotope-item post-6682 page type-page status-publish hentry category-essen category-handel-handwerk tag-handel-de all_sort essen_sort  handel-handwerk_sort  av-masonry-item-no-image' title=\"Nya Saluhallen i Orsa\"   itemscope=\"itemscope\" itemtype=\"https:\/\/schema.org\/CreativeWork\" ><div class='av-inner-masonry-sizer'><\/div><figure class='av-inner-masonry main_color'><figcaption class='av-inner-masonry-content site-background'><div class='av-inner-masonry-content-pos'><div class='av-inner-masonry-content-pos-content'><div class='avia-arrow'><\/div><h3 class='av-masonry-entry-title entry-title '  itemprop=\"headline\" >Nya Saluhallen i Orsa<\/h3><\/div><\/div><\/figcaption><\/figure><\/a><!--end av-masonry entry--><a href=\"https:\/\/visitorsa.se\/de\/orsa-faebodssnaps\/\"  id='av-masonry-1-item-152782' data-av-masonry-item='152782' class='av-masonry-entry isotope-item post-152782 page type-page status-publish has-post-thumbnail hentry category-essen all_sort essen_sort  av-masonry-item-with-image' title=\"Orsa f\u00e4bodssnaps 5\"   itemscope=\"itemscope\" itemtype=\"https:\/\/schema.org\/CreativeWork\" ><div class='av-inner-masonry-sizer'><\/div><figure class='av-inner-masonry main_color'><div class=\"av-masonry-outerimage-container\"><div class='av-masonry-image-container' style=\"background-image: url(https:\/\/visitorsa.se\/app\/uploads\/2022\/12\/Orsa-fabodssnaps-5.jpeg);\"  title=\"Orsa f\u00e4bodssnaps 5\"  ><\/div><\/div><figcaption class='av-inner-masonry-content site-background'><div class='av-inner-masonry-content-pos'><div class='av-inner-masonry-content-pos-content'><div class='avia-arrow'><\/div><h3 class='av-masonry-entry-title entry-title '  itemprop=\"headline\" >Orsa F\u00e4bodssnaps<\/h3><\/div><\/div><\/figcaption><\/figure><\/a><!--end av-masonry entry--><a href=\"https:\/\/visitorsa.se\/de\/orsa-hornberga-bauernhof\/\"  id='av-masonry-1-item-6632' data-av-masonry-item='6632' class='av-masonry-entry isotope-item post-6632 page type-page status-publish has-post-thumbnail hentry category-essen category-unterkunft-in-orsa all_sort essen_sort  unterkunft-in-orsa_sort  av-masonry-item-with-image' title=\"Bauernhof Hornberga\"   itemscope=\"itemscope\" itemtype=\"https:\/\/schema.org\/CreativeWork\" ><div class='av-inner-masonry-sizer'><\/div><figure class='av-inner-masonry main_color'><div class=\"av-masonry-outerimage-container\"><div class='av-masonry-image-container' style=\"background-image: url(https:\/\/visitorsa.se\/app\/uploads\/2021\/04\/Hornberga-gard-4.jpg);\"  title=\"Bauernhof Hornberga\"   alt=\"Besuchen Sie Orsa\" ><\/div><\/div><figcaption class='av-inner-masonry-content site-background'><div class='av-inner-masonry-content-pos'><div class='av-inner-masonry-content-pos-content'><div class='avia-arrow'><\/div><h3 class='av-masonry-entry-title entry-title '  itemprop=\"headline\" >Orsa Hornberga g\u00e5rd<\/h3><\/div><\/div><\/figcaption><\/figure><\/a><!--end av-masonry entry--><a href=\"https:\/\/visitorsa.se\/de\/unterkunft-in-orsa\/orsa-railway-hotel-restaurant\/\"  id='av-masonry-1-item-6655' data-av-masonry-item='6655' class='av-masonry-entry isotope-item post-6655 page type-page status-publish hentry category-essen category-unterkunft-in-orsa tag-essen tag-unterkunft all_sort essen_sort  unterkunft-in-orsa_sort  av-masonry-item-no-image' title=\"Orsa J\u00e4rnv\u00e4gshotel &#038; Restaurant\"   itemscope=\"itemscope\" itemtype=\"https:\/\/schema.org\/CreativeWork\" ><div class='av-inner-masonry-sizer'><\/div><figure class='av-inner-masonry main_color'><figcaption class='av-inner-masonry-content site-background'><div class='av-inner-masonry-content-pos'><div class='av-inner-masonry-content-pos-content'><div class='avia-arrow'><\/div><h3 class='av-masonry-entry-title entry-title '  itemprop=\"headline\" >Orsa J\u00e4rnv\u00e4gshotel &#038; Restaurant<\/h3><\/div><\/div><\/figcaption><\/figure><\/a><!--end av-masonry entry--><a href=\"https:\/\/visitorsa.se\/de\/essen\/orsa-kaffeehaus\/\"  id='av-masonry-1-item-6742' data-av-masonry-item='6742' class='av-masonry-entry isotope-item post-6742 page type-page status-publish hentry category-essen all_sort essen_sort  av-masonry-item-no-image' title=\"Orsa Kaffestuga\"   itemscope=\"itemscope\" itemtype=\"https:\/\/schema.org\/CreativeWork\" ><div class='av-inner-masonry-sizer'><\/div><figure class='av-inner-masonry main_color'><figcaption class='av-inner-masonry-content site-background'><div class='av-inner-masonry-content-pos'><div class='av-inner-masonry-content-pos-content'><div class='avia-arrow'><\/div><h3 class='av-masonry-entry-title entry-title '  itemprop=\"headline\" >Orsa Kaffestuga<\/h3><\/div><\/div><\/figcaption><\/figure><\/a><!--end av-masonry entry--><a href=\"https:\/\/visitorsa.se\/de\/essen\/pizzeria-amore-in-orsa\/\"  id='av-masonry-1-item-6757' data-av-masonry-item='6757' class='av-masonry-entry isotope-item post-6757 page type-page status-publish hentry category-essen tag-essen all_sort essen_sort  av-masonry-item-no-image' title=\"Pizzeria Amore in Orsa\"   itemscope=\"itemscope\" itemtype=\"https:\/\/schema.org\/CreativeWork\" ><div class='av-inner-masonry-sizer'><\/div><figure class='av-inner-masonry main_color'><figcaption class='av-inner-masonry-content site-background'><div class='av-inner-masonry-content-pos'><div class='av-inner-masonry-content-pos-content'><div class='avia-arrow'><\/div><h3 class='av-masonry-entry-title entry-title '  itemprop=\"headline\" >Pizzeria Amore in Orsa<\/h3><\/div><\/div><\/figcaption><\/figure><\/a><!--end av-masonry entry--><a href=\"https:\/\/visitorsa.se\/de\/restaurant-gruvan\/\"  id='av-masonry-1-item-152822' data-av-masonry-item='152822' class='av-masonry-entry isotope-item post-152822 page type-page status-publish has-post-thumbnail hentry category-essen all_sort essen_sort  av-masonry-item-with-image' title=\"Restaurang gruvan 2\"   itemscope=\"itemscope\" itemtype=\"https:\/\/schema.org\/CreativeWork\" ><div class='av-inner-masonry-sizer'><\/div><figure class='av-inner-masonry main_color'><div class=\"av-masonry-outerimage-container\"><div class='av-masonry-image-container' style=\"background-image: url(https:\/\/visitorsa.se\/app\/uploads\/2023\/04\/Restaurang-gruvan-2-705x410.jpeg);\"  title=\"Restaurang gruvan 2\"  ><\/div><\/div><figcaption class='av-inner-masonry-content site-background'><div class='av-inner-masonry-content-pos'><div class='av-inner-masonry-content-pos-content'><div class='avia-arrow'><\/div><h3 class='av-masonry-entry-title entry-title '  itemprop=\"headline\" >Restaurant Gruvan<\/h3><\/div><\/div><\/figcaption><\/figure><\/a><!--end av-masonry entry--><a href=\"https:\/\/visitorsa.se\/de\/essen\/restaurants-fryksas-hotels\/\"  id='av-masonry-1-item-6830' data-av-masonry-item='6830' class='av-masonry-entry isotope-item post-6830 page type-page status-publish hentry category-essen all_sort essen_sort  av-masonry-item-no-image' title=\"Restaurants Fryks\u00e5s Hotels\"   itemscope=\"itemscope\" itemtype=\"https:\/\/schema.org\/CreativeWork\" ><div class='av-inner-masonry-sizer'><\/div><figure class='av-inner-masonry main_color'><figcaption class='av-inner-masonry-content site-background'><div class='av-inner-masonry-content-pos'><div class='av-inner-masonry-content-pos-content'><div class='avia-arrow'><\/div><h3 class='av-masonry-entry-title entry-title '  itemprop=\"headline\" >Restaurants Fryks\u00e5s Hotels<\/h3><\/div><\/div><\/figcaption><\/figure><\/a><!--end av-masonry entry--><a href=\"https:\/\/visitorsa.se\/de\/essen\/smidgarden-restaurant-cafe\/\"  id='av-masonry-1-item-6650' data-av-masonry-item='6650' class='av-masonry-entry isotope-item post-6650 page type-page status-publish hentry category-essen tag-essen all_sort essen_sort  av-masonry-item-no-image' title=\"Smidg\u00e5rden Restaurant &amp; Caf\u00e9\"   itemscope=\"itemscope\" itemtype=\"https:\/\/schema.org\/CreativeWork\" ><div class='av-inner-masonry-sizer'><\/div><figure class='av-inner-masonry main_color'><figcaption class='av-inner-masonry-content site-background'><div class='av-inner-masonry-content-pos'><div class='av-inner-masonry-content-pos-content'><div class='avia-arrow'><\/div><h3 class='av-masonry-entry-title entry-title '  itemprop=\"headline\" >Smidg\u00e5rden Restaurant &amp; Caf\u00e9<\/h3><\/div><\/div><\/figcaption><\/figure><\/a><!--end av-masonry entry--><a href=\"https:\/\/visitorsa.se\/de\/solsyran-2\/\"  id='av-masonry-1-item-7449' data-av-masonry-item='7449' class='av-masonry-entry isotope-item post-7449 page type-page status-publish has-post-thumbnail hentry category-essen all_sort essen_sort  av-masonry-item-with-image' title=\"Solsyran 2\"   itemscope=\"itemscope\" itemtype=\"https:\/\/schema.org\/CreativeWork\" ><div class='av-inner-masonry-sizer'><\/div><figure class='av-inner-masonry main_color'><div class=\"av-masonry-outerimage-container\"><div class='av-masonry-image-container' style=\"background-image: url(https:\/\/visitorsa.se\/app\/uploads\/2021\/04\/Solsyran-2-529x705.jpg);\"  title=\"Solsyran 2\"   alt=\"Besuchen Sie Orsa\" ><\/div><\/div><figcaption class='av-inner-masonry-content site-background'><div class='av-inner-masonry-content-pos'><div class='av-inner-masonry-content-pos-content'><div class='avia-arrow'><\/div><h3 class='av-masonry-entry-title entry-title '  itemprop=\"headline\" >Solsyran<\/h3><\/div><\/div><\/figcaption><\/figure><\/a><!--end av-masonry entry--><a href=\"https:\/\/visitorsa.se\/de\/solsyran\/\"  id='av-masonry-1-item-6605' data-av-masonry-item='6605' class='av-masonry-entry isotope-item post-6605 page type-page status-publish has-post-thumbnail hentry category-essen category-handel-handwerk all_sort essen_sort  handel-handwerk_sort  av-masonry-item-with-image' title=\"Solsyran 1\"   itemscope=\"itemscope\" itemtype=\"https:\/\/schema.org\/CreativeWork\" ><div class='av-inner-masonry-sizer'><\/div><figure class='av-inner-masonry main_color'><div class=\"av-masonry-outerimage-container\"><div class='av-masonry-image-container' style=\"background-image: url(https:\/\/visitorsa.se\/app\/uploads\/2021\/04\/Solsyran-1-470x705.jpg);\"  title=\"Solsyran 1\"   alt=\"Besuchen Sie Orsa\" ><\/div><\/div><figcaption class='av-inner-masonry-content site-background'><div class='av-inner-masonry-content-pos'><div class='av-inner-masonry-content-pos-content'><div class='avia-arrow'><\/div><h3 class='av-masonry-entry-title entry-title '  itemprop=\"headline\" >Solsyran<\/h3><\/div><\/div><\/figcaption><\/figure><\/a><!--end av-masonry entry--><a href=\"https:\/\/visitorsa.se\/de\/essen\/die-eule-und-der-baer\/\"  id='av-masonry-1-item-6700' data-av-masonry-item='6700' class='av-masonry-entry isotope-item post-6700 page type-page status-publish hentry category-essen tag-essen all_sort essen_sort  av-masonry-item-no-image' title=\"The Owl &amp; The Bear Restaurant\"   itemscope=\"itemscope\" itemtype=\"https:\/\/schema.org\/CreativeWork\" ><div class='av-inner-masonry-sizer'><\/div><figure class='av-inner-masonry main_color'><figcaption class='av-inner-masonry-content site-background'><div class='av-inner-masonry-content-pos'><div class='av-inner-masonry-content-pos-content'><div class='avia-arrow'><\/div><h3 class='av-masonry-entry-title entry-title '  itemprop=\"headline\" >The Owl &amp; The Bear Restaurant<\/h3><\/div><\/div><\/figcaption><\/figure><\/a><!--end av-masonry entry--><a href=\"https:\/\/visitorsa.se\/de\/essen\/toppstugan-groenklitt\/\"  id='av-masonry-1-item-6677' data-av-masonry-item='6677' class='av-masonry-entry isotope-item post-6677 page type-page status-publish hentry category-essen tag-essen all_sort essen_sort  av-masonry-item-no-image' title=\"Toppstugan Gr\u00f6nklitt\"   itemscope=\"itemscope\" itemtype=\"https:\/\/schema.org\/CreativeWork\" ><div class='av-inner-masonry-sizer'><\/div><figure class='av-inner-masonry main_color'><figcaption class='av-inner-masonry-content site-background'><div class='av-inner-masonry-content-pos'><div class='av-inner-masonry-content-pos-content'><div class='avia-arrow'><\/div><h3 class='av-masonry-entry-title entry-title '  itemprop=\"headline\" >Toppstugan Gr\u00f6nklitt<\/h3><\/div><\/div><\/figcaption><\/figure><\/a><!--end av-masonry entry--><a href=\"https:\/\/visitorsa.se\/de\/wurstfabrik-in-skattungbyn\/\"  id='av-masonry-1-item-6599' data-av-masonry-item='6599' class='av-masonry-entry isotope-item post-6599 page type-page status-publish has-post-thumbnail hentry category-essen category-handel-handwerk all_sort essen_sort  handel-handwerk_sort  av-masonry-item-with-image' title=\"Wurstfabrik 1\"   itemscope=\"itemscope\" itemtype=\"https:\/\/schema.org\/CreativeWork\" ><div class='av-inner-masonry-sizer'><\/div><figure class='av-inner-masonry main_color'><div class=\"av-masonry-outerimage-container\"><div class='av-masonry-image-container' style=\"background-image: url(https:\/\/visitorsa.se\/app\/uploads\/2021\/05\/Korvfabriken-1-705x286.jpeg);\"  title=\"Wurstfabrik 1\"   alt=\"Besuchen Sie Orsa\" ><\/div><\/div><figcaption class='av-inner-masonry-content site-background'><div class='av-inner-masonry-content-pos'><div class='av-inner-masonry-content-pos-content'><div class='avia-arrow'><\/div><h3 class='av-masonry-entry-title entry-title '  itemprop=\"headline\" >Wurstfabrik in Skattungbyn<\/h3><\/div><\/div><\/figcaption><\/figure><\/a><!--end av-masonry entry--><\/div><div class='av-masonry-pagination av-masonry-pagination-pagination'><nav class='pagination'><span class='pagination-meta'>Seite 1 von 0<\/span><\/nav>\n<\/div><\/div><\/p>\n","protected":false},"excerpt":{"rendered":"","protected":false},"author":1,"featured_media":0,"parent":0,"menu_order":0,"comment_status":"closed","ping_status":"closed","template":"","meta":{"footnotes":""},"categories":[],"tags":[118],"class_list":["post-6428","page","type-page","status-publish","hentry","tag-mitgliederkategorie"],"_links":{"self":[{"href":"https:\/\/visitorsa.se\/de\/wp-json\/wp\/v2\/pages\/6428","targetHints":{"allow":["GET"]}}],"collection":[{"href":"https:\/\/visitorsa.se\/de\/wp-json\/wp\/v2\/pages"}],"about":[{"href":"https:\/\/visitorsa.se\/de\/wp-json\/wp\/v2\/types\/page"}],"author":[{"embeddable":true,"href":"https:\/\/visitorsa.se\/de\/wp-json\/wp\/v2\/users\/1"}],"replies":[{"embeddable":true,"href":"https:\/\/visitorsa.se\/de\/wp-json\/wp\/v2\/comments?post=6428"}],"version-history":[{"count":15,"href":"https:\/\/visitorsa.se\/de\/wp-json\/wp\/v2\/pages\/6428\/revisions"}],"predecessor-version":[{"id":8053,"href":"https:\/\/visitorsa.se\/de\/wp-json\/wp\/v2\/pages\/6428\/revisions\/8053"}],"wp:attachment":[{"href":"https:\/\/visitorsa.se\/de\/wp-json\/wp\/v2\/media?parent=6428"}],"wp:term":[{"taxonomy":"category","embeddable":true,"href":"https:\/\/visitorsa.se\/de\/wp-json\/wp\/v2\/categories?post=6428"},{"taxonomy":"post_tag","embeddable":true,"href":"https:\/\/visitorsa.se\/de\/wp-json\/wp\/v2\/tags?post=6428"}],"curies":[{"name":"wp","href":"https:\/\/api.w.org\/{rel}","templated":true}]}}