{"id":6424,"date":"2025-05-14T12:02:34","date_gmt":"2025-05-14T10:02:34","guid":{"rendered":"https:\/\/staging.visitorsa.se\/unterkunft-in-orsa\/"},"modified":"2025-05-14T12:10:12","modified_gmt":"2025-05-14T10:10:12","slug":"unterkunft-in-orsa","status":"publish","type":"page","link":"https:\/\/visitorsa.se\/de\/unterkunft-in-orsa\/","title":{"rendered":"Bleiben &amp; Mieten"},"content":{"rendered":"\n<style type=\"text\/css\" data-created_by=\"avia_inline_auto\" id=\"style-css-av-42oupt-30bcae16162246e256c45a26364330ba\">\n.flex_column.av-42oupt-30bcae16162246e256c45a26364330ba{\n-webkit-border-radius:0px 0px 0px 0px;\n-moz-border-radius:0px 0px 0px 0px;\nborder-radius:0px 0px 0px 0px;\npadding:0px 0px 0px 0px;\n}\n<\/style>\n<div class='flex_column av-42oupt-30bcae16162246e256c45a26364330ba av_one_full  avia-builder-el-0  el_before_av_masonry_entries  avia-builder-el-no-sibling  first flex_column_div av-zero-column-padding '     ><section  class='av_textblock_section av-kgght6t2-2407d8784e689651f0e4249c1f16a26a'  itemscope=\"itemscope\" itemtype=\"https:\/\/schema.org\/CreativeWork\" ><div class='avia_textblock'  itemprop=\"text\" ><h1>Unterkunft in Orsa<\/h1>\n<p>Endlich in Orsa angekommen! Hier finden Sie gem\u00fctliche Ferienh\u00e4user, nette Hostels, g\u00fcnstige Familienhotels und Bed &amp; Breakfasts zum Buchen. Tr\u00e4umen Sie sich in ein angenehmes Wochenende im eleganten Bahnhotel oder im gem\u00fctlichen Landhausambiente. Erleben Sie die Stille in einem Sommerhaus oder die Einfachheit einer H\u00fctte auf dem Campingplatz, auch Riviera von Dalarna genannt, am wundersch\u00f6nen Orsa-See.<\/p>\n<\/div><\/section><\/div><div id='av-masonry-1' class='av-masonry av-kgghagwd-efe1300c41fdef934b168699c4c75dce noHover av-fixed-size av-large-gap av-hover-overlay-active av-masonry-animation-active av-masonry-col-4 av-caption-always av-caption-style- av-masonry-entries av-medium-columns-overwrite av-medium-columns-4 av-small-columns-overwrite av-small-columns-3 av-mini-columns-overwrite av-mini-columns-2 '><div class=\"av-masonry-container isotope av-js-disabled\"><div class='av-masonry-entry isotope-item av-masonry-item-no-image '><\/div><a href=\"https:\/\/visitorsa.se\/de\/unterkunft-in-orsa\/campingplatz-orsa\/\"  id='av-masonry-1-item-6728' data-av-masonry-item='6728' class='av-masonry-entry isotope-item post-6728 page type-page status-publish hentry category-aktivitaten-in-orsa category-unterkunft-in-orsa tag-camping-de tag-sehenswurdigkeiten tag-unterkunft  av-masonry-item-no-image' title=\"Erstes Camp Orsa\"   itemscope=\"itemscope\" itemtype=\"https:\/\/schema.org\/CreativeWork\" ><div class='av-inner-masonry-sizer'><\/div><figure class='av-inner-masonry main_color'><figcaption class='av-inner-masonry-content site-background'><div class='av-inner-masonry-content-pos'><div class='av-inner-masonry-content-pos-content'><div class='avia-arrow'><\/div><h3 class='av-masonry-entry-title entry-title '  itemprop=\"headline\" >Erstes Camp Orsa<\/h3><\/div><\/div><\/figcaption><\/figure><\/a><!--end av-masonry entry--><a href=\"https:\/\/visitorsa.se\/de\/fagelsjoe-gammelgard-2\/\"  id='av-masonry-1-item-152731' data-av-masonry-item='152731' class='av-masonry-entry isotope-item post-152731 page type-page status-publish has-post-thumbnail hentry category-essen category-unterkunft-in-orsa  av-masonry-item-with-image' title=\"P1180429\"   itemscope=\"itemscope\" itemtype=\"https:\/\/schema.org\/CreativeWork\" ><div class='av-inner-masonry-sizer'><\/div><figure class='av-inner-masonry main_color'><div class=\"av-masonry-outerimage-container\"><div class='av-masonry-image-container' style=\"background-image: url(https:\/\/visitorsa.se\/app\/uploads\/2022\/12\/P1180429-705x494.jpg);\"  title=\"P1180429\"  ><\/div><\/div><figcaption class='av-inner-masonry-content site-background'><div class='av-inner-masonry-content-pos'><div class='av-inner-masonry-content-pos-content'><div class='avia-arrow'><\/div><h3 class='av-masonry-entry-title entry-title '  itemprop=\"headline\" >F\u00e5gelsj\u00f6 Gammelg\u00e5rd<\/h3><\/div><\/div><\/figcaption><\/figure><\/a><!--end av-masonry entry--><a href=\"https:\/\/visitorsa.se\/de\/fastighetsbyran-norra-dalarna-ab\/\"  id='av-masonry-1-item-6566' data-av-masonry-item='6566' class='av-masonry-entry isotope-item post-6566 page type-page status-publish has-post-thumbnail hentry category-unterkunft-in-orsa  av-masonry-item-with-image' title=\"Immobiliendorf\"   itemscope=\"itemscope\" itemtype=\"https:\/\/schema.org\/CreativeWork\" ><div class='av-inner-masonry-sizer'><\/div><figure class='av-inner-masonry main_color'><div class=\"av-masonry-outerimage-container\"><div class='av-masonry-image-container' style=\"background-image: url(https:\/\/visitorsa.se\/app\/uploads\/2021\/06\/Fastighetsbyran-bild-2.jpg);\"  title=\"Immobiliendorf\"   alt=\"Besuchen Sie Orsa\" ><\/div><\/div><figcaption class='av-inner-masonry-content site-background'><div class='av-inner-masonry-content-pos'><div class='av-inner-masonry-content-pos-content'><div class='avia-arrow'><\/div><h3 class='av-masonry-entry-title entry-title '  itemprop=\"headline\" >Fastighetsbyr\u00e5n Norra Dalarna AB<\/h3><\/div><\/div><\/figcaption><\/figure><\/a><!--end av-masonry entry--><a href=\"https:\/\/visitorsa.se\/de\/finngarden-faebodar-fryksas\/\"  id='av-masonry-1-item-152719' data-av-masonry-item='152719' class='av-masonry-entry isotope-item post-152719 page type-page status-publish has-post-thumbnail hentry category-unterkunft-in-orsa  av-masonry-item-with-image' title=\"Finng\u00e5rdar F\u00e4bod 4\"   itemscope=\"itemscope\" itemtype=\"https:\/\/schema.org\/CreativeWork\" ><div class='av-inner-masonry-sizer'><\/div><figure class='av-inner-masonry main_color'><div class=\"av-masonry-outerimage-container\"><div class='av-masonry-image-container' style=\"background-image: url(https:\/\/visitorsa.se\/app\/uploads\/2023\/03\/Finngardar-Fabod-4.png);\"  title=\"Finng\u00e5rdar F\u00e4bod 4\"  ><\/div><\/div><figcaption class='av-inner-masonry-content site-background'><div class='av-inner-masonry-content-pos'><div class='av-inner-masonry-content-pos-content'><div class='avia-arrow'><\/div><h3 class='av-masonry-entry-title entry-title '  itemprop=\"headline\" >Finng\u00e5rden F\u00e4bodar Fryks\u00e5s<\/h3><\/div><\/div><\/figcaption><\/figure><\/a><!--end av-masonry entry--><a href=\"https:\/\/visitorsa.se\/de\/unterkunft-in-orsa\/fryksas-hotel-gestgifveri\/\"  id='av-masonry-1-item-6823' data-av-masonry-item='6823' class='av-masonry-entry isotope-item post-6823 page type-page status-publish has-post-thumbnail hentry category-unterkunft-in-orsa tag-hotel  av-masonry-item-with-image' title=\"Fryks\u00e5s hotell 1\"   itemscope=\"itemscope\" itemtype=\"https:\/\/schema.org\/CreativeWork\" ><div class='av-inner-masonry-sizer'><\/div><figure class='av-inner-masonry main_color'><div class=\"av-masonry-outerimage-container\"><div class='av-masonry-image-container' style=\"background-image: url(https:\/\/visitorsa.se\/app\/uploads\/2023\/10\/Fryksas-hotell-1-705x397.jpg);\"  title=\"Fryks\u00e5s hotell 1\"  ><\/div><\/div><figcaption class='av-inner-masonry-content site-background'><div class='av-inner-masonry-content-pos'><div class='av-inner-masonry-content-pos-content'><div class='avia-arrow'><\/div><h3 class='av-masonry-entry-title entry-title '  itemprop=\"headline\" >Fryks\u00e5s Hotel &amp; Gestgifveri<\/h3><\/div><\/div><\/figcaption><\/figure><\/a><!--end av-masonry entry--><a href=\"https:\/\/visitorsa.se\/de\/unterkunft-in-orsa\/happy-bengts-ferienhaus-in-fryksas\/\"  id='av-masonry-1-item-6822' data-av-masonry-item='6822' class='av-masonry-entry isotope-item post-6822 page type-page status-publish hentry category-unterkunft-in-orsa tag-cottages-de  av-masonry-item-no-image' title=\"Happy Bengts Ferienhaus in Fryks\u00e5s\"   itemscope=\"itemscope\" itemtype=\"https:\/\/schema.org\/CreativeWork\" ><div class='av-inner-masonry-sizer'><\/div><figure class='av-inner-masonry main_color'><figcaption class='av-inner-masonry-content site-background'><div class='av-inner-masonry-content-pos'><div class='av-inner-masonry-content-pos-content'><div class='avia-arrow'><\/div><h3 class='av-masonry-entry-title entry-title '  itemprop=\"headline\" >Happy Bengts Ferienhaus in Fryks\u00e5s<\/h3><\/div><\/div><\/figcaption><\/figure><\/a><!--end av-masonry entry--><a href=\"https:\/\/visitorsa.se\/de\/unterkunft-in-orsa\/harabacken-in-skattungbyn\/\"  id='av-masonry-1-item-6804' data-av-masonry-item='6804' class='av-masonry-entry isotope-item post-6804 page type-page status-publish hentry category-unterkunft-in-orsa tag-cottages-de  av-masonry-item-no-image' title=\"Harabacken in Skattungbyn\"   itemscope=\"itemscope\" itemtype=\"https:\/\/schema.org\/CreativeWork\" ><div class='av-inner-masonry-sizer'><\/div><figure class='av-inner-masonry main_color'><figcaption class='av-inner-masonry-content site-background'><div class='av-inner-masonry-content-pos'><div class='av-inner-masonry-content-pos-content'><div class='avia-arrow'><\/div><h3 class='av-masonry-entry-title entry-title '  itemprop=\"headline\" >Harabacken in Skattungbyn<\/h3><\/div><\/div><\/figcaption><\/figure><\/a><!--end av-masonry entry--><a href=\"https:\/\/visitorsa.se\/de\/unterkunft-in-orsa\/hotel-strandvillan-im-stadtzentrum-von-orsa\/\"  id='av-masonry-1-item-6806' data-av-masonry-item='6806' class='av-masonry-entry isotope-item post-6806 page type-page status-publish has-post-thumbnail hentry category-unterkunft-in-orsa tag-hotel  av-masonry-item-with-image' title=\"1-presentationsbild\"   itemscope=\"itemscope\" itemtype=\"https:\/\/schema.org\/CreativeWork\" ><div class='av-inner-masonry-sizer'><\/div><figure class='av-inner-masonry main_color'><div class=\"av-masonry-outerimage-container\"><div class='av-masonry-image-container' style=\"background-image: url(https:\/\/visitorsa.se\/app\/uploads\/2026\/03\/1-presentationsbild-705x529.jpg);\"  title=\"1-presentationsbild\"  ><\/div><\/div><figcaption class='av-inner-masonry-content site-background'><div class='av-inner-masonry-content-pos'><div class='av-inner-masonry-content-pos-content'><div class='avia-arrow'><\/div><h3 class='av-masonry-entry-title entry-title '  itemprop=\"headline\" >Hotel Strandvillan in Orsa<\/h3><\/div><\/div><\/figcaption><\/figure><\/a><!--end av-masonry entry--><a href=\"https:\/\/visitorsa.se\/de\/unterkunft-in-orsa\/unterkuenfte-in-kungshaga\/\"  id='av-masonry-1-item-6831' data-av-masonry-item='6831' class='av-masonry-entry isotope-item post-6831 page type-page status-publish hentry category-unterkunft-in-orsa tag-hotel  av-masonry-item-no-image' title=\"Kungshaga Hotell &#038; konferens\"   itemscope=\"itemscope\" itemtype=\"https:\/\/schema.org\/CreativeWork\" ><div class='av-inner-masonry-sizer'><\/div><figure class='av-inner-masonry main_color'><figcaption class='av-inner-masonry-content site-background'><div class='av-inner-masonry-content-pos'><div class='av-inner-masonry-content-pos-content'><div class='avia-arrow'><\/div><h3 class='av-masonry-entry-title entry-title '  itemprop=\"headline\" >Kungshaga Hotell &#038; konferens<\/h3><\/div><\/div><\/figcaption><\/figure><\/a><!--end av-masonry entry--><a href=\"https:\/\/visitorsa.se\/de\/aktivitaeten-in-orsa\/orsa-groenklitt\/\"  id='av-masonry-1-item-6760' data-av-masonry-item='6760' class='av-masonry-entry isotope-item post-6760 page type-page status-publish hentry category-aktivitaten-in-orsa category-unterkunft-in-orsa tag-aktivitaten tag-unterkunft  av-masonry-item-no-image' title=\"Orsa Gr\u00f6nklitt\"   itemscope=\"itemscope\" itemtype=\"https:\/\/schema.org\/CreativeWork\" ><div class='av-inner-masonry-sizer'><\/div><figure class='av-inner-masonry main_color'><figcaption class='av-inner-masonry-content site-background'><div class='av-inner-masonry-content-pos'><div class='av-inner-masonry-content-pos-content'><div class='avia-arrow'><\/div><h3 class='av-masonry-entry-title entry-title '  itemprop=\"headline\" >Orsa Gr\u00f6nklitt<\/h3><\/div><\/div><\/figcaption><\/figure><\/a><!--end av-masonry entry--><a href=\"https:\/\/visitorsa.se\/de\/orsa-hornberga-bauernhof\/\"  id='av-masonry-1-item-6632' data-av-masonry-item='6632' class='av-masonry-entry isotope-item post-6632 page type-page status-publish has-post-thumbnail hentry category-essen category-unterkunft-in-orsa  av-masonry-item-with-image' title=\"Bauernhof Hornberga\"   itemscope=\"itemscope\" itemtype=\"https:\/\/schema.org\/CreativeWork\" ><div class='av-inner-masonry-sizer'><\/div><figure class='av-inner-masonry main_color'><div class=\"av-masonry-outerimage-container\"><div class='av-masonry-image-container' style=\"background-image: url(https:\/\/visitorsa.se\/app\/uploads\/2021\/04\/Hornberga-gard-4.jpg);\"  title=\"Bauernhof Hornberga\"   alt=\"Besuchen Sie Orsa\" ><\/div><\/div><figcaption class='av-inner-masonry-content site-background'><div class='av-inner-masonry-content-pos'><div class='av-inner-masonry-content-pos-content'><div class='avia-arrow'><\/div><h3 class='av-masonry-entry-title entry-title '  itemprop=\"headline\" >Orsa Hornberga g\u00e5rd<\/h3><\/div><\/div><\/figcaption><\/figure><\/a><!--end av-masonry entry--><a href=\"https:\/\/visitorsa.se\/de\/unterkunft-in-orsa\/orsa-railway-hotel-restaurant\/\"  id='av-masonry-1-item-6655' data-av-masonry-item='6655' class='av-masonry-entry isotope-item post-6655 page type-page status-publish hentry category-essen category-unterkunft-in-orsa tag-essen tag-unterkunft  av-masonry-item-no-image' title=\"Orsa J\u00e4rnv\u00e4gshotel &#038; Restaurant\"   itemscope=\"itemscope\" itemtype=\"https:\/\/schema.org\/CreativeWork\" ><div class='av-inner-masonry-sizer'><\/div><figure class='av-inner-masonry main_color'><figcaption class='av-inner-masonry-content site-background'><div class='av-inner-masonry-content-pos'><div class='av-inner-masonry-content-pos-content'><div class='avia-arrow'><\/div><h3 class='av-masonry-entry-title entry-title '  itemprop=\"headline\" >Orsa J\u00e4rnv\u00e4gshotel &#038; Restaurant<\/h3><\/div><\/div><\/figcaption><\/figure><\/a><!--end av-masonry entry--><a href=\"https:\/\/visitorsa.se\/de\/unterkunft-in-orsa\/orsa-station-bed-breakfast\/\"  id='av-masonry-1-item-6793' data-av-masonry-item='6793' class='av-masonry-entry isotope-item post-6793 page type-page status-publish hentry category-unterkunft-in-orsa tag-herberge  av-masonry-item-no-image' title=\"Orsa Station Bed &amp; Breakfast\"   itemscope=\"itemscope\" itemtype=\"https:\/\/schema.org\/CreativeWork\" ><div class='av-inner-masonry-sizer'><\/div><figure class='av-inner-masonry main_color'><figcaption class='av-inner-masonry-content site-background'><div class='av-inner-masonry-content-pos'><div class='av-inner-masonry-content-pos-content'><div class='avia-arrow'><\/div><h3 class='av-masonry-entry-title entry-title '  itemprop=\"headline\" >Orsa Station Bed &amp; Breakfast<\/h3><\/div><\/div><\/figcaption><\/figure><\/a><!--end av-masonry entry--><a href=\"https:\/\/visitorsa.se\/de\/unterkunft-in-orsa\/smidgarden-in-fryksas\/\"  id='av-masonry-1-item-6816' data-av-masonry-item='6816' class='av-masonry-entry isotope-item post-6816 page type-page status-publish hentry category-unterkunft-in-orsa tag-cottages-de  av-masonry-item-no-image' title=\"Smidg\u00e5rden in Fryks\u00e5s\"   itemscope=\"itemscope\" itemtype=\"https:\/\/schema.org\/CreativeWork\" ><div class='av-inner-masonry-sizer'><\/div><figure class='av-inner-masonry main_color'><figcaption class='av-inner-masonry-content site-background'><div class='av-inner-masonry-content-pos'><div class='av-inner-masonry-content-pos-content'><div class='avia-arrow'><\/div><h3 class='av-masonry-entry-title entry-title '  itemprop=\"headline\" >Smidg\u00e5rden in Fryks\u00e5s<\/h3><\/div><\/div><\/figcaption><\/figure><\/a><!--end av-masonry entry--><a href=\"https:\/\/visitorsa.se\/de\/unterkunft-in-orsa\/orsa-jugendherbergen\/\"  id='av-masonry-1-item-6799' data-av-masonry-item='6799' class='av-masonry-entry isotope-item post-6799 page type-page status-publish hentry category-unterkunft-in-orsa tag-herberge  av-masonry-item-no-image' title=\"STF \u2013 Orsa Vandrarhem\"   itemscope=\"itemscope\" itemtype=\"https:\/\/schema.org\/CreativeWork\" ><div class='av-inner-masonry-sizer'><\/div><figure class='av-inner-masonry main_color'><figcaption class='av-inner-masonry-content site-background'><div class='av-inner-masonry-content-pos'><div class='av-inner-masonry-content-pos-content'><div class='avia-arrow'><\/div><h3 class='av-masonry-entry-title entry-title '  itemprop=\"headline\" >STF \u2013 Orsa Vandrarhem<\/h3><\/div><\/div><\/figcaption><\/figure><\/a><!--end av-masonry entry--><a href=\"https:\/\/visitorsa.se\/de\/ferienhausvermietung-orsa-besparingsskog\/\"  id='av-masonry-1-item-6652' data-av-masonry-item='6652' class='av-masonry-entry isotope-item post-6652 page type-page status-publish has-post-thumbnail hentry category-unterkunft-in-orsa  av-masonry-item-with-image' title=\"H\u00fcttenvermietung Sparwald\"   itemscope=\"itemscope\" itemtype=\"https:\/\/schema.org\/CreativeWork\" ><div class='av-inner-masonry-sizer'><\/div><figure class='av-inner-masonry main_color'><div class=\"av-masonry-outerimage-container\"><div class='av-masonry-image-container' style=\"background-image: url(https:\/\/visitorsa.se\/app\/uploads\/2021\/03\/Stuguthyrning-besparingsskog-6-705x470.jpg);\"  title=\"H\u00fcttenvermietung Sparwald\"   alt=\"Besuchen Sie Orsa\" ><\/div><\/div><figcaption class='av-inner-masonry-content site-background'><div class='av-inner-masonry-content-pos'><div class='av-inner-masonry-content-pos-content'><div class='avia-arrow'><\/div><h3 class='av-masonry-entry-title entry-title '  itemprop=\"headline\" >Stuguthyrning &#8211; Orsa Besparingsskog<\/h3><\/div><\/div><\/figcaption><\/figure><\/a><!--end av-masonry entry--><a href=\"https:\/\/visitorsa.se\/de\/unterkunft-in-orsa\/tallhed-cottages-natur\/\"  id='av-masonry-1-item-6791' data-av-masonry-item='6791' class='av-masonry-entry isotope-item post-6791 page type-page status-publish hentry category-unterkunft-in-orsa  av-masonry-item-no-image' title=\"Tallhed Stugor &#038; Natur\"   itemscope=\"itemscope\" itemtype=\"https:\/\/schema.org\/CreativeWork\" ><div class='av-inner-masonry-sizer'><\/div><figure class='av-inner-masonry main_color'><figcaption class='av-inner-masonry-content site-background'><div class='av-inner-masonry-content-pos'><div class='av-inner-masonry-content-pos-content'><div class='avia-arrow'><\/div><h3 class='av-masonry-entry-title entry-title '  itemprop=\"headline\" >Tallhed Stugor &#038; Natur<\/h3><\/div><\/div><\/figcaption><\/figure><\/a><!--end av-masonry entry--><a href=\"https:\/\/visitorsa.se\/de\/unterkunft-in-orsa\/trunna-hostel-konferenz\/\"  id='av-masonry-1-item-6800' data-av-masonry-item='6800' class='av-masonry-entry isotope-item post-6800 page type-page status-publish hentry category-unterkunft-in-orsa tag-herberge  av-masonry-item-no-image' title=\"Trunna Hostel &amp; Konferenz\"   itemscope=\"itemscope\" itemtype=\"https:\/\/schema.org\/CreativeWork\" ><div class='av-inner-masonry-sizer'><\/div><figure class='av-inner-masonry main_color'><figcaption class='av-inner-masonry-content site-background'><div class='av-inner-masonry-content-pos'><div class='av-inner-masonry-content-pos-content'><div class='avia-arrow'><\/div><h3 class='av-masonry-entry-title entry-title '  itemprop=\"headline\" >Trunna Hostel &amp; Konferenz<\/h3><\/div><\/div><\/figcaption><\/figure><\/a><!--end av-masonry entry--><\/div><div class='av-masonry-pagination av-masonry-pagination-pagination'><nav class='pagination'><span class='pagination-meta'>Seite 1 von 0<\/span><\/nav>\n<\/div><\/div><\/p>\n","protected":false},"excerpt":{"rendered":"","protected":false},"author":1,"featured_media":5714,"parent":0,"menu_order":0,"comment_status":"closed","ping_status":"closed","template":"","meta":{"footnotes":""},"categories":[],"tags":[118],"class_list":["post-6424","page","type-page","status-publish","has-post-thumbnail","hentry","tag-mitgliederkategorie"],"_links":{"self":[{"href":"https:\/\/visitorsa.se\/de\/wp-json\/wp\/v2\/pages\/6424","targetHints":{"allow":["GET"]}}],"collection":[{"href":"https:\/\/visitorsa.se\/de\/wp-json\/wp\/v2\/pages"}],"about":[{"href":"https:\/\/visitorsa.se\/de\/wp-json\/wp\/v2\/types\/page"}],"author":[{"embeddable":true,"href":"https:\/\/visitorsa.se\/de\/wp-json\/wp\/v2\/users\/1"}],"replies":[{"embeddable":true,"href":"https:\/\/visitorsa.se\/de\/wp-json\/wp\/v2\/comments?post=6424"}],"version-history":[{"count":30,"href":"https:\/\/visitorsa.se\/de\/wp-json\/wp\/v2\/pages\/6424\/revisions"}],"predecessor-version":[{"id":8122,"href":"https:\/\/visitorsa.se\/de\/wp-json\/wp\/v2\/pages\/6424\/revisions\/8122"}],"wp:featuredmedia":[{"embeddable":true,"href":"https:\/\/visitorsa.se\/de\/wp-json\/wp\/v2\/media\/5714"}],"wp:attachment":[{"href":"https:\/\/visitorsa.se\/de\/wp-json\/wp\/v2\/media?parent=6424"}],"wp:term":[{"taxonomy":"category","embeddable":true,"href":"https:\/\/visitorsa.se\/de\/wp-json\/wp\/v2\/categories?post=6424"},{"taxonomy":"post_tag","embeddable":true,"href":"https:\/\/visitorsa.se\/de\/wp-json\/wp\/v2\/tags?post=6424"}],"curies":[{"name":"wp","href":"https:\/\/api.w.org\/{rel}","templated":true}]}}