{"id":6422,"date":"2021-06-17T20:02:41","date_gmt":"2021-06-17T18:02:41","guid":{"rendered":"https:\/\/staging.visitorsa.se\/transport-reisen\/"},"modified":"2022-07-07T11:39:48","modified_gmt":"2022-07-07T09:39:48","slug":"transport-reisen","status":"publish","type":"page","link":"https:\/\/visitorsa.se\/de\/transport-reisen\/","title":{"rendered":"Reise"},"content":{"rendered":"\n<style type=\"text\/css\" data-created_by=\"avia_inline_auto\" id=\"style-css-av-4rvpc8-3705dffd929232e06f8cd1e31a94e3d0\">\n.flex_column.av-4rvpc8-3705dffd929232e06f8cd1e31a94e3d0{\n-webkit-border-radius:0px 0px 0px 0px;\n-moz-border-radius:0px 0px 0px 0px;\nborder-radius:0px 0px 0px 0px;\npadding:0px 0px 0px 0px;\n}\n<\/style>\n<div class='flex_column av-4rvpc8-3705dffd929232e06f8cd1e31a94e3d0 av_one_full  avia-builder-el-0  el_before_av_masonry_entries  avia-builder-el-no-sibling  first flex_column_div av-zero-column-padding '     ><section  class='av_textblock_section av-kgght6t2-2407d8784e689651f0e4249c1f16a26a'  itemscope=\"itemscope\" itemtype=\"https:\/\/schema.org\/CreativeWork\" ><div class='avia_textblock'  itemprop=\"text\" ><h1 class=\"main-title entry-title \" style=\"text-align: left;\">Reisen in Orsa<\/h1>\n<div>\n<div>Auch als Gast oder Besucher von Orsa m\u00fcssen Sie m\u00f6glicherweise einen Anh\u00e4nger mieten oder schnell ein Taxi nehmen. Und ja, es ist m\u00f6glich, einen Bus zwischen den D\u00f6rfern und Do um Dalarna herum zu nehmen. Mehrere Spediteure bieten alle Arten von Transporten, Erdarbeiten oder Schneer\u00e4umung an.<\/div>\n<div>Die Binnenbahn f\u00e4hrt im Sommer wieder und Sie k\u00f6nnen in Orsa ein- oder aussteigen. Stellen Sie sich eine Wochenend-Rundfahrt nach \u00d6stersund oder G\u00e4llivare vor, was f\u00fcr ein Abenteuer!<\/div>\n<\/div>\n<\/div><\/section><\/div><div id='av-masonry-1' class='av-masonry av-kgghagwd-4ad36b5991a123c3829cddf600a0635c noHover av-fixed-size av-large-gap av-hover-overlay-active av-masonry-animation-active av-masonry-col-4 av-caption-always av-caption-style- av-masonry-entries av-medium-columns-overwrite av-medium-columns-4 av-small-columns-overwrite av-small-columns-3 av-mini-columns-overwrite av-mini-columns-2 '><div class=\"av-masonry-container isotope av-js-disabled\"><div class='av-masonry-entry isotope-item av-masonry-item-no-image all_sort aktivitaten-in-orsa_sort  transport-taxi-de_sort '><\/div><a href=\"https:\/\/visitorsa.se\/de\/orsa-jernvaegsfoerening\/\"  id='av-masonry-1-item-6537' data-av-masonry-item='6537' class='av-masonry-entry isotope-item post-6537 page type-page status-publish has-post-thumbnail hentry category-aktivitaten-in-orsa category-transport-taxi-de all_sort aktivitaten-in-orsa_sort  transport-taxi-de_sort  av-masonry-item-with-image' title=\"Orsajf\"   itemscope=\"itemscope\" itemtype=\"https:\/\/schema.org\/CreativeWork\" ><div class='av-inner-masonry-sizer'><\/div><figure class='av-inner-masonry main_color'><div class=\"av-masonry-outerimage-container\"><div class='av-masonry-image-container' style=\"background-image: url(https:\/\/visitorsa.se\/app\/uploads\/2021\/11\/Orsajf-2-705x471.jpg);\"  title=\"Orsajf\"   alt=\"Besuchen Sie Orsa\" ><\/div><\/div><figcaption class='av-inner-masonry-content site-background'><div class='av-inner-masonry-content-pos'><div class='av-inner-masonry-content-pos-content'><div class='avia-arrow'><\/div><h3 class='av-masonry-entry-title entry-title '  itemprop=\"headline\" >Orsa J\u00e4rnv\u00e4gsf\u00f6rening<\/h3><\/div><\/div><\/figcaption><\/figure><\/a><!--end av-masonry entry--><a href=\"https:\/\/visitorsa.se\/de\/lindaengets-biltvaett-do-it-yourself\/\"  id='av-masonry-1-item-6528' data-av-masonry-item='6528' class='av-masonry-entry isotope-item post-6528 page type-page status-publish has-post-thumbnail hentry category-aktivitaten-in-orsa category-transport-taxi-de all_sort aktivitaten-in-orsa_sort  transport-taxi-de_sort  av-masonry-item-with-image' title=\"Autowaschanlage\"   itemscope=\"itemscope\" itemtype=\"https:\/\/schema.org\/CreativeWork\" ><div class='av-inner-masonry-sizer'><\/div><figure class='av-inner-masonry main_color'><div class=\"av-masonry-outerimage-container\"><div class='av-masonry-image-container' style=\"background-image: url(https:\/\/visitorsa.se\/app\/uploads\/2022\/03\/Bil-tvatt-2-rotated.jpg);\"  title=\"Autowaschanlage\"   alt=\"Besuchen Sie Orsa\" ><\/div><\/div><figcaption class='av-inner-masonry-content site-background'><div class='av-inner-masonry-content-pos'><div class='av-inner-masonry-content-pos-content'><div class='avia-arrow'><\/div><h3 class='av-masonry-entry-title entry-title '  itemprop=\"headline\" >Lind\u00e4ngets Biltv\u00e4tt &amp; Do-it-yourself<\/h3><\/div><\/div><\/figcaption><\/figure><\/a><!--end av-masonry entry--><a href=\"https:\/\/visitorsa.se\/de\/reiseziel-inlandsbanan-ab\/\"  id='av-masonry-1-item-6544' data-av-masonry-item='6544' class='av-masonry-entry isotope-item post-6544 page type-page status-publish has-post-thumbnail hentry category-aktivitaten-in-orsa category-transport-taxi-de all_sort aktivitaten-in-orsa_sort  transport-taxi-de_sort  av-masonry-item-with-image' title=\"Binnenbahn\"   itemscope=\"itemscope\" itemtype=\"https:\/\/schema.org\/CreativeWork\" ><div class='av-inner-masonry-sizer'><\/div><figure class='av-inner-masonry main_color'><div class=\"av-masonry-outerimage-container\"><div class='av-masonry-image-container' style=\"background-image: url(https:\/\/visitorsa.se\/app\/uploads\/2021\/12\/Inlandsbanan-3-705x470.jpg);\"  title=\"Binnenbahn\"   alt=\"Besuchen Sie Orsa\" ><\/div><\/div><figcaption class='av-inner-masonry-content site-background'><div class='av-inner-masonry-content-pos'><div class='av-inner-masonry-content-pos-content'><div class='avia-arrow'><\/div><h3 class='av-masonry-entry-title entry-title '  itemprop=\"headline\" >Destination Inlandsbanan AB<\/h3><\/div><\/div><\/figcaption><\/figure><\/a><!--end av-masonry entry--><a href=\"https:\/\/visitorsa.se\/de\/clean-stop-gds-fahrzeugwaesche\/\"  id='av-masonry-1-item-7987' data-av-masonry-item='7987' class='av-masonry-entry isotope-item post-7987 page type-page status-publish has-post-thumbnail hentry category-transport-taxi-de all_sort transport-taxi-de_sort  av-masonry-item-with-image' title=\"Clean-Stop\"   itemscope=\"itemscope\" itemtype=\"https:\/\/schema.org\/CreativeWork\" ><div class='av-inner-masonry-sizer'><\/div><figure class='av-inner-masonry main_color'><div class=\"av-masonry-outerimage-container\"><div class='av-masonry-image-container' style=\"background-image: url(https:\/\/visitorsa.se\/app\/uploads\/2022\/08\/Clean-Stop-705x344.png);\"  title=\"Clean-Stop\"  ><\/div><\/div><figcaption class='av-inner-masonry-content site-background'><div class='av-inner-masonry-content-pos'><div class='av-inner-masonry-content-pos-content'><div class='avia-arrow'><\/div><h3 class='av-masonry-entry-title entry-title '  itemprop=\"headline\" >Clean Stop \u2013 GDS Fahrzeugw\u00e4sche<\/h3><\/div><\/div><\/figcaption><\/figure><\/a><!--end av-masonry entry--><a href=\"https:\/\/visitorsa.se\/de\/kreis-k-orsa\/\"  id='av-masonry-1-item-6578' data-av-masonry-item='6578' class='av-masonry-entry isotope-item post-6578 page type-page status-publish has-post-thumbnail hentry category-transport-taxi-de all_sort transport-taxi-de_sort  av-masonry-item-with-image' title=\"Kreis 3\"   itemscope=\"itemscope\" itemtype=\"https:\/\/schema.org\/CreativeWork\" ><div class='av-inner-masonry-sizer'><\/div><figure class='av-inner-masonry main_color'><div class=\"av-masonry-outerimage-container\"><div class='av-masonry-image-container' style=\"background-image: url(https:\/\/visitorsa.se\/app\/uploads\/2021\/05\/Circlek-3-705x529.jpg);\"  title=\"Kreis 3\"   alt=\"Besuchen Sie Orsa\" ><\/div><\/div><figcaption class='av-inner-masonry-content site-background'><div class='av-inner-masonry-content-pos'><div class='av-inner-masonry-content-pos-content'><div class='avia-arrow'><\/div><h3 class='av-masonry-entry-title entry-title '  itemprop=\"headline\" >Circle K Orsa<\/h3><\/div><\/div><\/figcaption><\/figure><\/a><!--end av-masonry entry--><\/div><div class='av-masonry-pagination av-masonry-pagination-pagination'><nav class='pagination'><span class='pagination-meta'>Seite 1 von 0<\/span><\/nav>\n<\/div><\/div><\/p>\n","protected":false},"excerpt":{"rendered":"","protected":false},"author":3,"featured_media":6296,"parent":0,"menu_order":0,"comment_status":"closed","ping_status":"closed","template":"","meta":{"footnotes":""},"categories":[],"tags":[118],"class_list":["post-6422","page","type-page","status-publish","has-post-thumbnail","hentry","tag-mitgliederkategorie"],"_links":{"self":[{"href":"https:\/\/visitorsa.se\/de\/wp-json\/wp\/v2\/pages\/6422","targetHints":{"allow":["GET"]}}],"collection":[{"href":"https:\/\/visitorsa.se\/de\/wp-json\/wp\/v2\/pages"}],"about":[{"href":"https:\/\/visitorsa.se\/de\/wp-json\/wp\/v2\/types\/page"}],"author":[{"embeddable":true,"href":"https:\/\/visitorsa.se\/de\/wp-json\/wp\/v2\/users\/3"}],"replies":[{"embeddable":true,"href":"https:\/\/visitorsa.se\/de\/wp-json\/wp\/v2\/comments?post=6422"}],"version-history":[{"count":3,"href":"https:\/\/visitorsa.se\/de\/wp-json\/wp\/v2\/pages\/6422\/revisions"}],"predecessor-version":[{"id":7422,"href":"https:\/\/visitorsa.se\/de\/wp-json\/wp\/v2\/pages\/6422\/revisions\/7422"}],"wp:featuredmedia":[{"embeddable":true,"href":"https:\/\/visitorsa.se\/de\/wp-json\/wp\/v2\/media\/6296"}],"wp:attachment":[{"href":"https:\/\/visitorsa.se\/de\/wp-json\/wp\/v2\/media?parent=6422"}],"wp:term":[{"taxonomy":"category","embeddable":true,"href":"https:\/\/visitorsa.se\/de\/wp-json\/wp\/v2\/categories?post=6422"},{"taxonomy":"post_tag","embeddable":true,"href":"https:\/\/visitorsa.se\/de\/wp-json\/wp\/v2\/tags?post=6422"}],"curies":[{"name":"wp","href":"https:\/\/api.w.org\/{rel}","templated":true}]}}