{"id":53541,"date":"2022-08-24T11:15:42","date_gmt":"2022-08-24T09:15:42","guid":{"rendered":"https:\/\/visitorsa.se\/lindaenget\/"},"modified":"2022-11-24T12:32:18","modified_gmt":"2022-11-24T11:32:18","slug":"lindaenget","status":"publish","type":"page","link":"https:\/\/visitorsa.se\/de\/lindaenget\/","title":{"rendered":"Lind\u00e4nget"},"content":{"rendered":"\n<style type=\"text\/css\" data-created_by=\"avia_inline_auto\" id=\"style-css-av-2oykgp5-100e4f4d48c4ec331cfa363985dc7b74\">\n.flex_column.av-2oykgp5-100e4f4d48c4ec331cfa363985dc7b74{\n-webkit-border-radius:0px 0px 0px 0px;\n-moz-border-radius:0px 0px 0px 0px;\nborder-radius:0px 0px 0px 0px;\npadding:0px 0px 0px 0px;\n}\n<\/style>\n<div class='flex_column av-2oykgp5-100e4f4d48c4ec331cfa363985dc7b74 av_one_full  avia-builder-el-0  el_before_av_one_half  avia-builder-el-first  first flex_column_div av-zero-column-padding '     ><div  class='avia-video av-l77e7sxy-af8777b3da0d41eefeef25cd34ffa8e0 avia-video-16-9 av-no-preview-image avia-video-load-always av-lazyload-immediate av-lazyload-video-embed'  itemprop=\"video\" itemtype=\"https:\/\/schema.org\/VideoObject\"  data-original_url='https:\/\/www.youtube.com\/watch?v=-rDydFsqgAE'><script type='text\/html' class='av-video-tmpl'><div class='avia-iframe-wrap'><iframe loading=\"lazy\" title=\"Visit Orsa - Linda\u0308nget\" width=\"1500\" height=\"844\" src=\"https:\/\/www.youtube.com\/embed\/-rDydFsqgAE?feature=oembed&autoplay=0&loop=0&controls=1&mute=0\" frameborder=\"0\" allow=\"accelerometer; autoplay; clipboard-write; encrypted-media; gyroscope; picture-in-picture\" allowfullscreen><\/iframe><\/div><\/script><div class='av-click-to-play-overlay'><div class=\"avia_playpause_icon\"><\/div><\/div><\/div><\/div>\n\n<style type=\"text\/css\" data-created_by=\"avia_inline_auto\" id=\"style-css-av-243fzwp-a8f9874279e64e91bf81538abf288632\">\n.flex_column.av-243fzwp-a8f9874279e64e91bf81538abf288632{\n-webkit-border-radius:0px 0px 0px 0px;\n-moz-border-radius:0px 0px 0px 0px;\nborder-radius:0px 0px 0px 0px;\npadding:0px 0px 0px 0px;\n}\n<\/style>\n<div class='flex_column av-243fzwp-a8f9874279e64e91bf81538abf288632 av_one_half  avia-builder-el-2  el_after_av_one_full  el_before_av_one_half  first flex_column_div av-zero-column-padding column-top-margin'     ><section  class='av_textblock_section av-1qd3sbt-742d5548e128b2c27d9475d2ceb5a252'  itemscope=\"itemscope\" itemtype=\"https:\/\/schema.org\/CreativeWork\" ><div class='avia_textblock'  itemprop=\"text\" ><h3 class=\"bd\">Lind\u00e4ngets beweidete Strandwiesen liegen wundersch\u00f6n am See Orsasj\u00f6n.<\/h3>\n<p>Hier rasten Zugv\u00f6gel auf ihrem Weg nach Norden oder S\u00fcden. Hier bl\u00fchen Kalkpflanzen und hier gedeihen ungew\u00f6hnliche Schnecken, Schmetterlinge und Libellen.<\/p>\n<p>Das Gebiet steht seit 2019 unter Naturschutz und ist 110 Hektar gro\u00df. Die Gemeinde Orsa hat einen neuen Fu\u00dfweg vom Zentrum nach S\u00fcden zu bestehenden Wegen im Naturschutzgebiet Lind\u00e4nget vorbereitet. Der Weg beginnt in der Krokgatan, etwa 100 Meter s\u00fcdwestlich des Kaffeehauses Orsa. Sie f\u00fchrt \u00fcber Skyttolab\u00e4cken \u00fcber eine Br\u00fccke weiter und verbindet sich dann mit den bestehenden Wanderwegen des Reservats. Der beste Weg, um in dieses Paradies zu gelangen, ist zu Fu\u00df oder mit dem Fahrrad vom Zentrum aus.<\/p>\n<\/div><\/section><\/div>\n<style type=\"text\/css\" data-created_by=\"avia_inline_auto\" id=\"style-css-av-16eq5t5-5ea01194a828813b520cbe821b831560\">\n.flex_column.av-16eq5t5-5ea01194a828813b520cbe821b831560{\n-webkit-border-radius:0px 0px 0px 0px;\n-moz-border-radius:0px 0px 0px 0px;\nborder-radius:0px 0px 0px 0px;\npadding:0px 0px 0px 0px;\n}\n<\/style>\n<div class='flex_column av-16eq5t5-5ea01194a828813b520cbe821b831560 av_one_half  avia-builder-el-4  el_after_av_one_half  avia-builder-el-last  flex_column_div av-zero-column-padding column-top-margin'     ><section  class='av_textblock_section av-1uzktl-fee866b50ad17489954b6f4438998fe8'  itemscope=\"itemscope\" itemtype=\"https:\/\/schema.org\/CreativeWork\" ><div class='avia_textblock'  itemprop=\"text\" ><p><strong><span class=\"style-scope yt-formatted-string\" dir=\"auto\">Denken Sie daran, Visit Orsa in den sozialen Medien zu folgen<\/span><\/strong><\/p>\n<p><a href=\"https:\/\/www.instagram.com\/visitorsa\/\">https:\/\/www.instagram.com\/visitorsa\/  <\/a><br \/>\n<a href=\"https:\/\/www.facebook.com\/visitorsa\">https:\/\/www.facebook.com\/visitorsa<\/a><br \/>\n<a href=\"https:\/\/www.youtube.com\/channel\/UCw3TBy170pUWV5P3SK_7nPQ\/\">https:\/\/www.youtube.com\/channel\/visitorsa<\/a><\/p>\n<h6><strong>#VisitOrsa<\/strong><\/h6>\n<\/div><\/section><\/div><\/p>\n","protected":false},"excerpt":{"rendered":"","protected":false},"author":5,"featured_media":14634,"parent":0,"menu_order":0,"comment_status":"closed","ping_status":"closed","template":"","meta":{"footnotes":""},"categories":[70,73],"tags":[],"class_list":["post-53541","page","type-page","status-publish","has-post-thumbnail","hentry","category-aktivitaten-in-orsa","category-in-und-um-orsa"],"_links":{"self":[{"href":"https:\/\/visitorsa.se\/de\/wp-json\/wp\/v2\/pages\/53541","targetHints":{"allow":["GET"]}}],"collection":[{"href":"https:\/\/visitorsa.se\/de\/wp-json\/wp\/v2\/pages"}],"about":[{"href":"https:\/\/visitorsa.se\/de\/wp-json\/wp\/v2\/types\/page"}],"author":[{"embeddable":true,"href":"https:\/\/visitorsa.se\/de\/wp-json\/wp\/v2\/users\/5"}],"replies":[{"embeddable":true,"href":"https:\/\/visitorsa.se\/de\/wp-json\/wp\/v2\/comments?post=53541"}],"version-history":[{"count":4,"href":"https:\/\/visitorsa.se\/de\/wp-json\/wp\/v2\/pages\/53541\/revisions"}],"predecessor-version":[{"id":59327,"href":"https:\/\/visitorsa.se\/de\/wp-json\/wp\/v2\/pages\/53541\/revisions\/59327"}],"wp:featuredmedia":[{"embeddable":true,"href":"https:\/\/visitorsa.se\/de\/wp-json\/wp\/v2\/media\/14634"}],"wp:attachment":[{"href":"https:\/\/visitorsa.se\/de\/wp-json\/wp\/v2\/media?parent=53541"}],"wp:term":[{"taxonomy":"category","embeddable":true,"href":"https:\/\/visitorsa.se\/de\/wp-json\/wp\/v2\/categories?post=53541"},{"taxonomy":"post_tag","embeddable":true,"href":"https:\/\/visitorsa.se\/de\/wp-json\/wp\/v2\/tags?post=53541"}],"curies":[{"name":"wp","href":"https:\/\/api.w.org\/{rel}","templated":true}]}}