{"id":53537,"date":"2022-10-06T12:22:44","date_gmt":"2022-10-06T10:22:44","guid":{"rendered":"https:\/\/visitorsa.se\/lysfoss-advertising-ab\/"},"modified":"2022-11-15T10:10:19","modified_gmt":"2022-11-15T09:10:19","slug":"lysfoss-advertising-ab","status":"publish","type":"page","link":"https:\/\/visitorsa.se\/de\/lysfoss-advertising-ab\/","title":{"rendered":"Lysfoss Advertising AB"},"content":{"rendered":"\n<style type=\"text\/css\" data-created_by=\"avia_inline_auto\" id=\"style-css-av-5lfkgt-7204ff33c1f53595618f83d33f84be6d\">\n.flex_column.av-5lfkgt-7204ff33c1f53595618f83d33f84be6d{\n-webkit-border-radius:0px 0px 0px 0px;\n-moz-border-radius:0px 0px 0px 0px;\nborder-radius:0px 0px 0px 0px;\npadding:0px 0px 0px 0px;\n}\n<\/style>\n<div class='flex_column av-5lfkgt-7204ff33c1f53595618f83d33f84be6d av_one_full  avia-builder-el-0  el_before_av_one_half  avia-builder-el-first  first flex_column_div av-zero-column-padding '     ><style type=\"text\/css\" data-created_by=\"avia_inline_auto\" id=\"style-css-av-l8wwswmg-e98fc18cc866c5cdbc295dbb7f21d24a\">\n#top .avia-gallery.av-l8wwswmg-e98fc18cc866c5cdbc295dbb7f21d24a .avia-gallery-thumb a{\nwidth:25%;\n}\n<\/style>\n<div  class='avia-gallery av-l8wwswmg-e98fc18cc866c5cdbc295dbb7f21d24a avia_animate_when_visible  avia-builder-el-1  avia-builder-el-no-sibling  avia_lazyload avia-gallery-animate avia-gallery-1'  itemprop=\"image\" itemscope=\"itemscope\" itemtype=\"https:\/\/schema.org\/ImageObject\" ><meta itemprop=\"contentURL\" content=\"https:\/\/visitorsa.se\/de\/lysfoss-advertising-ab\/\"><div class='avia-gallery-thumb'><a href=\"https:\/\/visitorsa.se\/app\/uploads\/2022\/10\/Blixt-svart@3x-1030x1030.png\" data-srcset=\"https:\/\/visitorsa.se\/app\/uploads\/2022\/10\/Blixt-svart@3x-1030x1030.png 1030w, https:\/\/visitorsa.se\/app\/uploads\/2022\/10\/Blixt-svart@3x-300x300.png 300w, https:\/\/visitorsa.se\/app\/uploads\/2022\/10\/Blixt-svart@3x-80x80.png 80w, https:\/\/visitorsa.se\/app\/uploads\/2022\/10\/Blixt-svart@3x-768x768.png 768w, https:\/\/visitorsa.se\/app\/uploads\/2022\/10\/Blixt-svart@3x-1536x1536.png 1536w, https:\/\/visitorsa.se\/app\/uploads\/2022\/10\/Blixt-svart@3x-36x36.png 36w, https:\/\/visitorsa.se\/app\/uploads\/2022\/10\/Blixt-svart@3x-180x180.png 180w, https:\/\/visitorsa.se\/app\/uploads\/2022\/10\/Blixt-svart@3x-1500x1500.png 1500w, https:\/\/visitorsa.se\/app\/uploads\/2022\/10\/Blixt-svart@3x-705x705.png 705w, https:\/\/visitorsa.se\/app\/uploads\/2022\/10\/Blixt-svart@3x.png 1800w\" data-sizes=\"(max-width: 1030px) 100vw, 1030px\" data-rel='gallery-1' data-prev-img='https:\/\/visitorsa.se\/app\/uploads\/2022\/10\/Blixt-svart@3x-495x400.png' class='first_thumb lightbox ' data-onclick='1' title='Flash-svart@3x'  itemprop=\"thumbnailUrl\"  ><img decoding=\"async\" class=\"wp-image-29194 avia-img-lazy-loading-not-29194\"   src=\"https:\/\/visitorsa.se\/app\/uploads\/2022\/10\/Blixt-svart@3x-495x400.png\" width=\"495\" height=\"400\"  title='Flash-svart@3x' alt='' srcset=\"https:\/\/visitorsa.se\/app\/uploads\/2022\/10\/Blixt-svart@3x-495x400.png 495w, https:\/\/visitorsa.se\/app\/uploads\/2022\/10\/Blixt-svart@3x-845x684.png 845w\" sizes=\"(max-width: 495px) 100vw, 495px\" \/><div class='big-prev-fake'><img loading=\"lazy\" decoding=\"async\" class=\"wp-image-29194 avia-img-lazy-loading-29194\"  width=\"495\" height=\"400\" src=\"https:\/\/visitorsa.se\/app\/uploads\/2022\/10\/Blixt-svart@3x-495x400.png\" title='Flash-svart@3x' alt='' srcset=\"https:\/\/visitorsa.se\/app\/uploads\/2022\/10\/Blixt-svart@3x-495x400.png 495w, https:\/\/visitorsa.se\/app\/uploads\/2022\/10\/Blixt-svart@3x-845x684.png 845w\" sizes=\"auto, (max-width: 495px) 100vw, 495px\" \/><\/div><\/a><a href=\"https:\/\/visitorsa.se\/app\/uploads\/2022\/10\/Portra\u0308tt-Isak-kvadrat.jpg\" data-srcset=\"https:\/\/visitorsa.se\/app\/uploads\/2022\/10\/Portra\u0308tt-Isak-kvadrat.jpg 698w, https:\/\/visitorsa.se\/app\/uploads\/2022\/10\/Portra\u0308tt-Isak-kvadrat-300x300.jpg 300w, https:\/\/visitorsa.se\/app\/uploads\/2022\/10\/Portra\u0308tt-Isak-kvadrat-80x80.jpg 80w, https:\/\/visitorsa.se\/app\/uploads\/2022\/10\/Portra\u0308tt-Isak-kvadrat-36x36.jpg 36w, https:\/\/visitorsa.se\/app\/uploads\/2022\/10\/Portra\u0308tt-Isak-kvadrat-180x180.jpg 180w\" data-sizes=\"(max-width: 698px) 100vw, 698px\" data-rel='gallery-1' data-prev-img='https:\/\/visitorsa.se\/app\/uploads\/2022\/10\/Portra\u0308tt-Isak-kvadrat-495x400.jpg' class='lightbox ' data-onclick='2' title='Portr\u00e4t Isaac Quadrat'  itemprop=\"thumbnailUrl\"  ><img decoding=\"async\" class=\"wp-image-29189 avia-img-lazy-loading-not-29189\"   src=\"https:\/\/visitorsa.se\/app\/uploads\/2022\/10\/Portra\u0308tt-Isak-kvadrat-495x400.jpg\" width=\"495\" height=\"400\"  title='Portr\u00e4t Isaac Quadrat' alt='' \/><div class='big-prev-fake'><img loading=\"lazy\" decoding=\"async\" class=\"wp-image-29189 avia-img-lazy-loading-29189\"  width=\"495\" height=\"400\" src=\"https:\/\/visitorsa.se\/app\/uploads\/2022\/10\/Portra\u0308tt-Isak-kvadrat-495x400.jpg\" title='Portr\u00e4t Isaac Quadrat' alt='' \/><\/div><\/a><\/div><\/div><\/div>\n\n<style type=\"text\/css\" data-created_by=\"avia_inline_auto\" id=\"style-css-av-176jf0d-8e01292bde17d4c977ad7c666af8f070\">\n.flex_column.av-176jf0d-8e01292bde17d4c977ad7c666af8f070{\n-webkit-border-radius:0px 0px 0px 0px;\n-moz-border-radius:0px 0px 0px 0px;\nborder-radius:0px 0px 0px 0px;\npadding:0px 0px 0px 0px;\n}\n<\/style>\n<div class='flex_column av-176jf0d-8e01292bde17d4c977ad7c666af8f070 av_one_half  avia-builder-el-2  el_after_av_one_full  el_before_av_one_half  first flex_column_div av-zero-column-padding column-top-margin'     ><section  class='av_textblock_section av-l8wwiq98-d768abe93dfc26dc6a5586cdaf166592'  itemscope=\"itemscope\" itemtype=\"https:\/\/schema.org\/CreativeWork\" ><div class='avia_textblock'  itemprop=\"text\" ><h1>Lysfoss Advertising AB<\/h1>\n<p>Lysfoss ist eine Werbeagentur mit Fokus auf digitale Pr\u00e4senz! Hier helfen wir Kunden, online, \u00fcber Websites, Social-Media-Kampagnen und \u00fcber andere digitale Kan\u00e4le gesehen zu werden.<\/p>\n<p>Gr\u00fcnder Isak Lysfoss leitet das Unternehmen und arbeitet sowohl strategisch als auch operativ.<\/p>\n<\/div><\/section><\/div>\n\n<style type=\"text\/css\" data-created_by=\"avia_inline_auto\" id=\"style-css-av-upiakd-9040af2b2150e024733acac85bc8893c\">\n.flex_column.av-upiakd-9040af2b2150e024733acac85bc8893c{\n-webkit-border-radius:0px 0px 0px 0px;\n-moz-border-radius:0px 0px 0px 0px;\nborder-radius:0px 0px 0px 0px;\npadding:0px 0px 0px 0px;\n}\n<\/style>\n<div class='flex_column av-upiakd-9040af2b2150e024733acac85bc8893c av_one_half  avia-builder-el-4  el_after_av_one_half  avia-builder-el-last  flex_column_div av-zero-column-padding column-top-margin'     ><section  class='av_textblock_section av-l8wwlem5-580421d3e2ba497453f67afe72948688'  itemscope=\"itemscope\" itemtype=\"https:\/\/schema.org\/CreativeWork\" ><div class='avia_textblock'  itemprop=\"text\" ><h3><strong>Kontaktieren Sie uns<\/strong><\/h3>\n<p><strong>Telefon<br \/>\n<\/strong> 072-214 24 66<\/p>\n<p><strong>E-Mail-Adresse<\/strong><br \/>\nisak@lysfoss.se<\/p>\n<p><strong>Adresse<\/strong><br \/>\nJ\u00e4rnv\u00e4gsgatan 27 A<br \/>\n794 30 Orsa<\/p>\n<\/div><\/section><br \/>\n<div  class='avia-button-wrap avia-button-center  avia-builder-el-6  el_after_av_textblock  el_before_av_button_big ' >\n<style type=\"text\/css\" data-created_by=\"avia_inline_auto\" id=\"style-css-av-l8wwo5yk-d256118dfbeac1fcea9c95b50e5835b9\">\n#top #wrap_all .avia-button.av-l8wwo5yk-d256118dfbeac1fcea9c95b50e5835b9:hover{\ncolor:white;\n-webkit-transition:all 0.4s ease-in-out;\n-moz-transition:all 0.4s ease-in-out;\n-ms-transition:all 0.4s ease-in-out;\n-o-transition:all 0.4s ease-in-out;\ntransition:all 0.4s ease-in-out;\n}\n<\/style>\n<a href='https:\/\/www.lysfoss.se\/' class='avia-color-theme-color avia-font-color-theme-color avia-button avia-button-fullwidth av-l8wwo5yk-d256118dfbeac1fcea9c95b50e5835b9 avia-icon_select-yes-left-icon avia-color-theme-color' ><span class='avia_button_icon avia_button_icon_left' aria-hidden='true' data-av_icon='\ue832' data-av_iconfont='entypo-fontello'><\/span><span class='avia_iconbox_title' >Besuchen Sie unsere Website<\/span><span class='avia_button_background avia-button avia-button-fullwidth avia-color-theme-color-highlight'><\/span><\/a><\/div><br \/>\n<div  class='avia-button-wrap avia-button-center  avia-builder-el-7  el_after_av_button_big  el_before_av_button_big ' >\n<style type=\"text\/css\" data-created_by=\"avia_inline_auto\" id=\"style-css-av-l8wwp50f-6aeae267e68a15c84f8ff2bb0f5a28e3\">\n#top #wrap_all .avia-button.av-l8wwp50f-6aeae267e68a15c84f8ff2bb0f5a28e3:hover{\ncolor:white;\n-webkit-transition:all 0.4s ease-in-out;\n-moz-transition:all 0.4s ease-in-out;\n-ms-transition:all 0.4s ease-in-out;\n-o-transition:all 0.4s ease-in-out;\ntransition:all 0.4s ease-in-out;\n}\n<\/style>\n<a href='https:\/\/www.facebook.com\/lysfoss.se' class='avia-color-theme-color avia-font-color-theme-color avia-button avia-button-fullwidth av-l8wwp50f-6aeae267e68a15c84f8ff2bb0f5a28e3 avia-icon_select-yes-left-icon avia-color-theme-color' ><span class='avia_button_icon avia_button_icon_left' aria-hidden='true' data-av_icon='\ue832' data-av_iconfont='entypo-fontello'><\/span><span class='avia_iconbox_title' >Besuchen Sie uns auf Facebook<\/span><span class='avia_button_background avia-button avia-button-fullwidth avia-color-theme-color-highlight'><\/span><\/a><\/div><br \/>\n<div  class='avia-button-wrap avia-button-center  avia-builder-el-8  el_after_av_button_big  avia-builder-el-last ' >\n<style type=\"text\/css\" data-created_by=\"avia_inline_auto\" id=\"style-css-av-l8wwpts4-ed7866caaa798e6905464fec268e9205\">\n#top #wrap_all .avia-button.av-l8wwpts4-ed7866caaa798e6905464fec268e9205:hover{\ncolor:white;\n-webkit-transition:all 0.4s ease-in-out;\n-moz-transition:all 0.4s ease-in-out;\n-ms-transition:all 0.4s ease-in-out;\n-o-transition:all 0.4s ease-in-out;\ntransition:all 0.4s ease-in-out;\n}\n<\/style>\n<a href='https:\/\/www.instagram.com\/lysfoss.se\/' class='avia-color-theme-color avia-font-color-theme-color avia-button avia-button-fullwidth av-l8wwpts4-ed7866caaa798e6905464fec268e9205 avia-icon_select-yes-left-icon avia-color-theme-color' ><span class='avia_button_icon avia_button_icon_left' aria-hidden='true' data-av_icon='\ue832' data-av_iconfont='entypo-fontello'><\/span><span class='avia_iconbox_title' >Besuchen Sie uns auf Instagram<\/span><span class='avia_button_background avia-button avia-button-fullwidth avia-color-theme-color-highlight'><\/span><\/a><\/div><\/p><\/div>\n","protected":false},"excerpt":{"rendered":"","protected":false},"author":8,"featured_media":29194,"parent":0,"menu_order":0,"comment_status":"closed","ping_status":"closed","template":"","meta":{"footnotes":""},"categories":[76],"tags":[],"class_list":["post-53537","page","type-page","status-publish","has-post-thumbnail","hentry","category-medien-information"],"_links":{"self":[{"href":"https:\/\/visitorsa.se\/de\/wp-json\/wp\/v2\/pages\/53537","targetHints":{"allow":["GET"]}}],"collection":[{"href":"https:\/\/visitorsa.se\/de\/wp-json\/wp\/v2\/pages"}],"about":[{"href":"https:\/\/visitorsa.se\/de\/wp-json\/wp\/v2\/types\/page"}],"author":[{"embeddable":true,"href":"https:\/\/visitorsa.se\/de\/wp-json\/wp\/v2\/users\/8"}],"replies":[{"embeddable":true,"href":"https:\/\/visitorsa.se\/de\/wp-json\/wp\/v2\/comments?post=53537"}],"version-history":[{"count":2,"href":"https:\/\/visitorsa.se\/de\/wp-json\/wp\/v2\/pages\/53537\/revisions"}],"predecessor-version":[{"id":53540,"href":"https:\/\/visitorsa.se\/de\/wp-json\/wp\/v2\/pages\/53537\/revisions\/53540"}],"wp:featuredmedia":[{"embeddable":true,"href":"https:\/\/visitorsa.se\/de\/wp-json\/wp\/v2\/media\/29194"}],"wp:attachment":[{"href":"https:\/\/visitorsa.se\/de\/wp-json\/wp\/v2\/media?parent=53537"}],"wp:term":[{"taxonomy":"category","embeddable":true,"href":"https:\/\/visitorsa.se\/de\/wp-json\/wp\/v2\/categories?post=53537"},{"taxonomy":"post_tag","embeddable":true,"href":"https:\/\/visitorsa.se\/de\/wp-json\/wp\/v2\/tags?post=53537"}],"curies":[{"name":"wp","href":"https:\/\/api.w.org\/{rel}","templated":true}]}}