{"id":152822,"date":"2023-04-18T14:25:25","date_gmt":"2023-04-18T12:25:25","guid":{"rendered":"https:\/\/visitorsa.se\/restaurant-gruvan\/"},"modified":"2023-05-03T20:10:36","modified_gmt":"2023-05-03T18:10:36","slug":"restaurant-gruvan","status":"publish","type":"page","link":"https:\/\/visitorsa.se\/de\/restaurant-gruvan\/","title":{"rendered":"Restaurant Gruvan"},"content":{"rendered":"\n<style type=\"text\/css\" data-created_by=\"avia_inline_auto\" id=\"style-css-av-6d4ygg-db790e9493201a1d2f9d8b3dfe30decc\">\n.flex_column.av-6d4ygg-db790e9493201a1d2f9d8b3dfe30decc{\n-webkit-border-radius:0px 0px 0px 0px;\n-moz-border-radius:0px 0px 0px 0px;\nborder-radius:0px 0px 0px 0px;\npadding:0px 0px 0px 0px;\n}\n<\/style>\n<div class='flex_column av-6d4ygg-db790e9493201a1d2f9d8b3dfe30decc av_one_full  avia-builder-el-0  el_before_av_one_half  avia-builder-el-first  first flex_column_div av-zero-column-padding '     ><style type=\"text\/css\" data-created_by=\"avia_inline_auto\" id=\"style-css-av-kgf1j3ru-688827e516fa1cb9e6ab52b614e322c9\">\n#top .avia-gallery.av-kgf1j3ru-688827e516fa1cb9e6ab52b614e322c9 .avia-gallery-thumb a{\nwidth:25%;\n}\n<\/style>\n<div  class='avia-gallery av-kgf1j3ru-688827e516fa1cb9e6ab52b614e322c9 avia_animate_when_visible  avia-builder-el-1  avia-builder-el-no-sibling  avia_lazyload avia-gallery-animate avia-gallery-1'  itemprop=\"image\" itemscope=\"itemscope\" itemtype=\"https:\/\/schema.org\/ImageObject\" ><meta itemprop=\"contentURL\" content=\"https:\/\/visitorsa.se\/de\/restaurant-gruvan\/\"><div class='avia-gallery-thumb'><a href=\"https:\/\/visitorsa.se\/app\/uploads\/2023\/04\/Restaurang-gruvan-1.jpeg\" data-srcset=\"https:\/\/visitorsa.se\/app\/uploads\/2023\/04\/Restaurang-gruvan-1.jpeg 804w, https:\/\/visitorsa.se\/app\/uploads\/2023\/04\/Restaurang-gruvan-1-300x140.jpeg 300w, https:\/\/visitorsa.se\/app\/uploads\/2023\/04\/Restaurang-gruvan-1-768x359.jpeg 768w, https:\/\/visitorsa.se\/app\/uploads\/2023\/04\/Restaurang-gruvan-1-705x330.jpeg 705w\" data-sizes=\"(max-width: 804px) 100vw, 804px\" data-rel='gallery-1' data-prev-img='https:\/\/visitorsa.se\/app\/uploads\/2023\/04\/Restaurang-gruvan-1-495x376.jpeg' class='first_thumb lightbox ' data-onclick='1' title='Restaurang gruvan 1'  itemprop=\"thumbnailUrl\"  ><img decoding=\"async\" class=\"wp-image-145972 avia-img-lazy-loading-not-145972\"   src=\"https:\/\/visitorsa.se\/app\/uploads\/2023\/04\/Restaurang-gruvan-1-495x376.jpeg\" width=\"495\" height=\"376\"  title='Restaurang gruvan 1' alt='' \/><div class='big-prev-fake'><img loading=\"lazy\" decoding=\"async\" class=\"wp-image-145972 avia-img-lazy-loading-145972\"  width=\"495\" height=\"376\" src=\"https:\/\/visitorsa.se\/app\/uploads\/2023\/04\/Restaurang-gruvan-1-495x376.jpeg\" title='Restaurang gruvan 1' alt='' \/><\/div><\/a><a href=\"https:\/\/visitorsa.se\/app\/uploads\/2023\/04\/Restaurang-gruvan-3.jpeg\" data-srcset=\"https:\/\/visitorsa.se\/app\/uploads\/2023\/04\/Restaurang-gruvan-3.jpeg 396w, https:\/\/visitorsa.se\/app\/uploads\/2023\/04\/Restaurang-gruvan-3-198x300.jpeg 198w\" data-sizes=\"(max-width: 396px) 100vw, 396px\" data-rel='gallery-1' data-prev-img='https:\/\/visitorsa.se\/app\/uploads\/2023\/04\/Restaurang-gruvan-3-396x400.jpeg' class='lightbox ' data-onclick='2' title='Restaurang gruvan 3'  itemprop=\"thumbnailUrl\"  ><img decoding=\"async\" class=\"wp-image-145975 avia-img-lazy-loading-not-145975\"   src=\"https:\/\/visitorsa.se\/app\/uploads\/2023\/04\/Restaurang-gruvan-3-396x400.jpeg\" width=\"396\" height=\"400\"  title='Restaurang gruvan 3' alt='' srcset=\"https:\/\/visitorsa.se\/app\/uploads\/2023\/04\/Restaurang-gruvan-3-396x400.jpeg 396w, https:\/\/visitorsa.se\/app\/uploads\/2023\/04\/Restaurang-gruvan-3-80x80.jpeg 80w, https:\/\/visitorsa.se\/app\/uploads\/2023\/04\/Restaurang-gruvan-3-36x36.jpeg 36w\" sizes=\"(max-width: 396px) 100vw, 396px\" \/><div class='big-prev-fake'><img loading=\"lazy\" decoding=\"async\" class=\"wp-image-145975 avia-img-lazy-loading-145975\"  width=\"396\" height=\"400\" src=\"https:\/\/visitorsa.se\/app\/uploads\/2023\/04\/Restaurang-gruvan-3-396x400.jpeg\" title='Restaurang gruvan 3' alt='' srcset=\"https:\/\/visitorsa.se\/app\/uploads\/2023\/04\/Restaurang-gruvan-3-396x400.jpeg 396w, https:\/\/visitorsa.se\/app\/uploads\/2023\/04\/Restaurang-gruvan-3-80x80.jpeg 80w, https:\/\/visitorsa.se\/app\/uploads\/2023\/04\/Restaurang-gruvan-3-36x36.jpeg 36w\" sizes=\"auto, (max-width: 396px) 100vw, 396px\" \/><\/div><\/a><a href=\"https:\/\/visitorsa.se\/app\/uploads\/2023\/04\/Restaurang-gruvan-4.jpeg\" data-srcset=\"https:\/\/visitorsa.se\/app\/uploads\/2023\/04\/Restaurang-gruvan-4.jpeg 960w, https:\/\/visitorsa.se\/app\/uploads\/2023\/04\/Restaurang-gruvan-4-300x225.jpeg 300w, https:\/\/visitorsa.se\/app\/uploads\/2023\/04\/Restaurang-gruvan-4-768x576.jpeg 768w, https:\/\/visitorsa.se\/app\/uploads\/2023\/04\/Restaurang-gruvan-4-705x529.jpeg 705w\" data-sizes=\"(max-width: 960px) 100vw, 960px\" data-rel='gallery-1' data-prev-img='https:\/\/visitorsa.se\/app\/uploads\/2023\/04\/Restaurang-gruvan-4-495x400.jpeg' class='lightbox ' data-onclick='3' title='Restaurang gruvan 4'  itemprop=\"thumbnailUrl\"  ><img decoding=\"async\" class=\"wp-image-145978 avia-img-lazy-loading-not-145978\"   src=\"https:\/\/visitorsa.se\/app\/uploads\/2023\/04\/Restaurang-gruvan-4-495x400.jpeg\" width=\"495\" height=\"400\"  title='Restaurang gruvan 4' alt='' srcset=\"https:\/\/visitorsa.se\/app\/uploads\/2023\/04\/Restaurang-gruvan-4-495x400.jpeg 495w, https:\/\/visitorsa.se\/app\/uploads\/2023\/04\/Restaurang-gruvan-4-845x684.jpeg 845w\" sizes=\"(max-width: 495px) 100vw, 495px\" \/><div class='big-prev-fake'><img loading=\"lazy\" decoding=\"async\" class=\"wp-image-145978 avia-img-lazy-loading-145978\"  width=\"495\" height=\"400\" src=\"https:\/\/visitorsa.se\/app\/uploads\/2023\/04\/Restaurang-gruvan-4-495x400.jpeg\" title='Restaurang gruvan 4' alt='' srcset=\"https:\/\/visitorsa.se\/app\/uploads\/2023\/04\/Restaurang-gruvan-4-495x400.jpeg 495w, https:\/\/visitorsa.se\/app\/uploads\/2023\/04\/Restaurang-gruvan-4-845x684.jpeg 845w\" sizes=\"auto, (max-width: 495px) 100vw, 495px\" \/><\/div><\/a><a href=\"https:\/\/visitorsa.se\/app\/uploads\/2023\/04\/Restaurang-gruvan-5.jpeg\" data-srcset=\"https:\/\/visitorsa.se\/app\/uploads\/2023\/04\/Restaurang-gruvan-5.jpeg 320w, https:\/\/visitorsa.se\/app\/uploads\/2023\/04\/Restaurang-gruvan-5-300x225.jpeg 300w\" data-sizes=\"(max-width: 320px) 100vw, 320px\" data-rel='gallery-1' data-prev-img='https:\/\/visitorsa.se\/app\/uploads\/2023\/04\/Restaurang-gruvan-5.jpeg' class='lightbox ' data-onclick='4' title='Restaurang gruvan 5'  itemprop=\"thumbnailUrl\"  ><img decoding=\"async\" class=\"wp-image-145981 avia-img-lazy-loading-not-145981\"   src=\"https:\/\/visitorsa.se\/app\/uploads\/2023\/04\/Restaurang-gruvan-5.jpeg\" width=\"320\" height=\"240\"  title='Restaurang gruvan 5' alt='' srcset=\"https:\/\/visitorsa.se\/app\/uploads\/2023\/04\/Restaurang-gruvan-5.jpeg 320w, https:\/\/visitorsa.se\/app\/uploads\/2023\/04\/Restaurang-gruvan-5-300x225.jpeg 300w\" sizes=\"(max-width: 320px) 100vw, 320px\" \/><div class='big-prev-fake'><img loading=\"lazy\" decoding=\"async\" class=\"wp-image-145981 avia-img-lazy-loading-145981\"  width=\"320\" height=\"240\" src=\"https:\/\/visitorsa.se\/app\/uploads\/2023\/04\/Restaurang-gruvan-5.jpeg\" title='Restaurang gruvan 5' alt='' srcset=\"https:\/\/visitorsa.se\/app\/uploads\/2023\/04\/Restaurang-gruvan-5.jpeg 320w, https:\/\/visitorsa.se\/app\/uploads\/2023\/04\/Restaurang-gruvan-5-300x225.jpeg 300w\" sizes=\"auto, (max-width: 320px) 100vw, 320px\" \/><\/div><\/a><\/div><\/div><\/div>\n\n<style type=\"text\/css\" data-created_by=\"avia_inline_auto\" id=\"style-css-av-aupcw0-034727ff4178265a807e03e0bbca9dc3\">\n.flex_column.av-aupcw0-034727ff4178265a807e03e0bbca9dc3{\n-webkit-border-radius:0px 0px 0px 0px;\n-moz-border-radius:0px 0px 0px 0px;\nborder-radius:0px 0px 0px 0px;\npadding:0px 0px 0px 0px;\n}\n<\/style>\n<div class='flex_column av-aupcw0-034727ff4178265a807e03e0bbca9dc3 av_one_half  avia-builder-el-2  el_after_av_one_full  el_before_av_one_half  first flex_column_div av-zero-column-padding column-top-margin'     ><section  class='av_textblock_section av-kgf1e6kl-b5e14719b34d36133fc039acb7a114af'  itemscope=\"itemscope\" itemtype=\"https:\/\/schema.org\/CreativeWork\" ><div class='avia_textblock'  itemprop=\"text\" ><h3>Restaurant Gruvan<\/h3>\n<p class=\"c\">Mittagsrestaurant auf einem sch\u00f6nen M\u00e4ssbacken. Bei uns k\u00f6nnen Sie zu Mittag essen, Kaffee trinken und einen Rundgang durch das Slipsten-Museum machen, das sich im selben Geb\u00e4ude befindet. Wir liefern gutes und gut gekochtes Essen in einer famili\u00e4ren Umgebung.<br \/>\nHerzlich Willkommen!<\/p>\n<\/div><\/section><br \/>\n<\/p><\/div>\n<style type=\"text\/css\" data-created_by=\"avia_inline_auto\" id=\"style-css-av-aupcw0-3-7fc1991e0fecd70c2ded4a1a6ae190d6\">\n.flex_column.av-aupcw0-3-7fc1991e0fecd70c2ded4a1a6ae190d6{\n-webkit-border-radius:0px 0px 0px 0px;\n-moz-border-radius:0px 0px 0px 0px;\nborder-radius:0px 0px 0px 0px;\npadding:0px 0px 0px 0px;\n}\n<\/style>\n<div class='flex_column av-aupcw0-3-7fc1991e0fecd70c2ded4a1a6ae190d6 av_one_half  avia-builder-el-5  el_after_av_one_half  avia-builder-el-last  flex_column_div av-zero-column-padding column-top-margin'     ><section  class='av_textblock_section av-kgf1e6kl-2-782df081e2dd20d47d481dc7201db0a9'  itemscope=\"itemscope\" itemtype=\"https:\/\/schema.org\/CreativeWork\" ><div class='avia_textblock'  itemprop=\"text\" ><h3><strong>Kontaktangaben<\/strong><\/h3>\n<p><strong>E-Mail-Adresse:<\/strong><br \/>\n<a href=\"mailto:info@lillasallskapetorsa.se\" target=\"_blank\" rel=\"noopener\">info@lillasallskapetorsa.se<\/a><\/p>\n<p><strong>Telefon:<\/strong><br \/>\n0702525866<\/p>\n<p><strong>Adresse:<\/strong><br \/>\nGruvbacksv\u00e4gen 2<br \/>\nSE-792 32 Orsa<\/p>\n<\/div><\/section><br \/>\n<br \/>\n<div  class='avia-button-wrap avia-button-center  avia-builder-el-8  el_after_av_codeblock  avia-builder-el-last ' >\n<style type=\"text\/css\" data-created_by=\"avia_inline_auto\" id=\"style-css-av-kgf1wc7j-f35358f4bb81391c0e02c0b421a5b8c4\">\n#top #wrap_all .avia-button.av-kgf1wc7j-f35358f4bb81391c0e02c0b421a5b8c4:hover{\ncolor:white;\n-webkit-transition:all 0.4s ease-in-out;\n-moz-transition:all 0.4s ease-in-out;\n-ms-transition:all 0.4s ease-in-out;\n-o-transition:all 0.4s ease-in-out;\ntransition:all 0.4s ease-in-out;\n}\n<\/style>\n<a href='https:\/\/lillasallskapetorsa.se\/' class='avia-color-theme-color avia-font-color-theme-color avia-button avia-button-fullwidth av-kgf1wc7j-f35358f4bb81391c0e02c0b421a5b8c4 avia-icon_select-yes-left-icon avia-color-theme-color' ><span class='avia_button_icon avia_button_icon_left' aria-hidden='true' data-av_icon='\ue832' data-av_iconfont='entypo-fontello'><\/span><span class='avia_iconbox_title' > Besuchen Sie unsere Website<\/span><span class='avia_button_background avia-button avia-button-fullwidth avia-color-theme-color-highlight'><\/span><\/a><\/div><\/p><\/div><\/p>\n","protected":false},"excerpt":{"rendered":"","protected":false},"author":3,"featured_media":145985,"parent":0,"menu_order":0,"comment_status":"closed","ping_status":"closed","template":"","meta":{"footnotes":""},"categories":[87],"tags":[],"class_list":["post-152822","page","type-page","status-publish","has-post-thumbnail","hentry","category-essen"],"_links":{"self":[{"href":"https:\/\/visitorsa.se\/de\/wp-json\/wp\/v2\/pages\/152822","targetHints":{"allow":["GET"]}}],"collection":[{"href":"https:\/\/visitorsa.se\/de\/wp-json\/wp\/v2\/pages"}],"about":[{"href":"https:\/\/visitorsa.se\/de\/wp-json\/wp\/v2\/types\/page"}],"author":[{"embeddable":true,"href":"https:\/\/visitorsa.se\/de\/wp-json\/wp\/v2\/users\/3"}],"replies":[{"embeddable":true,"href":"https:\/\/visitorsa.se\/de\/wp-json\/wp\/v2\/comments?post=152822"}],"version-history":[{"count":2,"href":"https:\/\/visitorsa.se\/de\/wp-json\/wp\/v2\/pages\/152822\/revisions"}],"predecessor-version":[{"id":152824,"href":"https:\/\/visitorsa.se\/de\/wp-json\/wp\/v2\/pages\/152822\/revisions\/152824"}],"wp:featuredmedia":[{"embeddable":true,"href":"https:\/\/visitorsa.se\/de\/wp-json\/wp\/v2\/media\/145985"}],"wp:attachment":[{"href":"https:\/\/visitorsa.se\/de\/wp-json\/wp\/v2\/media?parent=152822"}],"wp:term":[{"taxonomy":"category","embeddable":true,"href":"https:\/\/visitorsa.se\/de\/wp-json\/wp\/v2\/categories?post=152822"},{"taxonomy":"post_tag","embeddable":true,"href":"https:\/\/visitorsa.se\/de\/wp-json\/wp\/v2\/tags?post=152822"}],"curies":[{"name":"wp","href":"https:\/\/api.w.org\/{rel}","templated":true}]}}