{"id":152813,"date":"2023-04-11T18:57:17","date_gmt":"2023-04-11T16:57:17","guid":{"rendered":"https:\/\/visitorsa.se\/orsa-stenhuggeri-ab\/"},"modified":"2023-09-11T15:28:52","modified_gmt":"2023-09-11T13:28:52","slug":"orsa-stenhuggeri-ab","status":"publish","type":"page","link":"https:\/\/visitorsa.se\/de\/orsa-stenhuggeri-ab\/","title":{"rendered":"Orsa Stenhuggeri AB"},"content":{"rendered":"\n<style type=\"text\/css\" data-created_by=\"avia_inline_auto\" id=\"style-css-av-6d4ygg-db790e9493201a1d2f9d8b3dfe30decc\">\n.flex_column.av-6d4ygg-db790e9493201a1d2f9d8b3dfe30decc{\n-webkit-border-radius:0px 0px 0px 0px;\n-moz-border-radius:0px 0px 0px 0px;\nborder-radius:0px 0px 0px 0px;\npadding:0px 0px 0px 0px;\n}\n<\/style>\n<div class='flex_column av-6d4ygg-db790e9493201a1d2f9d8b3dfe30decc av_one_full  avia-builder-el-0  el_before_av_one_half  avia-builder-el-first  first flex_column_div av-zero-column-padding '     ><style type=\"text\/css\" data-created_by=\"avia_inline_auto\" id=\"style-css-av-kgf1j3ru-d1602a0c3e3290fd319154dc994edf4e\">\n#top .avia-gallery.av-kgf1j3ru-d1602a0c3e3290fd319154dc994edf4e .avia-gallery-thumb a{\nwidth:25%;\n}\n<\/style>\n<div  class='avia-gallery av-kgf1j3ru-d1602a0c3e3290fd319154dc994edf4e avia_animate_when_visible  avia-builder-el-1  avia-builder-el-no-sibling  avia_lazyload avia-gallery-animate avia-gallery-1'  itemprop=\"image\" itemscope=\"itemscope\" itemtype=\"https:\/\/schema.org\/ImageObject\" ><meta itemprop=\"contentURL\" content=\"https:\/\/visitorsa.se\/de\/orsa-stenhuggeri-ab\/\"><div class='avia-gallery-thumb'><a href=\"https:\/\/visitorsa.se\/app\/uploads\/2023\/04\/Orsa-stenhuggeri-1.jpg\" data-srcset=\"https:\/\/visitorsa.se\/app\/uploads\/2023\/04\/Orsa-stenhuggeri-1.jpg 640w, https:\/\/visitorsa.se\/app\/uploads\/2023\/04\/Orsa-stenhuggeri-1-300x200.jpg 300w\" data-sizes=\"(max-width: 640px) 100vw, 640px\" data-rel='gallery-1' data-prev-img='https:\/\/visitorsa.se\/app\/uploads\/2023\/04\/Orsa-stenhuggeri-1-495x400.jpg' class='first_thumb lightbox ' data-onclick='1' title='Orsa stenhuggeri 1'  itemprop=\"thumbnailUrl\"  ><img decoding=\"async\" class=\"wp-image-142437 avia-img-lazy-loading-not-142437\"   src=\"https:\/\/visitorsa.se\/app\/uploads\/2023\/04\/Orsa-stenhuggeri-1-495x400.jpg\" width=\"495\" height=\"400\"  title='Orsa stenhuggeri 1' alt='' \/><div class='big-prev-fake'><img loading=\"lazy\" decoding=\"async\" class=\"wp-image-142437 avia-img-lazy-loading-142437\"  width=\"495\" height=\"400\" src=\"https:\/\/visitorsa.se\/app\/uploads\/2023\/04\/Orsa-stenhuggeri-1-495x400.jpg\" title='Orsa stenhuggeri 1' alt='' \/><\/div><\/a><a href=\"https:\/\/visitorsa.se\/app\/uploads\/2023\/04\/Orsa-stenhuggeri-3.jpg\" data-srcset=\"https:\/\/visitorsa.se\/app\/uploads\/2023\/04\/Orsa-stenhuggeri-3.jpg 427w, https:\/\/visitorsa.se\/app\/uploads\/2023\/04\/Orsa-stenhuggeri-3-200x300.jpg 200w\" data-sizes=\"(max-width: 427px) 100vw, 427px\" data-rel='gallery-1' data-prev-img='https:\/\/visitorsa.se\/app\/uploads\/2023\/04\/Orsa-stenhuggeri-3-427x400.jpg' class='lightbox ' data-onclick='2' title='Orsa stenhuggeri 3'  itemprop=\"thumbnailUrl\"  ><img decoding=\"async\" class=\"wp-image-142440 avia-img-lazy-loading-not-142440\"   src=\"https:\/\/visitorsa.se\/app\/uploads\/2023\/04\/Orsa-stenhuggeri-3-427x400.jpg\" width=\"427\" height=\"400\"  title='Orsa stenhuggeri 3' alt='Visit Orsa' \/><div class='big-prev-fake'><img loading=\"lazy\" decoding=\"async\" class=\"wp-image-142440 avia-img-lazy-loading-142440\"  width=\"427\" height=\"400\" src=\"https:\/\/visitorsa.se\/app\/uploads\/2023\/04\/Orsa-stenhuggeri-3-427x400.jpg\" title='Orsa stenhuggeri 3' alt='Visit Orsa' \/><\/div><\/a><a href=\"https:\/\/visitorsa.se\/app\/uploads\/2023\/04\/Orsa-stenhuggeri-4.jpg\" data-srcset=\"https:\/\/visitorsa.se\/app\/uploads\/2023\/04\/Orsa-stenhuggeri-4.jpg 640w, https:\/\/visitorsa.se\/app\/uploads\/2023\/04\/Orsa-stenhuggeri-4-300x233.jpg 300w\" data-sizes=\"(max-width: 640px) 100vw, 640px\" data-rel='gallery-1' data-prev-img='https:\/\/visitorsa.se\/app\/uploads\/2023\/04\/Orsa-stenhuggeri-4-495x400.jpg' class='lightbox ' data-onclick='3' title='Orsa stenhuggeri 4'  itemprop=\"thumbnailUrl\"  ><img decoding=\"async\" class=\"wp-image-142446 avia-img-lazy-loading-not-142446\"   src=\"https:\/\/visitorsa.se\/app\/uploads\/2023\/04\/Orsa-stenhuggeri-4-495x400.jpg\" width=\"495\" height=\"400\"  title='Orsa stenhuggeri 4' alt='' \/><div class='big-prev-fake'><img loading=\"lazy\" decoding=\"async\" class=\"wp-image-142446 avia-img-lazy-loading-142446\"  width=\"495\" height=\"400\" src=\"https:\/\/visitorsa.se\/app\/uploads\/2023\/04\/Orsa-stenhuggeri-4-495x400.jpg\" title='Orsa stenhuggeri 4' alt='' \/><\/div><\/a><a href=\"https:\/\/visitorsa.se\/app\/uploads\/2023\/04\/Orsa-stenhuggeri-5.jpg\" data-srcset=\"https:\/\/visitorsa.se\/app\/uploads\/2023\/04\/Orsa-stenhuggeri-5.jpg 640w, https:\/\/visitorsa.se\/app\/uploads\/2023\/04\/Orsa-stenhuggeri-5-300x200.jpg 300w\" data-sizes=\"(max-width: 640px) 100vw, 640px\" data-rel='gallery-1' data-prev-img='https:\/\/visitorsa.se\/app\/uploads\/2023\/04\/Orsa-stenhuggeri-5-495x400.jpg' class='lightbox ' data-onclick='4' title='Orsa stenhuggeri 5'  itemprop=\"thumbnailUrl\"  ><img decoding=\"async\" class=\"wp-image-142449 avia-img-lazy-loading-not-142449\"   src=\"https:\/\/visitorsa.se\/app\/uploads\/2023\/04\/Orsa-stenhuggeri-5-495x400.jpg\" width=\"495\" height=\"400\"  title='Orsa stenhuggeri 5' alt='' \/><div class='big-prev-fake'><img loading=\"lazy\" decoding=\"async\" class=\"wp-image-142449 avia-img-lazy-loading-142449\"  width=\"495\" height=\"400\" src=\"https:\/\/visitorsa.se\/app\/uploads\/2023\/04\/Orsa-stenhuggeri-5-495x400.jpg\" title='Orsa stenhuggeri 5' alt='' \/><\/div><\/a><\/div><\/div><\/div>\n\n<style type=\"text\/css\" data-created_by=\"avia_inline_auto\" id=\"style-css-av-aupcw0-034727ff4178265a807e03e0bbca9dc3\">\n.flex_column.av-aupcw0-034727ff4178265a807e03e0bbca9dc3{\n-webkit-border-radius:0px 0px 0px 0px;\n-moz-border-radius:0px 0px 0px 0px;\nborder-radius:0px 0px 0px 0px;\npadding:0px 0px 0px 0px;\n}\n<\/style>\n<div class='flex_column av-aupcw0-034727ff4178265a807e03e0bbca9dc3 av_one_half  avia-builder-el-2  el_after_av_one_full  el_before_av_one_half  first flex_column_div av-zero-column-padding column-top-margin'     ><section  class='av_textblock_section av-kgf1e6kl-b5e14719b34d36133fc039acb7a114af'  itemscope=\"itemscope\" itemtype=\"https:\/\/schema.org\/CreativeWork\" ><div class='avia_textblock'  itemprop=\"text\" ><h3>Orsa Stenhuggeri AB<\/h3>\n<blockquote>\n<div dir=\"ltr\">\n<div dir=\"ltr\">\n<div>\n<div class=\"gmail_quote\">\n<div dir=\"ltr\">\n<div>\n<p>Mitten in Dalaskogen finden Sie uns bei Orsa Stenhuggeri! Hier gewinnen wir Orsa-Sandstein, eine fossilfreie Gesteinssorte, die seit \u00fcber Jahrtausenden von uns Menschen genutzt wird.<\/p>\n<p>Heute sind die meisten Fassadenteile aus Stein gefertigt und einige Beispiele f\u00fcr Geb\u00e4ude, die aus Stein bestehen, sind unter anderem die Sk\u00e5nska banken in der Drottninggatan Stockholm, das Gamla posthuset in der Vasagatan Stockholm und das Grand Hotel in Lund. Der Stein ist por\u00f6s und l\u00e4sst sich leicht in die gew\u00fcnschte Form bringen.<\/p>\n<p>Neben Sandsteinarbeiten stellen wir auch neue Grabsteine her und erg\u00e4nzen und bearbeiten bereits bestehende Grabsteine sowie Arbeiten auf Friedh\u00f6fen in Dalarna<\/p>\n<\/div>\n<\/div>\n<\/div>\n<\/div>\n<\/div>\n<\/div>\n<\/blockquote>\n<\/div><\/section><br \/>\n<\/p><\/div>\n<style type=\"text\/css\" data-created_by=\"avia_inline_auto\" id=\"style-css-av-aupcw0-3-7fc1991e0fecd70c2ded4a1a6ae190d6\">\n.flex_column.av-aupcw0-3-7fc1991e0fecd70c2ded4a1a6ae190d6{\n-webkit-border-radius:0px 0px 0px 0px;\n-moz-border-radius:0px 0px 0px 0px;\nborder-radius:0px 0px 0px 0px;\npadding:0px 0px 0px 0px;\n}\n<\/style>\n<div class='flex_column av-aupcw0-3-7fc1991e0fecd70c2ded4a1a6ae190d6 av_one_half  avia-builder-el-5  el_after_av_one_half  avia-builder-el-last  flex_column_div av-zero-column-padding column-top-margin'     ><section  class='av_textblock_section av-kgf1e6kl-2-782df081e2dd20d47d481dc7201db0a9'  itemscope=\"itemscope\" itemtype=\"https:\/\/schema.org\/CreativeWork\" ><div class='avia_textblock'  itemprop=\"text\" ><h3><strong>Kontaktangaben<\/strong><\/h3>\n<p><strong><br \/>\n<\/strong>E-Mail: <a style=\"font-size: 16px\" href=\"mailto:Info@orsasten.se\" target=\"_blank\" rel=\"noopener\">Info@orsasten.se<\/a><\/p>\n<p>Tel.: 0250-550330<\/p>\n<div dir=\"ltr\">\n<div dir=\"ltr\">\n<div class=\"gmail_quote\">\n<div dir=\"ltr\">\n<div>Adresse: Gruvbacksv\u00e4gen 4, 79491 orsa<\/div>\n<\/div>\n<\/div>\n<\/div>\n<\/div>\n<\/div><\/section><br \/>\n<br \/>\n<div  class='avia-button-wrap avia-button-center  avia-builder-el-8  el_after_av_codeblock  el_before_av_button_big ' >\n<style type=\"text\/css\" data-created_by=\"avia_inline_auto\" id=\"style-css-av-kgf1wc7j-57ca2f26f967bb32532f68230d45b2aa\">\n#top #wrap_all .avia-button.av-kgf1wc7j-57ca2f26f967bb32532f68230d45b2aa:hover{\ncolor:white;\n-webkit-transition:all 0.4s ease-in-out;\n-moz-transition:all 0.4s ease-in-out;\n-ms-transition:all 0.4s ease-in-out;\n-o-transition:all 0.4s ease-in-out;\ntransition:all 0.4s ease-in-out;\n}\n<\/style>\n<a href='https:\/\/www.orsasten.se\/' class='avia-color-theme-color avia-font-color-theme-color avia-button avia-button-fullwidth av-kgf1wc7j-57ca2f26f967bb32532f68230d45b2aa avia-icon_select-yes-left-icon avia-color-theme-color' ><span class='avia_button_icon avia_button_icon_left' aria-hidden='true' data-av_icon='\ue832' data-av_iconfont='entypo-fontello'><\/span><span class='avia_iconbox_title' > Besuchen Sie unsere Website<\/span><span class='avia_button_background avia-button avia-button-fullwidth avia-color-theme-color-highlight'><\/span><\/a><\/div><br \/>\n<div  class='avia-button-wrap avia-button-center  avia-builder-el-9  el_after_av_button_big  el_before_av_button_big ' >\n<style type=\"text\/css\" data-created_by=\"avia_inline_auto\" id=\"style-css-av-lgci7kzq-0a6896e060819add3ef2379b91e8feeb\">\n#top #wrap_all .avia-button.av-lgci7kzq-0a6896e060819add3ef2379b91e8feeb:hover{\ncolor:white;\n-webkit-transition:all 0.4s ease-in-out;\n-moz-transition:all 0.4s ease-in-out;\n-ms-transition:all 0.4s ease-in-out;\n-o-transition:all 0.4s ease-in-out;\ntransition:all 0.4s ease-in-out;\n}\n<\/style>\n<a href='https:\/\/www.facebook.com\/orsasten' class='avia-color-theme-color avia-font-color-theme-color avia-button avia-button-fullwidth av-lgci7kzq-0a6896e060819add3ef2379b91e8feeb avia-icon_select-yes-left-icon avia-color-theme-color' ><span class='avia_button_icon avia_button_icon_left' aria-hidden='true' data-av_icon='\ue832' data-av_iconfont='entypo-fontello'><\/span><span class='avia_iconbox_title' > Besuchen Sie uns auf Facebook<\/span><span class='avia_button_background avia-button avia-button-fullwidth avia-color-theme-color-highlight'><\/span><\/a><\/div><br \/>\n<div  class='avia-button-wrap avia-button-center  avia-builder-el-10  el_after_av_button_big  avia-builder-el-last ' >\n<style type=\"text\/css\" data-created_by=\"avia_inline_auto\" id=\"style-css-av-lgci8rup-05ddac071e84e617a66b67fc9dcf3c1a\">\n#top #wrap_all .avia-button.av-lgci8rup-05ddac071e84e617a66b67fc9dcf3c1a:hover{\ncolor:white;\n-webkit-transition:all 0.4s ease-in-out;\n-moz-transition:all 0.4s ease-in-out;\n-ms-transition:all 0.4s ease-in-out;\n-o-transition:all 0.4s ease-in-out;\ntransition:all 0.4s ease-in-out;\n}\n<\/style>\n<a href='https:\/\/www.instagram.com\/orsasten\/' class='avia-color-theme-color avia-font-color-theme-color avia-button avia-button-fullwidth av-lgci8rup-05ddac071e84e617a66b67fc9dcf3c1a avia-icon_select-yes-left-icon avia-color-theme-color' ><span class='avia_button_icon avia_button_icon_left' aria-hidden='true' data-av_icon='\ue832' data-av_iconfont='entypo-fontello'><\/span><span class='avia_iconbox_title' > Besuchen Sie uns auf Instagram<\/span><span class='avia_button_background avia-button avia-button-fullwidth avia-color-theme-color-highlight'><\/span><\/a><\/div><\/p><\/div><\/p>\n","protected":false},"excerpt":{"rendered":"","protected":false},"author":3,"featured_media":142452,"parent":0,"menu_order":0,"comment_status":"closed","ping_status":"closed","template":"","meta":{"footnotes":""},"categories":[80],"tags":[],"class_list":["post-152813","page","type-page","status-publish","has-post-thumbnail","hentry","category-handel-handwerk"],"_links":{"self":[{"href":"https:\/\/visitorsa.se\/de\/wp-json\/wp\/v2\/pages\/152813","targetHints":{"allow":["GET"]}}],"collection":[{"href":"https:\/\/visitorsa.se\/de\/wp-json\/wp\/v2\/pages"}],"about":[{"href":"https:\/\/visitorsa.se\/de\/wp-json\/wp\/v2\/types\/page"}],"author":[{"embeddable":true,"href":"https:\/\/visitorsa.se\/de\/wp-json\/wp\/v2\/users\/3"}],"replies":[{"embeddable":true,"href":"https:\/\/visitorsa.se\/de\/wp-json\/wp\/v2\/comments?post=152813"}],"version-history":[{"count":4,"href":"https:\/\/visitorsa.se\/de\/wp-json\/wp\/v2\/pages\/152813\/revisions"}],"predecessor-version":[{"id":192742,"href":"https:\/\/visitorsa.se\/de\/wp-json\/wp\/v2\/pages\/152813\/revisions\/192742"}],"wp:featuredmedia":[{"embeddable":true,"href":"https:\/\/visitorsa.se\/de\/wp-json\/wp\/v2\/media\/142452"}],"wp:attachment":[{"href":"https:\/\/visitorsa.se\/de\/wp-json\/wp\/v2\/media?parent=152813"}],"wp:term":[{"taxonomy":"category","embeddable":true,"href":"https:\/\/visitorsa.se\/de\/wp-json\/wp\/v2\/categories?post=152813"},{"taxonomy":"post_tag","embeddable":true,"href":"https:\/\/visitorsa.se\/de\/wp-json\/wp\/v2\/tags?post=152813"}],"curies":[{"name":"wp","href":"https:\/\/api.w.org\/{rel}","templated":true}]}}