{"id":152802,"date":"2023-02-17T07:55:26","date_gmt":"2023-02-17T06:55:26","guid":{"rendered":"https:\/\/visitorsa.se\/sa-mycket-orsa\/"},"modified":"2023-05-03T19:59:09","modified_gmt":"2023-05-03T17:59:09","slug":"sa-mycket-orsa","status":"publish","type":"page","link":"https:\/\/visitorsa.se\/de\/sa-mycket-orsa\/","title":{"rendered":"S\u00e5 mycket Orsa"},"content":{"rendered":"\n<style type=\"text\/css\" data-created_by=\"avia_inline_auto\" id=\"style-css-av-6d4ygg-db790e9493201a1d2f9d8b3dfe30decc\">\n.flex_column.av-6d4ygg-db790e9493201a1d2f9d8b3dfe30decc{\n-webkit-border-radius:0px 0px 0px 0px;\n-moz-border-radius:0px 0px 0px 0px;\nborder-radius:0px 0px 0px 0px;\npadding:0px 0px 0px 0px;\n}\n<\/style>\n<div class='flex_column av-6d4ygg-db790e9493201a1d2f9d8b3dfe30decc av_one_full  avia-builder-el-0  el_before_av_one_half  avia-builder-el-first  first flex_column_div av-zero-column-padding '     ><style type=\"text\/css\" data-created_by=\"avia_inline_auto\" id=\"style-css-av-kgf1j3ru-0dab93d547db3b12d7eaec747d79ee28\">\n#top .avia-gallery.av-kgf1j3ru-0dab93d547db3b12d7eaec747d79ee28 .avia-gallery-thumb a{\nwidth:25%;\n}\n<\/style>\n<div  class='avia-gallery av-kgf1j3ru-0dab93d547db3b12d7eaec747d79ee28 avia_animate_when_visible  avia-builder-el-1  avia-builder-el-no-sibling  avia_lazyload avia-gallery-animate avia-gallery-1'  itemprop=\"image\" itemscope=\"itemscope\" itemtype=\"https:\/\/schema.org\/ImageObject\" ><meta itemprop=\"contentURL\" content=\"https:\/\/visitorsa.se\/de\/sa-mycket-orsa\/\"><div class='avia-gallery-thumb'><a href=\"https:\/\/visitorsa.se\/app\/uploads\/2023\/02\/Sa-mycket-orsa-1.jpg\" data-rel='gallery-1' data-prev-img='https:\/\/visitorsa.se\/app\/uploads\/2023\/02\/Sa-mycket-orsa-1.jpg' class='first_thumb lightbox ' data-onclick='1' title='S\u00e5 mycket orsa 1'  itemprop=\"thumbnailUrl\"  ><img decoding=\"async\" class=\"wp-image-113707 avia-img-lazy-loading-not-113707\"   src=\"https:\/\/visitorsa.se\/app\/uploads\/2023\/02\/Sa-mycket-orsa-1.jpg\" width=\"300\" height=\"168\"  title='S\u00e5 mycket orsa 1' alt='' \/><div class='big-prev-fake'><img loading=\"lazy\" decoding=\"async\" class=\"wp-image-113707 avia-img-lazy-loading-113707\"  width=\"300\" height=\"168\" src=\"https:\/\/visitorsa.se\/app\/uploads\/2023\/02\/Sa-mycket-orsa-1.jpg\" title='S\u00e5 mycket orsa 1' alt='' \/><\/div><\/a><\/div><\/div><\/div>\n\n<style type=\"text\/css\" data-created_by=\"avia_inline_auto\" id=\"style-css-av-aupcw0-034727ff4178265a807e03e0bbca9dc3\">\n.flex_column.av-aupcw0-034727ff4178265a807e03e0bbca9dc3{\n-webkit-border-radius:0px 0px 0px 0px;\n-moz-border-radius:0px 0px 0px 0px;\nborder-radius:0px 0px 0px 0px;\npadding:0px 0px 0px 0px;\n}\n<\/style>\n<div class='flex_column av-aupcw0-034727ff4178265a807e03e0bbca9dc3 av_one_half  avia-builder-el-2  el_after_av_one_full  el_before_av_one_half  first flex_column_div av-zero-column-padding column-top-margin'     ><section  class='av_textblock_section av-kgf1e6kl-b5e14719b34d36133fc039acb7a114af'  itemscope=\"itemscope\" itemtype=\"https:\/\/schema.org\/CreativeWork\" ><div class='avia_textblock'  itemprop=\"text\" ><h3>S\u00e5 mycket Orsa<\/h3>\n<p>Ab 2023 und f\u00fcr die n\u00e4chsten f\u00fcnf Jahre werden wir im Folkparken Skeer unter der \u00dcberschrift t\u00e4tig sein.<br \/>\nS\u00e5 mycket Orsa<span class=\"il\">!<\/span><\/p>\n<p>Wir sind: Michael Henriksson, Lifeline Entertainment AB, Agneta Villman <span class=\"il\">,<\/span> Villman Produktion <span class=\"il\">AB<\/span> und Ben Mal\u00e9n.<br \/>\nZiel ist es, ein qualitatives Angebot an Revuen, Theater- und Musikunterhaltung in Skeer zu schaffen, vorzugsweise in den Sommermonaten.<\/p>\n<\/div><\/section><br \/>\n<\/p><\/div>\n\n<style type=\"text\/css\" data-created_by=\"avia_inline_auto\" id=\"style-css-av-aupcw0-3-7fc1991e0fecd70c2ded4a1a6ae190d6\">\n.flex_column.av-aupcw0-3-7fc1991e0fecd70c2ded4a1a6ae190d6{\n-webkit-border-radius:0px 0px 0px 0px;\n-moz-border-radius:0px 0px 0px 0px;\nborder-radius:0px 0px 0px 0px;\npadding:0px 0px 0px 0px;\n}\n<\/style>\n<div class='flex_column av-aupcw0-3-7fc1991e0fecd70c2ded4a1a6ae190d6 av_one_half  avia-builder-el-5  el_after_av_one_half  avia-builder-el-last  flex_column_div av-zero-column-padding column-top-margin'     ><section  class='av_textblock_section av-kgf1e6kl-2-782df081e2dd20d47d481dc7201db0a9'  itemscope=\"itemscope\" itemtype=\"https:\/\/schema.org\/CreativeWork\" ><div class='avia_textblock'  itemprop=\"text\" ><h3><strong>Kontakt<\/strong><\/h3>\n<p>Turistv\u00e4gen 383<br \/>\n79493 <span class=\"il\">Orsa<\/span><\/p>\n<p><strong>E-Mail-Adresse:<\/strong><br \/>\n<a href=\"mailto:ben@stereoscopemusic.com\" target=\"_blank\" rel=\"noopener\">ben@stereoscopemusic.com<\/a><\/p>\n<p><strong>Telefon:<\/strong><br \/>\n0705288142<\/p>\n<\/div><\/section><br \/>\n<br \/>\n<div  class='avia-button-wrap avia-button-center  avia-builder-el-8  el_after_av_codeblock  avia-builder-el-last ' >\n<style type=\"text\/css\" data-created_by=\"avia_inline_auto\" id=\"style-css-av-kgf1wc7j-8e43db89c255d0973bf9eb2d3c4e77ff\">\n#top #wrap_all .avia-button.av-kgf1wc7j-8e43db89c255d0973bf9eb2d3c4e77ff:hover{\ncolor:white;\n-webkit-transition:all 0.4s ease-in-out;\n-moz-transition:all 0.4s ease-in-out;\n-ms-transition:all 0.4s ease-in-out;\n-o-transition:all 0.4s ease-in-out;\ntransition:all 0.4s ease-in-out;\n}\n<\/style>\n<a href='' class='avia-color-theme-color avia-font-color-theme-color avia-button avia-button-fullwidth av-kgf1wc7j-8e43db89c255d0973bf9eb2d3c4e77ff avia-icon_select-yes-left-icon avia-color-theme-color' ><span class='avia_button_icon avia_button_icon_left' aria-hidden='true' data-av_icon='\ue832' data-av_iconfont='entypo-fontello'><\/span><span class='avia_iconbox_title' > Besuchen Sie unsere Website<\/span><span class='avia_button_background avia-button avia-button-fullwidth avia-color-theme-color-highlight'><\/span><\/a><\/div><\/p><\/div>\n","protected":false},"excerpt":{"rendered":"","protected":false},"author":3,"featured_media":113710,"parent":0,"menu_order":0,"comment_status":"closed","ping_status":"closed","template":"","meta":{"footnotes":""},"categories":[70],"tags":[],"class_list":["post-152802","page","type-page","status-publish","has-post-thumbnail","hentry","category-aktivitaten-in-orsa"],"_links":{"self":[{"href":"https:\/\/visitorsa.se\/de\/wp-json\/wp\/v2\/pages\/152802","targetHints":{"allow":["GET"]}}],"collection":[{"href":"https:\/\/visitorsa.se\/de\/wp-json\/wp\/v2\/pages"}],"about":[{"href":"https:\/\/visitorsa.se\/de\/wp-json\/wp\/v2\/types\/page"}],"author":[{"embeddable":true,"href":"https:\/\/visitorsa.se\/de\/wp-json\/wp\/v2\/users\/3"}],"replies":[{"embeddable":true,"href":"https:\/\/visitorsa.se\/de\/wp-json\/wp\/v2\/comments?post=152802"}],"version-history":[{"count":2,"href":"https:\/\/visitorsa.se\/de\/wp-json\/wp\/v2\/pages\/152802\/revisions"}],"predecessor-version":[{"id":152804,"href":"https:\/\/visitorsa.se\/de\/wp-json\/wp\/v2\/pages\/152802\/revisions\/152804"}],"wp:featuredmedia":[{"embeddable":true,"href":"https:\/\/visitorsa.se\/de\/wp-json\/wp\/v2\/media\/113710"}],"wp:attachment":[{"href":"https:\/\/visitorsa.se\/de\/wp-json\/wp\/v2\/media?parent=152802"}],"wp:term":[{"taxonomy":"category","embeddable":true,"href":"https:\/\/visitorsa.se\/de\/wp-json\/wp\/v2\/categories?post=152802"},{"taxonomy":"post_tag","embeddable":true,"href":"https:\/\/visitorsa.se\/de\/wp-json\/wp\/v2\/tags?post=152802"}],"curies":[{"name":"wp","href":"https:\/\/api.w.org\/{rel}","templated":true}]}}