{"id":152782,"date":"2022-12-18T20:30:47","date_gmt":"2022-12-18T19:30:47","guid":{"rendered":"https:\/\/visitorsa.se\/orsa-faebodssnaps\/"},"modified":"2023-05-03T19:43:37","modified_gmt":"2023-05-03T17:43:37","slug":"orsa-faebodssnaps","status":"publish","type":"page","link":"https:\/\/visitorsa.se\/de\/orsa-faebodssnaps\/","title":{"rendered":"Orsa F\u00e4bodssnaps"},"content":{"rendered":"\n<style type=\"text\/css\" data-created_by=\"avia_inline_auto\" id=\"style-css-av-4ae4w-df72feb9ee13182ef8fa353b23813b86\">\n.flex_column.av-4ae4w-df72feb9ee13182ef8fa353b23813b86{\n-webkit-border-radius:0px 0px 0px 0px;\n-moz-border-radius:0px 0px 0px 0px;\nborder-radius:0px 0px 0px 0px;\npadding:0px 0px 0px 0px;\n}\n<\/style>\n<div class='flex_column av-4ae4w-df72feb9ee13182ef8fa353b23813b86 av_one_half  avia-builder-el-0  el_before_av_one_half  avia-builder-el-first  first flex_column_div av-zero-column-padding '     ><style type=\"text\/css\" data-created_by=\"avia_inline_auto\" id=\"style-css-av-kgf1j3ru-4f4204e57c024d7f495a0cbbaa9950a9\">\n#top .avia-gallery.av-kgf1j3ru-4f4204e57c024d7f495a0cbbaa9950a9 .avia-gallery-thumb a{\nwidth:33.3333%;\n}\n<\/style>\n<div  class='avia-gallery av-kgf1j3ru-4f4204e57c024d7f495a0cbbaa9950a9 avia_animate_when_visible  avia-builder-el-1  avia-builder-el-no-sibling  avia_lazyload avia-gallery-animate avia-gallery-1'  itemprop=\"image\" itemscope=\"itemscope\" itemtype=\"https:\/\/schema.org\/ImageObject\" ><meta itemprop=\"contentURL\" content=\"https:\/\/visitorsa.se\/de\/orsa-faebodssnaps\/\"><div class='avia-gallery-thumb'><a href=\"https:\/\/visitorsa.se\/app\/uploads\/2022\/12\/Orsa-fabodssnaps-2.jpg\" data-srcset=\"https:\/\/visitorsa.se\/app\/uploads\/2022\/12\/Orsa-fabodssnaps-2.jpg 639w, https:\/\/visitorsa.se\/app\/uploads\/2022\/12\/Orsa-fabodssnaps-2-300x300.jpg 300w, https:\/\/visitorsa.se\/app\/uploads\/2022\/12\/Orsa-fabodssnaps-2-80x80.jpg 80w, https:\/\/visitorsa.se\/app\/uploads\/2022\/12\/Orsa-fabodssnaps-2-36x36.jpg 36w, https:\/\/visitorsa.se\/app\/uploads\/2022\/12\/Orsa-fabodssnaps-2-180x180.jpg 180w\" data-sizes=\"(max-width: 639px) 100vw, 639px\" data-rel='gallery-1' data-prev-img='https:\/\/visitorsa.se\/app\/uploads\/2022\/12\/Orsa-fabodssnaps-2-495x400.jpg' class='first_thumb lightbox ' data-onclick='1' title='Orsa f\u00e4bodssnaps 2'  itemprop=\"thumbnailUrl\"  ><img decoding=\"async\" class=\"wp-image-76007 avia-img-lazy-loading-not-76007\"   src=\"https:\/\/visitorsa.se\/app\/uploads\/2022\/12\/Orsa-fabodssnaps-2.jpg\" width=\"639\" height=\"640\"  title='Orsa f\u00e4bodssnaps 2' alt='' srcset=\"https:\/\/visitorsa.se\/app\/uploads\/2022\/12\/Orsa-fabodssnaps-2.jpg 639w, https:\/\/visitorsa.se\/app\/uploads\/2022\/12\/Orsa-fabodssnaps-2-300x300.jpg 300w, https:\/\/visitorsa.se\/app\/uploads\/2022\/12\/Orsa-fabodssnaps-2-80x80.jpg 80w, https:\/\/visitorsa.se\/app\/uploads\/2022\/12\/Orsa-fabodssnaps-2-36x36.jpg 36w, https:\/\/visitorsa.se\/app\/uploads\/2022\/12\/Orsa-fabodssnaps-2-180x180.jpg 180w\" sizes=\"(max-width: 639px) 100vw, 639px\" \/><div class='big-prev-fake'><img loading=\"lazy\" decoding=\"async\" class=\"wp-image-76007 avia-img-lazy-loading-76007\"  width=\"495\" height=\"400\" src=\"https:\/\/visitorsa.se\/app\/uploads\/2022\/12\/Orsa-fabodssnaps-2-495x400.jpg\" title='Orsa f\u00e4bodssnaps 2' alt='' \/><\/div><\/a><a href=\"https:\/\/visitorsa.se\/app\/uploads\/2022\/12\/Orsa-fabodssnaps-1.jpeg\" data-srcset=\"https:\/\/visitorsa.se\/app\/uploads\/2022\/12\/Orsa-fabodssnaps-1.jpeg 640w, https:\/\/visitorsa.se\/app\/uploads\/2022\/12\/Orsa-fabodssnaps-1-300x200.jpeg 300w\" data-sizes=\"(max-width: 640px) 100vw, 640px\" data-rel='gallery-1' data-prev-img='https:\/\/visitorsa.se\/app\/uploads\/2022\/12\/Orsa-fabodssnaps-1-495x400.jpeg' class='lightbox ' data-onclick='2' title='Orsa f\u00e4bodssnaps 1'  itemprop=\"thumbnailUrl\"  ><img decoding=\"async\" class=\"wp-image-76004 avia-img-lazy-loading-not-76004\"   src=\"https:\/\/visitorsa.se\/app\/uploads\/2022\/12\/Orsa-fabodssnaps-1.jpeg\" width=\"640\" height=\"427\"  title='Orsa f\u00e4bodssnaps 1' alt='' srcset=\"https:\/\/visitorsa.se\/app\/uploads\/2022\/12\/Orsa-fabodssnaps-1.jpeg 640w, https:\/\/visitorsa.se\/app\/uploads\/2022\/12\/Orsa-fabodssnaps-1-300x200.jpeg 300w\" sizes=\"(max-width: 640px) 100vw, 640px\" \/><div class='big-prev-fake'><img loading=\"lazy\" decoding=\"async\" class=\"wp-image-76004 avia-img-lazy-loading-76004\"  width=\"495\" height=\"400\" src=\"https:\/\/visitorsa.se\/app\/uploads\/2022\/12\/Orsa-fabodssnaps-1-495x400.jpeg\" title='Orsa f\u00e4bodssnaps 1' alt='' \/><\/div><\/a><a href=\"https:\/\/visitorsa.se\/app\/uploads\/2022\/12\/Orsa-fabodssnaps-3-1030x1021.jpeg\" data-srcset=\"https:\/\/visitorsa.se\/app\/uploads\/2022\/12\/Orsa-fabodssnaps-3-1030x1021.jpeg 1030w, https:\/\/visitorsa.se\/app\/uploads\/2022\/12\/Orsa-fabodssnaps-3-300x297.jpeg 300w, https:\/\/visitorsa.se\/app\/uploads\/2022\/12\/Orsa-fabodssnaps-3-80x80.jpeg 80w, https:\/\/visitorsa.se\/app\/uploads\/2022\/12\/Orsa-fabodssnaps-3-768x761.jpeg 768w, https:\/\/visitorsa.se\/app\/uploads\/2022\/12\/Orsa-fabodssnaps-3-36x36.jpeg 36w, https:\/\/visitorsa.se\/app\/uploads\/2022\/12\/Orsa-fabodssnaps-3-705x699.jpeg 705w, https:\/\/visitorsa.se\/app\/uploads\/2022\/12\/Orsa-fabodssnaps-3.jpeg 1169w\" data-sizes=\"(max-width: 1030px) 100vw, 1030px\" data-rel='gallery-1' data-prev-img='https:\/\/visitorsa.se\/app\/uploads\/2022\/12\/Orsa-fabodssnaps-3-495x400.jpeg' class='lightbox ' data-onclick='3' title='Orsa f\u00e4bodssnaps 3'  itemprop=\"thumbnailUrl\"  ><img decoding=\"async\" class=\"wp-image-76010 avia-img-lazy-loading-not-76010\"   src=\"https:\/\/visitorsa.se\/app\/uploads\/2022\/12\/Orsa-fabodssnaps-3-705x699.jpeg\" width=\"705\" height=\"699\"  title='Orsa f\u00e4bodssnaps 3' alt='' srcset=\"https:\/\/visitorsa.se\/app\/uploads\/2022\/12\/Orsa-fabodssnaps-3-705x699.jpeg 705w, https:\/\/visitorsa.se\/app\/uploads\/2022\/12\/Orsa-fabodssnaps-3-300x297.jpeg 300w, https:\/\/visitorsa.se\/app\/uploads\/2022\/12\/Orsa-fabodssnaps-3-1030x1021.jpeg 1030w, https:\/\/visitorsa.se\/app\/uploads\/2022\/12\/Orsa-fabodssnaps-3-80x80.jpeg 80w, https:\/\/visitorsa.se\/app\/uploads\/2022\/12\/Orsa-fabodssnaps-3-768x761.jpeg 768w, https:\/\/visitorsa.se\/app\/uploads\/2022\/12\/Orsa-fabodssnaps-3-36x36.jpeg 36w, https:\/\/visitorsa.se\/app\/uploads\/2022\/12\/Orsa-fabodssnaps-3.jpeg 1169w\" sizes=\"(max-width: 705px) 100vw, 705px\" \/><div class='big-prev-fake'><img loading=\"lazy\" decoding=\"async\" class=\"wp-image-76010 avia-img-lazy-loading-76010\"  width=\"495\" height=\"400\" src=\"https:\/\/visitorsa.se\/app\/uploads\/2022\/12\/Orsa-fabodssnaps-3-495x400.jpeg\" title='Orsa f\u00e4bodssnaps 3' alt='' srcset=\"https:\/\/visitorsa.se\/app\/uploads\/2022\/12\/Orsa-fabodssnaps-3-495x400.jpeg 495w, https:\/\/visitorsa.se\/app\/uploads\/2022\/12\/Orsa-fabodssnaps-3-845x684.jpeg 845w\" sizes=\"auto, (max-width: 495px) 100vw, 495px\" \/><\/div><\/a><\/div><\/div><\/div>\n\n<style type=\"text\/css\" data-created_by=\"avia_inline_auto\" id=\"style-css-av-aupcw0-b252b444939f1c6223e79e5b57074446\">\n.flex_column.av-aupcw0-b252b444939f1c6223e79e5b57074446{\n-webkit-border-radius:0px 0px 0px 0px;\n-moz-border-radius:0px 0px 0px 0px;\nborder-radius:0px 0px 0px 0px;\npadding:0px 0px 0px 0px;\n}\n<\/style>\n<div class='flex_column av-aupcw0-b252b444939f1c6223e79e5b57074446 av_one_half  avia-builder-el-2  el_after_av_one_half  el_before_av_one_full  flex_column_div av-zero-column-padding '     ><section  class='av_textblock_section av-kgf1e6kl-b5e14719b34d36133fc039acb7a114af'  itemscope=\"itemscope\" itemtype=\"https:\/\/schema.org\/CreativeWork\" ><div class='avia_textblock'  itemprop=\"text\" ><div id=\"frame-237-2308-1\" class=\"yframe frame-1-4 rem-phone-50 rem-pad-33_33\">\n<div class=\"yframe-inner\">\n<div id=\"object-237-4410\" class=\"content-object object-1-1 general-text\" data-type=\"general-text\">\n<div class=\"object-inner\">\n<h3 class=\"main-title entry-title \">Orsa F\u00e4bodssnaps<\/h3>\n<p>Ein schwedischer Schnaps, kreiert von Kalle Moraeus.<\/p>\n<p>Orsa f\u00e4bodssnaps ist ein klassischer Aquavit, gew\u00fcrzt mit Kreuzk\u00fcmmel und einem Hauch von Preiselbeeren und Fichtensprossen \u2013 ein schwedisches Handwerk vom Feinsten.<\/p>\n<p>Zusammen mit der altehrw\u00fcrdigen Destillerie Tevj\u00f6s in H\u00e4lsingland haben wir einen rein schwedischen Schnaps mit Elementen aus den W\u00e4ldern von Dalarna kreiert.<\/p>\n<p>Aus den fruchtbaren T\u00e4lern entlang von Ljusnan versorgen Bauern die M\u00fchle der Brennerei mit Getreide der Spitzenklasse.<\/p>\n<p>Hier ist das Endergebnis, ein Schnaps, der sich perfekt f\u00fcr traditionelle Feste eignet oder warum nicht in all seiner Einfachheit!<\/p>\n<h3>Kontaktieren Sie uns<\/h3>\n<p>0704713687<br \/>\n0765113019<br \/>\n<a href=\"http:\/\/dajo-group.se\/\" data-saferedirecturl=\"https:\/\/www.google.com\/url?q=http:\/\/dajo-group.se&amp;source=gmail&amp;ust=1671477168415000&amp;usg=AOvVaw3-hoc76caHwRcHguGrDYmM\">dajo-group.se<\/a><\/p>\n<\/div>\n<\/div>\n<\/div>\n<\/div>\n<\/div><\/section><br \/>\n<br \/>\n<div  class='avia-button-wrap avia-button-center  avia-builder-el-5  el_after_av_codeblock  el_before_av_button_big ' >\n<style type=\"text\/css\" data-created_by=\"avia_inline_auto\" id=\"style-css-av-kgf1wc7j-3d21296fb3085864d831ca12961db3ca\">\n#top #wrap_all .avia-button.av-kgf1wc7j-3d21296fb3085864d831ca12961db3ca:hover{\ncolor:white;\n-webkit-transition:all 0.4s ease-in-out;\n-moz-transition:all 0.4s ease-in-out;\n-ms-transition:all 0.4s ease-in-out;\n-o-transition:all 0.4s ease-in-out;\ntransition:all 0.4s ease-in-out;\n}\n<\/style>\n<a href='https:\/\/dajo-group.se\/hem\/' class='avia-color-theme-color avia-font-color-theme-color avia-button avia-button-fullwidth av-kgf1wc7j-3d21296fb3085864d831ca12961db3ca avia-icon_select-yes-left-icon avia-color-theme-color' ><span class='avia_button_icon avia_button_icon_left' aria-hidden='true' data-av_icon='\ue832' data-av_iconfont='entypo-fontello'><\/span><span class='avia_iconbox_title' > Besuchen Sie unsere Website<\/span><span class='avia_button_background avia-button avia-button-fullwidth avia-color-theme-color-highlight'><\/span><\/a><\/div><br \/>\n<div  class='avia-button-wrap avia-button-center  avia-builder-el-6  el_after_av_button_big  el_before_av_button_big ' >\n<style type=\"text\/css\" data-created_by=\"avia_inline_auto\" id=\"style-css-av-lbtrfr1p-cd459b8871955f23a7ba5491516dde8a\">\n#top #wrap_all .avia-button.av-lbtrfr1p-cd459b8871955f23a7ba5491516dde8a:hover{\ncolor:white;\n-webkit-transition:all 0.4s ease-in-out;\n-moz-transition:all 0.4s ease-in-out;\n-ms-transition:all 0.4s ease-in-out;\n-o-transition:all 0.4s ease-in-out;\ntransition:all 0.4s ease-in-out;\n}\n<\/style>\n<a href='https:\/\/www.facebook.com\/orsafabodssnaps' class='avia-color-theme-color avia-font-color-theme-color avia-button avia-button-fullwidth av-lbtrfr1p-cd459b8871955f23a7ba5491516dde8a avia-icon_select-yes-left-icon avia-color-theme-color' ><span class='avia_button_icon avia_button_icon_left' aria-hidden='true' data-av_icon='\ue832' data-av_iconfont='entypo-fontello'><\/span><span class='avia_iconbox_title' > Besuchen Sie uns auf Facebook<\/span><span class='avia_button_background avia-button avia-button-fullwidth avia-color-theme-color-highlight'><\/span><\/a><\/div><br \/>\n<div  class='avia-button-wrap avia-button-center  avia-builder-el-7  el_after_av_button_big  avia-builder-el-last ' >\n<style type=\"text\/css\" data-created_by=\"avia_inline_auto\" id=\"style-css-av-lbtrnkz2-43a6333879bba7daff589253554ac44a\">\n#top #wrap_all .avia-button.av-lbtrnkz2-43a6333879bba7daff589253554ac44a:hover{\ncolor:white;\n-webkit-transition:all 0.4s ease-in-out;\n-moz-transition:all 0.4s ease-in-out;\n-ms-transition:all 0.4s ease-in-out;\n-o-transition:all 0.4s ease-in-out;\ntransition:all 0.4s ease-in-out;\n}\n<\/style>\n<a href='https:\/\/www.instagram.com\/orsafabodssnaps\/' class='avia-color-theme-color avia-font-color-theme-color avia-button avia-button-fullwidth av-lbtrnkz2-43a6333879bba7daff589253554ac44a avia-icon_select-yes-left-icon avia-color-theme-color' ><span class='avia_button_icon avia_button_icon_left' aria-hidden='true' data-av_icon='\ue832' data-av_iconfont='entypo-fontello'><\/span><span class='avia_iconbox_title' > Besuchen Sie uns auf Instagram<\/span><span class='avia_button_background avia-button avia-button-fullwidth avia-color-theme-color-highlight'><\/span><\/a><\/div><\/p><\/div>\n<style type=\"text\/css\" data-created_by=\"avia_inline_auto\" id=\"style-css-av-8piq0w-72ce86d9d34e4d6b8bfed66d14dacd08\">\n.flex_column.av-8piq0w-72ce86d9d34e4d6b8bfed66d14dacd08{\n-webkit-border-radius:0px 0px 0px 0px;\n-moz-border-radius:0px 0px 0px 0px;\nborder-radius:0px 0px 0px 0px;\npadding:0px 0px 0px 0px;\n}\n<\/style>\n<div class='flex_column av-8piq0w-72ce86d9d34e4d6b8bfed66d14dacd08 av_one_full  avia-builder-el-8  el_after_av_one_half  avia-builder-el-last  first flex_column_div av-zero-column-padding column-top-margin'     ><\/div><\/p>\n","protected":false},"excerpt":{"rendered":"","protected":false},"author":3,"featured_media":76016,"parent":0,"menu_order":0,"comment_status":"closed","ping_status":"closed","template":"","meta":{"footnotes":""},"categories":[87],"tags":[],"class_list":["post-152782","page","type-page","status-publish","has-post-thumbnail","hentry","category-essen"],"_links":{"self":[{"href":"https:\/\/visitorsa.se\/de\/wp-json\/wp\/v2\/pages\/152782","targetHints":{"allow":["GET"]}}],"collection":[{"href":"https:\/\/visitorsa.se\/de\/wp-json\/wp\/v2\/pages"}],"about":[{"href":"https:\/\/visitorsa.se\/de\/wp-json\/wp\/v2\/types\/page"}],"author":[{"embeddable":true,"href":"https:\/\/visitorsa.se\/de\/wp-json\/wp\/v2\/users\/3"}],"replies":[{"embeddable":true,"href":"https:\/\/visitorsa.se\/de\/wp-json\/wp\/v2\/comments?post=152782"}],"version-history":[{"count":2,"href":"https:\/\/visitorsa.se\/de\/wp-json\/wp\/v2\/pages\/152782\/revisions"}],"predecessor-version":[{"id":152784,"href":"https:\/\/visitorsa.se\/de\/wp-json\/wp\/v2\/pages\/152782\/revisions\/152784"}],"wp:featuredmedia":[{"embeddable":true,"href":"https:\/\/visitorsa.se\/de\/wp-json\/wp\/v2\/media\/76016"}],"wp:attachment":[{"href":"https:\/\/visitorsa.se\/de\/wp-json\/wp\/v2\/media?parent=152782"}],"wp:term":[{"taxonomy":"category","embeddable":true,"href":"https:\/\/visitorsa.se\/de\/wp-json\/wp\/v2\/categories?post=152782"},{"taxonomy":"post_tag","embeddable":true,"href":"https:\/\/visitorsa.se\/de\/wp-json\/wp\/v2\/tags?post=152782"}],"curies":[{"name":"wp","href":"https:\/\/api.w.org\/{rel}","templated":true}]}}