{"id":152753,"date":"2022-11-24T12:20:17","date_gmt":"2022-11-24T11:20:17","guid":{"rendered":"https:\/\/visitorsa.se\/hundeschlitten\/"},"modified":"2023-05-03T19:23:06","modified_gmt":"2023-05-03T17:23:06","slug":"hundeschlitten","status":"publish","type":"page","link":"https:\/\/visitorsa.se\/de\/hundeschlitten\/","title":{"rendered":"Hundeschlitten"},"content":{"rendered":"\n<style type=\"text\/css\" data-created_by=\"avia_inline_auto\" id=\"style-css-av-43pxvf-ac6aae6e597a6cde3e29d7d82161157f\">\n.flex_column.av-43pxvf-ac6aae6e597a6cde3e29d7d82161157f{\n-webkit-border-radius:0px 0px 0px 0px;\n-moz-border-radius:0px 0px 0px 0px;\nborder-radius:0px 0px 0px 0px;\npadding:0px 0px 0px 0px;\n}\n<\/style>\n<div class='flex_column av-43pxvf-ac6aae6e597a6cde3e29d7d82161157f av_one_full  avia-builder-el-0  el_before_av_one_half  avia-builder-el-first  first flex_column_div av-zero-column-padding '     ><div  class='avia-video av-kh50xplt-d141d7437a91b7978b3bd8e603442306 avia-video-16-9 av-no-preview-image avia-video-load-always av-lazyload-immediate av-lazyload-video-embed'  itemprop=\"video\" itemtype=\"https:\/\/schema.org\/VideoObject\"  data-original_url='https:\/\/www.youtube.com\/watch?v=lWo6IVL1jX0'><script type='text\/html' class='av-video-tmpl'><div class='avia-iframe-wrap'><iframe loading=\"lazy\" title=\"Visit Orsa - Malin Sundin Grindal, m\u00e5ngfaldig VM-medalj\u00f6r fr\u00e5n Orsa\" width=\"1500\" height=\"844\" src=\"https:\/\/www.youtube.com\/embed\/lWo6IVL1jX0?feature=oembed&autoplay=0&loop=0&controls=1&mute=0\" frameborder=\"0\" allow=\"accelerometer; autoplay; clipboard-write; encrypted-media; gyroscope; picture-in-picture; web-share\" allowfullscreen><\/iframe><\/div><\/script><div class='av-click-to-play-overlay'><div class=\"avia_playpause_icon\"><\/div><\/div><\/div><\/div>\n\n<style type=\"text\/css\" data-created_by=\"avia_inline_auto\" id=\"style-css-av-2dhi0b-e69cc003a2eca356c71de79726ac373f\">\n.flex_column.av-2dhi0b-e69cc003a2eca356c71de79726ac373f{\n-webkit-border-radius:0px 0px 0px 0px;\n-moz-border-radius:0px 0px 0px 0px;\nborder-radius:0px 0px 0px 0px;\npadding:0px 0px 0px 0px;\n}\n<\/style>\n<div class='flex_column av-2dhi0b-e69cc003a2eca356c71de79726ac373f av_one_half  avia-builder-el-2  el_after_av_one_full  el_before_av_one_half  first flex_column_div av-zero-column-padding column-top-margin'     ><section  class='av_textblock_section av-kh515heo-16a12493aed03632998c69de69c11db4'  itemscope=\"itemscope\" itemtype=\"https:\/\/schema.org\/CreativeWork\" ><div class='avia_textblock'  itemprop=\"text\" ><h3 class=\"bd\">Hundspann in Dalarna<\/h3>\n<p style=\"font-weight: 400;\"><em>Malin Sundin Grindal<\/em> ist Milchb\u00e4uerin, betreibt einen Zwinger mit Polarhunden und nimmt an Schlittenhundesportarten teil. Malin hat den Hof von ihren Eltern \u00fcbernommen, die auch Schlittenhunde hatten. Und so ist es einfach weitergegangen.<\/p>\n<p style=\"font-weight: 400;\">Malin lebt mit ihrer Familie, Ehemann Mattias und zwei Kindern, in N\u00e4set, Orsa. Vor allem die Abwechslung und Abwechslung der Jahreszeiten gef\u00e4llt ihr am besten.<\/p>\n<p style=\"font-weight: 400;\">&#8220;Hier ist alles, was man braucht. An einem Morgen im April kann ich mit dem Hundeschlitten in Kopp\u00e5ngen auf den Sch\u00e4ren fahren und sp\u00e4ter am Nachmittag die Quellfarm auf der Landenge hinunterfahren.<\/p>\n<p style=\"font-weight: 400;\">Neben Arbeit und Hunden liest und schreibt Malin gerne. Auf ihrer eigenen Facebook-Seite beschreibt sie sich wie folgt: &#8220;stolze Milchb\u00e4uerin, Mutter, Autorin und Zwingerbesitzerin&#8221;. Vielleicht erscheint demn\u00e4chst ein weiteres Buch von Malin Sundin Grindal?<\/p>\n<p style=\"font-weight: 400;\">Malin hat mehrere Goldmedaillen und Silbermedaillen bei Weltmeisterschaften in ihrem Schlittenhundesport gewonnen. Sie l\u00e4uft haupts\u00e4chlich Mittel- und Langstrecken mit 8-12 Hunden im Team und l\u00e4uft in der Regel von 80 km bis zu 400 km.<\/p>\n<p style=\"font-weight: 400;\">\u2013 Ich sch\u00e4tze reinrassige Hunde, es ist eine robuste Rasse, die perfekt zu dem passt, was ich mag. Der Sport der Schlittenhunde beschert mir nat\u00fcrlich ein reiches und abwechslungsreiches Leben im Freien.<\/p>\n<p style=\"font-weight: 400;\">In dem Video spricht Malin \u00fcber ihren Siberian Husky und \u00fcber die wundersch\u00f6ne Natur von Orsa.<\/p>\n<p style=\"font-weight: 400;\">Sehen Sie sich einen l\u00e4ngeren Film \u00fcber Malin und ihre Schlittenhunde auf dem YouTube-Kanal von Visitorsa an und <a href=\"http:\/\/visitorsa.se\/\" data-saferedirecturl=\"https:\/\/www.google.com\/url?q=http:\/\/visitorsa.se&amp;source=gmail&amp;ust=1669370817070000&amp;usg=AOvVaw3rg80BnjGdDgWYWHj-Nltx\">visitorsa.se<\/a>. Mehr \u00fcber Malin @ylajarvis.<\/p>\n<p style=\"font-weight: 400;\">Video: @Julius Aspman Media<\/p>\n<\/div><\/section><\/div>\n\n<style type=\"text\/css\" data-created_by=\"avia_inline_auto\" id=\"style-css-av-2dhi0b-2-1e5353b3695743bdf3758ab90e4cb4b6\">\n.flex_column.av-2dhi0b-2-1e5353b3695743bdf3758ab90e4cb4b6{\n-webkit-border-radius:0px 0px 0px 0px;\n-moz-border-radius:0px 0px 0px 0px;\nborder-radius:0px 0px 0px 0px;\npadding:0px 0px 0px 0px;\n}\n<\/style>\n<div class='flex_column av-2dhi0b-2-1e5353b3695743bdf3758ab90e4cb4b6 av_one_half  avia-builder-el-4  el_after_av_one_half  avia-builder-el-last  flex_column_div av-zero-column-padding column-top-margin'     ><section  class='av_textblock_section av-kh515heo-1-aa1d5ec2f3c112cccfee7baa3cd29aca'  itemscope=\"itemscope\" itemtype=\"https:\/\/schema.org\/CreativeWork\" ><div class='avia_textblock'  itemprop=\"text\" ><p><strong><span class=\"style-scope yt-formatted-string\" dir=\"auto\">Denken Sie daran, Visit Orsa in den sozialen Medien zu folgen. <\/span><\/strong><\/p>\n<p><a href=\"https:\/\/www.instagram.com\/visitorsa\/\">https:\/\/www.instagram.com\/visitorsa\/ <\/a><br \/>\n<a href=\"https:\/\/www.facebook.com\/visitorsa\">https:\/\/www.facebook.com\/visitorsa <\/a><\/p>\n<h6><strong>#VisitOrsa<\/strong><\/h6>\n<\/div><\/section><\/div>\n","protected":false},"excerpt":{"rendered":"","protected":false},"author":3,"featured_media":0,"parent":0,"menu_order":0,"comment_status":"closed","ping_status":"closed","template":"","meta":{"footnotes":""},"categories":[70],"tags":[],"class_list":["post-152753","page","type-page","status-publish","hentry","category-aktivitaten-in-orsa"],"_links":{"self":[{"href":"https:\/\/visitorsa.se\/de\/wp-json\/wp\/v2\/pages\/152753","targetHints":{"allow":["GET"]}}],"collection":[{"href":"https:\/\/visitorsa.se\/de\/wp-json\/wp\/v2\/pages"}],"about":[{"href":"https:\/\/visitorsa.se\/de\/wp-json\/wp\/v2\/types\/page"}],"author":[{"embeddable":true,"href":"https:\/\/visitorsa.se\/de\/wp-json\/wp\/v2\/users\/3"}],"replies":[{"embeddable":true,"href":"https:\/\/visitorsa.se\/de\/wp-json\/wp\/v2\/comments?post=152753"}],"version-history":[{"count":2,"href":"https:\/\/visitorsa.se\/de\/wp-json\/wp\/v2\/pages\/152753\/revisions"}],"predecessor-version":[{"id":152755,"href":"https:\/\/visitorsa.se\/de\/wp-json\/wp\/v2\/pages\/152753\/revisions\/152755"}],"wp:attachment":[{"href":"https:\/\/visitorsa.se\/de\/wp-json\/wp\/v2\/media?parent=152753"}],"wp:term":[{"taxonomy":"category","embeddable":true,"href":"https:\/\/visitorsa.se\/de\/wp-json\/wp\/v2\/categories?post=152753"},{"taxonomy":"post_tag","embeddable":true,"href":"https:\/\/visitorsa.se\/de\/wp-json\/wp\/v2\/tags?post=152753"}],"curies":[{"name":"wp","href":"https:\/\/api.w.org\/{rel}","templated":true}]}}