{"id":152659,"date":"2023-05-03T15:16:13","date_gmt":"2023-05-03T13:16:13","guid":{"rendered":"https:\/\/visitorsa.se\/rum-ro\/"},"modified":"2023-05-03T17:49:47","modified_gmt":"2023-05-03T15:49:47","slug":"rum-ro","status":"publish","type":"page","link":"https:\/\/visitorsa.se\/de\/rum-ro\/","title":{"rendered":"Rum &amp; Ro"},"content":{"rendered":"\n<style type=\"text\/css\" data-created_by=\"avia_inline_auto\" id=\"style-css-av-850j0f-6c0cf4d63272925daadeace59c08f12a\">\n.flex_column.av-850j0f-6c0cf4d63272925daadeace59c08f12a{\n-webkit-border-radius:0px 0px 0px 0px;\n-moz-border-radius:0px 0px 0px 0px;\nborder-radius:0px 0px 0px 0px;\npadding:0px 0px 0px 0px;\n}\n<\/style>\n<div class='flex_column av-850j0f-6c0cf4d63272925daadeace59c08f12a av_one_full  avia-builder-el-0  el_before_av_one_half  avia-builder-el-first  first flex_column_div av-zero-column-padding '     ><style type=\"text\/css\" data-created_by=\"avia_inline_auto\" id=\"style-css-av-lh7q0441-464712dedfe7a0482b9571f3711ce70a\">\n#top .avia-gallery.av-lh7q0441-464712dedfe7a0482b9571f3711ce70a .avia-gallery-thumb a{\nwidth:25%;\n}\n<\/style>\n<div  class='avia-gallery av-lh7q0441-464712dedfe7a0482b9571f3711ce70a avia_animate_when_visible  avia-builder-el-1  avia-builder-el-no-sibling  avia_lazyload avia-gallery-animate avia-gallery-1'  itemprop=\"image\" itemscope=\"itemscope\" itemtype=\"https:\/\/schema.org\/ImageObject\" ><meta itemprop=\"contentURL\" content=\"https:\/\/visitorsa.se\/de\/rum-ro\/\"><div class='avia-gallery-thumb'><a href=\"https:\/\/visitorsa.se\/app\/uploads\/2023\/05\/1.png\" data-srcset=\"https:\/\/visitorsa.se\/app\/uploads\/2023\/05\/1.png 500w, https:\/\/visitorsa.se\/app\/uploads\/2023\/05\/1-300x300.png 300w, https:\/\/visitorsa.se\/app\/uploads\/2023\/05\/1-80x80.png 80w, https:\/\/visitorsa.se\/app\/uploads\/2023\/05\/1-36x36.png 36w, https:\/\/visitorsa.se\/app\/uploads\/2023\/05\/1-180x180.png 180w\" data-sizes=\"(max-width: 500px) 100vw, 500px\" data-rel='gallery-1' data-prev-img='https:\/\/visitorsa.se\/app\/uploads\/2023\/05\/1-495x400.png' class='first_thumb lightbox ' data-onclick='1' title='1'  itemprop=\"thumbnailUrl\"  ><img decoding=\"async\" class=\"wp-image-152131 avia-img-lazy-loading-not-152131\"   src=\"https:\/\/visitorsa.se\/app\/uploads\/2023\/05\/1-495x400.png\" width=\"495\" height=\"400\"  title='1' alt='' \/><div class='big-prev-fake'><img loading=\"lazy\" decoding=\"async\" class=\"wp-image-152131 avia-img-lazy-loading-152131\"  width=\"495\" height=\"400\" src=\"https:\/\/visitorsa.se\/app\/uploads\/2023\/05\/1-495x400.png\" title='1' alt='' \/><\/div><\/a><a href=\"https:\/\/visitorsa.se\/app\/uploads\/2023\/05\/rumochro1-687x1030.jpeg\" data-srcset=\"https:\/\/visitorsa.se\/app\/uploads\/2023\/05\/rumochro1-687x1030.jpeg 687w, https:\/\/visitorsa.se\/app\/uploads\/2023\/05\/rumochro1-200x300.jpeg 200w, https:\/\/visitorsa.se\/app\/uploads\/2023\/05\/rumochro1-470x705.jpeg 470w, https:\/\/visitorsa.se\/app\/uploads\/2023\/05\/rumochro1.jpeg 720w\" data-sizes=\"(max-width: 687px) 100vw, 687px\" data-rel='gallery-1' data-prev-img='https:\/\/visitorsa.se\/app\/uploads\/2023\/05\/rumochro1-495x400.jpeg' class='lightbox ' data-onclick='2' title='rumochro1'  itemprop=\"thumbnailUrl\"  ><img decoding=\"async\" class=\"wp-image-152595 avia-img-lazy-loading-not-152595\"   src=\"https:\/\/visitorsa.se\/app\/uploads\/2023\/05\/rumochro1-495x400.jpeg\" width=\"495\" height=\"400\"  title='rumochro1' alt='' \/><div class='big-prev-fake'><img loading=\"lazy\" decoding=\"async\" class=\"wp-image-152595 avia-img-lazy-loading-152595\"  width=\"495\" height=\"400\" src=\"https:\/\/visitorsa.se\/app\/uploads\/2023\/05\/rumochro1-495x400.jpeg\" title='rumochro1' alt='' \/><\/div><\/a><a href=\"https:\/\/visitorsa.se\/app\/uploads\/2023\/05\/rumochro2-687x1030.jpeg\" data-srcset=\"https:\/\/visitorsa.se\/app\/uploads\/2023\/05\/rumochro2-687x1030.jpeg 687w, https:\/\/visitorsa.se\/app\/uploads\/2023\/05\/rumochro2-200x300.jpeg 200w, https:\/\/visitorsa.se\/app\/uploads\/2023\/05\/rumochro2-470x705.jpeg 470w, https:\/\/visitorsa.se\/app\/uploads\/2023\/05\/rumochro2.jpeg 720w\" data-sizes=\"(max-width: 687px) 100vw, 687px\" data-rel='gallery-1' data-prev-img='https:\/\/visitorsa.se\/app\/uploads\/2023\/05\/rumochro2-495x400.jpeg' class='lightbox ' data-onclick='3' title='rumochro2'  itemprop=\"thumbnailUrl\"  ><img decoding=\"async\" class=\"wp-image-152598 avia-img-lazy-loading-not-152598\"   src=\"https:\/\/visitorsa.se\/app\/uploads\/2023\/05\/rumochro2-495x400.jpeg\" width=\"495\" height=\"400\"  title='rumochro2' alt='' \/><div class='big-prev-fake'><img loading=\"lazy\" decoding=\"async\" class=\"wp-image-152598 avia-img-lazy-loading-152598\"  width=\"495\" height=\"400\" src=\"https:\/\/visitorsa.se\/app\/uploads\/2023\/05\/rumochro2-495x400.jpeg\" title='rumochro2' alt='' \/><\/div><\/a><a href=\"https:\/\/visitorsa.se\/app\/uploads\/2023\/05\/rumochro3-1030x687.jpeg\" data-srcset=\"https:\/\/visitorsa.se\/app\/uploads\/2023\/05\/rumochro3-1030x687.jpeg 1030w, https:\/\/visitorsa.se\/app\/uploads\/2023\/05\/rumochro3-300x200.jpeg 300w, https:\/\/visitorsa.se\/app\/uploads\/2023\/05\/rumochro3-768x512.jpeg 768w, https:\/\/visitorsa.se\/app\/uploads\/2023\/05\/rumochro3-705x470.jpeg 705w, https:\/\/visitorsa.se\/app\/uploads\/2023\/05\/rumochro3.jpeg 1080w\" data-sizes=\"(max-width: 1030px) 100vw, 1030px\" data-rel='gallery-1' data-prev-img='https:\/\/visitorsa.se\/app\/uploads\/2023\/05\/rumochro3-495x400.jpeg' class='lightbox ' data-onclick='4' title='rumochro3'  itemprop=\"thumbnailUrl\"  ><img decoding=\"async\" class=\"wp-image-152601 avia-img-lazy-loading-not-152601\"   src=\"https:\/\/visitorsa.se\/app\/uploads\/2023\/05\/rumochro3-495x400.jpeg\" width=\"495\" height=\"400\"  title='rumochro3' alt='' srcset=\"https:\/\/visitorsa.se\/app\/uploads\/2023\/05\/rumochro3-495x400.jpeg 495w, https:\/\/visitorsa.se\/app\/uploads\/2023\/05\/rumochro3-845x684.jpeg 845w\" sizes=\"(max-width: 495px) 100vw, 495px\" \/><div class='big-prev-fake'><img loading=\"lazy\" decoding=\"async\" class=\"wp-image-152601 avia-img-lazy-loading-152601\"  width=\"495\" height=\"400\" src=\"https:\/\/visitorsa.se\/app\/uploads\/2023\/05\/rumochro3-495x400.jpeg\" title='rumochro3' alt='' srcset=\"https:\/\/visitorsa.se\/app\/uploads\/2023\/05\/rumochro3-495x400.jpeg 495w, https:\/\/visitorsa.se\/app\/uploads\/2023\/05\/rumochro3-845x684.jpeg 845w\" sizes=\"auto, (max-width: 495px) 100vw, 495px\" \/><\/div><\/a><\/div><\/div><\/div>\n\n<style type=\"text\/css\" data-created_by=\"avia_inline_auto\" id=\"style-css-av-e92dtdr-c807bd6293033ce8edad7233d74442c4\">\n.flex_column.av-e92dtdr-c807bd6293033ce8edad7233d74442c4{\n-webkit-border-radius:0px 0px 0px 0px;\n-moz-border-radius:0px 0px 0px 0px;\nborder-radius:0px 0px 0px 0px;\npadding:0px 0px 0px 0px;\n}\n<\/style>\n<div class='flex_column av-e92dtdr-c807bd6293033ce8edad7233d74442c4 av_one_half  avia-builder-el-2  el_after_av_one_full  el_before_av_one_half  first flex_column_div av-zero-column-padding column-top-margin'     ><section  class='av_textblock_section av-lh64xmew-e84e806f232d0f9ece7e7c67659d081c'  itemscope=\"itemscope\" itemtype=\"https:\/\/schema.org\/CreativeWork\" ><div class='avia_textblock'  itemprop=\"text\" ><h1>Rum &amp; Ro<\/h1>\n<p>Der erste professioneller organisator von Orsa! Ich helfe Einzelpersonen und Unternehmen, zu Hause oder im B\u00fcro mehr Ordnung zu schaffen. Durch Putzen, Sortieren, Organisieren und Finden durchdachter Aufbewahrungsl\u00f6sungen schaffe ich Raum (Raum) und Ruhe f\u00fcr Sie. Wenn Ihre Sachen einen bestimmten Platz haben, wird es einfacher zu reinigen, einfacher, Ihre Sachen zu finden, und Sie haben mehr Zeit und Energie f\u00fcr andere Dinge.<\/p>\n<p>Neben der t\u00e4tigkeit als professioneller organisator leite ich zusammen mit meinem mann auch Spa Celebration, www.spacelebration.se, in Stackmora.<\/p>\n<\/div><\/section><\/div>\n\n<style type=\"text\/css\" data-created_by=\"avia_inline_auto\" id=\"style-css-av-a3rcfzz-ceaf5c1de296bf70e50fcb7572e29b19\">\n.flex_column.av-a3rcfzz-ceaf5c1de296bf70e50fcb7572e29b19{\n-webkit-border-radius:0px 0px 0px 0px;\n-moz-border-radius:0px 0px 0px 0px;\nborder-radius:0px 0px 0px 0px;\npadding:0px 0px 0px 0px;\n}\n<\/style>\n<div class='flex_column av-a3rcfzz-ceaf5c1de296bf70e50fcb7572e29b19 av_one_half  avia-builder-el-4  el_after_av_one_half  avia-builder-el-last  flex_column_div av-zero-column-padding column-top-margin'     ><section  class='av_textblock_section av-6kqve2n-60dcb3ba06115d7b1617e7da86f7172a'  itemscope=\"itemscope\" itemtype=\"https:\/\/schema.org\/CreativeWork\" ><div class='avia_textblock'  itemprop=\"text\" ><h3><strong>Kontaktieren Sie uns<\/strong><\/h3>\n<p><strong>Telefon<br \/>\n<\/strong> 070-922 54 10<\/p>\n<p><strong>E-Mail-Adresse<\/strong><br \/>\n<a href=\"mailto:caroline@rumochro.se\">caroline@rumochro.se<\/a><\/p>\n<p><strong>Adresse<\/strong><br \/>\nLovv\u00e4gen 5<br \/>\n794 93 Orsa<\/p>\n<\/div><\/section><br \/>\n<div  class='avia-button-wrap avia-button-center  avia-builder-el-6  el_after_av_textblock  el_before_av_button_big ' >\n<style type=\"text\/css\" data-created_by=\"avia_inline_auto\" id=\"style-css-av-lh7q0iri-4b3109a8363b8ecc15be8e32b4d0cac6\">\n#top #wrap_all .avia-button.av-lh7q0iri-4b3109a8363b8ecc15be8e32b4d0cac6:hover{\ncolor:white;\n-webkit-transition:all 0.4s ease-in-out;\n-moz-transition:all 0.4s ease-in-out;\n-ms-transition:all 0.4s ease-in-out;\n-o-transition:all 0.4s ease-in-out;\ntransition:all 0.4s ease-in-out;\n}\n<\/style>\n<a href='https:\/\/www.rumochro.se' class='avia-color-theme-color avia-font-color-theme-color avia-button avia-button-fullwidth av-lh7q0iri-4b3109a8363b8ecc15be8e32b4d0cac6 avia-icon_select-yes-left-icon avia-color-theme-color' ><span class='avia_button_icon avia_button_icon_left' aria-hidden='true' data-av_icon='\ue832' data-av_iconfont='entypo-fontello'><\/span><span class='avia_iconbox_title' >Besuchen Sie unsere Website<\/span><span class='avia_button_background avia-button avia-button-fullwidth avia-color-theme-color-highlight'><\/span><\/a><\/div><br \/>\n<div  class='avia-button-wrap avia-button-center  avia-builder-el-7  el_after_av_button_big  avia-builder-el-last ' >\n<style type=\"text\/css\" data-created_by=\"avia_inline_auto\" id=\"style-css-av-lh7q0z56-c43a3031a097d017cb09278475744ff3\">\n#top #wrap_all .avia-button.av-lh7q0z56-c43a3031a097d017cb09278475744ff3:hover{\ncolor:white;\n-webkit-transition:all 0.4s ease-in-out;\n-moz-transition:all 0.4s ease-in-out;\n-ms-transition:all 0.4s ease-in-out;\n-o-transition:all 0.4s ease-in-out;\ntransition:all 0.4s ease-in-out;\n}\n<\/style>\n<a href='https:\/\/www.instagram.com\/rumochro\/' class='avia-color-theme-color avia-font-color-theme-color avia-button avia-button-fullwidth av-lh7q0z56-c43a3031a097d017cb09278475744ff3 avia-icon_select-yes-left-icon avia-color-theme-color' ><span class='avia_button_icon avia_button_icon_left' aria-hidden='true' data-av_icon='\ue832' data-av_iconfont='entypo-fontello'><\/span><span class='avia_iconbox_title' >Besuchen Sie uns auf Instagram<\/span><span class='avia_button_background avia-button avia-button-fullwidth avia-color-theme-color-highlight'><\/span><\/a><\/div><\/p><\/div>\n","protected":false},"excerpt":{"rendered":"","protected":false},"author":8,"featured_media":0,"parent":0,"menu_order":0,"comment_status":"closed","ping_status":"closed","template":"","meta":{"footnotes":""},"categories":[80,72],"tags":[],"class_list":["post-152659","page","type-page","status-publish","hentry","category-handel-handwerk","category-korper-seele"],"_links":{"self":[{"href":"https:\/\/visitorsa.se\/de\/wp-json\/wp\/v2\/pages\/152659","targetHints":{"allow":["GET"]}}],"collection":[{"href":"https:\/\/visitorsa.se\/de\/wp-json\/wp\/v2\/pages"}],"about":[{"href":"https:\/\/visitorsa.se\/de\/wp-json\/wp\/v2\/types\/page"}],"author":[{"embeddable":true,"href":"https:\/\/visitorsa.se\/de\/wp-json\/wp\/v2\/users\/8"}],"replies":[{"embeddable":true,"href":"https:\/\/visitorsa.se\/de\/wp-json\/wp\/v2\/comments?post=152659"}],"version-history":[{"count":2,"href":"https:\/\/visitorsa.se\/de\/wp-json\/wp\/v2\/pages\/152659\/revisions"}],"predecessor-version":[{"id":152661,"href":"https:\/\/visitorsa.se\/de\/wp-json\/wp\/v2\/pages\/152659\/revisions\/152661"}],"wp:attachment":[{"href":"https:\/\/visitorsa.se\/de\/wp-json\/wp\/v2\/media?parent=152659"}],"wp:term":[{"taxonomy":"category","embeddable":true,"href":"https:\/\/visitorsa.se\/de\/wp-json\/wp\/v2\/categories?post=152659"},{"taxonomy":"post_tag","embeddable":true,"href":"https:\/\/visitorsa.se\/de\/wp-json\/wp\/v2\/tags?post=152659"}],"curies":[{"name":"wp","href":"https:\/\/api.w.org\/{rel}","templated":true}]}}