{"id":152644,"date":"2023-03-29T07:30:39","date_gmt":"2023-03-29T05:30:39","guid":{"rendered":"https:\/\/visitorsa.se\/leve-broed-hantverksbageri\/"},"modified":"2023-05-03T17:24:13","modified_gmt":"2023-05-03T15:24:13","slug":"leve-broed-hantverksbageri","status":"publish","type":"page","link":"https:\/\/visitorsa.se\/de\/leve-broed-hantverksbageri\/","title":{"rendered":"Leve Br\u00f6d Hantverksbageri"},"content":{"rendered":"\n<style type=\"text\/css\" data-created_by=\"avia_inline_auto\" id=\"style-css-av-4ae4w-df72feb9ee13182ef8fa353b23813b86\">\n.flex_column.av-4ae4w-df72feb9ee13182ef8fa353b23813b86{\n-webkit-border-radius:0px 0px 0px 0px;\n-moz-border-radius:0px 0px 0px 0px;\nborder-radius:0px 0px 0px 0px;\npadding:0px 0px 0px 0px;\n}\n<\/style>\n<div class='flex_column av-4ae4w-df72feb9ee13182ef8fa353b23813b86 av_one_full  avia-builder-el-0  el_before_av_one_half  avia-builder-el-first  first flex_column_div av-zero-column-padding '     ><style type=\"text\/css\" data-created_by=\"avia_inline_auto\" id=\"style-css-av-kgf1j3ru-6d07e6e2560a11ef6fd3e5654cda742d\">\n#top .avia-gallery.av-kgf1j3ru-6d07e6e2560a11ef6fd3e5654cda742d .avia-gallery-thumb a{\nwidth:33.3333%;\n}\n<\/style>\n<div  class='avia-gallery av-kgf1j3ru-6d07e6e2560a11ef6fd3e5654cda742d avia_animate_when_visible  avia-builder-el-1  avia-builder-el-no-sibling  avia_lazyload avia-gallery-animate avia-gallery-1'  itemprop=\"image\" itemscope=\"itemscope\" itemtype=\"https:\/\/schema.org\/ImageObject\" ><meta itemprop=\"contentURL\" content=\"https:\/\/visitorsa.se\/de\/leve-broed-hantverksbageri\/\"><div class='avia-gallery-thumb'><a href=\"https:\/\/visitorsa.se\/app\/uploads\/2023\/03\/Levebrod-2-1-1030x830.jpg\" data-srcset=\"https:\/\/visitorsa.se\/app\/uploads\/2023\/03\/Levebrod-2-1-1030x830.jpg 1030w, https:\/\/visitorsa.se\/app\/uploads\/2023\/03\/Levebrod-2-1-300x242.jpg 300w, https:\/\/visitorsa.se\/app\/uploads\/2023\/03\/Levebrod-2-1-768x619.jpg 768w, https:\/\/visitorsa.se\/app\/uploads\/2023\/03\/Levebrod-2-1-1536x1238.jpg 1536w, https:\/\/visitorsa.se\/app\/uploads\/2023\/03\/Levebrod-2-1-2048x1650.jpg 2048w, https:\/\/visitorsa.se\/app\/uploads\/2023\/03\/Levebrod-2-1-1500x1209.jpg 1500w, https:\/\/visitorsa.se\/app\/uploads\/2023\/03\/Levebrod-2-1-495x400.jpg 495w, https:\/\/visitorsa.se\/app\/uploads\/2023\/03\/Levebrod-2-1-705x568.jpg 705w\" data-sizes=\"(max-width: 1030px) 100vw, 1030px\" data-rel='gallery-1' data-prev-img='https:\/\/visitorsa.se\/app\/uploads\/2023\/03\/Levebrod-2-1-495x400.jpg' class='first_thumb lightbox ' data-onclick='1' title='Levebr\u00f6d 2'  itemprop=\"thumbnailUrl\"  ><img decoding=\"async\" class=\"wp-image-135208 avia-img-lazy-loading-not-135208\"   src=\"https:\/\/visitorsa.se\/app\/uploads\/2023\/03\/Levebrod-2-1-705x568.jpg\" width=\"705\" height=\"568\"  title='Levebr\u00f6d 2' alt='Visit Orsa' srcset=\"https:\/\/visitorsa.se\/app\/uploads\/2023\/03\/Levebrod-2-1-705x568.jpg 705w, https:\/\/visitorsa.se\/app\/uploads\/2023\/03\/Levebrod-2-1-300x242.jpg 300w, https:\/\/visitorsa.se\/app\/uploads\/2023\/03\/Levebrod-2-1-1030x830.jpg 1030w, https:\/\/visitorsa.se\/app\/uploads\/2023\/03\/Levebrod-2-1-768x619.jpg 768w, https:\/\/visitorsa.se\/app\/uploads\/2023\/03\/Levebrod-2-1-1536x1238.jpg 1536w, https:\/\/visitorsa.se\/app\/uploads\/2023\/03\/Levebrod-2-1-2048x1650.jpg 2048w, https:\/\/visitorsa.se\/app\/uploads\/2023\/03\/Levebrod-2-1-1500x1209.jpg 1500w, https:\/\/visitorsa.se\/app\/uploads\/2023\/03\/Levebrod-2-1-495x400.jpg 495w\" sizes=\"(max-width: 705px) 100vw, 705px\" \/><div class='big-prev-fake'><img loading=\"lazy\" decoding=\"async\" class=\"wp-image-135208 avia-img-lazy-loading-135208\"  width=\"495\" height=\"400\" src=\"https:\/\/visitorsa.se\/app\/uploads\/2023\/03\/Levebrod-2-1-495x400.jpg\" title='Levebr\u00f6d 2' alt='Visit Orsa' srcset=\"https:\/\/visitorsa.se\/app\/uploads\/2023\/03\/Levebrod-2-1-495x400.jpg 495w, https:\/\/visitorsa.se\/app\/uploads\/2023\/03\/Levebrod-2-1-300x242.jpg 300w, https:\/\/visitorsa.se\/app\/uploads\/2023\/03\/Levebrod-2-1-1030x830.jpg 1030w, https:\/\/visitorsa.se\/app\/uploads\/2023\/03\/Levebrod-2-1-768x619.jpg 768w, https:\/\/visitorsa.se\/app\/uploads\/2023\/03\/Levebrod-2-1-1536x1238.jpg 1536w, https:\/\/visitorsa.se\/app\/uploads\/2023\/03\/Levebrod-2-1-2048x1650.jpg 2048w, https:\/\/visitorsa.se\/app\/uploads\/2023\/03\/Levebrod-2-1-1500x1209.jpg 1500w, https:\/\/visitorsa.se\/app\/uploads\/2023\/03\/Levebrod-2-1-845x684.jpg 845w, https:\/\/visitorsa.se\/app\/uploads\/2023\/03\/Levebrod-2-1-705x568.jpg 705w\" sizes=\"auto, (max-width: 495px) 100vw, 495px\" \/><\/div><\/a><a href=\"https:\/\/visitorsa.se\/app\/uploads\/2023\/03\/Levebrod-3-687x1030.jpg\" data-srcset=\"https:\/\/visitorsa.se\/app\/uploads\/2023\/03\/Levebrod-3-687x1030.jpg 687w, https:\/\/visitorsa.se\/app\/uploads\/2023\/03\/Levebrod-3-200x300.jpg 200w, https:\/\/visitorsa.se\/app\/uploads\/2023\/03\/Levebrod-3-768x1152.jpg 768w, https:\/\/visitorsa.se\/app\/uploads\/2023\/03\/Levebrod-3-1000x1500.jpg 1000w, https:\/\/visitorsa.se\/app\/uploads\/2023\/03\/Levebrod-3-470x705.jpg 470w, https:\/\/visitorsa.se\/app\/uploads\/2023\/03\/Levebrod-3.jpg 1024w\" data-sizes=\"(max-width: 687px) 100vw, 687px\" data-rel='gallery-1' data-prev-img='https:\/\/visitorsa.se\/app\/uploads\/2023\/03\/Levebrod-3-495x400.jpg' class='lightbox ' data-onclick='2' title='Levebr\u00f6d 3'  itemprop=\"thumbnailUrl\"  ><img decoding=\"async\" class=\"wp-image-135211 avia-img-lazy-loading-not-135211\"   src=\"https:\/\/visitorsa.se\/app\/uploads\/2023\/03\/Levebrod-3-470x705.jpg\" width=\"470\" height=\"705\"  title='Levebr\u00f6d 3' alt='Levebr\u00f6d' srcset=\"https:\/\/visitorsa.se\/app\/uploads\/2023\/03\/Levebrod-3-470x705.jpg 470w, https:\/\/visitorsa.se\/app\/uploads\/2023\/03\/Levebrod-3-200x300.jpg 200w, https:\/\/visitorsa.se\/app\/uploads\/2023\/03\/Levebrod-3-687x1030.jpg 687w, https:\/\/visitorsa.se\/app\/uploads\/2023\/03\/Levebrod-3-768x1152.jpg 768w, https:\/\/visitorsa.se\/app\/uploads\/2023\/03\/Levebrod-3-1000x1500.jpg 1000w, https:\/\/visitorsa.se\/app\/uploads\/2023\/03\/Levebrod-3.jpg 1024w\" sizes=\"(max-width: 470px) 100vw, 470px\" \/><div class='big-prev-fake'><img loading=\"lazy\" decoding=\"async\" class=\"wp-image-135211 avia-img-lazy-loading-135211\"  width=\"495\" height=\"400\" src=\"https:\/\/visitorsa.se\/app\/uploads\/2023\/03\/Levebrod-3-495x400.jpg\" title='Levebr\u00f6d 3' alt='Levebr\u00f6d' srcset=\"https:\/\/visitorsa.se\/app\/uploads\/2023\/03\/Levebrod-3-495x400.jpg 495w, https:\/\/visitorsa.se\/app\/uploads\/2023\/03\/Levebrod-3-845x684.jpg 845w\" sizes=\"auto, (max-width: 495px) 100vw, 495px\" \/><\/div><\/a><a href=\"https:\/\/visitorsa.se\/app\/uploads\/2023\/03\/Levebrod-1.jpg\" data-srcset=\"https:\/\/visitorsa.se\/app\/uploads\/2023\/03\/Levebrod-1.jpg 1024w, https:\/\/visitorsa.se\/app\/uploads\/2023\/03\/Levebrod-1-300x200.jpg 300w, https:\/\/visitorsa.se\/app\/uploads\/2023\/03\/Levebrod-1-768x512.jpg 768w, https:\/\/visitorsa.se\/app\/uploads\/2023\/03\/Levebrod-1-705x470.jpg 705w\" data-sizes=\"(max-width: 1024px) 100vw, 1024px\" data-rel='gallery-1' data-prev-img='https:\/\/visitorsa.se\/app\/uploads\/2023\/03\/Levebrod-1-495x400.jpg' class='lightbox ' data-onclick='3' title='Levebr\u00f6d 1'  itemprop=\"thumbnailUrl\"  ><img decoding=\"async\" class=\"wp-image-135202 avia-img-lazy-loading-not-135202\"   src=\"https:\/\/visitorsa.se\/app\/uploads\/2023\/03\/Levebrod-1-705x470.jpg\" width=\"705\" height=\"470\"  title='Levebr\u00f6d 1' alt='Visit Orsa' srcset=\"https:\/\/visitorsa.se\/app\/uploads\/2023\/03\/Levebrod-1-705x470.jpg 705w, https:\/\/visitorsa.se\/app\/uploads\/2023\/03\/Levebrod-1-300x200.jpg 300w, https:\/\/visitorsa.se\/app\/uploads\/2023\/03\/Levebrod-1-768x512.jpg 768w, https:\/\/visitorsa.se\/app\/uploads\/2023\/03\/Levebrod-1.jpg 1024w\" sizes=\"(max-width: 705px) 100vw, 705px\" \/><div class='big-prev-fake'><img loading=\"lazy\" decoding=\"async\" class=\"wp-image-135202 avia-img-lazy-loading-135202\"  width=\"495\" height=\"400\" src=\"https:\/\/visitorsa.se\/app\/uploads\/2023\/03\/Levebrod-1-495x400.jpg\" title='Levebr\u00f6d 1' alt='Visit Orsa' srcset=\"https:\/\/visitorsa.se\/app\/uploads\/2023\/03\/Levebrod-1-495x400.jpg 495w, https:\/\/visitorsa.se\/app\/uploads\/2023\/03\/Levebrod-1-845x683.jpg 845w\" sizes=\"auto, (max-width: 495px) 100vw, 495px\" \/><\/div><\/a><\/div><\/div><\/div>\n\n<style type=\"text\/css\" data-created_by=\"avia_inline_auto\" id=\"style-css-av-aupcw0-034727ff4178265a807e03e0bbca9dc3\">\n.flex_column.av-aupcw0-034727ff4178265a807e03e0bbca9dc3{\n-webkit-border-radius:0px 0px 0px 0px;\n-moz-border-radius:0px 0px 0px 0px;\nborder-radius:0px 0px 0px 0px;\npadding:0px 0px 0px 0px;\n}\n<\/style>\n<div class='flex_column av-aupcw0-034727ff4178265a807e03e0bbca9dc3 av_one_half  avia-builder-el-2  el_after_av_one_full  el_before_av_one_half  first flex_column_div av-zero-column-padding column-top-margin'     ><section  class='av_textblock_section av-kgf1e6kl-b5e14719b34d36133fc039acb7a114af'  itemscope=\"itemscope\" itemtype=\"https:\/\/schema.org\/CreativeWork\" ><div class='avia_textblock'  itemprop=\"text\" ><div id=\"frame-237-2308-1\" class=\"yframe frame-1-4 rem-phone-50 rem-pad-33_33\">\n<div class=\"yframe-inner\">\n<div id=\"object-237-4410\" class=\"content-object object-1-1 general-text\" data-type=\"general-text\">\n<div class=\"object-inner\">\n<h3 class=\"main-title entry-title \">Leve Br\u00f6d Hantverksbageri<\/h3>\n<p>Sauerteigbrot, Br\u00f6tchen und Kaffee<br \/>\nZwischen Mora und Orsa im malerischen V\u00e5mhus befindet sich unsere kleine B\u00e4ckerei, in der wir mit den besten Zutaten backen, die sowohl dem Magen als auch der Feldflora zugute kommen. Unser Brot wird lange gehen gelassen, um den bestm\u00f6glichen N\u00e4hrwert und Geschmack zu erhalten.<br \/>\nJeden Freitag verkaufen wir Brot und \u00f6ffnen unser Caf\u00e9, auf der Website finden Sie die aktuellen \u00d6ffnungszeiten und wie Sie Ihr Brot im Voraus buchen k\u00f6nnen. Willkommen!<\/p>\n<\/div>\n<\/div>\n<\/div>\n<\/div>\n<\/div><\/section><\/div>\n<style type=\"text\/css\" data-created_by=\"avia_inline_auto\" id=\"style-css-av-8piq0w-707919d388bdddca56b6250db4c0c485\">\n.flex_column.av-8piq0w-707919d388bdddca56b6250db4c0c485{\n-webkit-border-radius:0px 0px 0px 0px;\n-moz-border-radius:0px 0px 0px 0px;\nborder-radius:0px 0px 0px 0px;\npadding:0px 0px 0px 0px;\n}\n<\/style>\n<div class='flex_column av-8piq0w-707919d388bdddca56b6250db4c0c485 av_one_half  avia-builder-el-4  el_after_av_one_half  avia-builder-el-last  flex_column_div av-zero-column-padding column-top-margin'     ><section  class='av_textblock_section av-lg20t5x7-964c0bc895a62eb991d3bf451debebb8'  itemscope=\"itemscope\" itemtype=\"https:\/\/schema.org\/CreativeWork\" ><div class='avia_textblock'  itemprop=\"text\" ><div id=\"frame-237-2308-1\" class=\"yframe frame-1-4 rem-phone-50 rem-pad-33_33\">\n<div class=\"yframe-inner\">\n<div id=\"object-237-4410\" class=\"content-object object-1-1 general-text\" data-type=\"general-text\">\n<div class=\"object-inner\">\n<h3 class=\"main-title entry-title \">Kontaktieren Sie uns<\/h3>\n<\/div>\n<\/div>\n<\/div>\n<\/div>\n<div id=\"frame-237-2308-2\" class=\"yframe frame-1-4 not_on_phone rem-phone-50 rem-pad-33_33\">\n<div class=\"yframe-inner\">\n<div id=\"object-237-4406\" class=\"content-object object-1-1 not_on_phone general-text\" data-type=\"general-text\">\n<p><strong><span class=\"ah\">Telefon <\/span><\/strong><span class=\"ah\">070-395 78 78<\/span><span class=\"ah\"><br \/>\n <strong>E-Mail <\/strong> <a href=\"mailto:info@levebrod.se\" target=\"_blank\" rel=\"noopener\">info@levebrod.se<\/a><\/span><\/p>\n<p><strong>Adresse<br \/>\n<\/strong> Kanonv\u00e4gen 145<br \/>\n79296 V\u00e5mhus<\/p>\n<div class=\"object-inner\"><\/div>\n<\/div>\n<\/div>\n<\/div>\n<\/div><\/section><br \/>\n<br \/>\n<div  class='avia-button-wrap avia-button-center  avia-builder-el-7  el_after_av_codeblock  el_before_av_button_big ' >\n<style type=\"text\/css\" data-created_by=\"avia_inline_auto\" id=\"style-css-av-kgf1wc7j-748fee271f0e6db2574b0af4f67adaa0\">\n#top #wrap_all .avia-button.av-kgf1wc7j-748fee271f0e6db2574b0af4f67adaa0:hover{\ncolor:white;\n-webkit-transition:all 0.4s ease-in-out;\n-moz-transition:all 0.4s ease-in-out;\n-ms-transition:all 0.4s ease-in-out;\n-o-transition:all 0.4s ease-in-out;\ntransition:all 0.4s ease-in-out;\n}\n<\/style>\n<a href='https:\/\/levebrod.se\/' class='avia-color-theme-color avia-font-color-theme-color avia-button avia-button-fullwidth av-kgf1wc7j-748fee271f0e6db2574b0af4f67adaa0 avia-icon_select-yes-left-icon avia-color-theme-color' ><span class='avia_button_icon avia_button_icon_left' aria-hidden='true' data-av_icon='\ue832' data-av_iconfont='entypo-fontello'><\/span><span class='avia_iconbox_title' > Besuchen Sie unsere Website<\/span><span class='avia_button_background avia-button avia-button-fullwidth avia-color-theme-color-highlight'><\/span><\/a><\/div><br \/>\n<div  class='avia-button-wrap avia-button-center  avia-builder-el-8  el_after_av_button_big  el_before_av_button_big ' >\n<style type=\"text\/css\" data-created_by=\"avia_inline_auto\" id=\"style-css-av-lft94l5z-970542bfa581531e11d52ea5e75a213e\">\n#top #wrap_all .avia-button.av-lft94l5z-970542bfa581531e11d52ea5e75a213e:hover{\ncolor:white;\n-webkit-transition:all 0.4s ease-in-out;\n-moz-transition:all 0.4s ease-in-out;\n-ms-transition:all 0.4s ease-in-out;\n-o-transition:all 0.4s ease-in-out;\ntransition:all 0.4s ease-in-out;\n}\n<\/style>\n<a href='https:\/\/www.facebook.com\/levebrodhantverksbageri\/' class='avia-color-theme-color avia-font-color-theme-color avia-button avia-button-fullwidth av-lft94l5z-970542bfa581531e11d52ea5e75a213e avia-icon_select-yes-left-icon avia-color-theme-color' ><span class='avia_button_icon avia_button_icon_left' aria-hidden='true' data-av_icon='\ue832' data-av_iconfont='entypo-fontello'><\/span><span class='avia_iconbox_title' > Besuchen Sie uns auf Facebook<\/span><span class='avia_button_background avia-button avia-button-fullwidth avia-color-theme-color-highlight'><\/span><\/a><\/div><br \/>\n<div  class='avia-button-wrap avia-button-center  avia-builder-el-9  el_after_av_button_big  avia-builder-el-last ' >\n<style type=\"text\/css\" data-created_by=\"avia_inline_auto\" id=\"style-css-av-lft95km6-fbc47230be1c5e2839a01a0511b7aa5e\">\n#top #wrap_all .avia-button.av-lft95km6-fbc47230be1c5e2839a01a0511b7aa5e:hover{\ncolor:white;\n-webkit-transition:all 0.4s ease-in-out;\n-moz-transition:all 0.4s ease-in-out;\n-ms-transition:all 0.4s ease-in-out;\n-o-transition:all 0.4s ease-in-out;\ntransition:all 0.4s ease-in-out;\n}\n<\/style>\n<a href='https:\/\/www.instagram.com\/levebrodhantverksbageri\/' class='avia-color-theme-color avia-font-color-theme-color avia-button avia-button-fullwidth av-lft95km6-fbc47230be1c5e2839a01a0511b7aa5e avia-icon_select-yes-left-icon avia-color-theme-color' ><span class='avia_button_icon avia_button_icon_left' aria-hidden='true' data-av_icon='\ue832' data-av_iconfont='entypo-fontello'><\/span><span class='avia_iconbox_title' > Besuchen Sie uns auf Instagram<\/span><span class='avia_button_background avia-button avia-button-fullwidth avia-color-theme-color-highlight'><\/span><\/a><\/div><\/p><\/div><\/p>\n","protected":false},"excerpt":{"rendered":"","protected":false},"author":3,"featured_media":135202,"parent":0,"menu_order":0,"comment_status":"closed","ping_status":"closed","template":"","meta":{"footnotes":""},"categories":[87],"tags":[],"class_list":["post-152644","page","type-page","status-publish","has-post-thumbnail","hentry","category-essen"],"_links":{"self":[{"href":"https:\/\/visitorsa.se\/de\/wp-json\/wp\/v2\/pages\/152644","targetHints":{"allow":["GET"]}}],"collection":[{"href":"https:\/\/visitorsa.se\/de\/wp-json\/wp\/v2\/pages"}],"about":[{"href":"https:\/\/visitorsa.se\/de\/wp-json\/wp\/v2\/types\/page"}],"author":[{"embeddable":true,"href":"https:\/\/visitorsa.se\/de\/wp-json\/wp\/v2\/users\/3"}],"replies":[{"embeddable":true,"href":"https:\/\/visitorsa.se\/de\/wp-json\/wp\/v2\/comments?post=152644"}],"version-history":[{"count":2,"href":"https:\/\/visitorsa.se\/de\/wp-json\/wp\/v2\/pages\/152644\/revisions"}],"predecessor-version":[{"id":152646,"href":"https:\/\/visitorsa.se\/de\/wp-json\/wp\/v2\/pages\/152644\/revisions\/152646"}],"wp:featuredmedia":[{"embeddable":true,"href":"https:\/\/visitorsa.se\/de\/wp-json\/wp\/v2\/media\/135202"}],"wp:attachment":[{"href":"https:\/\/visitorsa.se\/de\/wp-json\/wp\/v2\/media?parent=152644"}],"wp:term":[{"taxonomy":"category","embeddable":true,"href":"https:\/\/visitorsa.se\/de\/wp-json\/wp\/v2\/categories?post=152644"},{"taxonomy":"post_tag","embeddable":true,"href":"https:\/\/visitorsa.se\/de\/wp-json\/wp\/v2\/tags?post=152644"}],"curies":[{"name":"wp","href":"https:\/\/api.w.org\/{rel}","templated":true}]}}