{"id":152637,"date":"2023-02-07T20:57:29","date_gmt":"2023-02-07T19:57:29","guid":{"rendered":"https:\/\/visitorsa.se\/monicas-hundtrim\/"},"modified":"2023-05-03T17:17:43","modified_gmt":"2023-05-03T15:17:43","slug":"monicas-hundtrim","status":"publish","type":"page","link":"https:\/\/visitorsa.se\/de\/monicas-hundtrim\/","title":{"rendered":"Monicas Hundtrim"},"content":{"rendered":"\n<style type=\"text\/css\" data-created_by=\"avia_inline_auto\" id=\"style-css-av-6d4ygg-db790e9493201a1d2f9d8b3dfe30decc\">\n.flex_column.av-6d4ygg-db790e9493201a1d2f9d8b3dfe30decc{\n-webkit-border-radius:0px 0px 0px 0px;\n-moz-border-radius:0px 0px 0px 0px;\nborder-radius:0px 0px 0px 0px;\npadding:0px 0px 0px 0px;\n}\n<\/style>\n<div class='flex_column av-6d4ygg-db790e9493201a1d2f9d8b3dfe30decc av_one_full  avia-builder-el-0  el_before_av_one_half  avia-builder-el-first  first flex_column_div av-zero-column-padding '     ><style type=\"text\/css\" data-created_by=\"avia_inline_auto\" id=\"style-css-av-kgf1j3ru-1d7d30bf25c55b9a48fca86d0edb60cb\">\n#top .avia-gallery.av-kgf1j3ru-1d7d30bf25c55b9a48fca86d0edb60cb .avia-gallery-thumb a{\nwidth:25%;\n}\n<\/style>\n<div  class='avia-gallery av-kgf1j3ru-1d7d30bf25c55b9a48fca86d0edb60cb avia_animate_when_visible  avia-builder-el-1  avia-builder-el-no-sibling  avia_lazyload avia-gallery-animate avia-gallery-1'  itemprop=\"image\" itemscope=\"itemscope\" itemtype=\"https:\/\/schema.org\/ImageObject\" ><meta itemprop=\"contentURL\" content=\"https:\/\/visitorsa.se\/de\/monicas-hundtrim\/\"><div class='avia-gallery-thumb'><a href=\"https:\/\/visitorsa.se\/app\/uploads\/2023\/02\/Monicas-hundtrim-1.png\" data-srcset=\"https:\/\/visitorsa.se\/app\/uploads\/2023\/02\/Monicas-hundtrim-1.png 295w, https:\/\/visitorsa.se\/app\/uploads\/2023\/02\/Monicas-hundtrim-1-138x300.png 138w\" data-sizes=\"(max-width: 295px) 100vw, 295px\" data-rel='gallery-1' data-prev-img='https:\/\/visitorsa.se\/app\/uploads\/2023\/02\/Monicas-hundtrim-1-295x400.png' class='first_thumb lightbox ' data-onclick='1' title='Monicas hundtrim 1'  itemprop=\"thumbnailUrl\"  ><img decoding=\"async\" class=\"wp-image-107042 avia-img-lazy-loading-not-107042\"   src=\"https:\/\/visitorsa.se\/app\/uploads\/2023\/02\/Monicas-hundtrim-1-295x400.png\" width=\"295\" height=\"400\"  title='Monicas hundtrim 1' alt='' \/><div class='big-prev-fake'><img loading=\"lazy\" decoding=\"async\" class=\"wp-image-107042 avia-img-lazy-loading-107042\"  width=\"295\" height=\"400\" src=\"https:\/\/visitorsa.se\/app\/uploads\/2023\/02\/Monicas-hundtrim-1-295x400.png\" title='Monicas hundtrim 1' alt='' \/><\/div><\/a><a href=\"https:\/\/visitorsa.se\/app\/uploads\/2023\/02\/Monicas-hundtrim-2.png\" data-srcset=\"https:\/\/visitorsa.se\/app\/uploads\/2023\/02\/Monicas-hundtrim-2.png 295w, https:\/\/visitorsa.se\/app\/uploads\/2023\/02\/Monicas-hundtrim-2-138x300.png 138w\" data-sizes=\"(max-width: 295px) 100vw, 295px\" data-rel='gallery-1' data-prev-img='https:\/\/visitorsa.se\/app\/uploads\/2023\/02\/Monicas-hundtrim-2-295x400.png' class='lightbox ' data-onclick='2' title='Monicas hundtrim 2'  itemprop=\"thumbnailUrl\"  ><img decoding=\"async\" class=\"wp-image-107045 avia-img-lazy-loading-not-107045\"   src=\"https:\/\/visitorsa.se\/app\/uploads\/2023\/02\/Monicas-hundtrim-2-295x400.png\" width=\"295\" height=\"400\"  title='Monicas hundtrim 2' alt='' \/><div class='big-prev-fake'><img loading=\"lazy\" decoding=\"async\" class=\"wp-image-107045 avia-img-lazy-loading-107045\"  width=\"295\" height=\"400\" src=\"https:\/\/visitorsa.se\/app\/uploads\/2023\/02\/Monicas-hundtrim-2-295x400.png\" title='Monicas hundtrim 2' alt='' \/><\/div><\/a><a href=\"https:\/\/visitorsa.se\/app\/uploads\/2023\/02\/Monicas-hundtrim-3.png\" data-srcset=\"https:\/\/visitorsa.se\/app\/uploads\/2023\/02\/Monicas-hundtrim-3.png 295w, https:\/\/visitorsa.se\/app\/uploads\/2023\/02\/Monicas-hundtrim-3-138x300.png 138w\" data-sizes=\"(max-width: 295px) 100vw, 295px\" data-rel='gallery-1' data-prev-img='https:\/\/visitorsa.se\/app\/uploads\/2023\/02\/Monicas-hundtrim-3-295x400.png' class='lightbox ' data-onclick='3' title='Monicas hundtrim 3'  itemprop=\"thumbnailUrl\"  ><img decoding=\"async\" class=\"wp-image-107048 avia-img-lazy-loading-not-107048\"   src=\"https:\/\/visitorsa.se\/app\/uploads\/2023\/02\/Monicas-hundtrim-3-295x400.png\" width=\"295\" height=\"400\"  title='Monicas hundtrim 3' alt='' \/><div class='big-prev-fake'><img loading=\"lazy\" decoding=\"async\" class=\"wp-image-107048 avia-img-lazy-loading-107048\"  width=\"295\" height=\"400\" src=\"https:\/\/visitorsa.se\/app\/uploads\/2023\/02\/Monicas-hundtrim-3-295x400.png\" title='Monicas hundtrim 3' alt='' \/><\/div><\/a><a href=\"https:\/\/visitorsa.se\/app\/uploads\/2023\/02\/monicas-hundtrim-5.png\" data-srcset=\"https:\/\/visitorsa.se\/app\/uploads\/2023\/02\/monicas-hundtrim-5.png 295w, https:\/\/visitorsa.se\/app\/uploads\/2023\/02\/monicas-hundtrim-5-138x300.png 138w\" data-sizes=\"(max-width: 295px) 100vw, 295px\" data-rel='gallery-1' data-prev-img='https:\/\/visitorsa.se\/app\/uploads\/2023\/02\/monicas-hundtrim-5-295x400.png' class='lightbox ' data-onclick='4' title='monicas hundtrim 5'  itemprop=\"thumbnailUrl\"  ><img decoding=\"async\" class=\"wp-image-107061 avia-img-lazy-loading-not-107061\"   src=\"https:\/\/visitorsa.se\/app\/uploads\/2023\/02\/monicas-hundtrim-5-295x400.png\" width=\"295\" height=\"400\"  title='monicas hundtrim 5' alt='' \/><div class='big-prev-fake'><img loading=\"lazy\" decoding=\"async\" class=\"wp-image-107061 avia-img-lazy-loading-107061\"  width=\"295\" height=\"400\" src=\"https:\/\/visitorsa.se\/app\/uploads\/2023\/02\/monicas-hundtrim-5-295x400.png\" title='monicas hundtrim 5' alt='' \/><\/div><\/a><\/div><\/div><\/div>\n<style type=\"text\/css\" data-created_by=\"avia_inline_auto\" id=\"style-css-av-aupcw0-034727ff4178265a807e03e0bbca9dc3\">\n.flex_column.av-aupcw0-034727ff4178265a807e03e0bbca9dc3{\n-webkit-border-radius:0px 0px 0px 0px;\n-moz-border-radius:0px 0px 0px 0px;\nborder-radius:0px 0px 0px 0px;\npadding:0px 0px 0px 0px;\n}\n<\/style>\n<div class='flex_column av-aupcw0-034727ff4178265a807e03e0bbca9dc3 av_one_half  avia-builder-el-2  el_after_av_one_full  el_before_av_one_half  first flex_column_div av-zero-column-padding column-top-margin'     ><section  class='av_textblock_section av-kgf1e6kl-b5e14719b34d36133fc039acb7a114af'  itemscope=\"itemscope\" itemtype=\"https:\/\/schema.org\/CreativeWork\" ><div class='avia_textblock'  itemprop=\"text\" ><h3 class=\"w44 bcm cn\">Monicas Hundtrim<\/h3>\n<p>Hundepension und Kindergarten. Das ganze Jahr \u00fcber t\u00e4glich ge\u00f6ffnet. Schneiden, Trimmen und Baden aller Rassen. Schneiden katze. 30 Jahre Erfahrung.<\/p>\n<\/div><\/section><br \/>\n<\/p><\/div><\/p>\n\n<style type=\"text\/css\" data-created_by=\"avia_inline_auto\" id=\"style-css-av-aupcw0-3-7fc1991e0fecd70c2ded4a1a6ae190d6\">\n.flex_column.av-aupcw0-3-7fc1991e0fecd70c2ded4a1a6ae190d6{\n-webkit-border-radius:0px 0px 0px 0px;\n-moz-border-radius:0px 0px 0px 0px;\nborder-radius:0px 0px 0px 0px;\npadding:0px 0px 0px 0px;\n}\n<\/style>\n<div class='flex_column av-aupcw0-3-7fc1991e0fecd70c2ded4a1a6ae190d6 av_one_half  avia-builder-el-5  el_after_av_one_half  avia-builder-el-last  flex_column_div av-zero-column-padding column-top-margin'     ><section  class='av_textblock_section av-kgf1e6kl-2-782df081e2dd20d47d481dc7201db0a9'  itemscope=\"itemscope\" itemtype=\"https:\/\/schema.org\/CreativeWork\" ><div class='avia_textblock'  itemprop=\"text\" ><h3><strong>Kontaktieren Sie uns<\/strong><\/h3>\n<p><strong><span class=\"ah\">Tel.<\/span><\/strong><span class=\"ah\"> 076-8038630 <\/span> <\/p>\n<p><strong>Adresse<br \/>\n<\/strong> Monicas Hundtrim<\/p>\n<p>Snyggv\u00e4gen 23 79492 Orsa.<\/p>\n<div id=\"mh\">\n<div id=\"mm\"><\/div>\n<\/div>\n<\/div><\/section><br \/>\n<br \/>\n<div  class='avia-button-wrap avia-button-center  avia-builder-el-8  el_after_av_codeblock  avia-builder-el-last ' >\n<style type=\"text\/css\" data-created_by=\"avia_inline_auto\" id=\"style-css-av-kgf1wc7j-3f77fd4132cad5685648c5852870a2df\">\n#top #wrap_all .avia-button.av-kgf1wc7j-3f77fd4132cad5685648c5852870a2df:hover{\ncolor:white;\n-webkit-transition:all 0.4s ease-in-out;\n-moz-transition:all 0.4s ease-in-out;\n-ms-transition:all 0.4s ease-in-out;\n-o-transition:all 0.4s ease-in-out;\ntransition:all 0.4s ease-in-out;\n}\n<\/style>\n<a href='https:\/\/www.facebook.com\/profile.php?id=100070764137242' class='avia-color-theme-color avia-font-color-theme-color avia-button avia-button-fullwidth av-kgf1wc7j-3f77fd4132cad5685648c5852870a2df avia-icon_select-yes-left-icon avia-color-theme-color' ><span class='avia_button_icon avia_button_icon_left' aria-hidden='true' data-av_icon='\ue832' data-av_iconfont='entypo-fontello'><\/span><span class='avia_iconbox_title' > Besuchen Sie uns auf Facebook<\/span><span class='avia_button_background avia-button avia-button-fullwidth avia-color-theme-color-highlight'><\/span><\/a><\/div><\/p><\/div>\n","protected":false},"excerpt":{"rendered":"","protected":false},"author":3,"featured_media":107055,"parent":0,"menu_order":0,"comment_status":"closed","ping_status":"closed","template":"","meta":{"footnotes":""},"categories":[80],"tags":[],"class_list":["post-152637","page","type-page","status-publish","has-post-thumbnail","hentry","category-handel-handwerk"],"_links":{"self":[{"href":"https:\/\/visitorsa.se\/de\/wp-json\/wp\/v2\/pages\/152637","targetHints":{"allow":["GET"]}}],"collection":[{"href":"https:\/\/visitorsa.se\/de\/wp-json\/wp\/v2\/pages"}],"about":[{"href":"https:\/\/visitorsa.se\/de\/wp-json\/wp\/v2\/types\/page"}],"author":[{"embeddable":true,"href":"https:\/\/visitorsa.se\/de\/wp-json\/wp\/v2\/users\/3"}],"replies":[{"embeddable":true,"href":"https:\/\/visitorsa.se\/de\/wp-json\/wp\/v2\/comments?post=152637"}],"version-history":[{"count":2,"href":"https:\/\/visitorsa.se\/de\/wp-json\/wp\/v2\/pages\/152637\/revisions"}],"predecessor-version":[{"id":152639,"href":"https:\/\/visitorsa.se\/de\/wp-json\/wp\/v2\/pages\/152637\/revisions\/152639"}],"wp:featuredmedia":[{"embeddable":true,"href":"https:\/\/visitorsa.se\/de\/wp-json\/wp\/v2\/media\/107055"}],"wp:attachment":[{"href":"https:\/\/visitorsa.se\/de\/wp-json\/wp\/v2\/media?parent=152637"}],"wp:term":[{"taxonomy":"category","embeddable":true,"href":"https:\/\/visitorsa.se\/de\/wp-json\/wp\/v2\/categories?post=152637"},{"taxonomy":"post_tag","embeddable":true,"href":"https:\/\/visitorsa.se\/de\/wp-json\/wp\/v2\/tags?post=152637"}],"curies":[{"name":"wp","href":"https:\/\/api.w.org\/{rel}","templated":true}]}}